{"id":17380,"date":"2024-09-30T18:27:29","date_gmt":"2024-09-30T18:27:29","guid":{"rendered":"https:\/\/elfsight.com\/es\/?page_id=17380"},"modified":"2025-02-06T14:53:57","modified_gmt":"2025-02-06T14:53:57","slug":"joomla","status":"publish","type":"page","link":"https:\/\/elfsight.com\/es\/calculator-form-widget\/joomla\/","title":{"rendered":"calculator  joomla"},"content":{"rendered":"<div class=\"application-platform-content-item-description application-platform-content-item\" id=\"description\" data-nav-section=\"description\"> <h2>Integre la Calculadora en Joomla con una extensi\u00f3n de Elfsight<\/h2> <p>El widget Calculadora permite a sus clientes tener la oportunidad de planificar sus costos, rutas de viaje, proporciones de cocina y mucho m\u00e1s relacionado con su \u00e1rea de actividad. Puede agregar campos espec\u00edficos y opciones \u00fatiles a este widget integrado, para que los clientes puedan inspeccionar sus beneficios sin salir de la pesta\u00f1a. La funci\u00f3n de l\u00f3gica condicional le permite crear patrones universales para cualquier escenario y cada cliente.<\/p><p>Los elementos manejables como casillas de verificaci\u00f3n, controles deslizantes y listas desplegables le permiten incluir cualquier patr\u00f3n de creaci\u00f3n de precios para diferentes productos. Por ejemplo, se pueden calcular los pr\u00e9stamos a un porcentaje determinado durante un per\u00edodo de tiempo razonable. Puede promocionar un alquiler de autom\u00f3vil con muchas comodidades adicionales para elegir. Asimismo, la calculadora es capaz de planificar el viaje de sus sue\u00f1os cuando se calculan el vuelo, la residencia y las mejores excursiones. <\/p><p><b>\u00a1Permita que sus clientes tengan una experiencia de c\u00e1lculo perfecta agregando el widget de conteo orientado al usuario! <\/b><\/p><\/div> <div class=\"application-platform-content-item-features application-platform-content-item\" id=\"features\" data-nav-section=\"features\"> <h2>Las funciones de widget m\u00e1s populares incluyen<\/h2> <ul><li>Herramienta con una interfaz sencilla que permite cualquier operaci\u00f3n<\/li><li>Numerosas soluciones de campo de operaci\u00f3n para diversas ideas<\/li><li>L\u00f3gica condicional que permite incluso c\u00e1lculos de varios pasos<\/li><li>Plantillas listas para usar para un comienzo sin problemas<\/li><li>Integradas soluci\u00f3n que inspira la toma de decisiones<\/li><\/ul><p><a href=\"#demo\">Pruebe todas las configuraciones en una demostraci\u00f3n con todas las funciones<\/a><\/p><\/div> <div class=\"application-platform-content-item-instalaci\u00f3n application-platform-content-item\" id=\"instalaci\u00f3n\" data-nav-section=\"instalaci\u00f3n\"> <h2>\u00bfC\u00f3mo incorporo Calculadora en mis p\u00e1ginas Joomla?<\/h2> <p>Simplemente aplique las instrucciones a continuaci\u00f3n para comenzar a trabajar con el widget.<\/p> <ol><li><b>Administrar nuestro editor gratuito y comienza a darle forma a tu widget personalizado. <\/b><br> Especifique el aspecto y los aspectos preferidos de la herramienta y aplique las correcciones. <\/li> <li><b>Obtenga el c\u00f3digo individual que aparece en el cuadro de Elfsight Apps. <\/b><br> Tan pronto como se complete la generaci\u00f3n de su widget personal, copie el c\u00f3digo personal en el cuadro que aparece y gu\u00e1rdelo para usarlo m\u00e1s adelante. <\/li> <li><b>Comience a usar el complemento en el sitio web de Joomla. <\/b><br> A\u00f1ade el c\u00f3digo guardado anteriormente en tu p\u00e1gina web y guarda las modificaciones. <\/li> <li><b>La instalaci\u00f3n finaliz\u00f3 exitosamente. <\/b><br> Visite su sitio para examinar c\u00f3mo funciona la herramienta. <\/li><\/ol> <p>A condici\u00f3n de atender dudas o afrontar cualquier complicaci\u00f3n, por favor dir\u00edjase a nuestro personal de atenci\u00f3n al cliente. Nuestros especialistas estar\u00e1n encantados de ayudarte con todas las dificultades que puedas tener con la herramienta. <\/p> <\/div> ","protected":false},"excerpt":{"rendered":"","protected":false},"author":9,"featured_media":0,"parent":16205,"menu_order":0,"comment_status":"closed","ping_status":"closed","template":"templates\/template-application-platform.php","meta":{"publish_to_discourse":"","publish_post_category":"","wpdc_auto_publish_overridden":"","wpdc_topic_tags":"","wpdc_pin_topic":"","wpdc_pin_until":"","discourse_post_id":"","discourse_permalink":"","wpdc_publishing_response":"","wpdc_publishing_error":"","footnotes":""},"class_list":["post-17380","page","type-page","status-publish","hentry"],"yoast_head":"<!-- This site is optimized with the Yoast SEO plugin v25.3.1 - https:\/\/yoast.com\/wordpress\/plugins\/seo\/ -->\n<title>Agregue calculadora a Joomla: simplifique las operaciones de conteo en el sitio web<\/title>\n<meta name=\"description\" content=\"Maneje incluso el conteo de varios pasos con nuestra calculadora f\u00e1cil de usar. Pruebe una pr\u00e1ctica demostraci\u00f3n de Elfsight para crear un widget atractivo.\" \/>\n<meta name=\"robots\" content=\"index, follow, max-snippet:-1, max-image-preview:large, max-video-preview:-1\" \/>\n<link rel=\"canonical\" href=\"https:\/\/elfsight.com\/es\/calculator-form-widget\/joomla\/\" \/>\n<meta property=\"og:locale\" content=\"es_ES\" \/>\n<meta property=\"og:type\" content=\"article\" \/>\n<meta property=\"og:title\" content=\"Agregue calculadora a Joomla: simplifique las operaciones de conteo en el sitio web\" \/>\n<meta property=\"og:description\" content=\"Maneje incluso el conteo de varios pasos con nuestra calculadora f\u00e1cil de usar. Pruebe una pr\u00e1ctica demostraci\u00f3n de Elfsight para crear un widget atractivo.\" \/>\n<meta property=\"og:url\" content=\"https:\/\/elfsight.com\/es\/calculator-form-widget\/joomla\/\" \/>\n<meta property=\"og:site_name\" content=\"Elfsight ES\" \/>\n<meta property=\"article:modified_time\" content=\"2025-02-06T14:53:57+00:00\" \/>\n<meta name=\"twitter:card\" content=\"summary_large_image\" \/>\n<meta name=\"twitter:label1\" content=\"Tiempo de lectura\" \/>\n\t<meta name=\"twitter:data1\" content=\"2 minutos\" \/>\n<!-- \/ Yoast SEO plugin. -->","yoast_head_json":{"title":"Agregue calculadora a Joomla: simplifique las operaciones de conteo en el sitio web","description":"Maneje incluso el conteo de varios pasos con nuestra calculadora f\u00e1cil de usar. Pruebe una pr\u00e1ctica demostraci\u00f3n de Elfsight para crear un widget atractivo.","robots":{"index":"index","follow":"follow","max-snippet":"max-snippet:-1","max-image-preview":"max-image-preview:large","max-video-preview":"max-video-preview:-1"},"canonical":"https:\/\/elfsight.com\/es\/calculator-form-widget\/joomla\/","og_locale":"es_ES","og_type":"article","og_title":"Agregue calculadora a Joomla: simplifique las operaciones de conteo en el sitio web","og_description":"Maneje incluso el conteo de varios pasos con nuestra calculadora f\u00e1cil de usar. Pruebe una pr\u00e1ctica demostraci\u00f3n de Elfsight para crear un widget atractivo.","og_url":"https:\/\/elfsight.com\/es\/calculator-form-widget\/joomla\/","og_site_name":"Elfsight ES","article_modified_time":"2025-02-06T14:53:57+00:00","twitter_card":"summary_large_image","twitter_misc":{"Tiempo de lectura":"2 minutos"},"schema":{"@context":"https:\/\/schema.org","@graph":[{"@type":"WebPage","@id":"https:\/\/elfsight.com\/es\/calculator-form-widget\/joomla\/","url":"https:\/\/elfsight.com\/es\/calculator-form-widget\/joomla\/","name":"Agregue calculadora a Joomla: simplifique las operaciones de conteo en el sitio web","isPartOf":{"@id":"https:\/\/elfsight.com\/es\/#website"},"datePublished":"2024-09-30T18:27:29+00:00","dateModified":"2025-02-06T14:53:57+00:00","description":"Maneje incluso el conteo de varios pasos con nuestra calculadora f\u00e1cil de usar. Pruebe una pr\u00e1ctica demostraci\u00f3n de Elfsight para crear un widget atractivo.","breadcrumb":{"@id":"https:\/\/elfsight.com\/es\/calculator-form-widget\/joomla\/#breadcrumb"},"inLanguage":"es","potentialAction":[{"@type":"ReadAction","target":["https:\/\/elfsight.com\/es\/calculator-form-widget\/joomla\/"]}]},{"@type":"BreadcrumbList","@id":"https:\/\/elfsight.com\/es\/calculator-form-widget\/joomla\/#breadcrumb","itemListElement":[{"@type":"ListItem","position":1,"name":"Home","item":"https:\/\/elfsight.com\/es\/"},{"@type":"ListItem","position":2,"name":"Calculator","item":"https:\/\/elfsight.com\/es\/calculator-form-widget\/"},{"@type":"ListItem","position":3,"name":"calculator joomla"}]},{"@type":"WebSite","@id":"https:\/\/elfsight.com\/es\/#website","url":"https:\/\/elfsight.com\/es\/","name":"Elfsight ES","description":"Just another Elfsight Sites site","potentialAction":[{"@type":"SearchAction","target":{"@type":"EntryPoint","urlTemplate":"https:\/\/elfsight.com\/es\/?s={search_term_string}"},"query-input":{"@type":"PropertyValueSpecification","valueRequired":true,"valueName":"search_term_string"}}],"inLanguage":"es"}]}},"meta_box":{"industry":"","seo_heading":"","heading":"","description":"","cta_heading":"","cta_description":"","application":"16184","h1":"Extensi\u00f3n de calculadora Joomla","h1_caption":"Proporcione una calculadora personalizada para sus visitantes, ofreciendo soluciones r\u00e1pidas para cosas como precios, descuentos o c\u00e1lculos de retorno de la inversi\u00f3n en su sitio web Joomla sin esfuerzo.","application_category":[],"applications_title":"","applications_request_title":"","applications_request_button_text":"","hero_text":"","hero_video":"","hero_video_schema_markup":"","selling_points_title":"","selling_points_caption":"","selling_points":[],"selling_points_cta_text":"","features_title":"","features":"","ed_cta_examples_text":"","ed_cta_examples_hidden":"","ed_cta_demo_text":"","ed_cta_demo_hidden":"","why_caption":"","why_editor_title":"","why_editor_text":"","why_team_title":"","why_team_text":"","why_service_title":"","why_service_text":"","template_catalog_visible":"","template_catalog_title":"","template_catalog_text":"","template_catalog_categories_visible":"","demo_title":"Crea tu complemento de Calculadora","demo_caption":"\u00a1Configure su Calculadora y agr\u00e9guela a su sitio web Joomla gratis!","default_faq_hidden":"","app_template_category":[],"platform":"73","template_public_id":"","codecanyon_url":"","codecanyon_item_id":"","codecanyon_price":"","pricing_caption":"","pricing_elfsight_apps_hide_column":"","pricing_elfsight_apps_url":"","pricing_codecanyon_price_caption":"","integration_category":[],"integration_request_title":"","integration_request_cta":"","integration_platform":"","integrations":[],"platform_category":[],"video_schema_markup":"","price":"desde $0 \/ mes","trial":"","benefits":[{"text":"Asistencia de instalaci\u00f3n gratuita"},{"text":"Soporte premium"},{"text":"Garant\u00eda de reembolso de 14 d\u00edas"},{"text":"Desarrollo continuo"}],"button_url":"#demo","button_target_blank":"","button_nofollow":"","attributes":[{"name":"Instalar","content":"50,000 - 100,000"},{"name":"Sensible","content":"S\u00ed"},{"name":"Navegadores compatibles","content":"Firefox, Safari, Opera, Chrome, Edge"}],"tags":[],"tags_disable_links":"","hide_more_platforms":"","video_object":"","demo_hide_cta":"","demo_hide_cloud_options":"","pricing_title":"","pricing":[{"pricing_icon":"platform","pricing_title":"Elfsight Apps","pricing_title_caption":"Versi\u00f3n independiente de la plataforma que funciona en cualquier sitio","pricing_price":"desde $0 \/ mes","pricing_price_caption":"comienza con un plan gratuito","pricing_benefits":[{"text":"Dominios ilimitados"},{"text":"Soporte empresarial 24 horas al d\u00eda, 7 d\u00edas a la semana"},{"text":"Asistencia de instalaci\u00f3n gratuita"},{"text":"Dise\u00f1o flexible"}],"pricing_button_text":"A\u00f1adir al sitio web","pricing_button_url":"#demo"}],"related_apps_title":"","related_apps_hidden":"","author":"","image":[],"title":"","job":"","social_networks":[]},"_links":{"self":[{"href":"https:\/\/elfsight.com\/es\/wp-json\/wp\/v2\/pages\/17380","targetHints":{"allow":["GET"]}}],"collection":[{"href":"https:\/\/elfsight.com\/es\/wp-json\/wp\/v2\/pages"}],"about":[{"href":"https:\/\/elfsight.com\/es\/wp-json\/wp\/v2\/types\/page"}],"author":[{"embeddable":true,"href":"https:\/\/elfsight.com\/es\/wp-json\/wp\/v2\/users\/9"}],"replies":[{"embeddable":true,"href":"https:\/\/elfsight.com\/es\/wp-json\/wp\/v2\/comments?post=17380"}],"version-history":[{"count":1,"href":"https:\/\/elfsight.com\/es\/wp-json\/wp\/v2\/pages\/17380\/revisions"}],"predecessor-version":[{"id":17384,"href":"https:\/\/elfsight.com\/es\/wp-json\/wp\/v2\/pages\/17380\/revisions\/17384"}],"up":[{"embeddable":true,"href":"https:\/\/elfsight.com\/es\/wp-json\/wp\/v2\/pages\/16205"}],"wp:attachment":[{"href":"https:\/\/elfsight.com\/es\/wp-json\/wp\/v2\/media?parent=17380"}],"curies":[{"name":"wp","href":"https:\/\/api.w.org\/{rel}","templated":true}]}}