{"id":17379,"date":"2024-09-30T18:27:29","date_gmt":"2024-09-30T18:27:29","guid":{"rendered":"https:\/\/elfsight.com\/es\/?page_id=17379"},"modified":"2025-02-06T14:53:57","modified_gmt":"2025-02-06T14:53:57","slug":"weebly","status":"publish","type":"page","link":"https:\/\/elfsight.com\/es\/calculator-form-widget\/weebly\/","title":{"rendered":"calculator  weebly"},"content":{"rendered":"<div class=\"application-platform-content-item-description application-platform-content-item\" id=\"description\" data-nav-section=\"description\"> <h2>Integre la Calculadora en Weebly con una aplicaci\u00f3n Elfsight<\/h2> <p>El widget Calculadora ofrece a sus clientes una forma de planificar su presupuesto y su viaje. rutas, proporciones de cocci\u00f3n y mucho m\u00e1s relacionado con su \u00e1rea de actividad. Se pueden agregar campos espec\u00edficos y opciones adicionales a este widget integrado, para que los visitantes puedan inspeccionar sus beneficios sin salir de la p\u00e1gina del sitio web. La funci\u00f3n de l\u00f3gica condicional le permite crear soluciones universales para su escenario y para cada cliente.<\/p><p>Los elementos personalizables, como casillas de verificaci\u00f3n, controles deslizantes y men\u00fas desplegables, le permiten incluir cualquier aspecto de la creaci\u00f3n de precios para ciertos productos. Por ejemplo, puede calcular pr\u00e9stamos con un inter\u00e9s establecido durante un per\u00edodo de tiempo requerido. Puede promocionar un alquiler de autom\u00f3vil con muchos ajustes adicionales para elegir. Asimismo, la calculadora es capaz de proyectar el viaje de sus sue\u00f1os siempre que se cuenten el traslado, el hotel y las excursiones necesarias. <\/p><p><b>\u00a1Brinde a sus clientes una experiencia de c\u00e1lculo perfecta agregando el poderoso widget de conteo! <\/b><\/p><\/div> <div class=\"application-platform-content-item-features application-platform-content-item\" id=\"features\" data-nav-section=\"features\"> <h2>Las funciones de widget m\u00e1s populares incluyen<\/h2> <ul><li>Herramienta con una interfaz sencilla que funciona con cualquier operaci\u00f3n<\/li><li>Todos los tipos de campos de operaci\u00f3n para varios escenarios<\/li><li>L\u00f3gica condicional para simplificar incluso los c\u00e1lculos detallados<\/li><li>Plantillas personalizables para comenzar sin esfuerzo<\/li><li>Herramienta integrada que aumenta la decisi\u00f3n haciendo<\/li><\/ul><p><a href=\"#demo\">Puedes explorar todas las capacidades del widget en la demostraci\u00f3n aqu\u00ed mismo<\/a><\/p><\/div> <div class=\"application-platform-content-item-instalaci\u00f3n application-platform-content-item\" id=\"instalaci\u00f3n\" data-nav-section=\"instalaci\u00f3n\"> <h2>\u00bfC\u00f3mo insertar Calculadora en mi p\u00e1gina web Weebly?<\/h2> <p>Simplemente siga los siguientes pasos que se detallan a continuaci\u00f3n para comenzar a usar la herramienta.<\/p> <ol><li><b>Utilice nuestro configurador gratuito y comience a crear su widget personalizado. <\/b><br> Especifique el dise\u00f1o y los par\u00e1metros preferidos del widget y aplique las modificaciones. <\/li> <li><b>Adquiere tu c\u00f3digo personal que aparece en el formulario especial de Elfsight Apps. <\/b><br> Cuando finalice la personalizaci\u00f3n de su herramienta, copie el c\u00f3digo exclusivo de la ventana emergente que aparece y gu\u00e1rdelo para usarlo en el futuro. <\/li> <li><b>Comience a usar el widget en la p\u00e1gina de inicio de Weebly. <\/b><br>Implemente el c\u00f3digo que ha copiado recientemente en su sitio web y guarde las correcciones. <\/li> <li><b>\u00a1Ya terminaste! La configuraci\u00f3n est\u00e1 completamente realizada. <\/b><br>Vaya a su p\u00e1gina para ver el rendimiento del widget. <\/li><\/ol> <p>A condici\u00f3n de atender consultas o enfrentar algunas dificultades, no dude en recurrir a nuestro equipo de soporte. Nuestra gente estar\u00e1 encantada de ayudarle con todos los problemas que pueda tener con la herramienta. <\/p><\/div> ","protected":false},"excerpt":{"rendered":"","protected":false},"author":9,"featured_media":0,"parent":16205,"menu_order":0,"comment_status":"closed","ping_status":"closed","template":"templates\/template-application-platform.php","meta":{"publish_to_discourse":"","publish_post_category":"","wpdc_auto_publish_overridden":"","wpdc_topic_tags":"","wpdc_pin_topic":"","wpdc_pin_until":"","discourse_post_id":"","discourse_permalink":"","wpdc_publishing_response":"","wpdc_publishing_error":"","footnotes":""},"class_list":["post-17379","page","type-page","status-publish","hentry"],"yoast_head":"<!-- This site is optimized with the Yoast SEO plugin v25.3.1 - https:\/\/yoast.com\/wordpress\/plugins\/seo\/ -->\n<title>Agregue una calculadora a Weebly: proporcione un conteo conveniente en p\u00e1ginas<\/title>\n<meta name=\"description\" content=\"Domine incluso el conteo detallado utilizando la Calculadora responsiva. Utilice una demostraci\u00f3n sencilla de Elfsight para crear un widget vers\u00e1til.\" \/>\n<meta name=\"robots\" content=\"index, follow, max-snippet:-1, max-image-preview:large, max-video-preview:-1\" \/>\n<link rel=\"canonical\" href=\"https:\/\/elfsight.com\/es\/calculator-form-widget\/weebly\/\" \/>\n<meta property=\"og:locale\" content=\"es_ES\" \/>\n<meta property=\"og:type\" content=\"article\" \/>\n<meta property=\"og:title\" content=\"Agregue una calculadora a Weebly: proporcione un conteo conveniente en p\u00e1ginas\" \/>\n<meta property=\"og:description\" content=\"Domine incluso el conteo detallado utilizando la Calculadora responsiva. Utilice una demostraci\u00f3n sencilla de Elfsight para crear un widget vers\u00e1til.\" \/>\n<meta property=\"og:url\" content=\"https:\/\/elfsight.com\/es\/calculator-form-widget\/weebly\/\" \/>\n<meta property=\"og:site_name\" content=\"Elfsight ES\" \/>\n<meta property=\"article:modified_time\" content=\"2025-02-06T14:53:57+00:00\" \/>\n<meta name=\"twitter:card\" content=\"summary_large_image\" \/>\n<meta name=\"twitter:label1\" content=\"Tiempo de lectura\" \/>\n\t<meta name=\"twitter:data1\" content=\"2 minutos\" \/>\n<!-- \/ Yoast SEO plugin. -->","yoast_head_json":{"title":"Agregue una calculadora a Weebly: proporcione un conteo conveniente en p\u00e1ginas","description":"Domine incluso el conteo detallado utilizando la Calculadora responsiva. Utilice una demostraci\u00f3n sencilla de Elfsight para crear un widget vers\u00e1til.","robots":{"index":"index","follow":"follow","max-snippet":"max-snippet:-1","max-image-preview":"max-image-preview:large","max-video-preview":"max-video-preview:-1"},"canonical":"https:\/\/elfsight.com\/es\/calculator-form-widget\/weebly\/","og_locale":"es_ES","og_type":"article","og_title":"Agregue una calculadora a Weebly: proporcione un conteo conveniente en p\u00e1ginas","og_description":"Domine incluso el conteo detallado utilizando la Calculadora responsiva. Utilice una demostraci\u00f3n sencilla de Elfsight para crear un widget vers\u00e1til.","og_url":"https:\/\/elfsight.com\/es\/calculator-form-widget\/weebly\/","og_site_name":"Elfsight ES","article_modified_time":"2025-02-06T14:53:57+00:00","twitter_card":"summary_large_image","twitter_misc":{"Tiempo de lectura":"2 minutos"},"schema":{"@context":"https:\/\/schema.org","@graph":[{"@type":"WebPage","@id":"https:\/\/elfsight.com\/es\/calculator-form-widget\/weebly\/","url":"https:\/\/elfsight.com\/es\/calculator-form-widget\/weebly\/","name":"Agregue una calculadora a Weebly: proporcione un conteo conveniente en p\u00e1ginas","isPartOf":{"@id":"https:\/\/elfsight.com\/es\/#website"},"datePublished":"2024-09-30T18:27:29+00:00","dateModified":"2025-02-06T14:53:57+00:00","description":"Domine incluso el conteo detallado utilizando la Calculadora responsiva. Utilice una demostraci\u00f3n sencilla de Elfsight para crear un widget vers\u00e1til.","breadcrumb":{"@id":"https:\/\/elfsight.com\/es\/calculator-form-widget\/weebly\/#breadcrumb"},"inLanguage":"es","potentialAction":[{"@type":"ReadAction","target":["https:\/\/elfsight.com\/es\/calculator-form-widget\/weebly\/"]}]},{"@type":"BreadcrumbList","@id":"https:\/\/elfsight.com\/es\/calculator-form-widget\/weebly\/#breadcrumb","itemListElement":[{"@type":"ListItem","position":1,"name":"Home","item":"https:\/\/elfsight.com\/es\/"},{"@type":"ListItem","position":2,"name":"Calculator","item":"https:\/\/elfsight.com\/es\/calculator-form-widget\/"},{"@type":"ListItem","position":3,"name":"calculator weebly"}]},{"@type":"WebSite","@id":"https:\/\/elfsight.com\/es\/#website","url":"https:\/\/elfsight.com\/es\/","name":"Elfsight ES","description":"Just another Elfsight Sites site","potentialAction":[{"@type":"SearchAction","target":{"@type":"EntryPoint","urlTemplate":"https:\/\/elfsight.com\/es\/?s={search_term_string}"},"query-input":{"@type":"PropertyValueSpecification","valueRequired":true,"valueName":"search_term_string"}}],"inLanguage":"es"}]}},"meta_box":{"industry":"","seo_heading":"","heading":"","description":"","cta_heading":"","cta_description":"","application":"16184","h1":"Aplicaci\u00f3n Calculadora Weebly","h1_caption":"Proporcione una calculadora personalizada para sus visitantes, ofreciendo soluciones r\u00e1pidas para cosas como precios, descuentos o c\u00e1lculos de retorno de la inversi\u00f3n en su sitio web Weebly sin esfuerzo.","application_category":[],"applications_title":"","applications_request_title":"","applications_request_button_text":"","hero_text":"","hero_video":"","hero_video_schema_markup":"","selling_points_title":"","selling_points_caption":"","selling_points":[],"selling_points_cta_text":"","features_title":"","features":"","ed_cta_examples_text":"","ed_cta_examples_hidden":"","ed_cta_demo_text":"","ed_cta_demo_hidden":"","why_caption":"","why_editor_title":"","why_editor_text":"","why_team_title":"","why_team_text":"","why_service_title":"","why_service_text":"","template_catalog_visible":"","template_catalog_title":"","template_catalog_text":"","template_catalog_categories_visible":"","demo_title":"Crea tu aplicaci\u00f3n Calculadora","demo_caption":"\u00a1Configura tu Calculadora y agr\u00e9gala a tu sitio web Weebly gratis!","default_faq_hidden":"","app_template_category":[],"platform":"109","template_public_id":"","codecanyon_url":"","codecanyon_item_id":"","codecanyon_price":"","pricing_caption":"","pricing_elfsight_apps_hide_column":"","pricing_elfsight_apps_url":"","pricing_codecanyon_price_caption":"","integration_category":[],"integration_request_title":"","integration_request_cta":"","integration_platform":"","integrations":[],"platform_category":[],"video_schema_markup":"","price":"desde $0 \/ mes","trial":"","benefits":[{"text":"Servicio de instalaci\u00f3n gratuito"},{"text":"Servicio al cliente eficaz"},{"text":"Garant\u00eda de reembolso de 14 d\u00edas"},{"text":"Actualizando constantemente"}],"button_url":"#demo","button_target_blank":"","button_nofollow":"","attributes":[{"name":"Instalar","content":"50,000 - 100,000"},{"name":"Sensible","content":"S\u00ed"},{"name":"Navegadores compatibles","content":"Firefox, Safari, Opera, Chrome, Edge"}],"tags":[],"tags_disable_links":"","hide_more_platforms":"","video_object":"","demo_hide_cta":"","demo_hide_cloud_options":"","pricing_title":"","pricing":[{"pricing_icon":"platform","pricing_title":"Elfsight Apps","pricing_title_caption":"Soluci\u00f3n digital multiplataforma","pricing_price":"desde $0 \/ mes","pricing_price_caption":"comienza con un plan gratuito","pricing_benefits":[{"text":"Dominios ilimitados"},{"text":"Atenci\u00f3n al cliente premium"},{"text":"Soporte de instalaci\u00f3n gratuito"},{"text":"Dise\u00f1o flexible"}],"pricing_button_text":"A\u00f1adir al sitio web","pricing_button_url":"#demo"}],"related_apps_title":"","related_apps_hidden":"","author":"","image":[],"title":"","job":"","social_networks":[]},"_links":{"self":[{"href":"https:\/\/elfsight.com\/es\/wp-json\/wp\/v2\/pages\/17379","targetHints":{"allow":["GET"]}}],"collection":[{"href":"https:\/\/elfsight.com\/es\/wp-json\/wp\/v2\/pages"}],"about":[{"href":"https:\/\/elfsight.com\/es\/wp-json\/wp\/v2\/types\/page"}],"author":[{"embeddable":true,"href":"https:\/\/elfsight.com\/es\/wp-json\/wp\/v2\/users\/9"}],"replies":[{"embeddable":true,"href":"https:\/\/elfsight.com\/es\/wp-json\/wp\/v2\/comments?post=17379"}],"version-history":[{"count":1,"href":"https:\/\/elfsight.com\/es\/wp-json\/wp\/v2\/pages\/17379\/revisions"}],"predecessor-version":[{"id":17383,"href":"https:\/\/elfsight.com\/es\/wp-json\/wp\/v2\/pages\/17379\/revisions\/17383"}],"up":[{"embeddable":true,"href":"https:\/\/elfsight.com\/es\/wp-json\/wp\/v2\/pages\/16205"}],"wp:attachment":[{"href":"https:\/\/elfsight.com\/es\/wp-json\/wp\/v2\/media?parent=17379"}],"curies":[{"name":"wp","href":"https:\/\/api.w.org\/{rel}","templated":true}]}}