{"id":17378,"date":"2024-09-30T18:27:29","date_gmt":"2024-09-30T18:27:29","guid":{"rendered":"https:\/\/elfsight.com\/es\/?page_id=17378"},"modified":"2025-02-06T14:53:57","modified_gmt":"2025-02-06T14:53:57","slug":"facebook","status":"publish","type":"page","link":"https:\/\/elfsight.com\/es\/calculator-form-widget\/facebook\/","title":{"rendered":"calculator  facebook page"},"content":{"rendered":"<div class=\"application-platform-content-item-description application-platform-content-item\" id=\"description\" data-nav-section=\"description\"> <h2>Integre la calculadora en la p\u00e1gina de Facebook con un widget de Elfsight<\/h2> <p>El widget de la calculadora brinda a sus clientes la oportunidad de planificar sus costos , rutas de viaje, proporciones de cocina y mucho m\u00e1s relacionado con su campo de actividad. Puede agregar campos espec\u00edficos y opciones adicionales a este widget en la p\u00e1gina, para que los usuarios puedan inspeccionar las ventajas sin salir de la p\u00e1gina. La funci\u00f3n de l\u00f3gica condicional le ayuda a inventar soluciones universales para cualquier escenario y cada usuario.<\/p><p>Los elementos ajustables como casillas de verificaci\u00f3n, controles deslizantes y listas desplegables le permiten incluir cualquier patr\u00f3n de creaci\u00f3n de precios para ciertos productos. Por ejemplo, util\u00edcelo para calcular pr\u00e9stamos con un inter\u00e9s establecido durante un per\u00edodo de tiempo conveniente. Puede ofrecer un alquiler de autom\u00f3vil con muchas comodidades adicionales para elegir. Asimismo, la calculadora es capaz de planificar el viaje de sus sue\u00f1os cuando se calculan el vuelo, el alojamiento y los mejores eventos. <\/p><p><b>\u00a1Sus clientes apreciar\u00e1n una experiencia de c\u00e1lculo amigable al agregar el widget de conteo orientado al usuario! <\/b><\/p><\/div> <div class=\"application-platform-content-item-features application-platform-content-item\" id=\"features\" data-nav-section=\"features\"> <h2>Estas son las caracter\u00edsticas clave del widget:<\/h2> <ul><li>Herramienta con una interfaz clara que se adapta a cualquier tipo de conteo<\/li><li>Muchas soluciones de campo de operaci\u00f3n para sus objetivos<\/li><li>L\u00f3gica condicional para simplificar incluso el conteo complicado<\/li><li>Plantillas listas para usar para un conteo simple inicio<\/li><li>Herramienta en la p\u00e1gina para impulsar la toma de decisiones<\/li><\/ul><p><a href=\"#demo\">Puedes explorar lo que ofrece el widget con la ayuda de la demostraci\u00f3n<\/a><\/p><\/div> <div class=\"application-platform-content-item-installation application-platform-content-item\" id=\"installation\" data-nav-section=\"installation\"> <h2>\u00bfC\u00f3mo incorporo Calculator al sitio de mi p\u00e1gina de Facebook?<\/h2> <div class=\"tip-yellow tip\"><b>Debido a los cambios recientes de Facebook y la transici\u00f3n Para la experiencia de nueva p\u00e1gina, el uso actualmente solo es posible agregando un enlace directo al widget. Estamos buscando activamente una soluci\u00f3n y actualizaremos la configuraci\u00f3n de la p\u00e1gina de Facebook tan pronto como encontremos una manera.<\/b><\/div><p>Simplemente siga las instrucciones a continuaci\u00f3n para integrar la herramienta.<\/p> <ol> <li><b>Administra nuestro configurador gratuito y comienza a crear tu propio widget. <\/b><br> Determine el aspecto preferido y las caracter\u00edsticas funcionales del widget y guarde las ediciones. <\/li> <li><b>Adquiera su c\u00f3digo \u00fanico que se muestra en el cuadro de Elfsight Apps. <\/b><br> Inmediatamente despu\u00e9s de finalizar la configuraci\u00f3n de su herramienta, copie el c\u00f3digo personal de la ventana que aparece y gu\u00e1rdelo para usarlo m\u00e1s adelante. <\/li> <li><b>Comience a usar el widget en la p\u00e1gina de Facebook. <\/b><br>Incrusta el c\u00f3digo que has guardado antes en tu p\u00e1gina y guarda las correcciones. <\/li> <li><b>La instalaci\u00f3n finaliz\u00f3 exitosamente. <\/b><br>Visite su sitio para ver el rendimiento de la herramienta. <\/li><\/ol> <p>En caso de que tenga algunas dificultades, no dude en buscar ayuda de nuestro personal de soporte. Nuestros especialistas est\u00e1n ansiosos por resolver todas las dudas que puedas tener con el complemento. <\/p><\/div>","protected":false},"excerpt":{"rendered":"","protected":false},"author":9,"featured_media":0,"parent":16205,"menu_order":0,"comment_status":"closed","ping_status":"closed","template":"templates\/template-application-platform.php","meta":{"publish_to_discourse":"","publish_post_category":"","wpdc_auto_publish_overridden":"","wpdc_topic_tags":"","wpdc_pin_topic":"","wpdc_pin_until":"","discourse_post_id":"","discourse_permalink":"","wpdc_publishing_response":"","wpdc_publishing_error":"","footnotes":""},"class_list":["post-17378","page","type-page","status-publish","hentry"],"yoast_head":"<!-- This site is optimized with the Yoast SEO plugin v25.3.1 - https:\/\/yoast.com\/wordpress\/plugins\/seo\/ -->\n<title>Agregar calculadora a la p\u00e1gina de Facebook: mejorar el conteo en el sitio web<\/title>\n<meta name=\"description\" content=\"Simplifique incluso los c\u00e1lculos detallados utilizando la Calculadora orientada al usuario. Pruebe una pr\u00e1ctica demostraci\u00f3n de Elfsight para generar el potente widget.\" \/>\n<meta name=\"robots\" content=\"index, follow, max-snippet:-1, max-image-preview:large, max-video-preview:-1\" \/>\n<link rel=\"canonical\" href=\"https:\/\/elfsight.com\/es\/calculator-form-widget\/facebook\/\" \/>\n<meta property=\"og:locale\" content=\"es_ES\" \/>\n<meta property=\"og:type\" content=\"article\" \/>\n<meta property=\"og:title\" content=\"Agregar calculadora a la p\u00e1gina de Facebook: mejorar el conteo en el sitio web\" \/>\n<meta property=\"og:description\" content=\"Simplifique incluso los c\u00e1lculos detallados utilizando la Calculadora orientada al usuario. Pruebe una pr\u00e1ctica demostraci\u00f3n de Elfsight para generar el potente widget.\" \/>\n<meta property=\"og:url\" content=\"https:\/\/elfsight.com\/es\/calculator-form-widget\/facebook\/\" \/>\n<meta property=\"og:site_name\" content=\"Elfsight ES\" \/>\n<meta property=\"article:modified_time\" content=\"2025-02-06T14:53:57+00:00\" \/>\n<meta name=\"twitter:card\" content=\"summary_large_image\" \/>\n<meta name=\"twitter:label1\" content=\"Tiempo de lectura\" \/>\n\t<meta name=\"twitter:data1\" content=\"3 minutos\" \/>\n<!-- \/ Yoast SEO plugin. -->","yoast_head_json":{"title":"Agregar calculadora a la p\u00e1gina de Facebook: mejorar el conteo en el sitio web","description":"Simplifique incluso los c\u00e1lculos detallados utilizando la Calculadora orientada al usuario. Pruebe una pr\u00e1ctica demostraci\u00f3n de Elfsight para generar el potente widget.","robots":{"index":"index","follow":"follow","max-snippet":"max-snippet:-1","max-image-preview":"max-image-preview:large","max-video-preview":"max-video-preview:-1"},"canonical":"https:\/\/elfsight.com\/es\/calculator-form-widget\/facebook\/","og_locale":"es_ES","og_type":"article","og_title":"Agregar calculadora a la p\u00e1gina de Facebook: mejorar el conteo en el sitio web","og_description":"Simplifique incluso los c\u00e1lculos detallados utilizando la Calculadora orientada al usuario. Pruebe una pr\u00e1ctica demostraci\u00f3n de Elfsight para generar el potente widget.","og_url":"https:\/\/elfsight.com\/es\/calculator-form-widget\/facebook\/","og_site_name":"Elfsight ES","article_modified_time":"2025-02-06T14:53:57+00:00","twitter_card":"summary_large_image","twitter_misc":{"Tiempo de lectura":"3 minutos"},"schema":{"@context":"https:\/\/schema.org","@graph":[{"@type":"WebPage","@id":"https:\/\/elfsight.com\/es\/calculator-form-widget\/facebook\/","url":"https:\/\/elfsight.com\/es\/calculator-form-widget\/facebook\/","name":"Agregar calculadora a la p\u00e1gina de Facebook: mejorar el conteo en el sitio web","isPartOf":{"@id":"https:\/\/elfsight.com\/es\/#website"},"datePublished":"2024-09-30T18:27:29+00:00","dateModified":"2025-02-06T14:53:57+00:00","description":"Simplifique incluso los c\u00e1lculos detallados utilizando la Calculadora orientada al usuario. Pruebe una pr\u00e1ctica demostraci\u00f3n de Elfsight para generar el potente widget.","breadcrumb":{"@id":"https:\/\/elfsight.com\/es\/calculator-form-widget\/facebook\/#breadcrumb"},"inLanguage":"es","potentialAction":[{"@type":"ReadAction","target":["https:\/\/elfsight.com\/es\/calculator-form-widget\/facebook\/"]}]},{"@type":"BreadcrumbList","@id":"https:\/\/elfsight.com\/es\/calculator-form-widget\/facebook\/#breadcrumb","itemListElement":[{"@type":"ListItem","position":1,"name":"Home","item":"https:\/\/elfsight.com\/es\/"},{"@type":"ListItem","position":2,"name":"Calculator","item":"https:\/\/elfsight.com\/es\/calculator-form-widget\/"},{"@type":"ListItem","position":3,"name":"calculator facebook page"}]},{"@type":"WebSite","@id":"https:\/\/elfsight.com\/es\/#website","url":"https:\/\/elfsight.com\/es\/","name":"Elfsight ES","description":"Just another Elfsight Sites site","potentialAction":[{"@type":"SearchAction","target":{"@type":"EntryPoint","urlTemplate":"https:\/\/elfsight.com\/es\/?s={search_term_string}"},"query-input":{"@type":"PropertyValueSpecification","valueRequired":true,"valueName":"search_term_string"}}],"inLanguage":"es"}]}},"meta_box":{"industry":"","seo_heading":"","heading":"","description":"","cta_heading":"","cta_description":"","application":"16184","h1":"Widget de calculadora de p\u00e1gina de Facebook","h1_caption":"Proporcione una calculadora personalizada para sus visitantes, ofreciendo soluciones r\u00e1pidas para cosas como precios, descuentos o c\u00e1lculos de retorno de la inversi\u00f3n en el sitio web de su p\u00e1gina de Facebook sin esfuerzo.","application_category":[],"applications_title":"","applications_request_title":"","applications_request_button_text":"","hero_text":"","hero_video":"","hero_video_schema_markup":"","selling_points_title":"","selling_points_caption":"","selling_points":[],"selling_points_cta_text":"","features_title":"","features":"","ed_cta_examples_text":"","ed_cta_examples_hidden":"","ed_cta_demo_text":"","ed_cta_demo_hidden":"","why_caption":"","why_editor_title":"","why_editor_text":"","why_team_title":"","why_team_text":"","why_service_title":"","why_service_text":"","template_catalog_visible":"","template_catalog_title":"","template_catalog_text":"","template_catalog_categories_visible":"","demo_title":"Crea tu widget de Calculadora","demo_caption":"\u00a1Configure su Calculadora y agr\u00e9guela al sitio web de su p\u00e1gina de Facebook de forma gratuita!","default_faq_hidden":"","app_template_category":[],"platform":"64","template_public_id":"","codecanyon_url":"","codecanyon_item_id":"","codecanyon_price":"","pricing_caption":"","pricing_elfsight_apps_hide_column":"","pricing_elfsight_apps_url":"","pricing_codecanyon_price_caption":"","integration_category":[],"integration_request_title":"","integration_request_cta":"","integration_platform":"","integrations":[],"platform_category":[],"video_schema_markup":"","price":"desde $0 \/ mes","trial":"","benefits":[{"text":"Ayuda de instalaci\u00f3n gratuita"},{"text":"Soporte premium"},{"text":"Garant\u00eda de devoluci\u00f3n de dinero de 14 d\u00edas"},{"text":"Actualizaciones de por vida"}],"button_url":"#demo","button_target_blank":"","button_nofollow":"","attributes":[{"name":"Instalar","content":"50,000 - 100,000"},{"name":"Sensible","content":"S\u00ed"},{"name":"Navegadores compatibles","content":"Firefox, Safari, Opera, Chrome, Edge"}],"tags":[],"tags_disable_links":"","hide_more_platforms":"","video_object":"","demo_hide_cta":"","demo_hide_cloud_options":"","pricing_title":"","pricing":[{"pricing_icon":"platform","pricing_title":"Elfsight Apps","pricing_title_caption":"Versi\u00f3n multiplataforma que funciona en cualquier sitio.","pricing_price":"desde $0 \/ mes","pricing_price_caption":"comienza con un plan gratuito","pricing_benefits":[{"text":"Sitios web ilimitados"},{"text":"Soporte gratuito, puntual y bien documentado."},{"text":"Servicio de instalaci\u00f3n gratuito"},{"text":"Dise\u00f1o flexible"}],"pricing_button_text":"A\u00f1adir al sitio web","pricing_button_url":"#demo"}],"related_apps_title":"","related_apps_hidden":"","author":"","image":[],"title":"","job":"","social_networks":[]},"_links":{"self":[{"href":"https:\/\/elfsight.com\/es\/wp-json\/wp\/v2\/pages\/17378","targetHints":{"allow":["GET"]}}],"collection":[{"href":"https:\/\/elfsight.com\/es\/wp-json\/wp\/v2\/pages"}],"about":[{"href":"https:\/\/elfsight.com\/es\/wp-json\/wp\/v2\/types\/page"}],"author":[{"embeddable":true,"href":"https:\/\/elfsight.com\/es\/wp-json\/wp\/v2\/users\/9"}],"replies":[{"embeddable":true,"href":"https:\/\/elfsight.com\/es\/wp-json\/wp\/v2\/comments?post=17378"}],"version-history":[{"count":1,"href":"https:\/\/elfsight.com\/es\/wp-json\/wp\/v2\/pages\/17378\/revisions"}],"predecessor-version":[{"id":17382,"href":"https:\/\/elfsight.com\/es\/wp-json\/wp\/v2\/pages\/17378\/revisions\/17382"}],"up":[{"embeddable":true,"href":"https:\/\/elfsight.com\/es\/wp-json\/wp\/v2\/pages\/16205"}],"wp:attachment":[{"href":"https:\/\/elfsight.com\/es\/wp-json\/wp\/v2\/media?parent=17378"}],"curies":[{"name":"wp","href":"https:\/\/api.w.org\/{rel}","templated":true}]}}