{"id":17373,"date":"2024-09-30T18:27:29","date_gmt":"2024-09-30T18:27:29","guid":{"rendered":"https:\/\/elfsight.com\/es\/?page_id=17373"},"modified":"2025-02-06T14:53:57","modified_gmt":"2025-02-06T14:53:57","slug":"bigcommerce","status":"publish","type":"page","link":"https:\/\/elfsight.com\/es\/calculator-form-widget\/bigcommerce\/","title":{"rendered":"calculator  bigcommerce"},"content":{"rendered":"<div class=\"application-platform-content-item-description application-platform-content-item\" id=\"description\" data-nav-section=\"description\"> <h2>Integre la Calculadora en BigCommerce con una aplicaci\u00f3n Elfsight<\/h2> <p>El widget Calculadora proporciona a sus clientes una forma de planificar su presupuesto, rutas de viaje, proporciones de cocina y mucho m\u00e1s dependiendo de su campo de negocio. Se pueden incorporar campos espec\u00edficos y opciones \u00fatiles en este widget integrado, para que los usuarios puedan ver los beneficios sin moverse de la p\u00e1gina del sitio web. La l\u00f3gica condicional le permite inventar soluciones universales para cada escenario y cada usuario.<\/p><p>Los elementos variables como casillas de verificaci\u00f3n, controles deslizantes y listas desplegables le permiten incluir cualquier patr\u00f3n de precios para determinadas ofertas. Por ejemplo, se pueden calcular pr\u00e9stamos con un porcentaje establecido para un per\u00edodo de tiempo deseado. Puede ofrecer un alquiler de autom\u00f3vil con muchas comodidades adicionales para elegir. Adem\u00e1s, la calculadora es capaz de planificar el viaje de sus sue\u00f1os siempre que se cuenten el traslado, el alojamiento y los eventos necesarios. <\/p><p><b>\u00a1Ofrezca a sus clientes una experiencia de c\u00e1lculo conveniente incorporando el sencillo widget de conteo! <\/b><\/p><\/div> <div class=\"application-platform-content-item-features application-platform-content-item\" id=\"features\" data-nav-section=\"features\"> <h2>Las funciones esenciales del widget ofrecen<\/h2> <ul><li>Soluci\u00f3n con una interfaz f\u00e1cil de usar que permite realizar cualquier c\u00e1lculo<\/li><li>Numerosos tipos de campos de operaci\u00f3n para diversos objetivos<\/li><li>Funci\u00f3n de l\u00f3gica condicional que permite incluso conteos complicados<\/li><li>Plantillas listas para usar para un comienzo sencillo<\/li><li> Herramienta integrada que aumenta la toma de decisiones<\/li><\/ul><p><a href=\"#demo\">Puedes comprobar lo que ofrece el widget probando la demo<\/a><\/p> <\/div> [ application_platform_content_item id=\u00bbinstallation\u00bb] <h2>\u00bfC\u00f3mo incorporo Calculator en mi sitio web de BigCommerce?<\/h2> <p>Simplemente siga las siguientes pautas para integrar la herramienta.<\/p> <ol><li><b> Abre nuestra demostraci\u00f3n gratuita y comienza a darle forma a tu propio instrumento. <\/b><br> Especifique el dise\u00f1o preferido y las especificaciones de la herramienta y guarde las correcciones. <\/li> <li><b>Reciba su c\u00f3digo individual que se muestra en el formulario especial en Elfsight Apps. <\/b><br> Inmediatamente despu\u00e9s de generar su complemento, copie el c\u00f3digo personal en el cuadro que aparece y gu\u00e1rdelo para usarlo en el futuro. <\/li> <li><b>Comenzar a utilizar el widget en el sitio de BigCommerce. <\/b><br>Incrusta el c\u00f3digo que guardaste anteriormente en tu sitio web y guarda las correcciones. <\/li> <li><b>La configuraci\u00f3n est\u00e1 completamente realizada. <\/b><br>Visite su p\u00e1gina para ver el rendimiento de la herramienta. <\/li><\/ol> <p>A condici\u00f3n de resolver dudas o enfrentar algunos obst\u00e1culos, no dudes en buscar ayuda de nuestro equipo de atenci\u00f3n al cliente. Nuestra gente est\u00e1 ansiosa por resolver todas las dificultades que puedas tener con el widget. <\/p>[\/application_platform_content_item]","protected":false},"excerpt":{"rendered":"[ application_platform_content_item id=\u00bbinstallation\u00bb] \u00bfC\u00f3mo incorporo Calculator en mi sitio web de BigCommerce? Simplemente siga las siguientes pautas para integrar la herramienta. Abre nuestra demostraci\u00f3n gratuita y comienza a darle forma a tu propio instrumento. Especifique el dise\u00f1o preferido y las especificaciones de la herramienta y guarde las correcciones. Reciba su&#8230;","protected":false},"author":9,"featured_media":0,"parent":16205,"menu_order":0,"comment_status":"closed","ping_status":"closed","template":"templates\/template-application-platform.php","meta":{"publish_to_discourse":"","publish_post_category":"","wpdc_auto_publish_overridden":"","wpdc_topic_tags":"","wpdc_pin_topic":"","wpdc_pin_until":"","discourse_post_id":"","discourse_permalink":"","wpdc_publishing_response":"","wpdc_publishing_error":"","footnotes":""},"class_list":["post-17373","page","type-page","status-publish","hentry"],"yoast_head":"<!-- This site is optimized with the Yoast SEO plugin v25.3.1 - https:\/\/yoast.com\/wordpress\/plugins\/seo\/ -->\n<title>Incrustar calculadora en BigCommerce: impulse los c\u00e1lculos en las p\u00e1ginas<\/title>\n<meta name=\"description\" content=\"Simplifique incluso los conteos complejos utilizando nuestra Calculadora orientada al usuario. Pruebe una pr\u00e1ctica demostraci\u00f3n de Elfsight para crear un widget vers\u00e1til.\" \/>\n<meta name=\"robots\" content=\"index, follow, max-snippet:-1, max-image-preview:large, max-video-preview:-1\" \/>\n<link rel=\"canonical\" href=\"https:\/\/elfsight.com\/es\/calculator-form-widget\/bigcommerce\/\" \/>\n<meta property=\"og:locale\" content=\"es_ES\" \/>\n<meta property=\"og:type\" content=\"article\" \/>\n<meta property=\"og:title\" content=\"Incrustar calculadora en BigCommerce: impulse los c\u00e1lculos en las p\u00e1ginas\" \/>\n<meta property=\"og:description\" content=\"Simplifique incluso los conteos complejos utilizando nuestra Calculadora orientada al usuario. Pruebe una pr\u00e1ctica demostraci\u00f3n de Elfsight para crear un widget vers\u00e1til.\" \/>\n<meta property=\"og:url\" content=\"https:\/\/elfsight.com\/es\/calculator-form-widget\/bigcommerce\/\" \/>\n<meta property=\"og:site_name\" content=\"Elfsight ES\" \/>\n<meta property=\"article:modified_time\" content=\"2025-02-06T14:53:57+00:00\" \/>\n<meta name=\"twitter:card\" content=\"summary_large_image\" \/>\n<meta name=\"twitter:label1\" content=\"Tiempo de lectura\" \/>\n\t<meta name=\"twitter:data1\" content=\"2 minutos\" \/>\n<!-- \/ Yoast SEO plugin. -->","yoast_head_json":{"title":"Incrustar calculadora en BigCommerce: impulse los c\u00e1lculos en las p\u00e1ginas","description":"Simplifique incluso los conteos complejos utilizando nuestra Calculadora orientada al usuario. Pruebe una pr\u00e1ctica demostraci\u00f3n de Elfsight para crear un widget vers\u00e1til.","robots":{"index":"index","follow":"follow","max-snippet":"max-snippet:-1","max-image-preview":"max-image-preview:large","max-video-preview":"max-video-preview:-1"},"canonical":"https:\/\/elfsight.com\/es\/calculator-form-widget\/bigcommerce\/","og_locale":"es_ES","og_type":"article","og_title":"Incrustar calculadora en BigCommerce: impulse los c\u00e1lculos en las p\u00e1ginas","og_description":"Simplifique incluso los conteos complejos utilizando nuestra Calculadora orientada al usuario. Pruebe una pr\u00e1ctica demostraci\u00f3n de Elfsight para crear un widget vers\u00e1til.","og_url":"https:\/\/elfsight.com\/es\/calculator-form-widget\/bigcommerce\/","og_site_name":"Elfsight ES","article_modified_time":"2025-02-06T14:53:57+00:00","twitter_card":"summary_large_image","twitter_misc":{"Tiempo de lectura":"2 minutos"},"schema":{"@context":"https:\/\/schema.org","@graph":[{"@type":"WebPage","@id":"https:\/\/elfsight.com\/es\/calculator-form-widget\/bigcommerce\/","url":"https:\/\/elfsight.com\/es\/calculator-form-widget\/bigcommerce\/","name":"Incrustar calculadora en BigCommerce: impulse los c\u00e1lculos en las p\u00e1ginas","isPartOf":{"@id":"https:\/\/elfsight.com\/es\/#website"},"datePublished":"2024-09-30T18:27:29+00:00","dateModified":"2025-02-06T14:53:57+00:00","description":"Simplifique incluso los conteos complejos utilizando nuestra Calculadora orientada al usuario. Pruebe una pr\u00e1ctica demostraci\u00f3n de Elfsight para crear un widget vers\u00e1til.","breadcrumb":{"@id":"https:\/\/elfsight.com\/es\/calculator-form-widget\/bigcommerce\/#breadcrumb"},"inLanguage":"es","potentialAction":[{"@type":"ReadAction","target":["https:\/\/elfsight.com\/es\/calculator-form-widget\/bigcommerce\/"]}]},{"@type":"BreadcrumbList","@id":"https:\/\/elfsight.com\/es\/calculator-form-widget\/bigcommerce\/#breadcrumb","itemListElement":[{"@type":"ListItem","position":1,"name":"Home","item":"https:\/\/elfsight.com\/es\/"},{"@type":"ListItem","position":2,"name":"Calculator","item":"https:\/\/elfsight.com\/es\/calculator-form-widget\/"},{"@type":"ListItem","position":3,"name":"calculator bigcommerce"}]},{"@type":"WebSite","@id":"https:\/\/elfsight.com\/es\/#website","url":"https:\/\/elfsight.com\/es\/","name":"Elfsight ES","description":"Just another Elfsight Sites site","potentialAction":[{"@type":"SearchAction","target":{"@type":"EntryPoint","urlTemplate":"https:\/\/elfsight.com\/es\/?s={search_term_string}"},"query-input":{"@type":"PropertyValueSpecification","valueRequired":true,"valueName":"search_term_string"}}],"inLanguage":"es"}]}},"meta_box":{"industry":"","seo_heading":"","heading":"","description":"","cta_heading":"","cta_description":"","application":"16184","h1":"Aplicaci\u00f3n Calculadora BigCommerce","h1_caption":"Proporcione una calculadora personalizada para sus visitantes, ofreciendo soluciones r\u00e1pidas para cosas como precios, descuentos o c\u00e1lculos de retorno de la inversi\u00f3n en su sitio web BigCommerce sin esfuerzo.","application_category":[],"applications_title":"","applications_request_title":"","applications_request_button_text":"","hero_text":"","hero_video":"","hero_video_schema_markup":"","selling_points_title":"","selling_points_caption":"","selling_points":[],"selling_points_cta_text":"","features_title":"","features":"","ed_cta_examples_text":"","ed_cta_examples_hidden":"","ed_cta_demo_text":"","ed_cta_demo_hidden":"","why_caption":"","why_editor_title":"","why_editor_text":"","why_team_title":"","why_team_text":"","why_service_title":"","why_service_text":"","template_catalog_visible":"","template_catalog_title":"","template_catalog_text":"","template_catalog_categories_visible":"","demo_title":"Crea tu aplicaci\u00f3n Calculadora","demo_caption":"\u00a1Configure su Calculadora y agr\u00e9guela a su sitio web de BigCommerce gratis!","default_faq_hidden":"","app_template_category":[],"platform":"33","template_public_id":"","codecanyon_url":"","codecanyon_item_id":"","codecanyon_price":"","pricing_caption":"","pricing_elfsight_apps_hide_column":"","pricing_elfsight_apps_url":"","pricing_codecanyon_price_caption":"","integration_category":[],"integration_request_title":"","integration_request_cta":"","integration_platform":"","integrations":[],"platform_category":[],"video_schema_markup":"","price":"desde $0 \/ mes","trial":"","benefits":[{"text":"Ayuda de instalaci\u00f3n gratuita"},{"text":"Servicio al cliente profesional"},{"text":"Garant\u00eda de devoluci\u00f3n de dinero de 14 d\u00edas"},{"text":"Futuras actualizaciones gratuitas"}],"button_url":"#demo","button_target_blank":"","button_nofollow":"","attributes":[{"name":"Instalar","content":"50,000 - 100,000"},{"name":"Sensible","content":"S\u00ed"},{"name":"Navegadores compatibles","content":"Firefox, Safari, Opera, Chrome, Edge"}],"tags":[],"tags_disable_links":"","hide_more_platforms":"","video_object":"","demo_hide_cta":"","demo_hide_cloud_options":"","pricing_title":"","pricing":[{"pricing_icon":"platform","pricing_title":"Elfsight Apps","pricing_title_caption":"Software multiplataforma","pricing_price":"desde $0 \/ mes","pricing_price_caption":"comienza con un plan gratuito","pricing_benefits":[{"text":"Sitios web ilimitados"},{"text":"Soporte empresarial 24 horas al d\u00eda, 7 d\u00edas a la semana y bien documentado."},{"text":"Servicio de instalaci\u00f3n gratuito"},{"text":"Totalmente personalizable"}],"pricing_button_text":"A\u00f1adir al sitio web","pricing_button_url":"#demo"}],"related_apps_title":"","related_apps_hidden":"","author":"","image":[],"title":"","job":"","social_networks":[]},"_links":{"self":[{"href":"https:\/\/elfsight.com\/es\/wp-json\/wp\/v2\/pages\/17373","targetHints":{"allow":["GET"]}}],"collection":[{"href":"https:\/\/elfsight.com\/es\/wp-json\/wp\/v2\/pages"}],"about":[{"href":"https:\/\/elfsight.com\/es\/wp-json\/wp\/v2\/types\/page"}],"author":[{"embeddable":true,"href":"https:\/\/elfsight.com\/es\/wp-json\/wp\/v2\/users\/9"}],"replies":[{"embeddable":true,"href":"https:\/\/elfsight.com\/es\/wp-json\/wp\/v2\/comments?post=17373"}],"version-history":[{"count":1,"href":"https:\/\/elfsight.com\/es\/wp-json\/wp\/v2\/pages\/17373\/revisions"}],"predecessor-version":[{"id":17377,"href":"https:\/\/elfsight.com\/es\/wp-json\/wp\/v2\/pages\/17373\/revisions\/17377"}],"up":[{"embeddable":true,"href":"https:\/\/elfsight.com\/es\/wp-json\/wp\/v2\/pages\/16205"}],"wp:attachment":[{"href":"https:\/\/elfsight.com\/es\/wp-json\/wp\/v2\/media?parent=17373"}],"curies":[{"name":"wp","href":"https:\/\/api.w.org\/{rel}","templated":true}]}}