{"id":17372,"date":"2024-09-30T18:27:29","date_gmt":"2024-09-30T18:27:29","guid":{"rendered":"https:\/\/elfsight.com\/es\/?page_id=17372"},"modified":"2025-02-06T14:54:04","modified_gmt":"2025-02-06T14:54:04","slug":"blogger","status":"publish","type":"page","link":"https:\/\/elfsight.com\/es\/calculator-form-widget\/blogger\/","title":{"rendered":"calculator  blogger"},"content":{"rendered":"<div class=\"application-platform-content-item-description application-platform-content-item\" id=\"description\" data-nav-section=\"description\"> <h2>Integre la calculadora en Blogger con un widget de Elfsight<\/h2> <p>El widget Calculadora ofrece a los usuarios de su sitio web una forma de planificar sus gastos. rutas de viaje, proporciones de cocci\u00f3n y mucho m\u00e1s dependiendo de su \u00e1rea de actividad. Puede agregar campos obligatorios y opciones \u00fatiles a este widget en la p\u00e1gina, para que los usuarios puedan ver los beneficios sin moverse de la p\u00e1gina. La l\u00f3gica condicional le permite inventar patrones universales para cada escenario y cada cliente.<\/p><p>Los elementos personalizables como casillas de verificaci\u00f3n, controles deslizantes y listas desplegables le permiten incluir cualquier aspecto de la creaci\u00f3n de precios para determinadas ofertas. Por ejemplo, se pueden calcular pr\u00e9stamos con un inter\u00e9s establecido durante un per\u00edodo conveniente. Puede promocionar un alquiler de autom\u00f3vil con numerosos ajustes adicionales para elegir. Adem\u00e1s, la calculadora es capaz de proyectar el viaje de sus sue\u00f1os siempre que se cuenten el transporte, el alojamiento y los eventos necesarios. <\/p><p><b>Ofrece a los visitantes de tu sitio web una s\u00f3lida experiencia de c\u00e1lculo a\u00f1adiendo el widget de conteo orientado al usuario. <\/b><\/p><\/div> <div class=\"application-platform-content-item-features application-platform-content-item\" id=\"features\" data-nav-section=\"features\"> <h2>A continuaci\u00f3n se detallan las caracter\u00edsticas esenciales del widget:<\/h2> <ul><li>Herramienta con una interfaz f\u00e1cil de usar que se adapta a cualquier c\u00e1lculo<\/li><li>Todas las opciones de campos de c\u00e1lculo para sus necesidades<\/li><li>Funci\u00f3n de l\u00f3gica condicional que cubre incluso el recuento detallado<\/li><li>Plantillas manejables para comenzar f\u00e1cilmente<\/li><li> Soluci\u00f3n integrada para impulsar la toma de decisiones<\/li><\/ul><p><a href=\"#demo\">Simplemente pruebe esta demostraci\u00f3n para tener una idea completa<\/a><\/p><\/div> <div class=\"application-platform-content-item-installation application-platform-content-item\" id=\"installation\" data-nav-section=\"installation\"> <h2>\u00bfC\u00f3mo puedo incorporar Calculadora a mis p\u00e1ginas de Blogger?<\/h2> <p>Simplemente siga estos pasos que se detallan a continuaci\u00f3n para comenzar a trabajar con el complemento.<\/p> <ol><li><b>Utilice nuestro editor gratuito y comience a darle forma a su complemento personalizado. <\/b><br> Especifique la interfaz y la funcionalidad preferibles del complemento y aplique las ediciones. <\/li> <li><b>Reciba su c\u00f3digo personal que se muestra en el formulario especial en Elfsight Apps. <\/b><br> Tan pronto como finalice el establecimiento de su widget, copie el c\u00f3digo personal en la ventana emergente que aparece y gu\u00e1rdelo para usarlo en el futuro. <\/li> <li><b>Comience a utilizar el complemento en la p\u00e1gina de inicio de Blogger. <\/b><br> Inserta el c\u00f3digo que has copiado recientemente en tu p\u00e1gina de inicio y aplica las correcciones. <\/li> <li><b>\u00a1Listo! La configuraci\u00f3n est\u00e1 completamente realizada. <\/b><br>Visite su p\u00e1gina web para revisar el rendimiento del complemento. <\/li><\/ol> <p>Si tienes preguntas o te encuentras con alguna complicaci\u00f3n, no dudes en escribir a nuestro personal de soporte. Nuestros especialistas est\u00e1n deseando resolver todas las dudas que puedas tener con el producto. <\/p><\/div> ","protected":false},"excerpt":{"rendered":"","protected":false},"author":9,"featured_media":0,"parent":16205,"menu_order":0,"comment_status":"closed","ping_status":"closed","template":"templates\/template-application-platform.php","meta":{"publish_to_discourse":"","publish_post_category":"","wpdc_auto_publish_overridden":"","wpdc_topic_tags":"","wpdc_pin_topic":"","wpdc_pin_until":"","discourse_post_id":"","discourse_permalink":"","wpdc_publishing_response":"","wpdc_publishing_error":"","footnotes":""},"class_list":["post-17372","page","type-page","status-publish","hentry"],"yoast_head":"<!-- This site is optimized with the Yoast SEO plugin v25.3.1 - https:\/\/yoast.com\/wordpress\/plugins\/seo\/ -->\n<title>Agregar calculadora a Blogger: facilite los c\u00e1lculos en el sitio web<\/title>\n<meta name=\"description\" content=\"Domine incluso los conteos complicados utilizando nuestra calculadora responsiva. Benef\u00edciese de una pr\u00e1ctica demostraci\u00f3n de Elfsight para crear el \u00fatil widget.\" \/>\n<meta name=\"robots\" content=\"index, follow, max-snippet:-1, max-image-preview:large, max-video-preview:-1\" \/>\n<link rel=\"canonical\" href=\"https:\/\/elfsight.com\/es\/calculator-form-widget\/blogger\/\" \/>\n<meta property=\"og:locale\" content=\"es_ES\" \/>\n<meta property=\"og:type\" content=\"article\" \/>\n<meta property=\"og:title\" content=\"Agregar calculadora a Blogger: facilite los c\u00e1lculos en el sitio web\" \/>\n<meta property=\"og:description\" content=\"Domine incluso los conteos complicados utilizando nuestra calculadora responsiva. Benef\u00edciese de una pr\u00e1ctica demostraci\u00f3n de Elfsight para crear el \u00fatil widget.\" \/>\n<meta property=\"og:url\" content=\"https:\/\/elfsight.com\/es\/calculator-form-widget\/blogger\/\" \/>\n<meta property=\"og:site_name\" content=\"Elfsight ES\" \/>\n<meta property=\"article:modified_time\" content=\"2025-02-06T14:54:04+00:00\" \/>\n<meta name=\"twitter:card\" content=\"summary_large_image\" \/>\n<meta name=\"twitter:label1\" content=\"Tiempo de lectura\" \/>\n\t<meta name=\"twitter:data1\" content=\"2 minutos\" \/>\n<!-- \/ Yoast SEO plugin. -->","yoast_head_json":{"title":"Agregar calculadora a Blogger: facilite los c\u00e1lculos en el sitio web","description":"Domine incluso los conteos complicados utilizando nuestra calculadora responsiva. Benef\u00edciese de una pr\u00e1ctica demostraci\u00f3n de Elfsight para crear el \u00fatil widget.","robots":{"index":"index","follow":"follow","max-snippet":"max-snippet:-1","max-image-preview":"max-image-preview:large","max-video-preview":"max-video-preview:-1"},"canonical":"https:\/\/elfsight.com\/es\/calculator-form-widget\/blogger\/","og_locale":"es_ES","og_type":"article","og_title":"Agregar calculadora a Blogger: facilite los c\u00e1lculos en el sitio web","og_description":"Domine incluso los conteos complicados utilizando nuestra calculadora responsiva. Benef\u00edciese de una pr\u00e1ctica demostraci\u00f3n de Elfsight para crear el \u00fatil widget.","og_url":"https:\/\/elfsight.com\/es\/calculator-form-widget\/blogger\/","og_site_name":"Elfsight ES","article_modified_time":"2025-02-06T14:54:04+00:00","twitter_card":"summary_large_image","twitter_misc":{"Tiempo de lectura":"2 minutos"},"schema":{"@context":"https:\/\/schema.org","@graph":[{"@type":"WebPage","@id":"https:\/\/elfsight.com\/es\/calculator-form-widget\/blogger\/","url":"https:\/\/elfsight.com\/es\/calculator-form-widget\/blogger\/","name":"Agregar calculadora a Blogger: facilite los c\u00e1lculos en el sitio web","isPartOf":{"@id":"https:\/\/elfsight.com\/es\/#website"},"datePublished":"2024-09-30T18:27:29+00:00","dateModified":"2025-02-06T14:54:04+00:00","description":"Domine incluso los conteos complicados utilizando nuestra calculadora responsiva. Benef\u00edciese de una pr\u00e1ctica demostraci\u00f3n de Elfsight para crear el \u00fatil widget.","breadcrumb":{"@id":"https:\/\/elfsight.com\/es\/calculator-form-widget\/blogger\/#breadcrumb"},"inLanguage":"es","potentialAction":[{"@type":"ReadAction","target":["https:\/\/elfsight.com\/es\/calculator-form-widget\/blogger\/"]}]},{"@type":"BreadcrumbList","@id":"https:\/\/elfsight.com\/es\/calculator-form-widget\/blogger\/#breadcrumb","itemListElement":[{"@type":"ListItem","position":1,"name":"Home","item":"https:\/\/elfsight.com\/es\/"},{"@type":"ListItem","position":2,"name":"Calculator","item":"https:\/\/elfsight.com\/es\/calculator-form-widget\/"},{"@type":"ListItem","position":3,"name":"calculator blogger"}]},{"@type":"WebSite","@id":"https:\/\/elfsight.com\/es\/#website","url":"https:\/\/elfsight.com\/es\/","name":"Elfsight ES","description":"Just another Elfsight Sites site","potentialAction":[{"@type":"SearchAction","target":{"@type":"EntryPoint","urlTemplate":"https:\/\/elfsight.com\/es\/?s={search_term_string}"},"query-input":{"@type":"PropertyValueSpecification","valueRequired":true,"valueName":"search_term_string"}}],"inLanguage":"es"}]}},"meta_box":{"industry":"","seo_heading":"","heading":"","description":"","cta_heading":"","cta_description":"","application":"16184","h1":"Widget de calculadora de Blogger","h1_caption":"Proporcione una calculadora personalizada para sus visitantes, ofreciendo soluciones r\u00e1pidas para cosas como precios, descuentos o c\u00e1lculos de retorno de la inversi\u00f3n en su sitio web de Blogger sin esfuerzo.","application_category":[],"applications_title":"","applications_request_title":"","applications_request_button_text":"","hero_text":"","hero_video":"","hero_video_schema_markup":"","selling_points_title":"","selling_points_caption":"","selling_points":[],"selling_points_cta_text":"","features_title":"","features":"","ed_cta_examples_text":"","ed_cta_examples_hidden":"","ed_cta_demo_text":"","ed_cta_demo_hidden":"","why_caption":"","why_editor_title":"","why_editor_text":"","why_team_title":"","why_team_text":"","why_service_title":"","why_service_text":"","template_catalog_visible":"","template_catalog_title":"","template_catalog_text":"","template_catalog_categories_visible":"","demo_title":"Crea tu widget de Calculadora","demo_caption":"\u00a1Configura tu Calculadora y agr\u00e9gala a tu sitio web de Blogger gratis!","default_faq_hidden":"","app_template_category":[],"platform":"39","template_public_id":"","codecanyon_url":"","codecanyon_item_id":"","codecanyon_price":"","pricing_caption":"","pricing_elfsight_apps_hide_column":"","pricing_elfsight_apps_url":"","pricing_codecanyon_price_caption":"","integration_category":[],"integration_request_title":"","integration_request_cta":"","integration_platform":"","integrations":[],"platform_category":[],"video_schema_markup":"","price":"desde $0 \/ mes","trial":"","benefits":[{"text":"Servicio de instalaci\u00f3n gratuito"},{"text":"Servicio al cliente eficaz"},{"text":"Garant\u00eda de devoluci\u00f3n de dinero de 14 d\u00edas"},{"text":"Actualizaciones gratuitas peri\u00f3dicas"}],"button_url":"#demo","button_target_blank":"","button_nofollow":"","attributes":[{"name":"Instalar","content":"50,000 - 100,000"},{"name":"Sensible","content":"S\u00ed"},{"name":"Navegadores compatibles","content":"Firefox, Safari, Opera, Chrome, Edge"}],"tags":[],"tags_disable_links":"","hide_more_platforms":"","video_object":"","demo_hide_cta":"","demo_hide_cloud_options":"","pricing_title":"","pricing":[{"pricing_icon":"platform","pricing_title":"Elfsight Apps","pricing_title_caption":"Software multiplataforma","pricing_price":"desde $0 \/ mes","pricing_price_caption":"comienza con un plan gratuito","pricing_benefits":[{"text":"Dominios ilimitados"},{"text":"Soporte r\u00e1pido, puntual y bien documentado."},{"text":"Soporte de instalaci\u00f3n gratuito"},{"text":"Totalmente personalizable"}],"pricing_button_text":"A\u00f1adir al sitio web","pricing_button_url":"#demo"}],"related_apps_title":"","related_apps_hidden":"","author":"","image":[],"title":"","job":"","social_networks":[]},"_links":{"self":[{"href":"https:\/\/elfsight.com\/es\/wp-json\/wp\/v2\/pages\/17372","targetHints":{"allow":["GET"]}}],"collection":[{"href":"https:\/\/elfsight.com\/es\/wp-json\/wp\/v2\/pages"}],"about":[{"href":"https:\/\/elfsight.com\/es\/wp-json\/wp\/v2\/types\/page"}],"author":[{"embeddable":true,"href":"https:\/\/elfsight.com\/es\/wp-json\/wp\/v2\/users\/9"}],"replies":[{"embeddable":true,"href":"https:\/\/elfsight.com\/es\/wp-json\/wp\/v2\/comments?post=17372"}],"version-history":[{"count":1,"href":"https:\/\/elfsight.com\/es\/wp-json\/wp\/v2\/pages\/17372\/revisions"}],"predecessor-version":[{"id":17376,"href":"https:\/\/elfsight.com\/es\/wp-json\/wp\/v2\/pages\/17372\/revisions\/17376"}],"up":[{"embeddable":true,"href":"https:\/\/elfsight.com\/es\/wp-json\/wp\/v2\/pages\/16205"}],"wp:attachment":[{"href":"https:\/\/elfsight.com\/es\/wp-json\/wp\/v2\/media?parent=17372"}],"curies":[{"name":"wp","href":"https:\/\/api.w.org\/{rel}","templated":true}]}}