{"id":17371,"date":"2024-09-30T18:27:29","date_gmt":"2024-09-30T18:27:29","guid":{"rendered":"https:\/\/elfsight.com\/es\/?page_id=17371"},"modified":"2025-02-06T14:54:04","modified_gmt":"2025-02-06T14:54:04","slug":"woocommerce","status":"publish","type":"page","link":"https:\/\/elfsight.com\/es\/calculator-form-widget\/woocommerce\/","title":{"rendered":"calculator  woocommerce"},"content":{"rendered":"<div class=\"application-platform-content-item-description application-platform-content-item\" id=\"description\" data-nav-section=\"description\"> <h2>Integre la Calculadora en WooCommerce con un complemento de Elfsight<\/h2> <p>El widget Calculadora brinda a sus clientes la oportunidad de planificar sus gastos, rutas de viaje, proporciones de cocina y mucho m\u00e1s dependiendo de su campo de actividad. Se pueden agregar varios campos y opciones adicionales a este widget integrado, para que los usuarios puedan ver los beneficios sin moverse de la pesta\u00f1a. La l\u00f3gica condicional ayuda a inventar patrones universales para su escenario y para cada usuario.<\/p><p>Los elementos ajustables como casillas de verificaci\u00f3n, controles deslizantes y listas desplegables le permiten incluir cualquier aspecto de la creaci\u00f3n de precios para varias ofertas. Por ejemplo, puede calcular pr\u00e9stamos con un inter\u00e9s establecido durante un per\u00edodo requerido. Puede ofrecer un alquiler de autom\u00f3viles con numerosas opciones adicionales para elegir. Asimismo, la calculadora es capaz de planificar el viaje de sus sue\u00f1os donde se calcula el transporte, la residencia y los mejores eventos. <\/p><p><b>Impresione a sus clientes con una s\u00f3lida experiencia de c\u00e1lculo incorporando el potente widget de conteo. <\/b><\/p><\/div> <div class=\"application-platform-content-item-features application-platform-content-item\" id=\"features\" data-nav-section=\"features\"> <h2>El widget incluye funciones \u00fatiles y sencillas, consulte algunas de ellas:<\/h2> <ul><li>Soluci\u00f3n con usuario- interfaz amigable que funciona con cualquier operaci\u00f3n<\/li><li>Numerosos tipos de campos de operaci\u00f3n para diversos objetivos<\/li><li>L\u00f3gica condicional que cubre incluso c\u00e1lculos de varios pasos<\/li><li>Ajustable plantillas para comenzar f\u00e1cilmente<\/li><li>Soluci\u00f3n en la p\u00e1gina para inspirar la toma de decisiones<\/li><\/ul><p><a href=\"#demo\">Puedes conocer todas las capacidades del widget en la demostraci\u00f3n aqu\u00ed<\/a><\/p><\/div> <div class=\"application-platform-content-item-installation application-platform-content-item\" id=\"installation\" data-nav-section=\"installation\"> <h2>\u00bfC\u00f3mo incorporo Calculadora en mi p\u00e1gina web de WooCommerce?<\/h2> <p>Simplemente siga A continuaci\u00f3n se describen varios pasos para agregar el complemento.<\/p> <ol><li><b>Utilice nuestra demostraci\u00f3n gratuita y comience a crear su complemento personalizado. <\/b><br> Especifique el aspecto y la funcionalidad seleccionados del widget y aplique las correcciones. <\/li> <li><b>Adquiera el c\u00f3digo individual que se muestra en el cuadro de Elfsight Apps. <\/b><br> Una vez finalizada la creaci\u00f3n de su widget, copie el c\u00f3digo exclusivo de la ventana que aparece y gu\u00e1rdelo para futuras ocasiones. <\/li> <li><b>Comience a utilizar la herramienta en la p\u00e1gina web de WooCommerce. <\/b><br>Incrusta el c\u00f3digo que has copiado anteriormente en tu p\u00e1gina y aplica las correcciones. <\/li> <li><b>La instalaci\u00f3n ha finalizado exitosamente. <\/b><br>Vaya a su p\u00e1gina web para inspeccionar c\u00f3mo funciona el widget. <\/li><\/ol> <p>Si tiene algunas complicaciones, no dude en buscar ayuda de nuestro equipo de soporte. Nuestra gente estar\u00e1 encantada de resolver todas las dudas que puedas tener con el widget. <\/p><\/div>","protected":false},"excerpt":{"rendered":"","protected":false},"author":9,"featured_media":0,"parent":16205,"menu_order":0,"comment_status":"closed","ping_status":"closed","template":"templates\/template-application-platform.php","meta":{"publish_to_discourse":"","publish_post_category":"","wpdc_auto_publish_overridden":"","wpdc_topic_tags":"","wpdc_pin_topic":"","wpdc_pin_until":"","discourse_post_id":"","discourse_permalink":"","wpdc_publishing_response":"","wpdc_publishing_error":"","footnotes":""},"class_list":["post-17371","page","type-page","status-publish","hentry"],"yoast_head":"<!-- This site is optimized with the Yoast SEO plugin v25.3.1 - https:\/\/yoast.com\/wordpress\/plugins\/seo\/ -->\n<title>Agregar calculadora a WooCommerce: mejorar el recuento de p\u00e1ginas<\/title>\n<meta name=\"description\" content=\"Maneje incluso c\u00e1lculos de varios pasos con nuestra calculadora responsiva. Utilice una pr\u00e1ctica demostraci\u00f3n de Elfsight para crear el widget vers\u00e1til.\" \/>\n<meta name=\"robots\" content=\"index, follow, max-snippet:-1, max-image-preview:large, max-video-preview:-1\" \/>\n<link rel=\"canonical\" href=\"https:\/\/elfsight.com\/es\/calculator-form-widget\/woocommerce\/\" \/>\n<meta property=\"og:locale\" content=\"es_ES\" \/>\n<meta property=\"og:type\" content=\"article\" \/>\n<meta property=\"og:title\" content=\"Agregar calculadora a WooCommerce: mejorar el recuento de p\u00e1ginas\" \/>\n<meta property=\"og:description\" content=\"Maneje incluso c\u00e1lculos de varios pasos con nuestra calculadora responsiva. Utilice una pr\u00e1ctica demostraci\u00f3n de Elfsight para crear el widget vers\u00e1til.\" \/>\n<meta property=\"og:url\" content=\"https:\/\/elfsight.com\/es\/calculator-form-widget\/woocommerce\/\" \/>\n<meta property=\"og:site_name\" content=\"Elfsight ES\" \/>\n<meta property=\"article:modified_time\" content=\"2025-02-06T14:54:04+00:00\" \/>\n<meta name=\"twitter:card\" content=\"summary_large_image\" \/>\n<meta name=\"twitter:label1\" content=\"Tiempo de lectura\" \/>\n\t<meta name=\"twitter:data1\" content=\"2 minutos\" \/>\n<!-- \/ Yoast SEO plugin. -->","yoast_head_json":{"title":"Agregar calculadora a WooCommerce: mejorar el recuento de p\u00e1ginas","description":"Maneje incluso c\u00e1lculos de varios pasos con nuestra calculadora responsiva. Utilice una pr\u00e1ctica demostraci\u00f3n de Elfsight para crear el widget vers\u00e1til.","robots":{"index":"index","follow":"follow","max-snippet":"max-snippet:-1","max-image-preview":"max-image-preview:large","max-video-preview":"max-video-preview:-1"},"canonical":"https:\/\/elfsight.com\/es\/calculator-form-widget\/woocommerce\/","og_locale":"es_ES","og_type":"article","og_title":"Agregar calculadora a WooCommerce: mejorar el recuento de p\u00e1ginas","og_description":"Maneje incluso c\u00e1lculos de varios pasos con nuestra calculadora responsiva. Utilice una pr\u00e1ctica demostraci\u00f3n de Elfsight para crear el widget vers\u00e1til.","og_url":"https:\/\/elfsight.com\/es\/calculator-form-widget\/woocommerce\/","og_site_name":"Elfsight ES","article_modified_time":"2025-02-06T14:54:04+00:00","twitter_card":"summary_large_image","twitter_misc":{"Tiempo de lectura":"2 minutos"},"schema":{"@context":"https:\/\/schema.org","@graph":[{"@type":"WebPage","@id":"https:\/\/elfsight.com\/es\/calculator-form-widget\/woocommerce\/","url":"https:\/\/elfsight.com\/es\/calculator-form-widget\/woocommerce\/","name":"Agregar calculadora a WooCommerce: mejorar el recuento de p\u00e1ginas","isPartOf":{"@id":"https:\/\/elfsight.com\/es\/#website"},"datePublished":"2024-09-30T18:27:29+00:00","dateModified":"2025-02-06T14:54:04+00:00","description":"Maneje incluso c\u00e1lculos de varios pasos con nuestra calculadora responsiva. Utilice una pr\u00e1ctica demostraci\u00f3n de Elfsight para crear el widget vers\u00e1til.","breadcrumb":{"@id":"https:\/\/elfsight.com\/es\/calculator-form-widget\/woocommerce\/#breadcrumb"},"inLanguage":"es","potentialAction":[{"@type":"ReadAction","target":["https:\/\/elfsight.com\/es\/calculator-form-widget\/woocommerce\/"]}]},{"@type":"BreadcrumbList","@id":"https:\/\/elfsight.com\/es\/calculator-form-widget\/woocommerce\/#breadcrumb","itemListElement":[{"@type":"ListItem","position":1,"name":"Home","item":"https:\/\/elfsight.com\/es\/"},{"@type":"ListItem","position":2,"name":"Calculator","item":"https:\/\/elfsight.com\/es\/calculator-form-widget\/"},{"@type":"ListItem","position":3,"name":"calculator woocommerce"}]},{"@type":"WebSite","@id":"https:\/\/elfsight.com\/es\/#website","url":"https:\/\/elfsight.com\/es\/","name":"Elfsight ES","description":"Just another Elfsight Sites site","potentialAction":[{"@type":"SearchAction","target":{"@type":"EntryPoint","urlTemplate":"https:\/\/elfsight.com\/es\/?s={search_term_string}"},"query-input":{"@type":"PropertyValueSpecification","valueRequired":true,"valueName":"search_term_string"}}],"inLanguage":"es"}]}},"meta_box":{"industry":"","seo_heading":"","heading":"","description":"","cta_heading":"","cta_description":"","application":"16184","h1":"Complemento de calculadora de WooCommerce","h1_caption":"Proporcione una calculadora personalizada para sus visitantes, ofreciendo soluciones r\u00e1pidas para cosas como precios, descuentos o c\u00e1lculos de retorno de la inversi\u00f3n en su sitio web WooCommerce sin esfuerzo.","application_category":[],"applications_title":"","applications_request_title":"","applications_request_button_text":"","hero_text":"","hero_video":"","hero_video_schema_markup":"","selling_points_title":"","selling_points_caption":"","selling_points":[],"selling_points_cta_text":"","features_title":"","features":"","ed_cta_examples_text":"","ed_cta_examples_hidden":"","ed_cta_demo_text":"","ed_cta_demo_hidden":"","why_caption":"","why_editor_title":"","why_editor_text":"","why_team_title":"","why_team_text":"","why_service_title":"","why_service_text":"","template_catalog_visible":"","template_catalog_title":"","template_catalog_text":"","template_catalog_categories_visible":"","demo_title":"Crea tu aplicaci\u00f3n Calculadora","demo_caption":"\u00a1Configure su Calculadora y agr\u00e9guela a su sitio web WooCommerce gratis!","default_faq_hidden":"","app_template_category":[],"platform":"2311","template_public_id":"","codecanyon_url":"","codecanyon_item_id":"","codecanyon_price":"","pricing_caption":"","pricing_elfsight_apps_hide_column":"","pricing_elfsight_apps_url":"","pricing_codecanyon_price_caption":"","integration_category":[],"integration_request_title":"","integration_request_cta":"","integration_platform":"","integrations":[],"platform_category":[],"video_schema_markup":"","price":"desde $0 \/ mes","trial":"","benefits":[{"text":"Servicio de instalaci\u00f3n gratuito"},{"text":"Soporte premium"},{"text":"Garant\u00eda de reembolso de 14 d\u00edas"},{"text":"Desarrollo continuo"}],"button_url":"#demo","button_target_blank":"","button_nofollow":"","attributes":[{"name":"Instalar","content":"50,000 - 100,000"},{"name":"Sensible","content":"S\u00ed"},{"name":"Navegadores compatibles","content":"Firefox, Safari, Opera, Chrome, Edge"}],"tags":[],"tags_disable_links":"","hide_more_platforms":"","video_object":"","demo_hide_cta":"","demo_hide_cloud_options":"","pricing_title":"","pricing":[{"pricing_icon":"platform","pricing_title":"Elfsight Apps","pricing_title_caption":"Soluci\u00f3n independiente de la plataforma","pricing_price":"desde $0 \/ mes","pricing_price_caption":"comienza con un plan gratuito","pricing_benefits":[{"text":"Sitios web ilimitados"},{"text":"Atenci\u00f3n al cliente r\u00e1pida y bien documentada."},{"text":"Servicio de instalaci\u00f3n gratuito"},{"text":"Totalmente personalizable"}],"pricing_button_text":"A\u00f1adir al sitio web","pricing_button_url":"#demo"}],"related_apps_title":"","related_apps_hidden":"","author":"","image":[],"title":"","job":"","social_networks":[]},"_links":{"self":[{"href":"https:\/\/elfsight.com\/es\/wp-json\/wp\/v2\/pages\/17371","targetHints":{"allow":["GET"]}}],"collection":[{"href":"https:\/\/elfsight.com\/es\/wp-json\/wp\/v2\/pages"}],"about":[{"href":"https:\/\/elfsight.com\/es\/wp-json\/wp\/v2\/types\/page"}],"author":[{"embeddable":true,"href":"https:\/\/elfsight.com\/es\/wp-json\/wp\/v2\/users\/9"}],"replies":[{"embeddable":true,"href":"https:\/\/elfsight.com\/es\/wp-json\/wp\/v2\/comments?post=17371"}],"version-history":[{"count":1,"href":"https:\/\/elfsight.com\/es\/wp-json\/wp\/v2\/pages\/17371\/revisions"}],"predecessor-version":[{"id":17375,"href":"https:\/\/elfsight.com\/es\/wp-json\/wp\/v2\/pages\/17371\/revisions\/17375"}],"up":[{"embeddable":true,"href":"https:\/\/elfsight.com\/es\/wp-json\/wp\/v2\/pages\/16205"}],"wp:attachment":[{"href":"https:\/\/elfsight.com\/es\/wp-json\/wp\/v2\/media?parent=17371"}],"curies":[{"name":"wp","href":"https:\/\/api.w.org\/{rel}","templated":true}]}}