{"id":17363,"date":"2024-09-30T18:27:29","date_gmt":"2024-09-30T18:27:29","guid":{"rendered":"https:\/\/elfsight.com\/es\/?page_id=17363"},"modified":"2025-02-06T14:54:13","modified_gmt":"2025-02-06T14:54:13","slug":"opencart","status":"publish","type":"page","link":"https:\/\/elfsight.com\/es\/calculator-form-widget\/opencart\/","title":{"rendered":"calculator  opencart"},"content":{"rendered":"<div class=\"application-platform-content-item-description application-platform-content-item\" id=\"description\" data-nav-section=\"description\"> <h2>Integre la Calculadora en OpenCart con una extensi\u00f3n de Elfsight<\/h2> <p>El widget Calculadora brinda a los usuarios de su sitio web la oportunidad de planificar sus gastos, rutas de viaje, proporciones de cocina y mucho m\u00e1s dependiendo de su campo de negocio. Puede agregar campos obligatorios y opciones \u00fatiles a este widget integrado, para que los clientes puedan analizar las ventajas sin moverse de la p\u00e1gina del sitio web. La funci\u00f3n de l\u00f3gica condicional le permite crear patrones universales para cualquier escenario y cada cliente.<\/p><p>Los elementos variables como casillas de verificaci\u00f3n, controles deslizantes y listas desplegables le permiten incluir cualquier patr\u00f3n de precios para varias ofertas. Por ejemplo, se pueden calcular pr\u00e9stamos con un inter\u00e9s establecido durante un per\u00edodo de tiempo determinado. Puede ofrecer un alquiler de autom\u00f3vil con muchas opciones adicionales para elegir. Adem\u00e1s, la calculadora es capaz de planificar el viaje de sus sue\u00f1os siempre que se calcule el traslado, la residencia y las mejores actividades. <\/p><p><b>\u00a1Sus clientes apreciar\u00e1n una experiencia de c\u00e1lculo amigable al incorporar el poderoso widget de conteo! <\/b><\/p><\/div> <div class=\"application-platform-content-item-features application-platform-content-item\" id=\"features\" data-nav-section=\"features\"> <h2>Las caracter\u00edsticas del widget m\u00e1s valiosas incluyen<\/h2> <ul><li>Soluci\u00f3n con una interfaz clara que permite cualquier operaci\u00f3n<\/li><li>Numerosos tipos de campos de c\u00e1lculo para sus necesidades<\/li><li>L\u00f3gica condicional para trabajar incluso con c\u00e1lculos detallados<\/li><li>Plantillas listas para usar para comenzar sin esfuerzo<\/li><li>Herramienta integrada para aumentar la toma de decisiones<\/li><\/ul><p><a href=\"#demo\">Puedes explorar si el widget es para ti probando la demostraci\u00f3n<\/a><\/p><\/div> <div class=\"application-platform-content-item-installation application-platform-content-item\" id=\"installation\" data-nav-section=\"installation\"> <h2>\u00bfC\u00f3mo incorporo Calculator en mi sitio web OpenCart?<\/h2> <p>Simplemente siga las pautas a continuaci\u00f3n para integrar el complemento.<\/p> <ol><li><b>Realizar nuestra demostraci\u00f3n gratuita y comience a construir su instrumento personalizado. <\/b><br> Especifique el dise\u00f1o seleccionado y las opciones del complemento y guarde las correcciones. <\/li> <li><b>Reciba el c\u00f3digo \u00fanico expuesto en el cuadro de Elfsight Apps. <\/b><br> Tan pronto como finalice la generaci\u00f3n de su herramienta personal, copie el c\u00f3digo personal en la ventana emergente que aparece y gu\u00e1rdelo para usarlo en el futuro. <\/li> <li><b>Inicie el uso de la herramienta en su sitio web OpenCart. <\/b><br> Pega el c\u00f3digo guardado anteriormente en tu sitio web y aplica las mejoras. <\/li> <li><b>La configuraci\u00f3n se realiz\u00f3 exitosamente. <\/b><br>Visite su p\u00e1gina para examinar c\u00f3mo funciona el complemento. <\/li><\/ol> <p>En caso de tener consultas o enfrentar cualquier dificultad, no dude en comunicarse con nuestro personal de soporte. Nuestros especialistas estar\u00e1n encantados de resolver todos los problemas que puedas tener con la herramienta. <\/p><\/div> ","protected":false},"excerpt":{"rendered":"","protected":false},"author":9,"featured_media":0,"parent":16205,"menu_order":0,"comment_status":"closed","ping_status":"closed","template":"templates\/template-application-platform.php","meta":{"publish_to_discourse":"","publish_post_category":"","wpdc_auto_publish_overridden":"","wpdc_topic_tags":"","wpdc_pin_topic":"","wpdc_pin_until":"","discourse_post_id":"","discourse_permalink":"","wpdc_publishing_response":"","wpdc_publishing_error":"","footnotes":""},"class_list":["post-17363","page","type-page","status-publish","hentry"],"yoast_head":"<!-- This site is optimized with the Yoast SEO plugin v25.3.1 - https:\/\/yoast.com\/wordpress\/plugins\/seo\/ -->\n<title>Incrustar calculadora en OpenCart: mejorar los c\u00e1lculos en el sitio web<\/title>\n<meta name=\"description\" content=\"Simplifique incluso los c\u00e1lculos de varios pasos con nuestra calculadora f\u00e1cil de usar. Benef\u00edciese de una pr\u00e1ctica demostraci\u00f3n de Elfsight para crear un widget atractivo.\" \/>\n<meta name=\"robots\" content=\"index, follow, max-snippet:-1, max-image-preview:large, max-video-preview:-1\" \/>\n<link rel=\"canonical\" href=\"https:\/\/elfsight.com\/es\/calculator-form-widget\/opencart\/\" \/>\n<meta property=\"og:locale\" content=\"es_ES\" \/>\n<meta property=\"og:type\" content=\"article\" \/>\n<meta property=\"og:title\" content=\"Incrustar calculadora en OpenCart: mejorar los c\u00e1lculos en el sitio web\" \/>\n<meta property=\"og:description\" content=\"Simplifique incluso los c\u00e1lculos de varios pasos con nuestra calculadora f\u00e1cil de usar. Benef\u00edciese de una pr\u00e1ctica demostraci\u00f3n de Elfsight para crear un widget atractivo.\" \/>\n<meta property=\"og:url\" content=\"https:\/\/elfsight.com\/es\/calculator-form-widget\/opencart\/\" \/>\n<meta property=\"og:site_name\" content=\"Elfsight ES\" \/>\n<meta property=\"article:modified_time\" content=\"2025-02-06T14:54:13+00:00\" \/>\n<meta name=\"twitter:card\" content=\"summary_large_image\" \/>\n<meta name=\"twitter:label1\" content=\"Tiempo de lectura\" \/>\n\t<meta name=\"twitter:data1\" content=\"2 minutos\" \/>\n<!-- \/ Yoast SEO plugin. -->","yoast_head_json":{"title":"Incrustar calculadora en OpenCart: mejorar los c\u00e1lculos en el sitio web","description":"Simplifique incluso los c\u00e1lculos de varios pasos con nuestra calculadora f\u00e1cil de usar. Benef\u00edciese de una pr\u00e1ctica demostraci\u00f3n de Elfsight para crear un widget atractivo.","robots":{"index":"index","follow":"follow","max-snippet":"max-snippet:-1","max-image-preview":"max-image-preview:large","max-video-preview":"max-video-preview:-1"},"canonical":"https:\/\/elfsight.com\/es\/calculator-form-widget\/opencart\/","og_locale":"es_ES","og_type":"article","og_title":"Incrustar calculadora en OpenCart: mejorar los c\u00e1lculos en el sitio web","og_description":"Simplifique incluso los c\u00e1lculos de varios pasos con nuestra calculadora f\u00e1cil de usar. Benef\u00edciese de una pr\u00e1ctica demostraci\u00f3n de Elfsight para crear un widget atractivo.","og_url":"https:\/\/elfsight.com\/es\/calculator-form-widget\/opencart\/","og_site_name":"Elfsight ES","article_modified_time":"2025-02-06T14:54:13+00:00","twitter_card":"summary_large_image","twitter_misc":{"Tiempo de lectura":"2 minutos"},"schema":{"@context":"https:\/\/schema.org","@graph":[{"@type":"WebPage","@id":"https:\/\/elfsight.com\/es\/calculator-form-widget\/opencart\/","url":"https:\/\/elfsight.com\/es\/calculator-form-widget\/opencart\/","name":"Incrustar calculadora en OpenCart: mejorar los c\u00e1lculos en el sitio web","isPartOf":{"@id":"https:\/\/elfsight.com\/es\/#website"},"datePublished":"2024-09-30T18:27:29+00:00","dateModified":"2025-02-06T14:54:13+00:00","description":"Simplifique incluso los c\u00e1lculos de varios pasos con nuestra calculadora f\u00e1cil de usar. Benef\u00edciese de una pr\u00e1ctica demostraci\u00f3n de Elfsight para crear un widget atractivo.","breadcrumb":{"@id":"https:\/\/elfsight.com\/es\/calculator-form-widget\/opencart\/#breadcrumb"},"inLanguage":"es","potentialAction":[{"@type":"ReadAction","target":["https:\/\/elfsight.com\/es\/calculator-form-widget\/opencart\/"]}]},{"@type":"BreadcrumbList","@id":"https:\/\/elfsight.com\/es\/calculator-form-widget\/opencart\/#breadcrumb","itemListElement":[{"@type":"ListItem","position":1,"name":"Home","item":"https:\/\/elfsight.com\/es\/"},{"@type":"ListItem","position":2,"name":"Calculator","item":"https:\/\/elfsight.com\/es\/calculator-form-widget\/"},{"@type":"ListItem","position":3,"name":"calculator opencart"}]},{"@type":"WebSite","@id":"https:\/\/elfsight.com\/es\/#website","url":"https:\/\/elfsight.com\/es\/","name":"Elfsight ES","description":"Just another Elfsight Sites site","potentialAction":[{"@type":"SearchAction","target":{"@type":"EntryPoint","urlTemplate":"https:\/\/elfsight.com\/es\/?s={search_term_string}"},"query-input":{"@type":"PropertyValueSpecification","valueRequired":true,"valueName":"search_term_string"}}],"inLanguage":"es"}]}},"meta_box":{"industry":"","seo_heading":"","heading":"","description":"","cta_heading":"","cta_description":"","application":"16184","h1":"Extensi\u00f3n de calculadora OpenCart","h1_caption":"Proporcione una calculadora personalizada para sus visitantes, ofreciendo soluciones r\u00e1pidas para cosas como precios, descuentos o c\u00e1lculos de retorno de la inversi\u00f3n en su sitio web Opencart sin esfuerzo.","application_category":[],"applications_title":"","applications_request_title":"","applications_request_button_text":"","hero_text":"","hero_video":"","hero_video_schema_markup":"","selling_points_title":"","selling_points_caption":"","selling_points":[],"selling_points_cta_text":"","features_title":"","features":"","ed_cta_examples_text":"","ed_cta_examples_hidden":"","ed_cta_demo_text":"","ed_cta_demo_hidden":"","why_caption":"","why_editor_title":"","why_editor_text":"","why_team_title":"","why_team_text":"","why_service_title":"","why_service_text":"","template_catalog_visible":"","template_catalog_title":"","template_catalog_text":"","template_catalog_categories_visible":"","demo_title":"Crea tu extensi\u00f3n de Calculadora","demo_caption":"\u00a1Configure su Calculadora y agr\u00e9guela a su sitio web OpenCart gratis!","default_faq_hidden":"","app_template_category":[],"platform":"88","template_public_id":"","codecanyon_url":"","codecanyon_item_id":"","codecanyon_price":"","pricing_caption":"","pricing_elfsight_apps_hide_column":"","pricing_elfsight_apps_url":"","pricing_codecanyon_price_caption":"","integration_category":[],"integration_request_title":"","integration_request_cta":"","integration_platform":"","integrations":[],"platform_category":[],"video_schema_markup":"","price":"desde $0 \/ mes","trial":"","benefits":[{"text":"Asistencia de instalaci\u00f3n gratuita"},{"text":"Servicio al cliente profesional"},{"text":"Garant\u00eda de reembolso de 14 d\u00edas"},{"text":"Mejoras peri\u00f3dicas gratuitas"}],"button_url":"#demo","button_target_blank":"","button_nofollow":"","attributes":[{"name":"Instalar","content":"50,000 - 100,000"},{"name":"Sensible","content":"S\u00ed"},{"name":"Navegadores compatibles","content":"Firefox, Safari, Opera, Chrome, Edge"}],"tags":[],"tags_disable_links":"","hide_more_platforms":"","video_object":"","demo_hide_cta":"","demo_hide_cloud_options":"","pricing_title":"","pricing":[{"pricing_icon":"platform","pricing_title":"Elfsight Apps","pricing_title_caption":"Software multiplataforma que se adapta a cualquier sitio","pricing_price":"desde $0 \/ mes","pricing_price_caption":"comienza con un plan gratuito","pricing_benefits":[{"text":"Sitios web ilimitados"},{"text":"Atenci\u00f3n al cliente dedicada y bien documentada."},{"text":"Soporte de instalaci\u00f3n gratuito"},{"text":"Dise\u00f1o flexible"}],"pricing_button_text":"A\u00f1adir al sitio web","pricing_button_url":"#demo"}],"related_apps_title":"","related_apps_hidden":"","author":"","image":[],"title":"","job":"","social_networks":[]},"_links":{"self":[{"href":"https:\/\/elfsight.com\/es\/wp-json\/wp\/v2\/pages\/17363","targetHints":{"allow":["GET"]}}],"collection":[{"href":"https:\/\/elfsight.com\/es\/wp-json\/wp\/v2\/pages"}],"about":[{"href":"https:\/\/elfsight.com\/es\/wp-json\/wp\/v2\/types\/page"}],"author":[{"embeddable":true,"href":"https:\/\/elfsight.com\/es\/wp-json\/wp\/v2\/users\/9"}],"replies":[{"embeddable":true,"href":"https:\/\/elfsight.com\/es\/wp-json\/wp\/v2\/comments?post=17363"}],"version-history":[{"count":1,"href":"https:\/\/elfsight.com\/es\/wp-json\/wp\/v2\/pages\/17363\/revisions"}],"predecessor-version":[{"id":17367,"href":"https:\/\/elfsight.com\/es\/wp-json\/wp\/v2\/pages\/17363\/revisions\/17367"}],"up":[{"embeddable":true,"href":"https:\/\/elfsight.com\/es\/wp-json\/wp\/v2\/pages\/16205"}],"wp:attachment":[{"href":"https:\/\/elfsight.com\/es\/wp-json\/wp\/v2\/media?parent=17363"}],"curies":[{"name":"wp","href":"https:\/\/api.w.org\/{rel}","templated":true}]}}