{"id":17362,"date":"2024-09-30T18:27:29","date_gmt":"2024-09-30T18:27:29","guid":{"rendered":"https:\/\/elfsight.com\/es\/?page_id=17362"},"modified":"2025-02-06T14:54:13","modified_gmt":"2025-02-06T14:54:13","slug":"jquery","status":"publish","type":"page","link":"https:\/\/elfsight.com\/es\/calculator-form-widget\/jquery\/","title":{"rendered":"calculator  jquery"},"content":{"rendered":"<div class=\"application-platform-content-item-description application-platform-content-item\" id=\"description\" data-nav-section=\"description\"> <h2>Integre la Calculadora en jQuery con un complemento de Elfsight<\/h2> <p>El widget Calculadora brinda a los usuarios de su sitio web la oportunidad de planificar sus gastos , rutas de viaje, proporciones de cocina y mucho m\u00e1s dependiendo de su campo de negocio. Se pueden agregar varios campos y opciones adicionales a este widget integrado, para que los usuarios puedan inspeccionar sus beneficios sin moverse de la p\u00e1gina. La funci\u00f3n de l\u00f3gica condicional le ayuda a crear patrones universales para cada escenario y cada usuario.<\/p><p>Los elementos variables como casillas de verificaci\u00f3n, controles deslizantes y listas desplegables le permiten incluir cualquier patr\u00f3n de precios para determinadas ofertas. Por ejemplo, puede calcular pr\u00e9stamos a un porcentaje establecido durante un per\u00edodo de tiempo requerido. Puede ofrecer un alquiler de autom\u00f3vil con muchas comodidades adicionales para elegir. Adem\u00e1s, la calculadora puede planificar el viaje de sus sue\u00f1os cuando se calcula el transporte, el alojamiento y los principales eventos. <\/p><p><b>Impresione a los visitantes de su sitio web con una s\u00f3lida experiencia de c\u00e1lculo incorporando el potente widget de conteo. <\/b><\/p><\/div> <div class=\"application-platform-content-item-features application-platform-content-item\" id=\"features\" data-nav-section=\"features\"> <h2>Encuentre las siguientes caracter\u00edsticas esenciales del widget:<\/h2> <ul><li>Herramienta con una interfaz clara que realiza cualquier operaci\u00f3n<\/li><li>Muchas soluciones de campo de operaci\u00f3n para sus objetivos<\/li><li>L\u00f3gica condicional que cubre incluso c\u00e1lculos de varios pasos<\/li><li>Plantillas manejables para un comienzo sin problemas<\/li><li>Activado -Soluci\u00f3n de p\u00e1gina que mejora la toma de decisiones<\/li><\/ul><p><a href=\"#demo\">Puedes ver lo que ofrece el widget probando la demostraci\u00f3n<\/a><\/p><\/div> <div class=\"application-platform-content-item-installation application-platform-content-item\" id=\"installation\" data-nav-section=\"installation\"> <h2>\u00bfC\u00f3mo incorporar Calculadora a mi p\u00e1gina web jQuery?<\/h2> <p>Simplemente siga un par de pasos que se detallan a continuaci\u00f3n para comenzar a usar el widget.<\/p> <ol><li><b>Abra nuestro editor gratuito y comience a crear su complemento \u00fanico. <\/b><br> Determine el aspecto y las caracter\u00edsticas preferibles de la herramienta y aplique las modificaciones. <\/li> <li><b>Reciba el c\u00f3digo \u00fanico que se muestra en la ventana de Elfsight Apps. <\/b><br> Cuando finalice la configuraci\u00f3n de su complemento personal, copie el c\u00f3digo individual de la ventana que aparece y gu\u00e1rdelo para usarlo en el futuro. <\/li> <li><b>Comience a aplicar el complemento en su p\u00e1gina de inicio de jQuery. <\/b><br>Implementa el c\u00f3digo que has copiado recientemente en tu p\u00e1gina web y aplica las correcciones. <\/li> <li><b>\u00a1Ya terminaste! La configuraci\u00f3n se realiza con \u00e9xito. <\/b><br>Visite su p\u00e1gina para ver el trabajo del widget. <\/li><\/ol> <p>Si tienes alguna consulta o tienes alguna dificultad, no dudes en ponerte en contacto con nuestro equipo de atenci\u00f3n al cliente. Nuestra gente estar\u00e1 encantada de resolver todas las dificultades que puedas tener con la herramienta. <\/p><\/div> ","protected":false},"excerpt":{"rendered":"","protected":false},"author":9,"featured_media":0,"parent":16205,"menu_order":0,"comment_status":"closed","ping_status":"closed","template":"templates\/template-application-platform.php","meta":{"publish_to_discourse":"","publish_post_category":"","wpdc_auto_publish_overridden":"","wpdc_topic_tags":"","wpdc_pin_topic":"","wpdc_pin_until":"","discourse_post_id":"","discourse_permalink":"","wpdc_publishing_response":"","wpdc_publishing_error":"","footnotes":""},"class_list":["post-17362","page","type-page","status-publish","hentry"],"yoast_head":"<!-- This site is optimized with the Yoast SEO plugin v25.3.1 - https:\/\/yoast.com\/wordpress\/plugins\/seo\/ -->\n<title>Agregar calculadora a jQuery: incrustar el complemento de conteo claro en el sitio web<\/title>\n<meta name=\"description\" content=\"Domine incluso c\u00e1lculos complicados utilizando nuestra calculadora responsiva. Utilice una demostraci\u00f3n clara de Elfsight para generar el \u00fatil widget.\" \/>\n<meta name=\"robots\" content=\"index, follow, max-snippet:-1, max-image-preview:large, max-video-preview:-1\" \/>\n<link rel=\"canonical\" href=\"https:\/\/elfsight.com\/es\/calculator-form-widget\/jquery\/\" \/>\n<meta property=\"og:locale\" content=\"es_ES\" \/>\n<meta property=\"og:type\" content=\"article\" \/>\n<meta property=\"og:title\" content=\"Agregar calculadora a jQuery: incrustar el complemento de conteo claro en el sitio web\" \/>\n<meta property=\"og:description\" content=\"Domine incluso c\u00e1lculos complicados utilizando nuestra calculadora responsiva. Utilice una demostraci\u00f3n clara de Elfsight para generar el \u00fatil widget.\" \/>\n<meta property=\"og:url\" content=\"https:\/\/elfsight.com\/es\/calculator-form-widget\/jquery\/\" \/>\n<meta property=\"og:site_name\" content=\"Elfsight ES\" \/>\n<meta property=\"article:modified_time\" content=\"2025-02-06T14:54:13+00:00\" \/>\n<meta name=\"twitter:card\" content=\"summary_large_image\" \/>\n<meta name=\"twitter:label1\" content=\"Tiempo de lectura\" \/>\n\t<meta name=\"twitter:data1\" content=\"2 minutos\" \/>\n<!-- \/ Yoast SEO plugin. -->","yoast_head_json":{"title":"Agregar calculadora a jQuery: incrustar el complemento de conteo claro en el sitio web","description":"Domine incluso c\u00e1lculos complicados utilizando nuestra calculadora responsiva. Utilice una demostraci\u00f3n clara de Elfsight para generar el \u00fatil widget.","robots":{"index":"index","follow":"follow","max-snippet":"max-snippet:-1","max-image-preview":"max-image-preview:large","max-video-preview":"max-video-preview:-1"},"canonical":"https:\/\/elfsight.com\/es\/calculator-form-widget\/jquery\/","og_locale":"es_ES","og_type":"article","og_title":"Agregar calculadora a jQuery: incrustar el complemento de conteo claro en el sitio web","og_description":"Domine incluso c\u00e1lculos complicados utilizando nuestra calculadora responsiva. Utilice una demostraci\u00f3n clara de Elfsight para generar el \u00fatil widget.","og_url":"https:\/\/elfsight.com\/es\/calculator-form-widget\/jquery\/","og_site_name":"Elfsight ES","article_modified_time":"2025-02-06T14:54:13+00:00","twitter_card":"summary_large_image","twitter_misc":{"Tiempo de lectura":"2 minutos"},"schema":{"@context":"https:\/\/schema.org","@graph":[{"@type":"WebPage","@id":"https:\/\/elfsight.com\/es\/calculator-form-widget\/jquery\/","url":"https:\/\/elfsight.com\/es\/calculator-form-widget\/jquery\/","name":"Agregar calculadora a jQuery: incrustar el complemento de conteo claro en el sitio web","isPartOf":{"@id":"https:\/\/elfsight.com\/es\/#website"},"datePublished":"2024-09-30T18:27:29+00:00","dateModified":"2025-02-06T14:54:13+00:00","description":"Domine incluso c\u00e1lculos complicados utilizando nuestra calculadora responsiva. Utilice una demostraci\u00f3n clara de Elfsight para generar el \u00fatil widget.","breadcrumb":{"@id":"https:\/\/elfsight.com\/es\/calculator-form-widget\/jquery\/#breadcrumb"},"inLanguage":"es","potentialAction":[{"@type":"ReadAction","target":["https:\/\/elfsight.com\/es\/calculator-form-widget\/jquery\/"]}]},{"@type":"BreadcrumbList","@id":"https:\/\/elfsight.com\/es\/calculator-form-widget\/jquery\/#breadcrumb","itemListElement":[{"@type":"ListItem","position":1,"name":"Home","item":"https:\/\/elfsight.com\/es\/"},{"@type":"ListItem","position":2,"name":"Calculator","item":"https:\/\/elfsight.com\/es\/calculator-form-widget\/"},{"@type":"ListItem","position":3,"name":"calculator jquery"}]},{"@type":"WebSite","@id":"https:\/\/elfsight.com\/es\/#website","url":"https:\/\/elfsight.com\/es\/","name":"Elfsight ES","description":"Just another Elfsight Sites site","potentialAction":[{"@type":"SearchAction","target":{"@type":"EntryPoint","urlTemplate":"https:\/\/elfsight.com\/es\/?s={search_term_string}"},"query-input":{"@type":"PropertyValueSpecification","valueRequired":true,"valueName":"search_term_string"}}],"inLanguage":"es"}]}},"meta_box":{"industry":"","seo_heading":"","heading":"","description":"","cta_heading":"","cta_description":"","application":"16184","h1":"Complemento de calculadora jQuery","h1_caption":"Proporcione una calculadora personalizada para sus visitantes, ofreciendo soluciones r\u00e1pidas para cosas como precios, descuentos o c\u00e1lculos de retorno de la inversi\u00f3n en su sitio web jQuery sin esfuerzo.","application_category":[],"applications_title":"","applications_request_title":"","applications_request_button_text":"","hero_text":"","hero_video":"","hero_video_schema_markup":"","selling_points_title":"","selling_points_caption":"","selling_points":[],"selling_points_cta_text":"","features_title":"","features":"","ed_cta_examples_text":"","ed_cta_examples_hidden":"","ed_cta_demo_text":"","ed_cta_demo_hidden":"","why_caption":"","why_editor_title":"","why_editor_text":"","why_team_title":"","why_team_text":"","why_service_title":"","why_service_text":"","template_catalog_visible":"","template_catalog_title":"","template_catalog_text":"","template_catalog_categories_visible":"","demo_title":"Crea tu complemento de Calculadora","demo_caption":"\u00a1Configure su Calculadora y agr\u00e9guela a su sitio web jQuery gratis!","default_faq_hidden":"","app_template_category":[],"platform":"76","template_public_id":"","codecanyon_url":"","codecanyon_item_id":"","codecanyon_price":"","pricing_caption":"","pricing_elfsight_apps_hide_column":"","pricing_elfsight_apps_url":"","pricing_codecanyon_price_caption":"","integration_category":[],"integration_request_title":"","integration_request_cta":"","integration_platform":"","integrations":[],"platform_category":[],"video_schema_markup":"","price":"desde $0 \/ mes","trial":"","benefits":[{"text":"Servicio de instalaci\u00f3n gratuito"},{"text":"Soporte premium"},{"text":"Garant\u00eda de reembolso de 14 d\u00edas"},{"text":"Actualizaciones continuas"}],"button_url":"#demo","button_target_blank":"","button_nofollow":"","attributes":[{"name":"Instalar","content":"50,000 - 100,000"},{"name":"Sensible","content":"S\u00ed"},{"name":"Navegadores compatibles","content":"Firefox, Safari, Opera, Chrome, Edge"}],"tags":[],"tags_disable_links":"","hide_more_platforms":"","video_object":"","demo_hide_cta":"","demo_hide_cloud_options":"","pricing_title":"","pricing":[{"pricing_icon":"platform","pricing_title":"Elfsight Apps","pricing_title_caption":"Software multiplataforma que funciona en cualquier sitio web","pricing_price":"desde $0 \/ mes","pricing_price_caption":"comienza con un plan gratuito","pricing_benefits":[{"text":"Sitios web ilimitados"},{"text":"Atenci\u00f3n al cliente dedicada y bien documentada."},{"text":"Ayuda de instalaci\u00f3n gratuita"},{"text":"Dise\u00f1o flexible"}],"pricing_button_text":"A\u00f1adir al sitio web","pricing_button_url":"#demo"}],"related_apps_title":"","related_apps_hidden":"","author":"","image":[],"title":"","job":"","social_networks":[]},"_links":{"self":[{"href":"https:\/\/elfsight.com\/es\/wp-json\/wp\/v2\/pages\/17362","targetHints":{"allow":["GET"]}}],"collection":[{"href":"https:\/\/elfsight.com\/es\/wp-json\/wp\/v2\/pages"}],"about":[{"href":"https:\/\/elfsight.com\/es\/wp-json\/wp\/v2\/types\/page"}],"author":[{"embeddable":true,"href":"https:\/\/elfsight.com\/es\/wp-json\/wp\/v2\/users\/9"}],"replies":[{"embeddable":true,"href":"https:\/\/elfsight.com\/es\/wp-json\/wp\/v2\/comments?post=17362"}],"version-history":[{"count":1,"href":"https:\/\/elfsight.com\/es\/wp-json\/wp\/v2\/pages\/17362\/revisions"}],"predecessor-version":[{"id":17366,"href":"https:\/\/elfsight.com\/es\/wp-json\/wp\/v2\/pages\/17362\/revisions\/17366"}],"up":[{"embeddable":true,"href":"https:\/\/elfsight.com\/es\/wp-json\/wp\/v2\/pages\/16205"}],"wp:attachment":[{"href":"https:\/\/elfsight.com\/es\/wp-json\/wp\/v2\/media?parent=17362"}],"curies":[{"name":"wp","href":"https:\/\/api.w.org\/{rel}","templated":true}]}}