{"id":17357,"date":"2024-09-30T18:27:29","date_gmt":"2024-09-30T18:27:29","guid":{"rendered":"https:\/\/elfsight.com\/es\/?page_id=17357"},"modified":"2025-02-06T14:54:13","modified_gmt":"2025-02-06T14:54:13","slug":"webnode","status":"publish","type":"page","link":"https:\/\/elfsight.com\/es\/calculator-form-widget\/webnode\/","title":{"rendered":"calculator  webnode"},"content":{"rendered":"<div class=\"application-platform-content-item-description application-platform-content-item\" id=\"description\" data-nav-section=\"description\"> <h2>Integre la Calculadora en Webnode con un widget de Elfsight<\/h2> <p>El widget Calculadora permite a los visitantes de su sitio web tener la oportunidad de planificar sus costos , rutas de viaje, proporciones de cocina y mucho m\u00e1s dependiendo de tu campo de actividad. Puede integrar campos obligatorios y opciones adicionales en este widget en la p\u00e1gina, para que los usuarios puedan inspeccionar sus ventajas sin salir de la p\u00e1gina del sitio web. La l\u00f3gica condicional le ayuda a crear patrones universales para cualquier escenario y cada cliente.<\/p><p>Los elementos manejables como casillas de verificaci\u00f3n, controles deslizantes y listas desplegables le permiten incluir cualquier patr\u00f3n de creaci\u00f3n de precios para ciertos productos. Por ejemplo, puede calcular pr\u00e9stamos con un inter\u00e9s establecido por un per\u00edodo de tiempo razonable. Puedes promocionar un alquiler de coche con numerosos ajustes adicionales para elegir. Adem\u00e1s, la calculadora es capaz de planificar el viaje de sus sue\u00f1os siempre que se cuenten el traslado, el alojamiento y las mejores excursiones. <\/p><p><b>\u00a1Proporcione a sus visitantes una experiencia de c\u00e1lculo perfecta incorporando el potente widget de conteo! <\/b><\/p><\/div> <div class=\"application-platform-content-item-features application-platform-content-item\" id=\"features\" data-nav-section=\"features\"> <h2>Consulta la lista de las funciones m\u00e1s potentes:<\/h2> <ul><li>Herramienta con interfaz sencilla que permite cualquier operaciones<\/li><li>M\u00faltiples opciones de campos de conteo para sus escenarios<\/li><li>Funci\u00f3n de l\u00f3gica condicional que permite incluso c\u00e1lculos complicados<\/li><li>Plantillas personalizables para comenzar sin esfuerzo<\/li><li>Integradas soluci\u00f3n que mejora la toma de decisiones<\/li><\/ul><p><a href=\"#demo\">Simplemente pruebe esta demostraci\u00f3n para comprender la funcionalidad del widget<\/a><\/p><\/div> <div class=\"application-platform-content-item-installation application-platform-content-item\" id=\"installation\" data-nav-section=\"installation\"> <h2>\u00bfC\u00f3mo puedo incorporar Calculator a mi sitio Webnode?<\/h2> <p>Simplemente sigue las siguientes pautas para activar el widget.<\/p> <ol><li><b>Emplear nuestro editor gratuito y comience a crear su complemento \u00fanico. <\/b><br> Elija la forma personalizada y las caracter\u00edsticas del widget y guarde las ediciones. <\/li> <li><b>Obtenga el c\u00f3digo \u00fanico que aparece en el formulario especial de Elfsight Apps. <\/b><br> Una vez realizado el establecimiento de su widget, copie el c\u00f3digo exclusivo de la ventana que aparece y gu\u00e1rdelo para ocasiones posteriores. <\/li> <li><b>Comienza a utilizar el widget en el sitio web de Webnode. <\/b><br> Inserta el c\u00f3digo que has copiado recientemente en tu p\u00e1gina web y guarda las correcciones. <\/li> <li><b>La instalaci\u00f3n finaliz\u00f3 exitosamente. <\/b><br> Vaya a su sitio web para ver c\u00f3mo funciona el complemento. <\/li><\/ol> <p>En caso de tener dudas o encontrarse con algunas dificultades, no dude en ponerse en contacto con nuestro equipo de atenci\u00f3n al cliente. Nuestros consultores estar\u00e1n encantados de resolver todas las dificultades que pueda tener con la herramienta. <\/p><\/div> ","protected":false},"excerpt":{"rendered":"","protected":false},"author":9,"featured_media":0,"parent":16205,"menu_order":0,"comment_status":"closed","ping_status":"closed","template":"templates\/template-application-platform.php","meta":{"publish_to_discourse":"","publish_post_category":"","wpdc_auto_publish_overridden":"","wpdc_topic_tags":"","wpdc_pin_topic":"","wpdc_pin_until":"","discourse_post_id":"","discourse_permalink":"","wpdc_publishing_response":"","wpdc_publishing_error":"","footnotes":""},"class_list":["post-17357","page","type-page","status-publish","hentry"],"yoast_head":"<!-- This site is optimized with the Yoast SEO plugin v25.3.1 - https:\/\/yoast.com\/wordpress\/plugins\/seo\/ -->\n<title>Agregar calculadora a Webnode: simplifique los c\u00e1lculos en p\u00e1ginas web<\/title>\n<meta name=\"description\" content=\"Simplifique incluso los conteos complejos utilizando nuestra Calculadora responsiva. Benef\u00edciese de una pr\u00e1ctica demostraci\u00f3n de Elfsight para crear el potente widget.\" \/>\n<meta name=\"robots\" content=\"index, follow, max-snippet:-1, max-image-preview:large, max-video-preview:-1\" \/>\n<link rel=\"canonical\" href=\"https:\/\/elfsight.com\/es\/calculator-form-widget\/webnode\/\" \/>\n<meta property=\"og:locale\" content=\"es_ES\" \/>\n<meta property=\"og:type\" content=\"article\" \/>\n<meta property=\"og:title\" content=\"Agregar calculadora a Webnode: simplifique los c\u00e1lculos en p\u00e1ginas web\" \/>\n<meta property=\"og:description\" content=\"Simplifique incluso los conteos complejos utilizando nuestra Calculadora responsiva. Benef\u00edciese de una pr\u00e1ctica demostraci\u00f3n de Elfsight para crear el potente widget.\" \/>\n<meta property=\"og:url\" content=\"https:\/\/elfsight.com\/es\/calculator-form-widget\/webnode\/\" \/>\n<meta property=\"og:site_name\" content=\"Elfsight ES\" \/>\n<meta property=\"article:modified_time\" content=\"2025-02-06T14:54:13+00:00\" \/>\n<meta name=\"twitter:card\" content=\"summary_large_image\" \/>\n<meta name=\"twitter:label1\" content=\"Tiempo de lectura\" \/>\n\t<meta name=\"twitter:data1\" content=\"2 minutos\" \/>\n<!-- \/ Yoast SEO plugin. -->","yoast_head_json":{"title":"Agregar calculadora a Webnode: simplifique los c\u00e1lculos en p\u00e1ginas web","description":"Simplifique incluso los conteos complejos utilizando nuestra Calculadora responsiva. Benef\u00edciese de una pr\u00e1ctica demostraci\u00f3n de Elfsight para crear el potente widget.","robots":{"index":"index","follow":"follow","max-snippet":"max-snippet:-1","max-image-preview":"max-image-preview:large","max-video-preview":"max-video-preview:-1"},"canonical":"https:\/\/elfsight.com\/es\/calculator-form-widget\/webnode\/","og_locale":"es_ES","og_type":"article","og_title":"Agregar calculadora a Webnode: simplifique los c\u00e1lculos en p\u00e1ginas web","og_description":"Simplifique incluso los conteos complejos utilizando nuestra Calculadora responsiva. Benef\u00edciese de una pr\u00e1ctica demostraci\u00f3n de Elfsight para crear el potente widget.","og_url":"https:\/\/elfsight.com\/es\/calculator-form-widget\/webnode\/","og_site_name":"Elfsight ES","article_modified_time":"2025-02-06T14:54:13+00:00","twitter_card":"summary_large_image","twitter_misc":{"Tiempo de lectura":"2 minutos"},"schema":{"@context":"https:\/\/schema.org","@graph":[{"@type":"WebPage","@id":"https:\/\/elfsight.com\/es\/calculator-form-widget\/webnode\/","url":"https:\/\/elfsight.com\/es\/calculator-form-widget\/webnode\/","name":"Agregar calculadora a Webnode: simplifique los c\u00e1lculos en p\u00e1ginas web","isPartOf":{"@id":"https:\/\/elfsight.com\/es\/#website"},"datePublished":"2024-09-30T18:27:29+00:00","dateModified":"2025-02-06T14:54:13+00:00","description":"Simplifique incluso los conteos complejos utilizando nuestra Calculadora responsiva. Benef\u00edciese de una pr\u00e1ctica demostraci\u00f3n de Elfsight para crear el potente widget.","breadcrumb":{"@id":"https:\/\/elfsight.com\/es\/calculator-form-widget\/webnode\/#breadcrumb"},"inLanguage":"es","potentialAction":[{"@type":"ReadAction","target":["https:\/\/elfsight.com\/es\/calculator-form-widget\/webnode\/"]}]},{"@type":"BreadcrumbList","@id":"https:\/\/elfsight.com\/es\/calculator-form-widget\/webnode\/#breadcrumb","itemListElement":[{"@type":"ListItem","position":1,"name":"Home","item":"https:\/\/elfsight.com\/es\/"},{"@type":"ListItem","position":2,"name":"Calculator","item":"https:\/\/elfsight.com\/es\/calculator-form-widget\/"},{"@type":"ListItem","position":3,"name":"calculator webnode"}]},{"@type":"WebSite","@id":"https:\/\/elfsight.com\/es\/#website","url":"https:\/\/elfsight.com\/es\/","name":"Elfsight ES","description":"Just another Elfsight Sites site","potentialAction":[{"@type":"SearchAction","target":{"@type":"EntryPoint","urlTemplate":"https:\/\/elfsight.com\/es\/?s={search_term_string}"},"query-input":{"@type":"PropertyValueSpecification","valueRequired":true,"valueName":"search_term_string"}}],"inLanguage":"es"}]}},"meta_box":{"industry":"","seo_heading":"","heading":"","description":"","cta_heading":"","cta_description":"","application":"16184","h1":"Widget de calculadora de Webnode","h1_caption":"Proporcione una calculadora personalizada para sus visitantes, ofreciendo soluciones r\u00e1pidas para cosas como precios, descuentos o c\u00e1lculos de retorno de la inversi\u00f3n en su sitio web Webnode sin esfuerzo.","application_category":[],"applications_title":"","applications_request_title":"","applications_request_button_text":"","hero_text":"","hero_video":"","hero_video_schema_markup":"","selling_points_title":"","selling_points_caption":"","selling_points":[],"selling_points_cta_text":"","features_title":"","features":"","ed_cta_examples_text":"","ed_cta_examples_hidden":"","ed_cta_demo_text":"","ed_cta_demo_hidden":"","why_caption":"","why_editor_title":"","why_editor_text":"","why_team_title":"","why_team_text":"","why_service_title":"","why_service_text":"","template_catalog_visible":"","template_catalog_title":"","template_catalog_text":"","template_catalog_categories_visible":"","demo_title":"Crea tu widget de Calculadora","demo_caption":"\u00a1Configura tu Calculadora y a\u00f1\u00e1dela a tu sitio web Webnode gratis!","default_faq_hidden":"","app_template_category":[],"platform":"2302","template_public_id":"","codecanyon_url":"","codecanyon_item_id":"","codecanyon_price":"","pricing_caption":"","pricing_elfsight_apps_hide_column":"","pricing_elfsight_apps_url":"","pricing_codecanyon_price_caption":"","integration_category":[],"integration_request_title":"","integration_request_cta":"","integration_platform":"","integrations":[],"platform_category":[],"video_schema_markup":"","price":"desde $0 \/ mes","trial":"","benefits":[{"text":"Servicio de instalaci\u00f3n gratuito"},{"text":"Atenci\u00f3n al cliente experimentada"},{"text":"Garant\u00eda de devoluci\u00f3n de dinero de 14 d\u00edas"},{"text":"Futuras actualizaciones gratuitas"}],"button_url":"#demo","button_target_blank":"","button_nofollow":"","attributes":[{"name":"Instalar","content":"50,000 - 100,000"},{"name":"Sensible","content":"S\u00ed"},{"name":"Navegadores compatibles","content":"Firefox, Safari, Opera, Chrome, Edge"}],"tags":[],"tags_disable_links":"","hide_more_platforms":"","video_object":"","demo_hide_cta":"","demo_hide_cloud_options":"","pricing_title":"","pricing":[{"pricing_icon":"platform","pricing_title":"Elfsight Apps","pricing_title_caption":"Versi\u00f3n multiplataforma","pricing_price":"desde $0 \/ mes","pricing_price_caption":"comienza con un plan gratuito","pricing_benefits":[{"text":"Dominios ilimitados"},{"text":"Atenci\u00f3n al cliente premium"},{"text":"Ayuda de instalaci\u00f3n gratuita"},{"text":"Totalmente personalizable"}],"pricing_button_text":"A\u00f1adir al sitio web","pricing_button_url":"#demo"}],"related_apps_title":"","related_apps_hidden":"","author":"","image":[],"title":"","job":"","social_networks":[]},"_links":{"self":[{"href":"https:\/\/elfsight.com\/es\/wp-json\/wp\/v2\/pages\/17357","targetHints":{"allow":["GET"]}}],"collection":[{"href":"https:\/\/elfsight.com\/es\/wp-json\/wp\/v2\/pages"}],"about":[{"href":"https:\/\/elfsight.com\/es\/wp-json\/wp\/v2\/types\/page"}],"author":[{"embeddable":true,"href":"https:\/\/elfsight.com\/es\/wp-json\/wp\/v2\/users\/9"}],"replies":[{"embeddable":true,"href":"https:\/\/elfsight.com\/es\/wp-json\/wp\/v2\/comments?post=17357"}],"version-history":[{"count":1,"href":"https:\/\/elfsight.com\/es\/wp-json\/wp\/v2\/pages\/17357\/revisions"}],"predecessor-version":[{"id":17361,"href":"https:\/\/elfsight.com\/es\/wp-json\/wp\/v2\/pages\/17357\/revisions\/17361"}],"up":[{"embeddable":true,"href":"https:\/\/elfsight.com\/es\/wp-json\/wp\/v2\/pages\/16205"}],"wp:attachment":[{"href":"https:\/\/elfsight.com\/es\/wp-json\/wp\/v2\/media?parent=17357"}],"curies":[{"name":"wp","href":"https:\/\/api.w.org\/{rel}","templated":true}]}}