{"id":17356,"date":"2024-09-30T18:27:29","date_gmt":"2024-09-30T18:27:29","guid":{"rendered":"https:\/\/elfsight.com\/es\/?page_id=17356"},"modified":"2025-02-06T14:54:21","modified_gmt":"2025-02-06T14:54:21","slug":"jimdo","status":"publish","type":"page","link":"https:\/\/elfsight.com\/es\/calculator-form-widget\/jimdo\/","title":{"rendered":"calculator  jimdo"},"content":{"rendered":"<div class=\"application-platform-content-item-description application-platform-content-item\" id=\"description\" data-nav-section=\"description\"> <h2>Integre la Calculadora en Jimdo con un widget de Elfsight<\/h2> <p>El widget Calculadora proporciona a sus clientes una forma de planificar sus gastos, rutas de viaje, proporciones de cocina y mucho m\u00e1s relacionado con su \u00e1rea de actividad. Se pueden integrar varios campos y opciones adicionales en este widget en la p\u00e1gina, para que los usuarios puedan analizar sus ventajas sin moverse de la p\u00e1gina. La l\u00f3gica condicional ayuda a crear soluciones universales para su escenario y para cada usuario.<\/p><p>Los elementos personalizables como casillas de verificaci\u00f3n, controles deslizantes y men\u00fas desplegables le permiten incluir cualquier patr\u00f3n de precios para ciertos productos. Por ejemplo, se pueden calcular pr\u00e9stamos con un porcentaje establecido para un per\u00edodo de tiempo conveniente. Puede promocionar un alquiler de autom\u00f3vil con muchos ajustes adicionales para elegir. Adem\u00e1s, la calculadora puede proyectar el viaje de sus sue\u00f1os siempre que se cuenten el traslado, el alojamiento y las actividades principales. <\/p><p><b>\u00a1Permita que sus clientes tengan una experiencia de c\u00e1lculo amigable integrando el sencillo widget de conteo! <\/b><\/p><\/div> <div class=\"application-platform-content-item-features application-platform-content-item\" id=\"features\" data-nav-section=\"features\"> <h2>El widget ofrece funciones potentes y sencillas, vea algunas de ellas:<\/h2> <ul><li>Soluci\u00f3n con usuario- interfaz amigable que se adapta a cualquier operaci\u00f3n<\/li><li>Muchas soluciones de campo de operaci\u00f3n para sus objetivos<\/li><li>L\u00f3gica condicional que cubre incluso c\u00e1lculos complicados<\/li><li>Personalizable plantillas para comenzar f\u00e1cilmente<\/li><li>Herramienta integrada para impulsar la toma de decisiones<\/li><\/ul><p><a href=\"#demo\">Pruebe todas las configuraciones en una demostraci\u00f3n 100% funcional<\/a> <\/p><\/div> <div class=\"application-platform-content-item-installation application-platform-content-item\" id=\"installation\" data-nav-section=\"installation\"> <h2>\u00bfC\u00f3mo insertar Calculadora en mis p\u00e1ginas Jimdo?<\/h2> <p>Simplemente sigue los pasos descritos a continuaci\u00f3n para insertar el widget.<\/p> <ol><li><b>Administre nuestra demostraci\u00f3n gratuita y comience a construir su instrumento personalizado. <\/b><br> Determine la forma personalizada y las caracter\u00edsticas de la herramienta y aplique las ediciones. <\/li> <li><b>Copia el c\u00f3digo individual revelado en el formulario especial en Elfsight Apps. <\/b><br> Inmediatamente despu\u00e9s de completar la configuraci\u00f3n de su widget personal, copie el c\u00f3digo personal en la ventana que aparece y gu\u00e1rdelo para futuras necesidades. <\/li> <li><b>Comience a aplicar el complemento en la p\u00e1gina de inicio de Jimdo. <\/b><br>Coloca el c\u00f3digo copiado recientemente en tu p\u00e1gina web y aplica los ajustes. <\/li> <li><b>La configuraci\u00f3n se realiz\u00f3 exitosamente. <\/b><br>Vaya a su p\u00e1gina web para comprobar c\u00f3mo funciona el complemento. <\/li><\/ol> <p>Si enfrenta algunos obst\u00e1culos, comun\u00edquese con nuestro personal de servicio al cliente. Nuestra gente estar\u00e1 encantada de ayudarle con todos los problemas que pueda tener con la herramienta. <\/p><\/div>","protected":false},"excerpt":{"rendered":"","protected":false},"author":9,"featured_media":0,"parent":16205,"menu_order":0,"comment_status":"closed","ping_status":"closed","template":"templates\/template-application-platform.php","meta":{"publish_to_discourse":"","publish_post_category":"","wpdc_auto_publish_overridden":"","wpdc_topic_tags":"","wpdc_pin_topic":"","wpdc_pin_until":"","discourse_post_id":"","discourse_permalink":"","wpdc_publishing_response":"","wpdc_publishing_error":"","footnotes":""},"class_list":["post-17356","page","type-page","status-publish","hentry"],"yoast_head":"<!-- This site is optimized with the Yoast SEO plugin v25.3.1 - https:\/\/yoast.com\/wordpress\/plugins\/seo\/ -->\n<title>Integrar calculadora en Jimdo: facilita los c\u00e1lculos en el sitio web<\/title>\n<meta name=\"description\" content=\"Domine incluso c\u00e1lculos detallados utilizando nuestra calculadora orientada al usuario. Utilice una pr\u00e1ctica demostraci\u00f3n de Elfsight para crear un widget vers\u00e1til.\" \/>\n<meta name=\"robots\" content=\"index, follow, max-snippet:-1, max-image-preview:large, max-video-preview:-1\" \/>\n<link rel=\"canonical\" href=\"https:\/\/elfsight.com\/es\/calculator-form-widget\/jimdo\/\" \/>\n<meta property=\"og:locale\" content=\"es_ES\" \/>\n<meta property=\"og:type\" content=\"article\" \/>\n<meta property=\"og:title\" content=\"Integrar calculadora en Jimdo: facilita los c\u00e1lculos en el sitio web\" \/>\n<meta property=\"og:description\" content=\"Domine incluso c\u00e1lculos detallados utilizando nuestra calculadora orientada al usuario. Utilice una pr\u00e1ctica demostraci\u00f3n de Elfsight para crear un widget vers\u00e1til.\" \/>\n<meta property=\"og:url\" content=\"https:\/\/elfsight.com\/es\/calculator-form-widget\/jimdo\/\" \/>\n<meta property=\"og:site_name\" content=\"Elfsight ES\" \/>\n<meta property=\"article:modified_time\" content=\"2025-02-06T14:54:21+00:00\" \/>\n<meta name=\"twitter:card\" content=\"summary_large_image\" \/>\n<meta name=\"twitter:label1\" content=\"Tiempo de lectura\" \/>\n\t<meta name=\"twitter:data1\" content=\"2 minutos\" \/>\n<!-- \/ Yoast SEO plugin. -->","yoast_head_json":{"title":"Integrar calculadora en Jimdo: facilita los c\u00e1lculos en el sitio web","description":"Domine incluso c\u00e1lculos detallados utilizando nuestra calculadora orientada al usuario. Utilice una pr\u00e1ctica demostraci\u00f3n de Elfsight para crear un widget vers\u00e1til.","robots":{"index":"index","follow":"follow","max-snippet":"max-snippet:-1","max-image-preview":"max-image-preview:large","max-video-preview":"max-video-preview:-1"},"canonical":"https:\/\/elfsight.com\/es\/calculator-form-widget\/jimdo\/","og_locale":"es_ES","og_type":"article","og_title":"Integrar calculadora en Jimdo: facilita los c\u00e1lculos en el sitio web","og_description":"Domine incluso c\u00e1lculos detallados utilizando nuestra calculadora orientada al usuario. Utilice una pr\u00e1ctica demostraci\u00f3n de Elfsight para crear un widget vers\u00e1til.","og_url":"https:\/\/elfsight.com\/es\/calculator-form-widget\/jimdo\/","og_site_name":"Elfsight ES","article_modified_time":"2025-02-06T14:54:21+00:00","twitter_card":"summary_large_image","twitter_misc":{"Tiempo de lectura":"2 minutos"},"schema":{"@context":"https:\/\/schema.org","@graph":[{"@type":"WebPage","@id":"https:\/\/elfsight.com\/es\/calculator-form-widget\/jimdo\/","url":"https:\/\/elfsight.com\/es\/calculator-form-widget\/jimdo\/","name":"Integrar calculadora en Jimdo: facilita los c\u00e1lculos en el sitio web","isPartOf":{"@id":"https:\/\/elfsight.com\/es\/#website"},"datePublished":"2024-09-30T18:27:29+00:00","dateModified":"2025-02-06T14:54:21+00:00","description":"Domine incluso c\u00e1lculos detallados utilizando nuestra calculadora orientada al usuario. Utilice una pr\u00e1ctica demostraci\u00f3n de Elfsight para crear un widget vers\u00e1til.","breadcrumb":{"@id":"https:\/\/elfsight.com\/es\/calculator-form-widget\/jimdo\/#breadcrumb"},"inLanguage":"es","potentialAction":[{"@type":"ReadAction","target":["https:\/\/elfsight.com\/es\/calculator-form-widget\/jimdo\/"]}]},{"@type":"BreadcrumbList","@id":"https:\/\/elfsight.com\/es\/calculator-form-widget\/jimdo\/#breadcrumb","itemListElement":[{"@type":"ListItem","position":1,"name":"Home","item":"https:\/\/elfsight.com\/es\/"},{"@type":"ListItem","position":2,"name":"Calculator","item":"https:\/\/elfsight.com\/es\/calculator-form-widget\/"},{"@type":"ListItem","position":3,"name":"calculator jimdo"}]},{"@type":"WebSite","@id":"https:\/\/elfsight.com\/es\/#website","url":"https:\/\/elfsight.com\/es\/","name":"Elfsight ES","description":"Just another Elfsight Sites site","potentialAction":[{"@type":"SearchAction","target":{"@type":"EntryPoint","urlTemplate":"https:\/\/elfsight.com\/es\/?s={search_term_string}"},"query-input":{"@type":"PropertyValueSpecification","valueRequired":true,"valueName":"search_term_string"}}],"inLanguage":"es"}]}},"meta_box":{"industry":"","seo_heading":"","heading":"","description":"","cta_heading":"","cta_description":"","application":"16184","h1":"Widget de calculadora Jimdo","h1_caption":"Proporciona una calculadora personalizada para tus visitantes, ofreciendo soluciones r\u00e1pidas para cosas como precios, descuentos o c\u00e1lculos de retorno de la inversi\u00f3n en tu sitio web Jimdo sin esfuerzo.","application_category":[],"applications_title":"","applications_request_title":"","applications_request_button_text":"","hero_text":"","hero_video":"","hero_video_schema_markup":"","selling_points_title":"","selling_points_caption":"","selling_points":[],"selling_points_cta_text":"","features_title":"","features":"","ed_cta_examples_text":"","ed_cta_examples_hidden":"","ed_cta_demo_text":"","ed_cta_demo_hidden":"","why_caption":"","why_editor_title":"","why_editor_text":"","why_team_title":"","why_team_text":"","why_service_title":"","why_service_text":"","template_catalog_visible":"","template_catalog_title":"","template_catalog_text":"","template_catalog_categories_visible":"","demo_title":"Crea tu widget de Calculadora","demo_caption":"\u00a1Configura tu Calculadora y a\u00f1\u00e1dela a tu sitio web Jimdo gratis!","default_faq_hidden":"","app_template_category":[],"platform":"2198","template_public_id":"","codecanyon_url":"","codecanyon_item_id":"","codecanyon_price":"","pricing_caption":"","pricing_elfsight_apps_hide_column":"","pricing_elfsight_apps_url":"","pricing_codecanyon_price_caption":"","integration_category":[],"integration_request_title":"","integration_request_cta":"","integration_platform":"","integrations":[],"platform_category":[],"video_schema_markup":"","price":"desde $0 \/ mes","trial":"","benefits":[{"text":"Ayuda de instalaci\u00f3n gratuita"},{"text":"Soporte premium"},{"text":"Garant\u00eda de reembolso de 14 d\u00edas"},{"text":"Desarrollo continuo"}],"button_url":"#demo","button_target_blank":"","button_nofollow":"","attributes":[{"name":"Instalar","content":"50,000 - 100,000"},{"name":"Sensible","content":"S\u00ed"},{"name":"Navegadores compatibles","content":"Firefox, Safari, Opera, Chrome, Edge"}],"tags":[],"tags_disable_links":"","hide_more_platforms":"","video_object":"","demo_hide_cta":"","demo_hide_cloud_options":"","pricing_title":"","pricing":[{"pricing_icon":"platform","pricing_title":"Elfsight Apps","pricing_title_caption":"Versi\u00f3n independiente de la plataforma","pricing_price":"desde $0 \/ mes","pricing_price_caption":"comienza con un plan gratuito","pricing_benefits":[{"text":"Dominios ilimitados"},{"text":"Soporte dedicado y bien documentado."},{"text":"Servicio de instalaci\u00f3n gratuito"},{"text":"100% personalizable"}],"pricing_button_text":"A\u00f1adir al sitio web","pricing_button_url":"#demo"}],"related_apps_title":"","related_apps_hidden":"","author":"","image":[],"title":"","job":"","social_networks":[]},"_links":{"self":[{"href":"https:\/\/elfsight.com\/es\/wp-json\/wp\/v2\/pages\/17356","targetHints":{"allow":["GET"]}}],"collection":[{"href":"https:\/\/elfsight.com\/es\/wp-json\/wp\/v2\/pages"}],"about":[{"href":"https:\/\/elfsight.com\/es\/wp-json\/wp\/v2\/types\/page"}],"author":[{"embeddable":true,"href":"https:\/\/elfsight.com\/es\/wp-json\/wp\/v2\/users\/9"}],"replies":[{"embeddable":true,"href":"https:\/\/elfsight.com\/es\/wp-json\/wp\/v2\/comments?post=17356"}],"version-history":[{"count":1,"href":"https:\/\/elfsight.com\/es\/wp-json\/wp\/v2\/pages\/17356\/revisions"}],"predecessor-version":[{"id":17360,"href":"https:\/\/elfsight.com\/es\/wp-json\/wp\/v2\/pages\/17356\/revisions\/17360"}],"up":[{"embeddable":true,"href":"https:\/\/elfsight.com\/es\/wp-json\/wp\/v2\/pages\/16205"}],"wp:attachment":[{"href":"https:\/\/elfsight.com\/es\/wp-json\/wp\/v2\/media?parent=17356"}],"curies":[{"name":"wp","href":"https:\/\/api.w.org\/{rel}","templated":true}]}}