{"id":17355,"date":"2024-09-30T18:27:29","date_gmt":"2024-09-30T18:27:29","guid":{"rendered":"https:\/\/elfsight.com\/es\/?page_id=17355"},"modified":"2025-02-06T14:54:21","modified_gmt":"2025-02-06T14:54:21","slug":"prestashop","status":"publish","type":"page","link":"https:\/\/elfsight.com\/es\/calculator-form-widget\/prestashop\/","title":{"rendered":"calculator  prestashop"},"content":{"rendered":"<div class=\"application-platform-content-item-description application-platform-content-item\" id=\"description\" data-nav-section=\"description\"> <h2>Integre la Calculadora en PrestaShop con un complemento de Elfsight<\/h2> <p>El widget Calculadora permite a sus clientes beneficiarse de una forma de planificar sus costes , rutas de viaje, proporciones de cocina y mucho m\u00e1s relacionado con su \u00e1rea de negocio. Se pueden agregar campos obligatorios y opciones adicionales a este widget integrado, para que los usuarios puedan analizar los beneficios sin salir de la p\u00e1gina. La funci\u00f3n de l\u00f3gica condicional le permite crear patrones universales para cualquier escenario y cada cliente.<\/p><p>Los elementos ajustables como casillas de verificaci\u00f3n, controles deslizantes y listas desplegables le permiten incluir cualquier patr\u00f3n de precios para varias ofertas. Por ejemplo, intente calcular los pr\u00e9stamos a un porcentaje establecido durante un per\u00edodo de tiempo razonable. Puede promocionar un alquiler de autom\u00f3vil con muchas opciones adicionales para elegir. Asimismo, la calculadora es capaz de planificar el viaje de sus sue\u00f1os siempre que se cuenten el traslado, el hotel y las actividades necesarias. <\/p><p><b>\u00a1Permita que sus clientes tengan una experiencia de c\u00e1lculo perfecta integrando el potente widget de conteo! <\/b><\/p><\/div> <div class=\"application-platform-content-item-features application-platform-content-item\" id=\"features\" data-nav-section=\"features\"> <h2>El widget incluye funciones valiosas y sencillas, vea algunas de ellas:<\/h2> <ul><li>Herramienta con interfaz sencilla que funciona con cualquier c\u00e1lculo<\/li><li>Muchos tipos de campos de conteo para sus necesidades<\/li><li>Funci\u00f3n de l\u00f3gica condicional que cubre incluso varios pasos contando<\/li><li>Plantillas ajustables para un comienzo sin problemas<\/li><li>Herramienta integrada que aumenta la toma de decisiones<\/li><\/ul><p><a href=\"#demo\">Puedes consultar cu\u00e1nto vale el widget con la ayuda de la demostraci\u00f3n<\/a><\/p><\/div> <div class=\"application-platform-content-item-installation application-platform-content-item\" id=\"installation\" data-nav-section=\"installation\"> <h2>\u00bfC\u00f3mo integro Calculator en mi PrestaShop? p\u00e1ginas?<\/h2> <p>Simplemente siga estos pasos que se detallan a continuaci\u00f3n para comenzar a usar el widget.<\/p> <ol><li><b>Administre nuestro editor gratuito y comience a crear su complemento exclusivo. <\/b><br> Especifique el dise\u00f1o seleccionado y las especificaciones del complemento y guarde las ediciones. <\/li> <li><b>Reciba el c\u00f3digo \u00fanico que aparece en el cuadro de Elfsight Apps. <\/b><br> Inmediatamente despu\u00e9s de personalizar su complemento, copie el c\u00f3digo exclusivo en el cuadro que aparece y gu\u00e1rdelo para usarlo en el futuro. <\/li> <li><b>Comience a utilizar el complemento en su p\u00e1gina de inicio de PrestaShop. <\/b><br>Implemente el c\u00f3digo copiado recientemente en su sitio web y guarde los ajustes. <\/li> <li><b>La instalaci\u00f3n ha finalizado por completo. <\/b><br>Visite su sitio para observar el rendimiento del complemento. <\/li><\/ol> <p>A condici\u00f3n de atender consultas o enfrentar cualquier complicaci\u00f3n, no dude en buscar ayuda de nuestro equipo de soporte. Nuestra gente estar\u00e1 encantada de ayudarle con todas las preguntas que pueda tener sobre el widget. <\/p> <\/div> ","protected":false},"excerpt":{"rendered":"","protected":false},"author":9,"featured_media":0,"parent":16205,"menu_order":0,"comment_status":"closed","ping_status":"closed","template":"templates\/template-application-platform.php","meta":{"publish_to_discourse":"","publish_post_category":"","wpdc_auto_publish_overridden":"","wpdc_topic_tags":"","wpdc_pin_topic":"","wpdc_pin_until":"","discourse_post_id":"","discourse_permalink":"","wpdc_publishing_response":"","wpdc_publishing_error":"","footnotes":""},"class_list":["post-17355","page","type-page","status-publish","hentry"],"yoast_head":"<!-- This site is optimized with the Yoast SEO plugin v25.3.1 - https:\/\/yoast.com\/wordpress\/plugins\/seo\/ -->\n<title>Agregue calculadora a PrestaShop: utilice c\u00e1lculos integrados en el sitio<\/title>\n<meta name=\"description\" content=\"Simplifique incluso el conteo de varios pasos con nuestra Calculadora responsiva. Pruebe una pr\u00e1ctica demostraci\u00f3n de Elfsight para crear el potente widget.\" \/>\n<meta name=\"robots\" content=\"index, follow, max-snippet:-1, max-image-preview:large, max-video-preview:-1\" \/>\n<link rel=\"canonical\" href=\"https:\/\/elfsight.com\/es\/calculator-form-widget\/prestashop\/\" \/>\n<meta property=\"og:locale\" content=\"es_ES\" \/>\n<meta property=\"og:type\" content=\"article\" \/>\n<meta property=\"og:title\" content=\"Agregue calculadora a PrestaShop: utilice c\u00e1lculos integrados en el sitio\" \/>\n<meta property=\"og:description\" content=\"Simplifique incluso el conteo de varios pasos con nuestra Calculadora responsiva. Pruebe una pr\u00e1ctica demostraci\u00f3n de Elfsight para crear el potente widget.\" \/>\n<meta property=\"og:url\" content=\"https:\/\/elfsight.com\/es\/calculator-form-widget\/prestashop\/\" \/>\n<meta property=\"og:site_name\" content=\"Elfsight ES\" \/>\n<meta property=\"article:modified_time\" content=\"2025-02-06T14:54:21+00:00\" \/>\n<meta name=\"twitter:card\" content=\"summary_large_image\" \/>\n<meta name=\"twitter:label1\" content=\"Tiempo de lectura\" \/>\n\t<meta name=\"twitter:data1\" content=\"2 minutos\" \/>\n<!-- \/ Yoast SEO plugin. -->","yoast_head_json":{"title":"Agregue calculadora a PrestaShop: utilice c\u00e1lculos integrados en el sitio","description":"Simplifique incluso el conteo de varios pasos con nuestra Calculadora responsiva. Pruebe una pr\u00e1ctica demostraci\u00f3n de Elfsight para crear el potente widget.","robots":{"index":"index","follow":"follow","max-snippet":"max-snippet:-1","max-image-preview":"max-image-preview:large","max-video-preview":"max-video-preview:-1"},"canonical":"https:\/\/elfsight.com\/es\/calculator-form-widget\/prestashop\/","og_locale":"es_ES","og_type":"article","og_title":"Agregue calculadora a PrestaShop: utilice c\u00e1lculos integrados en el sitio","og_description":"Simplifique incluso el conteo de varios pasos con nuestra Calculadora responsiva. Pruebe una pr\u00e1ctica demostraci\u00f3n de Elfsight para crear el potente widget.","og_url":"https:\/\/elfsight.com\/es\/calculator-form-widget\/prestashop\/","og_site_name":"Elfsight ES","article_modified_time":"2025-02-06T14:54:21+00:00","twitter_card":"summary_large_image","twitter_misc":{"Tiempo de lectura":"2 minutos"},"schema":{"@context":"https:\/\/schema.org","@graph":[{"@type":"WebPage","@id":"https:\/\/elfsight.com\/es\/calculator-form-widget\/prestashop\/","url":"https:\/\/elfsight.com\/es\/calculator-form-widget\/prestashop\/","name":"Agregue calculadora a PrestaShop: utilice c\u00e1lculos integrados en el sitio","isPartOf":{"@id":"https:\/\/elfsight.com\/es\/#website"},"datePublished":"2024-09-30T18:27:29+00:00","dateModified":"2025-02-06T14:54:21+00:00","description":"Simplifique incluso el conteo de varios pasos con nuestra Calculadora responsiva. Pruebe una pr\u00e1ctica demostraci\u00f3n de Elfsight para crear el potente widget.","breadcrumb":{"@id":"https:\/\/elfsight.com\/es\/calculator-form-widget\/prestashop\/#breadcrumb"},"inLanguage":"es","potentialAction":[{"@type":"ReadAction","target":["https:\/\/elfsight.com\/es\/calculator-form-widget\/prestashop\/"]}]},{"@type":"BreadcrumbList","@id":"https:\/\/elfsight.com\/es\/calculator-form-widget\/prestashop\/#breadcrumb","itemListElement":[{"@type":"ListItem","position":1,"name":"Home","item":"https:\/\/elfsight.com\/es\/"},{"@type":"ListItem","position":2,"name":"Calculator","item":"https:\/\/elfsight.com\/es\/calculator-form-widget\/"},{"@type":"ListItem","position":3,"name":"calculator prestashop"}]},{"@type":"WebSite","@id":"https:\/\/elfsight.com\/es\/#website","url":"https:\/\/elfsight.com\/es\/","name":"Elfsight ES","description":"Just another Elfsight Sites site","potentialAction":[{"@type":"SearchAction","target":{"@type":"EntryPoint","urlTemplate":"https:\/\/elfsight.com\/es\/?s={search_term_string}"},"query-input":{"@type":"PropertyValueSpecification","valueRequired":true,"valueName":"search_term_string"}}],"inLanguage":"es"}]}},"meta_box":{"industry":"","seo_heading":"","heading":"","description":"","cta_heading":"","cta_description":"","application":"16184","h1":"Complemento Calculadora PrestaShop","h1_caption":"Proporcione una calculadora personalizada para sus visitantes, ofreciendo soluciones r\u00e1pidas para cosas como precios, descuentos o c\u00e1lculos de retorno de la inversi\u00f3n en su sitio web Prestashop sin esfuerzo.","application_category":[],"applications_title":"","applications_request_title":"","applications_request_button_text":"","hero_text":"","hero_video":"","hero_video_schema_markup":"","selling_points_title":"","selling_points_caption":"","selling_points":[],"selling_points_cta_text":"","features_title":"","features":"","ed_cta_examples_text":"","ed_cta_examples_hidden":"","ed_cta_demo_text":"","ed_cta_demo_hidden":"","why_caption":"","why_editor_title":"","why_editor_text":"","why_team_title":"","why_team_text":"","why_service_title":"","why_service_text":"","template_catalog_visible":"","template_catalog_title":"","template_catalog_text":"","template_catalog_categories_visible":"","demo_title":"Crea tu complemento de Calculadora","demo_caption":"\u00a1Configura tu Calculadora y agr\u00e9gala a tu sitio web PrestaShop gratis!","default_faq_hidden":"","app_template_category":[],"platform":"2250","template_public_id":"","codecanyon_url":"","codecanyon_item_id":"","codecanyon_price":"","pricing_caption":"","pricing_elfsight_apps_hide_column":"","pricing_elfsight_apps_url":"","pricing_codecanyon_price_caption":"","integration_category":[],"integration_request_title":"","integration_request_cta":"","integration_platform":"","integrations":[],"platform_category":[],"video_schema_markup":"","price":"desde $0 \/ mes","trial":"","benefits":[{"text":"Ayuda de instalaci\u00f3n gratuita"},{"text":"Atenci\u00f3n al cliente experimentada"},{"text":"Garant\u00eda de reembolso de 14 d\u00edas"},{"text":"Actualizaciones gratuitas continuas"}],"button_url":"#demo","button_target_blank":"","button_nofollow":"","attributes":[{"name":"Instalar","content":"50,000 - 100,000"},{"name":"Sensible","content":"S\u00ed"},{"name":"Navegadores compatibles","content":"Firefox, Safari, Opera, Chrome, Edge"}],"tags":[],"tags_disable_links":"","hide_more_platforms":"","video_object":"","demo_hide_cta":"","demo_hide_cloud_options":"","pricing_title":"","pricing":[{"pricing_icon":"platform","pricing_title":"Elfsight Apps","pricing_title_caption":"Soluci\u00f3n digital independiente de la plataforma que funciona en cualquier sitio","pricing_price":"desde $0 \/ mes","pricing_price_caption":"comienza con un plan gratuito","pricing_benefits":[{"text":"Dominios ilimitados"},{"text":"Soporte 24 horas al d\u00eda, 7 d\u00edas a la semana"},{"text":"Servicio de instalaci\u00f3n gratuito"},{"text":"Totalmente personalizable"}],"pricing_button_text":"A\u00f1adir al sitio web","pricing_button_url":"#demo"}],"related_apps_title":"","related_apps_hidden":"","author":"","image":[],"title":"","job":"","social_networks":[]},"_links":{"self":[{"href":"https:\/\/elfsight.com\/es\/wp-json\/wp\/v2\/pages\/17355","targetHints":{"allow":["GET"]}}],"collection":[{"href":"https:\/\/elfsight.com\/es\/wp-json\/wp\/v2\/pages"}],"about":[{"href":"https:\/\/elfsight.com\/es\/wp-json\/wp\/v2\/types\/page"}],"author":[{"embeddable":true,"href":"https:\/\/elfsight.com\/es\/wp-json\/wp\/v2\/users\/9"}],"replies":[{"embeddable":true,"href":"https:\/\/elfsight.com\/es\/wp-json\/wp\/v2\/comments?post=17355"}],"version-history":[{"count":1,"href":"https:\/\/elfsight.com\/es\/wp-json\/wp\/v2\/pages\/17355\/revisions"}],"predecessor-version":[{"id":17359,"href":"https:\/\/elfsight.com\/es\/wp-json\/wp\/v2\/pages\/17355\/revisions\/17359"}],"up":[{"embeddable":true,"href":"https:\/\/elfsight.com\/es\/wp-json\/wp\/v2\/pages\/16205"}],"wp:attachment":[{"href":"https:\/\/elfsight.com\/es\/wp-json\/wp\/v2\/media?parent=17355"}],"curies":[{"name":"wp","href":"https:\/\/api.w.org\/{rel}","templated":true}]}}