{"id":17348,"date":"2024-09-30T18:27:29","date_gmt":"2024-09-30T18:27:29","guid":{"rendered":"https:\/\/elfsight.com\/es\/?page_id=17348"},"modified":"2025-10-22T09:09:54","modified_gmt":"2025-10-22T09:09:54","slug":"shopify","status":"publish","type":"page","link":"https:\/\/elfsight.com\/es\/appointment-booking-widget\/shopify\/","title":{"rendered":"appointment booking  shopify"},"content":{"rendered":"<div class=\"application-platform-content-item-description application-platform-content-item\" id=\"description\" data-nav-section=\"description\"><h2>\u00a1Incorpore la reserva de citas en Shopify con la aplicaci\u00f3n Elfsight!<\/h2> <p>La aplicaci\u00f3n de reserva de citas est\u00e1 a su servicio para ayudar a los posibles clientes Asegure espacios directamente en su sitio web de Shopify, lo que reduce el trabajo manual (como administrar constantemente mensajes, llamadas y correos electr\u00f3nicos) de su parte. Sirve como un asistente virtual que trabaja las 24 horas del d\u00eda, los 7 d\u00edas de la semana, y tambi\u00e9n es capaz de enviar notificaciones autom\u00e1ticas y sincronizarse con aplicaciones de terceros, como Google Calendar.<\/p> <p>Este es el momento adecuado para dar m\u00e1s detalles sobre su servicio u ocasi\u00f3n. especifique la duraci\u00f3n, proporcione datos de contacto y aclare el precio para facilitar la toma de decisiones a los clientes. Adem\u00e1s, personalice la apariencia de la aplicaci\u00f3n modificando elementos y funciones personalizados sin necesidad de mejorar sus conocimientos de programaci\u00f3n ni contratar a un programador.<\/p> <p><b>Haga que su negocio prospere y est\u00e9 disponible para una base de clientes m\u00e1s amplia. \u00a1con reserva online de citas en tu sitio web!<\/b><\/p> <\/div> <div class=\"application-platform-content-item-features application-platform-content-item\" id=\"features\" data-nav-section=\"features\"> <h2>Aqu\u00ed est\u00e1 la lista de las funciones m\u00e1s potentes:<\/h2> <ul><li>Entregue una explicaci\u00f3n detallada de su servicio (nombre, detalles, imagen y duraci\u00f3n) y configure los precios en diversas monedas.<\/li><li>Env\u00ede alertas autom\u00e1ticas para validar los horarios reservados para los clientes y para usted mismo.<\/li><li>Conecte el widget con servicios de subcontrataci\u00f3n, como Google Calendar, para garantizar actualizaciones continuas.<\/li><li>Muestre la informaci\u00f3n de contacto de su empresa como validaci\u00f3n social y permita que los usuarios se comuniquen con usted en caso de sucesos inesperados.<\/li><li>Personalizaci\u00f3n sin c\u00f3digo con configuraciones de dise\u00f1o avanzadas: plantillas predise\u00f1adas, colores, dise\u00f1os, fuentes, editor CSS personalizado, editor JS personalizado y m\u00e1s.<\/li><\/ul><p><a href=\"#demo\">Puedes sentir lo que vale la pena probar con la demostraci\u00f3n<\/a><\/p> <\/div> <div class=\"application-platform-content-item-installation application-platform-content-item\" id=\"installation\" data-nav-section=\"installation\"> <h2>\u00bfC\u00f3mo incorporo la reserva de citas en mi \u00bfSitio web de Shopify?<\/h2> <div class=\"video-container\">\n<iframe width=\"720\" height=\"405\" src=\"https:\/\/www.youtube.com\/embed\/bM2pKj8_SCs?si=8qFVB6cDS4bpFsvN\" frameborder=\"0\" allowfullscreen=\"\"><\/iframe>\n<\/div><p>Para insertar la reserva de citas en tu sitio web de Shopify, sigue estos pasos:<\/p> <ol><li><b>Emplea nuestro editor gratuito y comienza a crear tu feed de LinkedIn personalizado. widget.<\/b><br> Elija el dise\u00f1o y los aspectos deseados de la herramienta y guarde las correcciones.<\/li> <li><b>Reciba el c\u00f3digo individual expuesto en la ventana de Elfsight Apps.<\/b><br> Tan pronto como finalice la configuraci\u00f3n de su complemento personal, copie el c\u00f3digo individual en la ventana emergente que aparece y gu\u00e1rdelo para futuras ocasiones.<\/li> <li><b>Inicie el uso de la herramienta en su sitio web Shopify. <\/b><br> Pega el c\u00f3digo que guardaste antes en tu sitio web y guarda las modificaciones.<\/li> <li><b>\u00a1Ya terminaste! La configuraci\u00f3n ha finalizado por completo.<\/b><br> Vaya a su sitio web para ver el trabajo del complemento.<\/li><\/ol> <p>Suponiendo que tenga algunos obst\u00e1culos, no tema comunicarse con nuestro personal de soporte. Nuestra gente estar\u00e1 encantada de resolver todos los problemas que pueda tener con el producto.<\/p> <\/div> ","protected":false},"excerpt":{"rendered":"","protected":false},"author":9,"featured_media":0,"parent":17030,"menu_order":0,"comment_status":"closed","ping_status":"closed","template":"templates\/template-application-platform.php","meta":{"publish_to_discourse":"","publish_post_category":"","wpdc_auto_publish_overridden":"","wpdc_topic_tags":"","wpdc_pin_topic":"","wpdc_pin_until":"","discourse_post_id":"","discourse_permalink":"","wpdc_publishing_response":"","wpdc_publishing_error":"","footnotes":""},"class_list":["post-17348","page","type-page","status-publish","hentry"],"yoast_head":"<!-- This site is optimized with the Yoast SEO plugin v25.3.1 - https:\/\/yoast.com\/wordpress\/plugins\/seo\/ -->\n<title>Aplicaci\u00f3n Shopify para reservar citas: agregar reservas a Shopify<\/title>\n<meta name=\"description\" content=\"Agrega la aplicaci\u00f3n de reservas Shopify para proporcionar espacios en tu calendario para reuniones y llamadas. Mejora la planificaci\u00f3n con el programador de Shopify.\" \/>\n<meta name=\"robots\" content=\"index, follow, max-snippet:-1, max-image-preview:large, max-video-preview:-1\" \/>\n<link rel=\"canonical\" href=\"https:\/\/elfsight.com\/es\/appointment-booking-widget\/shopify\/\" \/>\n<meta property=\"og:locale\" content=\"es_ES\" \/>\n<meta property=\"og:type\" content=\"article\" \/>\n<meta property=\"og:title\" content=\"Aplicaci\u00f3n Shopify para reservar citas: agregar reservas a Shopify\" \/>\n<meta property=\"og:description\" content=\"Agrega la aplicaci\u00f3n de reservas Shopify para proporcionar espacios en tu calendario para reuniones y llamadas. Mejora la planificaci\u00f3n con el programador de Shopify.\" \/>\n<meta property=\"og:url\" content=\"https:\/\/elfsight.com\/es\/appointment-booking-widget\/shopify\/\" \/>\n<meta property=\"og:site_name\" content=\"Elfsight ES\" \/>\n<meta property=\"article:modified_time\" content=\"2025-10-22T09:09:54+00:00\" \/>\n<meta name=\"twitter:card\" content=\"summary_large_image\" \/>\n<meta name=\"twitter:label1\" content=\"Tiempo de lectura\" \/>\n\t<meta name=\"twitter:data1\" content=\"3 minutos\" \/>\n<!-- \/ Yoast SEO plugin. -->","yoast_head_json":{"title":"Aplicaci\u00f3n Shopify para reservar citas: agregar reservas a Shopify","description":"Agrega la aplicaci\u00f3n de reservas Shopify para proporcionar espacios en tu calendario para reuniones y llamadas. Mejora la planificaci\u00f3n con el programador de Shopify.","robots":{"index":"index","follow":"follow","max-snippet":"max-snippet:-1","max-image-preview":"max-image-preview:large","max-video-preview":"max-video-preview:-1"},"canonical":"https:\/\/elfsight.com\/es\/appointment-booking-widget\/shopify\/","og_locale":"es_ES","og_type":"article","og_title":"Aplicaci\u00f3n Shopify para reservar citas: agregar reservas a Shopify","og_description":"Agrega la aplicaci\u00f3n de reservas Shopify para proporcionar espacios en tu calendario para reuniones y llamadas. Mejora la planificaci\u00f3n con el programador de Shopify.","og_url":"https:\/\/elfsight.com\/es\/appointment-booking-widget\/shopify\/","og_site_name":"Elfsight ES","article_modified_time":"2025-10-22T09:09:54+00:00","twitter_card":"summary_large_image","twitter_misc":{"Tiempo de lectura":"3 minutos"},"schema":{"@context":"https:\/\/schema.org","@graph":[{"@type":"WebPage","@id":"https:\/\/elfsight.com\/es\/appointment-booking-widget\/shopify\/","url":"https:\/\/elfsight.com\/es\/appointment-booking-widget\/shopify\/","name":"Aplicaci\u00f3n Shopify para reservar citas: agregar reservas a Shopify","isPartOf":{"@id":"https:\/\/elfsight.com\/es\/#website"},"datePublished":"2024-09-30T18:27:29+00:00","dateModified":"2025-10-22T09:09:54+00:00","description":"Agrega la aplicaci\u00f3n de reservas Shopify para proporcionar espacios en tu calendario para reuniones y llamadas. Mejora la planificaci\u00f3n con el programador de Shopify.","breadcrumb":{"@id":"https:\/\/elfsight.com\/es\/appointment-booking-widget\/shopify\/#breadcrumb"},"inLanguage":"es","potentialAction":[{"@type":"ReadAction","target":["https:\/\/elfsight.com\/es\/appointment-booking-widget\/shopify\/"]}]},{"@type":"BreadcrumbList","@id":"https:\/\/elfsight.com\/es\/appointment-booking-widget\/shopify\/#breadcrumb","itemListElement":[{"@type":"ListItem","position":1,"name":"Home","item":"https:\/\/elfsight.com\/es\/"},{"@type":"ListItem","position":2,"name":"Appointment Booking","item":"https:\/\/elfsight.com\/es\/appointment-booking-widget\/"},{"@type":"ListItem","position":3,"name":"appointment booking shopify"}]},{"@type":"WebSite","@id":"https:\/\/elfsight.com\/es\/#website","url":"https:\/\/elfsight.com\/es\/","name":"Elfsight ES","description":"Just another Elfsight Sites site","potentialAction":[{"@type":"SearchAction","target":{"@type":"EntryPoint","urlTemplate":"https:\/\/elfsight.com\/es\/?s={search_term_string}"},"query-input":{"@type":"PropertyValueSpecification","valueRequired":true,"valueName":"search_term_string"}}],"inLanguage":"es"}]}},"meta_box":{"industry":"","seo_heading":"","heading":"","description":"","cta_heading":"","cta_description":"","application":"17026","h1":"Aplicaci\u00f3n Shopify para reservar citas","h1_caption":"Permita a los usuarios programar citas f\u00e1cilmente directamente desde su sitio web Shopify, mejorando la comodidad y agilizando el proceso de reserva.","application_category":[],"applications_title":"","applications_request_title":"","applications_request_button_text":"","hero_text":"","hero_video":"","hero_video_schema_markup":"","selling_points_title":"","selling_points_caption":"","selling_points":[],"selling_points_cta_text":"","features_title":"","features":"","ed_cta_examples_text":"","ed_cta_examples_hidden":"","ed_cta_demo_text":"","ed_cta_demo_hidden":"","why_caption":"","why_editor_title":"","why_editor_text":"","why_team_title":"","why_team_text":"","why_service_title":"","why_service_text":"","template_catalog_visible":"0","template_catalog_title":"","template_catalog_text":"","template_catalog_categories_visible":"","demo_title":"Crea tu aplicaci\u00f3n de reserva de citas","demo_caption":"\u00a1Configura tu reserva de citas y agr\u00e9gala a tu sitio web de Shopify gratis!","default_faq_hidden":"","app_template_category":[],"platform":"91","template_public_id":"","codecanyon_url":"","codecanyon_item_id":"","codecanyon_price":"","pricing_caption":"","pricing_elfsight_apps_hide_column":"","pricing_elfsight_apps_url":"","pricing_codecanyon_price_caption":"","integration_category":[],"integration_request_title":"","integration_request_cta":"","integration_platform":"","integrations":[],"platform_category":[],"video_schema_markup":"","price":"desde $0 \/ mes","trial":"","benefits":[{"text":"Asistencia de instalaci\u00f3n gratuita"},{"text":"Servicio al cliente eficaz"},{"text":"Garant\u00eda de devoluci\u00f3n de dinero de 14 d\u00edas"},{"text":"Futuras mejoras gratuitas"}],"button_url":"#demo","button_target_blank":"0","button_nofollow":"0","attributes":[{"name":"Instalaciones","content":"1,000 - 5,000"},{"name":"Sensible","content":"S\u00ed"},{"name":"Navegadores compatibles","content":"Firefox, Safari, Opera, Chrome, Edge"}],"tags":[],"tags_disable_links":"0","hide_more_platforms":"0","video_object":"","demo_hide_cta":"0","demo_hide_cloud_options":"0","pricing_title":"","pricing":[{"pricing_icon":"platform","pricing_title":"Elfsight Apps","pricing_title_caption":"Software multiplataforma que funciona en cualquier sitio web","pricing_price":"Desde $0 \/ mes","pricing_price_caption":"Comience con un plan gratuito","pricing_benefits":[{"text":"Sitios web ilimitados"},{"text":"Soporte empresarial 24 horas al d\u00eda, 7 d\u00edas a la semana y bien documentado."},{"text":"Servicio de instalaci\u00f3n gratuito"},{"text":"Dise\u00f1o flexible"}],"pricing_button_text":"A\u00f1adir al sitio web","pricing_button_url":"#demo"}],"related_apps_title":"","related_apps_hidden":"0","author":"","image":[],"title":"","job":"","social_networks":[]},"_links":{"self":[{"href":"https:\/\/elfsight.com\/es\/wp-json\/wp\/v2\/pages\/17348","targetHints":{"allow":["GET"]}}],"collection":[{"href":"https:\/\/elfsight.com\/es\/wp-json\/wp\/v2\/pages"}],"about":[{"href":"https:\/\/elfsight.com\/es\/wp-json\/wp\/v2\/types\/page"}],"author":[{"embeddable":true,"href":"https:\/\/elfsight.com\/es\/wp-json\/wp\/v2\/users\/9"}],"replies":[{"embeddable":true,"href":"https:\/\/elfsight.com\/es\/wp-json\/wp\/v2\/comments?post=17348"}],"version-history":[{"count":2,"href":"https:\/\/elfsight.com\/es\/wp-json\/wp\/v2\/pages\/17348\/revisions"}],"predecessor-version":[{"id":19976,"href":"https:\/\/elfsight.com\/es\/wp-json\/wp\/v2\/pages\/17348\/revisions\/19976"}],"up":[{"embeddable":true,"href":"https:\/\/elfsight.com\/es\/wp-json\/wp\/v2\/pages\/17030"}],"wp:attachment":[{"href":"https:\/\/elfsight.com\/es\/wp-json\/wp\/v2\/media?parent=17348"}],"curies":[{"name":"wp","href":"https:\/\/api.w.org\/{rel}","templated":true}]}}