{"id":17341,"date":"2024-09-30T18:27:29","date_gmt":"2024-09-30T18:27:29","guid":{"rendered":"https:\/\/elfsight.com\/es\/?page_id=17341"},"modified":"2025-10-22T09:15:33","modified_gmt":"2025-10-22T09:15:33","slug":"squarespace","status":"publish","type":"page","link":"https:\/\/elfsight.com\/es\/appointment-booking-widget\/squarespace\/","title":{"rendered":"appointment booking  squarespace"},"content":{"rendered":"<div class=\"application-platform-content-item-description application-platform-content-item\" id=\"description\" data-nav-section=\"description\"><h2>\u00a1Incorpore la reserva de citas en Squarespace con el complemento Elfsight!<\/h2> <p>El complemento de reserva de citas est\u00e1 aqu\u00ed para ayudar a los clientes potenciales a reservar tiempo espacios directamente en su sitio web de Squarespace, minimizando sus tareas pr\u00e1cticas, como administrar constantemente mensajes, llamadas y correos electr\u00f3nicos. Es como tener una recepcionista virtual trabajando 24 horas al d\u00eda, 7 d\u00edas a la semana, que entrega notificaciones autom\u00e1ticas y se puede sincronizar con integraciones externas, como Google Calendar.<\/p> <p>Ahora es el momento de ofrecer m\u00e1s informaci\u00f3n sobre tu servicio o evento, define el marco de tiempo, proporcionar detalles de contacto y aclarar los precios para ayudar a los clientes a tomar decisiones informadas. Adem\u00e1s, personalice la est\u00e9tica visual del complemento modificando elementos y funciones personalizados sin necesidad de mejorar los conocimientos de programaci\u00f3n ni contratar a un desarrollador.<\/p> <p><b>Eleve la visibilidad de su negocio y sea accesible para todos los clientes potenciales. \u00a1mediante reservas en l\u00ednea para citas en su sitio web!<\/b><\/p> <\/div> <div class=\"application-platform-content-item-features application-platform-content-item\" id=\"features\" data-nav-section=\"features\"> <h2>Las caracter\u00edsticas fundamentales del widget oferta:<\/h2> <ul><li>Entregue una descripci\u00f3n general completa de su servicio (nombre, detalles, imagen y duraci\u00f3n) y establezca el precio en varias monedas.<\/li><li>Env\u00ede alertas autom\u00e1ticas para verificar la espacios programados para los clientes y para usted mismo.<\/li><li>Sincronice el widget con servicios externos, como Google Calendar, para mantener actualizaciones en tiempo real.<\/li><li>Comparta la informaci\u00f3n de contacto de su empresa como prueba social y permita a los usuarios comunicarse en caso de circunstancias inesperadas.<\/li><li>Opciones de personalizaci\u00f3n sencillas sin necesita escribir c\u00f3digo: plantillas predise\u00f1adas, colores, dise\u00f1os de dise\u00f1o, fuentes, editor CSS personalizado, editor JS personalizado, etc.<\/li><\/ul><p><a href=\"#demo\">Puedes descubrir todas las capacidades del widget en la demostraci\u00f3n ahora mismo<\/a><\/p> <\/div> <div class=\"application-platform-content-item-installation application-platform-content-item\" id=\"installation\" data-nav-section=\"installation\"> <h2>C\u00f3mo agregar la reserva de citas a mi Squarespace \u00bfSitio web?<\/h2><div class=\"video-container\">\n<iframe width=\"720\" height=\"405\" src=\"https:\/\/www.youtube.com\/embed\/FJ3_ye2-Afw?si=lIPfTPJLTCqK9sS0\" frameborder=\"0\" allowfullscreen=\"\"><\/iframe>\n<\/div> <p>Para integrar la reserva de citas en su sitio web de Squarespace, siga estos pasos:<\/p> <ol><li><b>Utilice nuestro configurador gratuito y comience a darle forma a su LinkedIn personalizado. Complemento de alimentaci\u00f3n.<\/b><br> Especifique el dise\u00f1o y las opciones adecuados del complemento y aplique las correcciones.<\/li> <li><b>Adquiera el c\u00f3digo individual que aparece en la ventana de Elfsight Apps.<\/b> <br> Tan pronto como la creaci\u00f3n de su complemento est\u00e9 Hecho, copie el c\u00f3digo individual en la ventana emergente que aparece y gu\u00e1rdelo para usarlo en el futuro.<\/li> <li><b>Comience a utilizar el complemento en su sitio web de Squarespace.<\/b><br> Agregue el c\u00f3digo copiado recientemente en su sitio web y guarde las mejoras.<\/li> <li><b>La instalaci\u00f3n se realiz\u00f3 correctamente.<\/b><br> Vaya a su sitio web para ver en acci\u00f3n c\u00f3mo funciona la herramienta.<\/li><\/ol> <p>A condici\u00f3n de tener consultas o repasar alg\u00fan problema, no dude en dirigirse nuestro equipo de atenci\u00f3n al cliente. Nuestra gente est\u00e1 ansiosa por ayudarlo con todas las preguntas que pueda tener sobre el complemento.<\/p> <\/div> ","protected":false},"excerpt":{"rendered":"","protected":false},"author":9,"featured_media":0,"parent":17030,"menu_order":0,"comment_status":"closed","ping_status":"closed","template":"templates\/template-application-platform.php","meta":{"publish_to_discourse":"","publish_post_category":"","wpdc_auto_publish_overridden":"","wpdc_topic_tags":"","wpdc_pin_topic":"","wpdc_pin_until":"","discourse_post_id":"","discourse_permalink":"","wpdc_publishing_response":"","wpdc_publishing_error":"","footnotes":""},"class_list":["post-17341","page","type-page","status-publish","hentry"],"yoast_head":"<!-- This site is optimized with the Yoast SEO plugin v25.3.1 - https:\/\/yoast.com\/wordpress\/plugins\/seo\/ -->\n<title>Widget de reserva de Squarespace: agregar reserva de citas en Squarespace<\/title>\n<meta name=\"description\" content=\"Agrega una integraci\u00f3n de reservas de Squarespace a tu sitio web para planificar reuniones y llamadas. Mejore la planificaci\u00f3n de eventos con el complemento de reservas de Squarespace.\" \/>\n<meta name=\"robots\" content=\"index, follow, max-snippet:-1, max-image-preview:large, max-video-preview:-1\" \/>\n<link rel=\"canonical\" href=\"https:\/\/elfsight.com\/es\/appointment-booking-widget\/squarespace\/\" \/>\n<meta property=\"og:locale\" content=\"es_ES\" \/>\n<meta property=\"og:type\" content=\"article\" \/>\n<meta property=\"og:title\" content=\"Widget de reserva de Squarespace: agregar reserva de citas en Squarespace\" \/>\n<meta property=\"og:description\" content=\"Agrega una integraci\u00f3n de reservas de Squarespace a tu sitio web para planificar reuniones y llamadas. Mejore la planificaci\u00f3n de eventos con el complemento de reservas de Squarespace.\" \/>\n<meta property=\"og:url\" content=\"https:\/\/elfsight.com\/es\/appointment-booking-widget\/squarespace\/\" \/>\n<meta property=\"og:site_name\" content=\"Elfsight ES\" \/>\n<meta property=\"article:modified_time\" content=\"2025-10-22T09:15:33+00:00\" \/>\n<meta name=\"twitter:card\" content=\"summary_large_image\" \/>\n<meta name=\"twitter:label1\" content=\"Tiempo de lectura\" \/>\n\t<meta name=\"twitter:data1\" content=\"3 minutos\" \/>\n<!-- \/ Yoast SEO plugin. -->","yoast_head_json":{"title":"Widget de reserva de Squarespace: agregar reserva de citas en Squarespace","description":"Agrega una integraci\u00f3n de reservas de Squarespace a tu sitio web para planificar reuniones y llamadas. Mejore la planificaci\u00f3n de eventos con el complemento de reservas de Squarespace.","robots":{"index":"index","follow":"follow","max-snippet":"max-snippet:-1","max-image-preview":"max-image-preview:large","max-video-preview":"max-video-preview:-1"},"canonical":"https:\/\/elfsight.com\/es\/appointment-booking-widget\/squarespace\/","og_locale":"es_ES","og_type":"article","og_title":"Widget de reserva de Squarespace: agregar reserva de citas en Squarespace","og_description":"Agrega una integraci\u00f3n de reservas de Squarespace a tu sitio web para planificar reuniones y llamadas. Mejore la planificaci\u00f3n de eventos con el complemento de reservas de Squarespace.","og_url":"https:\/\/elfsight.com\/es\/appointment-booking-widget\/squarespace\/","og_site_name":"Elfsight ES","article_modified_time":"2025-10-22T09:15:33+00:00","twitter_card":"summary_large_image","twitter_misc":{"Tiempo de lectura":"3 minutos"},"schema":{"@context":"https:\/\/schema.org","@graph":[{"@type":"WebPage","@id":"https:\/\/elfsight.com\/es\/appointment-booking-widget\/squarespace\/","url":"https:\/\/elfsight.com\/es\/appointment-booking-widget\/squarespace\/","name":"Widget de reserva de Squarespace: agregar reserva de citas en Squarespace","isPartOf":{"@id":"https:\/\/elfsight.com\/es\/#website"},"datePublished":"2024-09-30T18:27:29+00:00","dateModified":"2025-10-22T09:15:33+00:00","description":"Agrega una integraci\u00f3n de reservas de Squarespace a tu sitio web para planificar reuniones y llamadas. Mejore la planificaci\u00f3n de eventos con el complemento de reservas de Squarespace.","breadcrumb":{"@id":"https:\/\/elfsight.com\/es\/appointment-booking-widget\/squarespace\/#breadcrumb"},"inLanguage":"es","potentialAction":[{"@type":"ReadAction","target":["https:\/\/elfsight.com\/es\/appointment-booking-widget\/squarespace\/"]}]},{"@type":"BreadcrumbList","@id":"https:\/\/elfsight.com\/es\/appointment-booking-widget\/squarespace\/#breadcrumb","itemListElement":[{"@type":"ListItem","position":1,"name":"Home","item":"https:\/\/elfsight.com\/es\/"},{"@type":"ListItem","position":2,"name":"Appointment Booking","item":"https:\/\/elfsight.com\/es\/appointment-booking-widget\/"},{"@type":"ListItem","position":3,"name":"appointment booking squarespace"}]},{"@type":"WebSite","@id":"https:\/\/elfsight.com\/es\/#website","url":"https:\/\/elfsight.com\/es\/","name":"Elfsight ES","description":"Just another Elfsight Sites site","potentialAction":[{"@type":"SearchAction","target":{"@type":"EntryPoint","urlTemplate":"https:\/\/elfsight.com\/es\/?s={search_term_string}"},"query-input":{"@type":"PropertyValueSpecification","valueRequired":true,"valueName":"search_term_string"}}],"inLanguage":"es"}]}},"meta_box":{"industry":"","seo_heading":"","heading":"","description":"","cta_heading":"","cta_description":"","application":"17026","h1":"Complemento de reserva de citas de Squarespace","h1_caption":"Permita a los usuarios programar citas f\u00e1cilmente directamente desde su sitio web de Squarespace, mejorando la comodidad y agilizando el proceso de reserva.","application_category":[],"applications_title":"","applications_request_title":"","applications_request_button_text":"","hero_text":"","hero_video":"","hero_video_schema_markup":"","selling_points_title":"","selling_points_caption":"","selling_points":[],"selling_points_cta_text":"","features_title":"","features":"","ed_cta_examples_text":"","ed_cta_examples_hidden":"","ed_cta_demo_text":"","ed_cta_demo_hidden":"","why_caption":"","why_editor_title":"","why_editor_text":"","why_team_title":"","why_team_text":"","why_service_title":"","why_service_text":"","template_catalog_visible":"0","template_catalog_title":"","template_catalog_text":"","template_catalog_categories_visible":"","demo_title":"Crea tu complemento de reserva de citas","demo_caption":"\u00a1Configure su reserva de citas y agr\u00e9guela a su sitio web de Squarespace de forma gratuita!","default_faq_hidden":"","app_template_category":[],"platform":"100","template_public_id":"","codecanyon_url":"","codecanyon_item_id":"","codecanyon_price":"","pricing_caption":"","pricing_elfsight_apps_hide_column":"","pricing_elfsight_apps_url":"","pricing_codecanyon_price_caption":"","integration_category":[],"integration_request_title":"","integration_request_cta":"","integration_platform":"","integrations":[],"platform_category":[],"video_schema_markup":"","price":"desde $0 \/ mes","trial":"","benefits":[{"text":"Ayuda de instalaci\u00f3n gratuita"},{"text":"Soporte premium"},{"text":"Garant\u00eda de devoluci\u00f3n de dinero de 14 d\u00edas"},{"text":"Actualizaciones gratuitas continuas"}],"button_url":"#demo","button_target_blank":"0","button_nofollow":"0","attributes":[{"name":"Instalaciones","content":"1,000 - 5,000"},{"name":"Sensible","content":"S\u00ed"},{"name":"Navegadores compatibles","content":"Firefox, Safari, Opera, Chrome, Edge"}],"tags":[],"tags_disable_links":"0","hide_more_platforms":"0","video_object":"","demo_hide_cta":"0","demo_hide_cloud_options":"0","pricing_title":"","pricing":[{"pricing_icon":"platform","pricing_title":"Elfsight Apps","pricing_title_caption":"Software multiplataforma que funciona en cualquier sitio web","pricing_price":"Desde $0 \/ mes","pricing_price_caption":"Comience con un plan gratuito","pricing_benefits":[{"text":"Sitios web ilimitados"},{"text":"Atenci\u00f3n al cliente premium"},{"text":"Ayuda de instalaci\u00f3n gratuita"},{"text":"100% personalizable"}],"pricing_button_text":"A\u00f1adir al sitio web","pricing_button_url":"#demo"}],"related_apps_title":"","related_apps_hidden":"0","author":"","image":[],"title":"","job":"","social_networks":[]},"_links":{"self":[{"href":"https:\/\/elfsight.com\/es\/wp-json\/wp\/v2\/pages\/17341","targetHints":{"allow":["GET"]}}],"collection":[{"href":"https:\/\/elfsight.com\/es\/wp-json\/wp\/v2\/pages"}],"about":[{"href":"https:\/\/elfsight.com\/es\/wp-json\/wp\/v2\/types\/page"}],"author":[{"embeddable":true,"href":"https:\/\/elfsight.com\/es\/wp-json\/wp\/v2\/users\/9"}],"replies":[{"embeddable":true,"href":"https:\/\/elfsight.com\/es\/wp-json\/wp\/v2\/comments?post=17341"}],"version-history":[{"count":2,"href":"https:\/\/elfsight.com\/es\/wp-json\/wp\/v2\/pages\/17341\/revisions"}],"predecessor-version":[{"id":19977,"href":"https:\/\/elfsight.com\/es\/wp-json\/wp\/v2\/pages\/17341\/revisions\/19977"}],"up":[{"embeddable":true,"href":"https:\/\/elfsight.com\/es\/wp-json\/wp\/v2\/pages\/17030"}],"wp:attachment":[{"href":"https:\/\/elfsight.com\/es\/wp-json\/wp\/v2\/media?parent=17341"}],"curies":[{"name":"wp","href":"https:\/\/api.w.org\/{rel}","templated":true}]}}