{"id":17338,"date":"2024-09-30T18:27:29","date_gmt":"2024-09-30T18:27:29","guid":{"rendered":"https:\/\/elfsight.com\/es\/?page_id=17338"},"modified":"2025-10-22T09:21:25","modified_gmt":"2025-10-22T09:21:25","slug":"wix","status":"publish","type":"page","link":"https:\/\/elfsight.com\/es\/appointment-booking-widget\/wix\/","title":{"rendered":"appointment booking  wix"},"content":{"rendered":"<div class=\"application-platform-content-item-description application-platform-content-item\" id=\"description\" data-nav-section=\"description\"><h2>\u00a1Incorpore la reserva de citas en Wix con la aplicaci\u00f3n Elfsight!<\/h2> <p>La aplicaci\u00f3n de reserva de citas est\u00e1 disponible para ayudar a los clientes potenciales a asegurar su tiempo espacios directamente en tu sitio web Wix, aliviando la carga del esfuerzo manual, como administrar constantemente mensajes, llamadas y correos electr\u00f3nicos, por tu parte. Funciona como una recepcionista virtual que trabaja las 24 horas del d\u00eda, los 7 d\u00edas de la semana, que env\u00eda confirmaciones autom\u00e1ticas y se puede sincronizar con aplicaciones de subcontrataci\u00f3n, como Google Calendar.<\/p> <p>Ha llegado el momento de ofrecer m\u00e1s informaci\u00f3n sobre su servicio o evento, detallar la duraci\u00f3n. , divulgar informaci\u00f3n de contacto y aclarar los precios para simplificar la toma de decisiones de los clientes. Adem\u00e1s, personalice el aspecto de la aplicaci\u00f3n ajustando elementos y funciones personalizados sin necesidad de mejorar sus conocimientos de programaci\u00f3n ni contratar a un desarrollador cualificado.<\/p> <p><b>Amplifique su negocio y sea accesible para todos los clientes potenciales ofreci\u00e9ndoles \u00a1reserva en l\u00ednea para citas en tu sitio web!<\/b><\/p> <\/div> <div class=\"application-platform-content-item-features application-platform-content-item\" id=\"features\" data-nav-section=\"features\"> <h2>Las caracter\u00edsticas b\u00e1sicas del widget incluyen:<\/h2> <ul><li>Ofrecer una descripci\u00f3n de su servicio (nombre, detalles, imagen y duraci\u00f3n) y configure el precio en diversas monedas.<\/li><li>Env\u00ede alertas autom\u00e1ticas para validar los espacios reservados para los clientes y para usted mismo.<\/li><li> Conecte el widget con aplicaciones de subcontrataci\u00f3n, como Google Calendar, para estar siempre actualizado.<\/li><li>Muestre la informaci\u00f3n de contacto de su empresa como prueba social y permita que los usuarios se pongan en contacto en caso de sucesos imprevistos.<\/li><li>Personalizaci\u00f3n avanzada sin necesidad de codificar: plantillas predise\u00f1adas, colores, m\u00faltiples dise\u00f1os de dise\u00f1o, fuentes, editor CSS personalizado, editor JS personalizado, etc.<\/li><\/ul><p><a href=\"# demo\">Puedes sentir si el widget es para ti probando la demostraci\u00f3n<\/a><\/p> <\/div> <div class=\"application-platform-content-item-installation application-platform-content-item\" id=\"installation\" data-nav-section=\"installation\"> <h2>\u00bfC\u00f3mo puedo incrustar la reserva de citas en mi sitio web Wix?<\/h2> <div class=\"video-container\">\n<iframe width=\"720\" height=\"405\" src=\"https:\/\/www.youtube.com\/embed\/yj4U52MpyvM?si=OeRLNC99KG4U-RBM\" frameborder=\"0\" allowfullscreen=\"\"><\/iframe>\n<\/div><p>Para insertar la reserva de citas en tu sitio web Wix, sigue estas instrucciones:<\/p> <ol><li><b>Utiliza nuestro configurador gratuito y comienza a crear tu complemento personalizado de LinkedIn Feed. <\/b><br> Determine el aspecto y las caracter\u00edsticas deseables de la herramienta y guarde las ediciones.<\/li> <li><b>Copia el c\u00f3digo personal que aparece en la ventana de Elfsight Apps.<\/b><br> &gt; Una vez completada la generaci\u00f3n de tu complemento personal, copia el c\u00f3digo exclusivo de la ventana emergente que aparece y gu\u00e1rdalo para usarlo en el futuro.<\/li> <li><b>Comienza a usar el widget en tu sitio web Wix.<\/b><br> Integre el c\u00f3digo copiado recientemente en su sitio web y guarde las ediciones.<\/li> <li><b>La instalaci\u00f3n finaliz\u00f3 exitosamente.<\/b><br> Vaya a su sitio web para observar c\u00f3mo funciona el widget.<\/li><\/ol> <p>Si tiene alg\u00fan problema, comun\u00edquese con nuestro personal de servicio al cliente. Nuestros especialistas estar\u00e1n encantados de resolver todas las dudas que puedas tener con la herramienta.<\/p> <\/div> ","protected":false},"excerpt":{"rendered":"","protected":false},"author":9,"featured_media":0,"parent":17030,"menu_order":0,"comment_status":"closed","ping_status":"closed","template":"templates\/template-application-platform.php","meta":{"publish_to_discourse":"","publish_post_category":"","wpdc_auto_publish_overridden":"","wpdc_topic_tags":"","wpdc_pin_topic":"","wpdc_pin_until":"","discourse_post_id":"","discourse_permalink":"","wpdc_publishing_response":"","wpdc_publishing_error":"","footnotes":""},"class_list":["post-17338","page","type-page","status-publish","hentry"],"yoast_head":"<!-- This site is optimized with the Yoast SEO plugin v25.3.1 - https:\/\/yoast.com\/wordpress\/plugins\/seo\/ -->\n<title>Aplicaci\u00f3n Calendario de reserva de citas de Wix<\/title>\n<meta name=\"description\" content=\"Agrega un calendario de reservas de Wix sin codificaci\u00f3n para crear espacios para tus clientes. Mejora la planificaci\u00f3n con el programador de citas de Wix.\" \/>\n<meta name=\"robots\" content=\"index, follow, max-snippet:-1, max-image-preview:large, max-video-preview:-1\" \/>\n<link rel=\"canonical\" href=\"https:\/\/elfsight.com\/es\/appointment-booking-widget\/wix\/\" \/>\n<meta property=\"og:locale\" content=\"es_ES\" \/>\n<meta property=\"og:type\" content=\"article\" \/>\n<meta property=\"og:title\" content=\"Aplicaci\u00f3n Calendario de reserva de citas de Wix\" \/>\n<meta property=\"og:description\" content=\"Agrega un calendario de reservas de Wix sin codificaci\u00f3n para crear espacios para tus clientes. Mejora la planificaci\u00f3n con el programador de citas de Wix.\" \/>\n<meta property=\"og:url\" content=\"https:\/\/elfsight.com\/es\/appointment-booking-widget\/wix\/\" \/>\n<meta property=\"og:site_name\" content=\"Elfsight ES\" \/>\n<meta property=\"article:modified_time\" content=\"2025-10-22T09:21:25+00:00\" \/>\n<meta name=\"twitter:card\" content=\"summary_large_image\" \/>\n<meta name=\"twitter:label1\" content=\"Tiempo de lectura\" \/>\n\t<meta name=\"twitter:data1\" content=\"3 minutos\" \/>\n<!-- \/ Yoast SEO plugin. -->","yoast_head_json":{"title":"Aplicaci\u00f3n Calendario de reserva de citas de Wix","description":"Agrega un calendario de reservas de Wix sin codificaci\u00f3n para crear espacios para tus clientes. Mejora la planificaci\u00f3n con el programador de citas de Wix.","robots":{"index":"index","follow":"follow","max-snippet":"max-snippet:-1","max-image-preview":"max-image-preview:large","max-video-preview":"max-video-preview:-1"},"canonical":"https:\/\/elfsight.com\/es\/appointment-booking-widget\/wix\/","og_locale":"es_ES","og_type":"article","og_title":"Aplicaci\u00f3n Calendario de reserva de citas de Wix","og_description":"Agrega un calendario de reservas de Wix sin codificaci\u00f3n para crear espacios para tus clientes. Mejora la planificaci\u00f3n con el programador de citas de Wix.","og_url":"https:\/\/elfsight.com\/es\/appointment-booking-widget\/wix\/","og_site_name":"Elfsight ES","article_modified_time":"2025-10-22T09:21:25+00:00","twitter_card":"summary_large_image","twitter_misc":{"Tiempo de lectura":"3 minutos"},"schema":{"@context":"https:\/\/schema.org","@graph":[{"@type":"WebPage","@id":"https:\/\/elfsight.com\/es\/appointment-booking-widget\/wix\/","url":"https:\/\/elfsight.com\/es\/appointment-booking-widget\/wix\/","name":"Aplicaci\u00f3n Calendario de reserva de citas de Wix","isPartOf":{"@id":"https:\/\/elfsight.com\/es\/#website"},"datePublished":"2024-09-30T18:27:29+00:00","dateModified":"2025-10-22T09:21:25+00:00","description":"Agrega un calendario de reservas de Wix sin codificaci\u00f3n para crear espacios para tus clientes. Mejora la planificaci\u00f3n con el programador de citas de Wix.","breadcrumb":{"@id":"https:\/\/elfsight.com\/es\/appointment-booking-widget\/wix\/#breadcrumb"},"inLanguage":"es","potentialAction":[{"@type":"ReadAction","target":["https:\/\/elfsight.com\/es\/appointment-booking-widget\/wix\/"]}]},{"@type":"BreadcrumbList","@id":"https:\/\/elfsight.com\/es\/appointment-booking-widget\/wix\/#breadcrumb","itemListElement":[{"@type":"ListItem","position":1,"name":"Home","item":"https:\/\/elfsight.com\/es\/"},{"@type":"ListItem","position":2,"name":"Appointment Booking","item":"https:\/\/elfsight.com\/es\/appointment-booking-widget\/"},{"@type":"ListItem","position":3,"name":"appointment booking wix"}]},{"@type":"WebSite","@id":"https:\/\/elfsight.com\/es\/#website","url":"https:\/\/elfsight.com\/es\/","name":"Elfsight ES","description":"Just another Elfsight Sites site","potentialAction":[{"@type":"SearchAction","target":{"@type":"EntryPoint","urlTemplate":"https:\/\/elfsight.com\/es\/?s={search_term_string}"},"query-input":{"@type":"PropertyValueSpecification","valueRequired":true,"valueName":"search_term_string"}}],"inLanguage":"es"}]}},"meta_box":{"industry":"","seo_heading":"","heading":"","description":"","cta_heading":"","cta_description":"","application":"17026","h1":"Aplicaci\u00f3n Wix para reservar citas","h1_caption":"Permita a los usuarios programar citas f\u00e1cilmente directamente desde su sitio web Wix, mejorando la conveniencia y agilizando el proceso de reserva.","application_category":[],"applications_title":"","applications_request_title":"","applications_request_button_text":"","hero_text":"","hero_video":"","hero_video_schema_markup":"","selling_points_title":"","selling_points_caption":"","selling_points":[],"selling_points_cta_text":"","features_title":"","features":"","ed_cta_examples_text":"","ed_cta_examples_hidden":"","ed_cta_demo_text":"","ed_cta_demo_hidden":"","why_caption":"","why_editor_title":"","why_editor_text":"","why_team_title":"","why_team_text":"","why_service_title":"","why_service_text":"","template_catalog_visible":"0","template_catalog_title":"","template_catalog_text":"","template_catalog_categories_visible":"","demo_title":"Crea tu aplicaci\u00f3n de reserva de citas","demo_caption":"\u00a1Configura tu reserva de citas y agr\u00e9gala a tu sitio web Wix gratis!","default_faq_hidden":"","app_template_category":[],"platform":"112","template_public_id":"","codecanyon_url":"","codecanyon_item_id":"","codecanyon_price":"","pricing_caption":"","pricing_elfsight_apps_hide_column":"","pricing_elfsight_apps_url":"","pricing_codecanyon_price_caption":"","integration_category":[],"integration_request_title":"","integration_request_cta":"","integration_platform":"","integrations":[],"platform_category":[],"video_schema_markup":"","price":"desde $0 \/ mes","trial":"","benefits":[{"text":"Servicio de instalaci\u00f3n gratuito"},{"text":"Atenci\u00f3n al cliente experimentada"},{"text":"Garant\u00eda de reembolso de 14 d\u00edas"},{"text":"Actualizaciones continuas"}],"button_url":"#demo","button_target_blank":"0","button_nofollow":"0","attributes":[{"name":"Instalaciones","content":"1,000 - 5,000"},{"name":"Sensible","content":"S\u00ed"},{"name":"Navegadores compatibles","content":"Firefox, Safari, Opera, Chrome, Edge"}],"tags":[],"tags_disable_links":"0","hide_more_platforms":"0","video_object":"","demo_hide_cta":"0","demo_hide_cloud_options":"0","pricing_title":"","pricing":[{"pricing_icon":"platform","pricing_title":"Elfsight Apps","pricing_title_caption":"Versi\u00f3n multiplataforma que se adapta a cualquier sitio web","pricing_price":"Desde $0 \/ mes","pricing_price_caption":"Comience con un plan gratuito","pricing_benefits":[{"text":"Sitios web ilimitados"},{"text":"Soporte r\u00e1pido de la empresa y bien documentado."},{"text":"Asistencia de instalaci\u00f3n gratuita"},{"text":"Dise\u00f1o flexible"}],"pricing_button_text":"A\u00f1adir al sitio web","pricing_button_url":"#demo"}],"related_apps_title":"","related_apps_hidden":"0","author":"","image":[],"title":"","job":"","social_networks":[]},"_links":{"self":[{"href":"https:\/\/elfsight.com\/es\/wp-json\/wp\/v2\/pages\/17338","targetHints":{"allow":["GET"]}}],"collection":[{"href":"https:\/\/elfsight.com\/es\/wp-json\/wp\/v2\/pages"}],"about":[{"href":"https:\/\/elfsight.com\/es\/wp-json\/wp\/v2\/types\/page"}],"author":[{"embeddable":true,"href":"https:\/\/elfsight.com\/es\/wp-json\/wp\/v2\/users\/9"}],"replies":[{"embeddable":true,"href":"https:\/\/elfsight.com\/es\/wp-json\/wp\/v2\/comments?post=17338"}],"version-history":[{"count":2,"href":"https:\/\/elfsight.com\/es\/wp-json\/wp\/v2\/pages\/17338\/revisions"}],"predecessor-version":[{"id":19978,"href":"https:\/\/elfsight.com\/es\/wp-json\/wp\/v2\/pages\/17338\/revisions\/19978"}],"up":[{"embeddable":true,"href":"https:\/\/elfsight.com\/es\/wp-json\/wp\/v2\/pages\/17030"}],"wp:attachment":[{"href":"https:\/\/elfsight.com\/es\/wp-json\/wp\/v2\/media?parent=17338"}],"curies":[{"name":"wp","href":"https:\/\/api.w.org\/{rel}","templated":true}]}}