{"id":17333,"date":"2024-09-30T18:27:29","date_gmt":"2024-09-30T18:27:29","guid":{"rendered":"https:\/\/elfsight.com\/es\/?page_id=17333"},"modified":"2025-12-01T11:07:20","modified_gmt":"2025-12-01T11:07:20","slug":"html","status":"publish","type":"page","link":"https:\/\/elfsight.com\/es\/website-translator-widget\/html\/","title":{"rendered":"website translator  html"},"content":{"rendered":"<div class=\"application-platform-content-item-description application-platform-content-item\" id=\"description\" data-nav-section=\"description\"> <h2>Integre el traductor de sitios web en HTML con un widget de Elfsight<\/h2> <p>Una excelente manera de elevar la presencia en l\u00ednea de su empresa y atraer una La audiencia est\u00e1 incorporando nuestro widget Traductor de sitios web para HTML. Al traducir sin problemas el contenido de su sitio web, este widget garantiza que su mensaje resuene entre los clientes de diferentes comunidades ling\u00fc\u00edsticas, lo que ayuda a derribar las barreras del idioma y aumentar el alcance de su negocio. <\/p><p>Nuestro traductor de sitios web ofrece traducci\u00f3n automatizada inmediata de sitios web mejorada por Google AI, manteniendo m\u00e1s de 130 idiomas. Puede recordar la configuraci\u00f3n de idioma de los visitantes, proporcionando una experiencia de navegaci\u00f3n individual que los mantiene interesados. Globalice sin esfuerzo su sitio web HTML y con\u00e9ctese con diversas audiencias a trav\u00e9s de la tecnolog\u00eda de traducci\u00f3n avanzada. <\/p><p><b>\u00a1Ofrezca sus bienes y servicios en todo el mundo con el widget de cambio de idioma f\u00e1cil de usar! <\/b><\/p><\/div> <div class=\"application-platform-content-item-features application-platform-content-item\" id=\"features\" data-nav-section=\"features\"> <h2>Aqu\u00ed est\u00e1 la lista de las caracter\u00edsticas m\u00e1s importantes: <\/h2><ul><li>traducci\u00f3n autom\u00e1tica inmediata de sitios web<\/li> <li>Traducci\u00f3n mejorada por IA de Google<\/li><li>Mantenimiento de m\u00e1s de 130 idiomas<\/li><li>Mantener la configuraci\u00f3n del usuario<\/li><li>Numerosos estilos de widgets predefinidos<\/li><\/ul> <p><a href=\"#demo\">Puedes probar todas las capacidades del widget en la demostraci\u00f3n <\/a><\/p><\/div> <div class=\"application-platform-content-item-installation application-platform-content-item\" id=\"installation\" data-nav-section=\"installation\"> <h2>\u00bfC\u00f3mo puedo \u00bfIntegrar Website Translator en mis p\u00e1ginas HTML? <\/h2><div class=\"video-container\">\n<iframe width=\"720\" height=\"405\" src=\"https:\/\/www.youtube.com\/embed\/CKjm68exgCE?si=biZykN-lKJPMmCOK\" frameborder=\"0\" allowfullscreen=\"\"><\/iframe>\n<\/div><p>Simplemente siga las siguientes pautas para activar el complemento. <\/p><ol><li><b>Abra nuestra demostraci\u00f3n gratuita y comience a crear su complemento exclusivo. <\/b><br>Determine el dise\u00f1o preferido y las caracter\u00edsticas funcionales de la herramienta y guarde las correcciones. <\/li> <li><b>Copia el c\u00f3digo personal que se muestra en la ventana de Elfsight Apps. <\/b><br>Una vez completada la configuraci\u00f3n de su herramienta, copie el c\u00f3digo individual del cuadro que aparece y gu\u00e1rdelo para futuras necesidades. <\/li> <li><b>Comience a utilizar el widget en la p\u00e1gina de inicio HTML. <\/b><br>Integre el c\u00f3digo guardado recientemente en su p\u00e1gina de inicio y guarde las modificaciones. <\/li> <li><b>\u00a1Ya terminaste! La incrustaci\u00f3n se realiza con \u00e9xito. <\/b><br>Vaya a su sitio para examinar c\u00f3mo est\u00e1 funcionando la herramienta. <\/li><\/ol><p>Si encuentra alg\u00fan problema, no dude en ponerse en contacto con nuestro equipo de atenci\u00f3n al cliente. Nuestra gente estar\u00e1 encantada de ayudarle con todos los problemas que pueda tener con el widget. <\/p><\/div>","protected":false},"excerpt":{"rendered":"","protected":false},"author":9,"featured_media":0,"parent":16128,"menu_order":0,"comment_status":"closed","ping_status":"closed","template":"templates\/template-application-platform.php","meta":{"publish_to_discourse":"","publish_post_category":"","wpdc_auto_publish_overridden":"","wpdc_topic_tags":"","wpdc_pin_topic":"","wpdc_pin_until":"","discourse_post_id":"","discourse_permalink":"","wpdc_publishing_response":"","wpdc_publishing_error":"","footnotes":""},"class_list":["post-17333","page","type-page","status-publish","hentry"],"yoast_head":"<!-- This site is optimized with the Yoast SEO plugin v25.3.1 - https:\/\/yoast.com\/wordpress\/plugins\/seo\/ -->\n<title>Widget de traducci\u00f3n de sitios web: agregue un traductor integrado a HTML<\/title>\n<meta name=\"description\" content=\"Agregue un widget de traductor de sitios web integrado a su sitio web HTML. Utilice la demostraci\u00f3n en l\u00ednea de Elfsight para crear f\u00e1cilmente su soluci\u00f3n personalizada.\" \/>\n<meta name=\"robots\" content=\"index, follow, max-snippet:-1, max-image-preview:large, max-video-preview:-1\" \/>\n<link rel=\"canonical\" href=\"https:\/\/elfsight.com\/es\/website-translator-widget\/html\/\" \/>\n<meta property=\"og:locale\" content=\"es_ES\" \/>\n<meta property=\"og:type\" content=\"article\" \/>\n<meta property=\"og:title\" content=\"Widget de traducci\u00f3n de sitios web: agregue un traductor integrado a HTML\" \/>\n<meta property=\"og:description\" content=\"Agregue un widget de traductor de sitios web integrado a su sitio web HTML. Utilice la demostraci\u00f3n en l\u00ednea de Elfsight para crear f\u00e1cilmente su soluci\u00f3n personalizada.\" \/>\n<meta property=\"og:url\" content=\"https:\/\/elfsight.com\/es\/website-translator-widget\/html\/\" \/>\n<meta property=\"og:site_name\" content=\"Elfsight ES\" \/>\n<meta property=\"article:modified_time\" content=\"2025-12-01T11:07:20+00:00\" \/>\n<meta name=\"twitter:card\" content=\"summary_large_image\" \/>\n<meta name=\"twitter:label1\" content=\"Tiempo de lectura\" \/>\n\t<meta name=\"twitter:data1\" content=\"2 minutos\" \/>\n<!-- \/ Yoast SEO plugin. -->","yoast_head_json":{"title":"Widget de traducci\u00f3n de sitios web: agregue un traductor integrado a HTML","description":"Agregue un widget de traductor de sitios web integrado a su sitio web HTML. Utilice la demostraci\u00f3n en l\u00ednea de Elfsight para crear f\u00e1cilmente su soluci\u00f3n personalizada.","robots":{"index":"index","follow":"follow","max-snippet":"max-snippet:-1","max-image-preview":"max-image-preview:large","max-video-preview":"max-video-preview:-1"},"canonical":"https:\/\/elfsight.com\/es\/website-translator-widget\/html\/","og_locale":"es_ES","og_type":"article","og_title":"Widget de traducci\u00f3n de sitios web: agregue un traductor integrado a HTML","og_description":"Agregue un widget de traductor de sitios web integrado a su sitio web HTML. Utilice la demostraci\u00f3n en l\u00ednea de Elfsight para crear f\u00e1cilmente su soluci\u00f3n personalizada.","og_url":"https:\/\/elfsight.com\/es\/website-translator-widget\/html\/","og_site_name":"Elfsight ES","article_modified_time":"2025-12-01T11:07:20+00:00","twitter_card":"summary_large_image","twitter_misc":{"Tiempo de lectura":"2 minutos"},"schema":{"@context":"https:\/\/schema.org","@graph":[{"@type":"WebPage","@id":"https:\/\/elfsight.com\/es\/website-translator-widget\/html\/","url":"https:\/\/elfsight.com\/es\/website-translator-widget\/html\/","name":"Widget de traducci\u00f3n de sitios web: agregue un traductor integrado a HTML","isPartOf":{"@id":"https:\/\/elfsight.com\/es\/#website"},"datePublished":"2024-09-30T18:27:29+00:00","dateModified":"2025-12-01T11:07:20+00:00","description":"Agregue un widget de traductor de sitios web integrado a su sitio web HTML. Utilice la demostraci\u00f3n en l\u00ednea de Elfsight para crear f\u00e1cilmente su soluci\u00f3n personalizada.","breadcrumb":{"@id":"https:\/\/elfsight.com\/es\/website-translator-widget\/html\/#breadcrumb"},"inLanguage":"es","potentialAction":[{"@type":"ReadAction","target":["https:\/\/elfsight.com\/es\/website-translator-widget\/html\/"]}]},{"@type":"BreadcrumbList","@id":"https:\/\/elfsight.com\/es\/website-translator-widget\/html\/#breadcrumb","itemListElement":[{"@type":"ListItem","position":1,"name":"Home","item":"https:\/\/elfsight.com\/es\/"},{"@type":"ListItem","position":2,"name":"Website Translator","item":"https:\/\/elfsight.com\/es\/website-translator-widget\/"},{"@type":"ListItem","position":3,"name":"website translator html"}]},{"@type":"WebSite","@id":"https:\/\/elfsight.com\/es\/#website","url":"https:\/\/elfsight.com\/es\/","name":"Elfsight ES","description":"Just another Elfsight Sites site","potentialAction":[{"@type":"SearchAction","target":{"@type":"EntryPoint","urlTemplate":"https:\/\/elfsight.com\/es\/?s={search_term_string}"},"query-input":{"@type":"PropertyValueSpecification","valueRequired":true,"valueName":"search_term_string"}}],"inLanguage":"es"}]}},"meta_box":{"industry":"","seo_heading":"","heading":"","description":"","cta_heading":"","cta_description":"","application":"16123","h1":"Widget de traducci\u00f3n de sitios web HTML","h1_caption":"Traduzca autom\u00e1ticamente el contenido de su sitio web a varios idiomas, haci\u00e9ndolo accesible a una audiencia global en su sitio web HTML sin esfuerzo.","application_category":[],"applications_title":"","applications_request_title":"","applications_request_button_text":"","hero_text":"","hero_video":"","hero_video_schema_markup":"","selling_points_title":"","selling_points_caption":"","selling_points":[],"selling_points_cta_text":"","features_title":"","features":"","ed_cta_examples_text":"","ed_cta_examples_hidden":"","ed_cta_demo_text":"","ed_cta_demo_hidden":"","why_caption":"","why_editor_title":"","why_editor_text":"","why_team_title":"","why_team_text":"","why_service_title":"","why_service_text":"","template_catalog_visible":"0","template_catalog_title":"","template_catalog_text":"","template_catalog_categories_visible":"","demo_title":"Crea tu widget de traductor de sitios web","demo_caption":"\u00a1Configure su traductor de sitios web y agr\u00e9guelo a su sitio web HTML de forma gratuita!","default_faq_hidden":"","app_template_category":[],"platform":"70","template_public_id":"","codecanyon_url":"","codecanyon_item_id":"","codecanyon_price":"","pricing_caption":"","pricing_elfsight_apps_hide_column":"","pricing_elfsight_apps_url":"","pricing_codecanyon_price_caption":"","integration_category":[],"integration_request_title":"","integration_request_cta":"","integration_platform":"","integrations":[],"platform_category":[],"video_schema_markup":"","price":"desde $0 \/ mes","trial":"","benefits":[{"text":"Ayuda de instalaci\u00f3n gratuita"},{"text":"Soporte premium"},{"text":"Garant\u00eda de reembolso de 14 d\u00edas"},{"text":"Actualizaciones continuas"}],"button_url":"#demo","button_target_blank":"0","button_nofollow":"0","attributes":[{"name":"Instalar","content":"50,000 - 100,000"},{"name":"Sensible","content":"S\u00ed"},{"name":"Navegadores compatibles","content":"Firefox, Safari, Opera, Chrome, Edge"}],"tags":[],"tags_disable_links":"0","hide_more_platforms":"0","video_object":"","demo_hide_cta":"0","demo_hide_cloud_options":"0","pricing_title":"","pricing":[{"pricing_icon":"platform","pricing_title":"Elfsight Apps","pricing_title_caption":"Soluci\u00f3n digital multiplataforma","pricing_price":"desde $0 \/ mes","pricing_price_caption":"comienza con un plan gratuito","pricing_benefits":[{"text":"Dominios ilimitados"},{"text":"Soporte empresarial 24 horas al d\u00eda, 7 d\u00edas a la semana y bien documentado."},{"text":"Asistencia de instalaci\u00f3n gratuita"},{"text":"Totalmente personalizable"}],"pricing_button_text":"A\u00f1adir al sitio web","pricing_button_url":"#demo"}],"related_apps_title":"","related_apps_hidden":"0","author":"","image":[],"title":"","job":"","social_networks":[]},"_links":{"self":[{"href":"https:\/\/elfsight.com\/es\/wp-json\/wp\/v2\/pages\/17333","targetHints":{"allow":["GET"]}}],"collection":[{"href":"https:\/\/elfsight.com\/es\/wp-json\/wp\/v2\/pages"}],"about":[{"href":"https:\/\/elfsight.com\/es\/wp-json\/wp\/v2\/types\/page"}],"author":[{"embeddable":true,"href":"https:\/\/elfsight.com\/es\/wp-json\/wp\/v2\/users\/9"}],"replies":[{"embeddable":true,"href":"https:\/\/elfsight.com\/es\/wp-json\/wp\/v2\/comments?post=17333"}],"version-history":[{"count":2,"href":"https:\/\/elfsight.com\/es\/wp-json\/wp\/v2\/pages\/17333\/revisions"}],"predecessor-version":[{"id":20002,"href":"https:\/\/elfsight.com\/es\/wp-json\/wp\/v2\/pages\/17333\/revisions\/20002"}],"up":[{"embeddable":true,"href":"https:\/\/elfsight.com\/es\/wp-json\/wp\/v2\/pages\/16128"}],"wp:attachment":[{"href":"https:\/\/elfsight.com\/es\/wp-json\/wp\/v2\/media?parent=17333"}],"curies":[{"name":"wp","href":"https:\/\/api.w.org\/{rel}","templated":true}]}}