{"id":17331,"date":"2024-09-30T18:27:29","date_gmt":"2024-09-30T18:27:29","guid":{"rendered":"https:\/\/elfsight.com\/es\/?page_id=17331"},"modified":"2025-02-06T14:54:44","modified_gmt":"2025-02-06T14:54:44","slug":"html","status":"publish","type":"page","link":"https:\/\/elfsight.com\/es\/appointment-booking-widget\/html\/","title":{"rendered":"appointment booking  html"},"content":{"rendered":"<div class=\"application-platform-content-item-description application-platform-content-item\" id=\"description\" data-nav-section=\"description\"><h2>\u00a1Incorpore la reserva de citas en HTML con el widget de Elfsight!<\/h2> <p>El widget de reserva de citas est\u00e1 disponible para ayudar a los posibles usuarios a reservar espacios directamente en su sitio web HTML, minimizando el trabajo manual, como estar constantemente disponible en todo momento para evitar perder mensajes, llamadas y correos electr\u00f3nicos. Es como tener un asistente virtual trabajando 24 horas al d\u00eda, 7 d\u00edas a la semana, que env\u00eda notificaciones autom\u00e1ticas y se puede conectar con integraciones externas, como Google Calendar.<\/p> <p>Ahora es el momento de profundizar en tu servicio o evento, especifica la hora. marco, divulgar informaci\u00f3n de contacto y establecer el precio para facilitar el proceso de toma de decisiones de los clientes. Adem\u00e1s, puedes elegir la est\u00e9tica visual del widget modificando elementos y funciones personalizados sin necesidad de perfeccionar las habilidades de codificaci\u00f3n o contratar a un desarrollador.<\/p> <p><b>Permite que tu negocio prospere y sea accesible para un p\u00fablico m\u00e1s amplio. audiencia con reservas en l\u00ednea para citas en su sitio web!<\/b><\/p> <\/div> <div class=\"application-platform-content-item-features application-platform-content-item\" id=\"features\" data-nav-section=\"features\"> <h2>El widget incluye funciones pr\u00e1cticas y r\u00e1pidas, vea algunas de ellos:<\/h2> <ul><li>Ofrece una descripci\u00f3n general completa de tu servicio (nombre, detalles, imagen y duraci\u00f3n) y establece el precio en diversas monedas.<\/li><li>Env\u00eda notificaciones autom\u00e1ticas para confirmar los espacios programados para los clientes y para usted mismo.<\/li><li>Sincronice el widget con integraciones de subcontrataci\u00f3n, como Google Calendar, para garantizar actualizaciones en tiempo real.<\/li><li>Muestre la informaci\u00f3n de contacto de su empresa como prueba social y permitir a los usuarios comunicarse en caso de imprevistos circunstancias.<\/li><li>Personalizaci\u00f3n sin c\u00f3digo con configuraciones de dise\u00f1o avanzadas: plantillas predise\u00f1adas, colores, m\u00faltiples dise\u00f1os de dise\u00f1o, fuentes, editor CSS personalizado, editor JS personalizado y m\u00e1s.<\/li><\/ul><p><a href=\"#demo\">Simplemente pruebe esta demostraci\u00f3n para ver cu\u00e1nto vale el widget<\/a><\/p> <\/div> <div class=\"application-platform-content-item-installation application-platform-content-item\" id=\"installation\" data-nav-section=\"installation\"> <h2>\u00bfC\u00f3mo incrustar la reserva de citas en mi sitio web HTML?<\/h2> <p>Para incrustar la reserva de citas en su sitio web HTML, haga lo siguiente:<\/p> <ol><li><b>Inicie nuestro configurador gratuito y comience a crear su complemento personalizado de LinkedIn Feed.<\/b><br> Determine el dise\u00f1o seleccionado y las caracter\u00edsticas de la herramienta y aplique las correcciones.<\/li> <li><b>Adquiera su c\u00f3digo personal que aparece en el ventana en Elfsight Apps.<\/b><br>Tan pronto como se complete el establecimiento de su widget personal, copie el c\u00f3digo exclusivo de la ventana emergente que aparece y gu\u00e1rdelo para usarlo en el futuro.<\/li> <li><b>Comience a usar el complemento. en su sitio web HTML.<\/b><br>Coloque el c\u00f3digo copiado anteriormente en su sitio web y guarde las mejoras.<\/li> <li><b>\u00a1Listo! La integraci\u00f3n ha finalizado por completo.<\/b><br> Visite su sitio web para revisar el funcionamiento del widget.<\/li><\/ol> <p>Si tiene alguna dificultad, no dude en ponerse en contacto con nuestro personal de atenci\u00f3n al cliente. . Nuestra gente est\u00e1 ansiosa por resolver todas las preguntas que puedas tener con la herramienta.<\/p> <\/div> ","protected":false},"excerpt":{"rendered":"","protected":false},"author":9,"featured_media":0,"parent":17030,"menu_order":0,"comment_status":"closed","ping_status":"closed","template":"templates\/template-application-platform.php","meta":{"publish_to_discourse":"","publish_post_category":"","wpdc_auto_publish_overridden":"","wpdc_topic_tags":"","wpdc_pin_topic":"","wpdc_pin_until":"","discourse_post_id":"","discourse_permalink":"","wpdc_publishing_response":"","wpdc_publishing_error":"","footnotes":""},"class_list":["post-17331","page","type-page","status-publish","hentry"],"yoast_head":"<!-- This site is optimized with the Yoast SEO plugin v25.3.1 - https:\/\/yoast.com\/wordpress\/plugins\/seo\/ -->\n<title>Widget de reservas para sitio web HTML: incrustar calendario de citas HTML<\/title>\n<meta name=\"description\" content=\"\u00a1Agregue un widget de reserva de citas al sitio web HTML y permita que los clientes reserven espacios con solo unos pocos clics!\" \/>\n<meta name=\"robots\" content=\"index, follow, max-snippet:-1, max-image-preview:large, max-video-preview:-1\" \/>\n<link rel=\"canonical\" href=\"https:\/\/elfsight.com\/es\/appointment-booking-widget\/html\/\" \/>\n<meta property=\"og:locale\" content=\"es_ES\" \/>\n<meta property=\"og:type\" content=\"article\" \/>\n<meta property=\"og:title\" content=\"Widget de reservas para sitio web HTML: incrustar calendario de citas HTML\" \/>\n<meta property=\"og:description\" content=\"\u00a1Agregue un widget de reserva de citas al sitio web HTML y permita que los clientes reserven espacios con solo unos pocos clics!\" \/>\n<meta property=\"og:url\" content=\"https:\/\/elfsight.com\/es\/appointment-booking-widget\/html\/\" \/>\n<meta property=\"og:site_name\" content=\"Elfsight ES\" \/>\n<meta property=\"article:modified_time\" content=\"2025-02-06T14:54:44+00:00\" \/>\n<meta name=\"twitter:card\" content=\"summary_large_image\" \/>\n<meta name=\"twitter:label1\" content=\"Tiempo de lectura\" \/>\n\t<meta name=\"twitter:data1\" content=\"3 minutos\" \/>\n<!-- \/ Yoast SEO plugin. -->","yoast_head_json":{"title":"Widget de reservas para sitio web HTML: incrustar calendario de citas HTML","description":"\u00a1Agregue un widget de reserva de citas al sitio web HTML y permita que los clientes reserven espacios con solo unos pocos clics!","robots":{"index":"index","follow":"follow","max-snippet":"max-snippet:-1","max-image-preview":"max-image-preview:large","max-video-preview":"max-video-preview:-1"},"canonical":"https:\/\/elfsight.com\/es\/appointment-booking-widget\/html\/","og_locale":"es_ES","og_type":"article","og_title":"Widget de reservas para sitio web HTML: incrustar calendario de citas HTML","og_description":"\u00a1Agregue un widget de reserva de citas al sitio web HTML y permita que los clientes reserven espacios con solo unos pocos clics!","og_url":"https:\/\/elfsight.com\/es\/appointment-booking-widget\/html\/","og_site_name":"Elfsight ES","article_modified_time":"2025-02-06T14:54:44+00:00","twitter_card":"summary_large_image","twitter_misc":{"Tiempo de lectura":"3 minutos"},"schema":{"@context":"https:\/\/schema.org","@graph":[{"@type":"WebPage","@id":"https:\/\/elfsight.com\/es\/appointment-booking-widget\/html\/","url":"https:\/\/elfsight.com\/es\/appointment-booking-widget\/html\/","name":"Widget de reservas para sitio web HTML: incrustar calendario de citas HTML","isPartOf":{"@id":"https:\/\/elfsight.com\/es\/#website"},"datePublished":"2024-09-30T18:27:29+00:00","dateModified":"2025-02-06T14:54:44+00:00","description":"\u00a1Agregue un widget de reserva de citas al sitio web HTML y permita que los clientes reserven espacios con solo unos pocos clics!","breadcrumb":{"@id":"https:\/\/elfsight.com\/es\/appointment-booking-widget\/html\/#breadcrumb"},"inLanguage":"es","potentialAction":[{"@type":"ReadAction","target":["https:\/\/elfsight.com\/es\/appointment-booking-widget\/html\/"]}]},{"@type":"BreadcrumbList","@id":"https:\/\/elfsight.com\/es\/appointment-booking-widget\/html\/#breadcrumb","itemListElement":[{"@type":"ListItem","position":1,"name":"Home","item":"https:\/\/elfsight.com\/es\/"},{"@type":"ListItem","position":2,"name":"Appointment Booking","item":"https:\/\/elfsight.com\/es\/appointment-booking-widget\/"},{"@type":"ListItem","position":3,"name":"appointment booking html"}]},{"@type":"WebSite","@id":"https:\/\/elfsight.com\/es\/#website","url":"https:\/\/elfsight.com\/es\/","name":"Elfsight ES","description":"Just another Elfsight Sites site","potentialAction":[{"@type":"SearchAction","target":{"@type":"EntryPoint","urlTemplate":"https:\/\/elfsight.com\/es\/?s={search_term_string}"},"query-input":{"@type":"PropertyValueSpecification","valueRequired":true,"valueName":"search_term_string"}}],"inLanguage":"es"}]}},"meta_box":{"industry":"","seo_heading":"","heading":"","description":"","cta_heading":"","cta_description":"","application":"17026","h1":"Calendario de citas HTML","h1_caption":"Permita a los usuarios programar citas f\u00e1cilmente directamente desde su sitio web HTML, mejorando la comodidad y agilizando el proceso de reserva.","application_category":[],"applications_title":"","applications_request_title":"","applications_request_button_text":"","hero_text":"","hero_video":"","hero_video_schema_markup":"","selling_points_title":"","selling_points_caption":"","selling_points":[],"selling_points_cta_text":"","features_title":"","features":"","ed_cta_examples_text":"","ed_cta_examples_hidden":"","ed_cta_demo_text":"","ed_cta_demo_hidden":"","why_caption":"","why_editor_title":"","why_editor_text":"","why_team_title":"","why_team_text":"","why_service_title":"","why_service_text":"","template_catalog_visible":"","template_catalog_title":"","template_catalog_text":"","template_catalog_categories_visible":"","demo_title":"Crea tu widget de reserva de citas","demo_caption":"\u00a1Configure su reserva de citas y agr\u00e9guela a su sitio web HTML de forma gratuita!","default_faq_hidden":"","app_template_category":[],"platform":"70","template_public_id":"","codecanyon_url":"","codecanyon_item_id":"","codecanyon_price":"","pricing_caption":"","pricing_elfsight_apps_hide_column":"","pricing_elfsight_apps_url":"","pricing_codecanyon_price_caption":"","integration_category":[],"integration_request_title":"","integration_request_cta":"","integration_platform":"","integrations":[],"platform_category":[],"video_schema_markup":"","price":"desde $0 \/ mes","trial":"","benefits":[{"text":"Servicio de instalaci\u00f3n gratuito"},{"text":"Atenci\u00f3n al cliente experimentada"},{"text":"Garant\u00eda de devoluci\u00f3n de dinero de 14 d\u00edas"},{"text":"Desarrollo continuo"}],"button_url":"#demo","button_target_blank":"","button_nofollow":"","attributes":[{"name":"Instalaciones","content":"1,000 - 5,000"},{"name":"Sensible","content":"S\u00ed"},{"name":"Navegadores compatibles","content":"Firefox, Safari, Opera, Chrome, Edge"}],"tags":[],"tags_disable_links":"","hide_more_platforms":"","video_object":"","demo_hide_cta":"","demo_hide_cloud_options":"","pricing_title":"","pricing":[{"pricing_icon":"platform","pricing_title":"Elfsight Apps","pricing_title_caption":"Software independiente de la plataforma que se adapta a cualquier sitio web","pricing_price":"Desde $0 \/ mes","pricing_price_caption":"Comience con un plan gratuito","pricing_benefits":[{"text":"Sitios web ilimitados"},{"text":"Soporte empresarial premium"},{"text":"Ayuda de instalaci\u00f3n gratuita"},{"text":"100% personalizable"}],"pricing_button_text":"A\u00f1adir al sitio web","pricing_button_url":"#demo"}],"related_apps_title":"","related_apps_hidden":"","author":"","image":[],"title":"","job":"","social_networks":[]},"_links":{"self":[{"href":"https:\/\/elfsight.com\/es\/wp-json\/wp\/v2\/pages\/17331","targetHints":{"allow":["GET"]}}],"collection":[{"href":"https:\/\/elfsight.com\/es\/wp-json\/wp\/v2\/pages"}],"about":[{"href":"https:\/\/elfsight.com\/es\/wp-json\/wp\/v2\/types\/page"}],"author":[{"embeddable":true,"href":"https:\/\/elfsight.com\/es\/wp-json\/wp\/v2\/users\/9"}],"replies":[{"embeddable":true,"href":"https:\/\/elfsight.com\/es\/wp-json\/wp\/v2\/comments?post=17331"}],"version-history":[{"count":1,"href":"https:\/\/elfsight.com\/es\/wp-json\/wp\/v2\/pages\/17331\/revisions"}],"predecessor-version":[{"id":17335,"href":"https:\/\/elfsight.com\/es\/wp-json\/wp\/v2\/pages\/17331\/revisions\/17335"}],"up":[{"embeddable":true,"href":"https:\/\/elfsight.com\/es\/wp-json\/wp\/v2\/pages\/17030"}],"wp:attachment":[{"href":"https:\/\/elfsight.com\/es\/wp-json\/wp\/v2\/media?parent=17331"}],"curies":[{"name":"wp","href":"https:\/\/api.w.org\/{rel}","templated":true}]}}