{"id":17330,"date":"2024-09-30T18:27:29","date_gmt":"2024-09-30T18:27:29","guid":{"rendered":"https:\/\/elfsight.com\/es\/?page_id=17330"},"modified":"2025-10-27T12:26:44","modified_gmt":"2025-10-27T12:26:44","slug":"wordpress","status":"publish","type":"page","link":"https:\/\/elfsight.com\/es\/website-translator-widget\/wordpress\/","title":{"rendered":"website translator  wordpress"},"content":{"rendered":"<div class=\"application-platform-content-item-description application-platform-content-item\" id=\"description\" data-nav-section=\"description\"> <h2>Integrar el traductor de sitios web en WordPress con un complemento de Elfsight<\/h2> <p>Una excelente manera de impulsar el rendimiento en l\u00ednea de su negocio y alcanzar una audiencia internacional. La audiencia est\u00e1 agregando nuestro widget Traductor de sitios web para WordPress. Al traducir sin problemas el contenido de su sitio web, este widget garantiza que su mensaje atraiga a visitantes de diversas comunidades ling\u00fc\u00edsticas, lo que ayuda a derribar las barreras del idioma y ampliar su alcance en el mercado. <\/p><p>Nuestro traductor de sitios web ofrece traducci\u00f3n autom\u00e1tica inmediata de sitios web mejorada por Google AI y admite m\u00e1s de 130 idiomas. Recuerda las opciones de idioma del usuario, lo que permite una experiencia de navegaci\u00f3n personalizada que mantiene a los usuarios interesados. Globalice sin problemas su sitio web de WordPress y con\u00e9ctese con audiencias diversas a trav\u00e9s de la soluci\u00f3n de traducci\u00f3n de vanguardia. <\/p><p><b>Promocione sus productos y servicios en todo el mundo con el sencillo widget de cambio de idioma. <\/b><\/p><\/div> <div class=\"application-platform-content-item-features application-platform-content-item\" id=\"features\" data-nav-section=\"features\"> <h2>El widget incluye funciones \u00fatiles y r\u00e1pidas, estas son algunas de ellas: <\/h2><ul><li>Sitio web automatizado instant\u00e1neo traducci\u00f3n<\/li><li>Traducci\u00f3n impulsada por Google AI<\/li><li>Compatibilidad con m\u00e1s de 130 idiomas<\/li><li>Guardar configuraci\u00f3n de usuario<\/li><li>Muchos widgets de plantilla estilos<\/li><\/ul><p><a href=\"#demo\">Pruebe todas las opciones de personalizaci\u00f3n en una demostraci\u00f3n con todas las funciones<\/a><\/p><\/div> <div class=\"application-platform-content-item-installation application-platform-content-item\" id=\"installation\" data-nav-section=\"installation\"> <h2>\u00bfC\u00f3mo incorporo Website Translator en mis p\u00e1ginas de WordPress? <\/h2><div class=\"video-container\">\n<iframe width=\"720\" height=\"405\" src=\"https:\/\/www.youtube.com\/embed\/yIlHr2375_4?si=bPWq6DEAEiG576g1\" frameborder=\"0\" allowfullscreen=\"\"><\/iframe>\n<\/div><p>Simplemente aplique las instrucciones a continuaci\u00f3n para agregar el complemento. <\/p><ol><li><b>Abre nuestra demostraci\u00f3n gratuita y comienza a crear tu widget personalizado. <\/b><br>Encuentre el dise\u00f1o seleccionado y las caracter\u00edsticas de la herramienta y aplique las correcciones. <\/li> <li><b>Copia tu c\u00f3digo personal que aparece en la ventana de Elfsight Apps. <\/b><br>Cuando finalice la generaci\u00f3n de su widget personal, copie el c\u00f3digo personal en la ventana emergente que aparece y gu\u00e1rdelo para usarlo en el futuro. <\/li> <li><b>Comience a usar el widget en la p\u00e1gina web de WordPress. <\/b><br>Integre el c\u00f3digo que ha guardado anteriormente en su sitio web y guarde los ajustes. <\/li> <li><b>\u00a1Listo! La incrustaci\u00f3n ha finalizado por completo. <\/b><br>Visita su p\u00e1gina web para ver el funcionamiento de la herramienta. <\/li><\/ol><p>En caso de que tenga alg\u00fan problema, comun\u00edquese con nuestro personal de soporte. Nuestros asesores est\u00e1n deseando resolver todas las dificultades que pueda tener con el producto. <\/p><\/div>","protected":false},"excerpt":{"rendered":"","protected":false},"author":9,"featured_media":0,"parent":16128,"menu_order":0,"comment_status":"closed","ping_status":"closed","template":"templates\/template-application-platform.php","meta":{"publish_to_discourse":"","publish_post_category":"","wpdc_auto_publish_overridden":"","wpdc_topic_tags":"","wpdc_pin_topic":"","wpdc_pin_until":"","discourse_post_id":"","discourse_permalink":"","wpdc_publishing_response":"","wpdc_publishing_error":"","footnotes":""},"class_list":["post-17330","page","type-page","status-publish","hentry"],"yoast_head":"<!-- This site is optimized with the Yoast SEO plugin v25.3.1 - https:\/\/yoast.com\/wordpress\/plugins\/seo\/ -->\n<title>Widget de traducci\u00f3n de sitios web: incrustar Quick Translator en WordPress<\/title>\n<meta name=\"description\" content=\"Agregue un widget de traductor de sitios web sin c\u00f3digo a su sitio web de WordPress. Utilice la demostraci\u00f3n f\u00e1cil de usar de Elfsight para generar f\u00e1cilmente su soluci\u00f3n individual.\" \/>\n<meta name=\"robots\" content=\"index, follow, max-snippet:-1, max-image-preview:large, max-video-preview:-1\" \/>\n<link rel=\"canonical\" href=\"https:\/\/elfsight.com\/es\/website-translator-widget\/wordpress\/\" \/>\n<meta property=\"og:locale\" content=\"es_ES\" \/>\n<meta property=\"og:type\" content=\"article\" \/>\n<meta property=\"og:title\" content=\"Widget de traducci\u00f3n de sitios web: incrustar Quick Translator en WordPress\" \/>\n<meta property=\"og:description\" content=\"Agregue un widget de traductor de sitios web sin c\u00f3digo a su sitio web de WordPress. Utilice la demostraci\u00f3n f\u00e1cil de usar de Elfsight para generar f\u00e1cilmente su soluci\u00f3n individual.\" \/>\n<meta property=\"og:url\" content=\"https:\/\/elfsight.com\/es\/website-translator-widget\/wordpress\/\" \/>\n<meta property=\"og:site_name\" content=\"Elfsight ES\" \/>\n<meta property=\"article:modified_time\" content=\"2025-10-27T12:26:44+00:00\" \/>\n<meta name=\"twitter:card\" content=\"summary_large_image\" \/>\n<meta name=\"twitter:label1\" content=\"Tiempo de lectura\" \/>\n\t<meta name=\"twitter:data1\" content=\"2 minutos\" \/>\n<!-- \/ Yoast SEO plugin. -->","yoast_head_json":{"title":"Widget de traducci\u00f3n de sitios web: incrustar Quick Translator en WordPress","description":"Agregue un widget de traductor de sitios web sin c\u00f3digo a su sitio web de WordPress. Utilice la demostraci\u00f3n f\u00e1cil de usar de Elfsight para generar f\u00e1cilmente su soluci\u00f3n individual.","robots":{"index":"index","follow":"follow","max-snippet":"max-snippet:-1","max-image-preview":"max-image-preview:large","max-video-preview":"max-video-preview:-1"},"canonical":"https:\/\/elfsight.com\/es\/website-translator-widget\/wordpress\/","og_locale":"es_ES","og_type":"article","og_title":"Widget de traducci\u00f3n de sitios web: incrustar Quick Translator en WordPress","og_description":"Agregue un widget de traductor de sitios web sin c\u00f3digo a su sitio web de WordPress. Utilice la demostraci\u00f3n f\u00e1cil de usar de Elfsight para generar f\u00e1cilmente su soluci\u00f3n individual.","og_url":"https:\/\/elfsight.com\/es\/website-translator-widget\/wordpress\/","og_site_name":"Elfsight ES","article_modified_time":"2025-10-27T12:26:44+00:00","twitter_card":"summary_large_image","twitter_misc":{"Tiempo de lectura":"2 minutos"},"schema":{"@context":"https:\/\/schema.org","@graph":[{"@type":"WebPage","@id":"https:\/\/elfsight.com\/es\/website-translator-widget\/wordpress\/","url":"https:\/\/elfsight.com\/es\/website-translator-widget\/wordpress\/","name":"Widget de traducci\u00f3n de sitios web: incrustar Quick Translator en WordPress","isPartOf":{"@id":"https:\/\/elfsight.com\/es\/#website"},"datePublished":"2024-09-30T18:27:29+00:00","dateModified":"2025-10-27T12:26:44+00:00","description":"Agregue un widget de traductor de sitios web sin c\u00f3digo a su sitio web de WordPress. Utilice la demostraci\u00f3n f\u00e1cil de usar de Elfsight para generar f\u00e1cilmente su soluci\u00f3n individual.","breadcrumb":{"@id":"https:\/\/elfsight.com\/es\/website-translator-widget\/wordpress\/#breadcrumb"},"inLanguage":"es","potentialAction":[{"@type":"ReadAction","target":["https:\/\/elfsight.com\/es\/website-translator-widget\/wordpress\/"]}]},{"@type":"BreadcrumbList","@id":"https:\/\/elfsight.com\/es\/website-translator-widget\/wordpress\/#breadcrumb","itemListElement":[{"@type":"ListItem","position":1,"name":"Home","item":"https:\/\/elfsight.com\/es\/"},{"@type":"ListItem","position":2,"name":"Website Translator","item":"https:\/\/elfsight.com\/es\/website-translator-widget\/"},{"@type":"ListItem","position":3,"name":"website translator wordpress"}]},{"@type":"WebSite","@id":"https:\/\/elfsight.com\/es\/#website","url":"https:\/\/elfsight.com\/es\/","name":"Elfsight ES","description":"Just another Elfsight Sites site","potentialAction":[{"@type":"SearchAction","target":{"@type":"EntryPoint","urlTemplate":"https:\/\/elfsight.com\/es\/?s={search_term_string}"},"query-input":{"@type":"PropertyValueSpecification","valueRequired":true,"valueName":"search_term_string"}}],"inLanguage":"es"}]}},"meta_box":{"industry":"","seo_heading":"","heading":"","description":"","cta_heading":"","cta_description":"","application":"16123","h1":"Complemento de traducci\u00f3n de sitios web de WordPress","h1_caption":"Traduzca autom\u00e1ticamente el contenido de su sitio web a varios idiomas, haci\u00e9ndolo accesible a una audiencia global en su sitio web de WordPress sin esfuerzo.","application_category":[],"applications_title":"","applications_request_title":"","applications_request_button_text":"","hero_text":"","hero_video":"","hero_video_schema_markup":"","selling_points_title":"","selling_points_caption":"","selling_points":[],"selling_points_cta_text":"","features_title":"","features":"","ed_cta_examples_text":"","ed_cta_examples_hidden":"","ed_cta_demo_text":"","ed_cta_demo_hidden":"","why_caption":"","why_editor_title":"","why_editor_text":"","why_team_title":"","why_team_text":"","why_service_title":"","why_service_text":"","template_catalog_visible":"0","template_catalog_title":"","template_catalog_text":"","template_catalog_categories_visible":"","demo_title":"Crea tu complemento de traducci\u00f3n de sitios web","demo_caption":"\u00a1Configure su traductor de sitios web y agr\u00e9guelo a su sitio web de WordPress gratis!","default_faq_hidden":"","app_template_category":[],"platform":"115","template_public_id":"","codecanyon_url":"","codecanyon_item_id":"","codecanyon_price":"","pricing_caption":"","pricing_elfsight_apps_hide_column":"","pricing_elfsight_apps_url":"","pricing_codecanyon_price_caption":"","integration_category":[],"integration_request_title":"","integration_request_cta":"","integration_platform":"","integrations":[],"platform_category":[],"video_schema_markup":"","price":"desde $0 \/ mes","trial":"","benefits":[{"text":"Asistencia de instalaci\u00f3n gratuita"},{"text":"Servicio al cliente profesional"},{"text":"Garant\u00eda de reembolso de 14 d\u00edas"},{"text":"Actualizaciones de por vida"}],"button_url":"#demo","button_target_blank":"0","button_nofollow":"0","attributes":[{"name":"Instalar","content":"50,000 - 100,000"},{"name":"Sensible","content":"S\u00ed"},{"name":"Navegadores compatibles","content":"Firefox, Safari, Opera, Chrome, Edge"}],"tags":[],"tags_disable_links":"0","hide_more_platforms":"0","video_object":"","demo_hide_cta":"0","demo_hide_cloud_options":"0","pricing_title":"","pricing":[{"pricing_icon":"platform","pricing_title":"Elfsight Apps","pricing_title_caption":"Software multiplataforma","pricing_price":"desde $0 \/ mes","pricing_price_caption":"comienza con un plan gratuito","pricing_benefits":[{"text":"Sitios web ilimitados"},{"text":"Soporte r\u00e1pido, puntual y bien documentado."},{"text":"Soporte de instalaci\u00f3n gratuito"},{"text":"100% personalizable"}],"pricing_button_text":"A\u00f1adir al sitio web","pricing_button_url":"#demo"}],"related_apps_title":"","related_apps_hidden":"0","author":"","image":[],"title":"","job":"","social_networks":[]},"_links":{"self":[{"href":"https:\/\/elfsight.com\/es\/wp-json\/wp\/v2\/pages\/17330","targetHints":{"allow":["GET"]}}],"collection":[{"href":"https:\/\/elfsight.com\/es\/wp-json\/wp\/v2\/pages"}],"about":[{"href":"https:\/\/elfsight.com\/es\/wp-json\/wp\/v2\/types\/page"}],"author":[{"embeddable":true,"href":"https:\/\/elfsight.com\/es\/wp-json\/wp\/v2\/users\/9"}],"replies":[{"embeddable":true,"href":"https:\/\/elfsight.com\/es\/wp-json\/wp\/v2\/comments?post=17330"}],"version-history":[{"count":2,"href":"https:\/\/elfsight.com\/es\/wp-json\/wp\/v2\/pages\/17330\/revisions"}],"predecessor-version":[{"id":19985,"href":"https:\/\/elfsight.com\/es\/wp-json\/wp\/v2\/pages\/17330\/revisions\/19985"}],"up":[{"embeddable":true,"href":"https:\/\/elfsight.com\/es\/wp-json\/wp\/v2\/pages\/16128"}],"wp:attachment":[{"href":"https:\/\/elfsight.com\/es\/wp-json\/wp\/v2\/media?parent=17330"}],"curies":[{"name":"wp","href":"https:\/\/api.w.org\/{rel}","templated":true}]}}