{"id":17324,"date":"2024-09-30T18:27:29","date_gmt":"2024-09-30T18:27:29","guid":{"rendered":"https:\/\/elfsight.com\/es\/?page_id=17324"},"modified":"2025-10-22T08:42:37","modified_gmt":"2025-10-22T08:42:37","slug":"wordpress","status":"publish","type":"page","link":"https:\/\/elfsight.com\/es\/appointment-booking-widget\/wordpress\/","title":{"rendered":"appointment booking  wordpress"},"content":{"rendered":"<div class=\"application-platform-content-item-description application-platform-content-item\" id=\"description\" data-nav-section=\"description\"><h2>\u00a1Incorpore la reserva de citas en WordPress con el complemento Elfsight!<\/h2> <p>El complemento de reserva de citas est\u00e1 a su servicio para ayudar a los patrocinadores potenciales. para asegurar espacios convenientemente en su sitio web de WordPress, minimizando el esfuerzo manual (como administrar constantemente mensajes, llamadas y correos electr\u00f3nicos) de su parte. Funciona como un asistente dedicado que trabaja las 24 horas del d\u00eda, los 7 d\u00edas de la semana, que env\u00eda notificaciones autom\u00e1ticas y se puede conectar con aplicaciones de subcontrataci\u00f3n, como Google Calendar.<\/p> <p>Es el momento perfecto para dar m\u00e1s detalles sobre su servicio u ocasi\u00f3n, detallar la duraci\u00f3n. , proporcionar informaci\u00f3n de contacto y establecer los precios para agilizar la toma de decisiones de los clientes. Adem\u00e1s, puedes elegir la apariencia del complemento modificando elementos y caracter\u00edsticas personalizados sin necesidad de perfeccionar tus conocimientos de programaci\u00f3n ni contratar a un desarrollador experto.<\/p> <p><b>Deja que tu negocio se mueva y est\u00e9 al alcance de un p\u00fablico m\u00e1s amplio. base de clientes a trav\u00e9s de reservas en l\u00ednea para citas en su sitio web.<\/b><\/p> <\/div> <div class=\"application-platform-content-item-features application-platform-content-item\" id=\"features\" data-nav-section=\"features\"> <h2>Estos son solo algunos de los valiosos widgets caracter\u00edsticas:<\/h2> <ul><li>Brinde una descripci\u00f3n general completa de su servicio (nombre, detalles, imagen y duraci\u00f3n) y organice los precios en diversas monedas.<\/li><li>Env\u00ede alertas autom\u00e1ticas para validar el franjas horarias programadas para los clientes y para usted mismo.<\/li><li>Sincronice el widget con integraciones de subcontrataci\u00f3n, como Google Calendar, para garantizar una relevancia continua.<\/li><li>Presente la informaci\u00f3n de contacto de su empresa como validaci\u00f3n social y permita que los usuarios lleguen salir en caso de imprevisto escenarios.<\/li><li>Opciones de personalizaci\u00f3n sencillas sin necesidad de escribir c\u00f3digo: plantillas listas para usar, colores, dise\u00f1os accesibles, fuentes, editor CSS personalizado, editor JS personalizado y m\u00e1s.<\/li><\/ul><p><a href=\"#demo\">Explore todas las configuraciones en una demostraci\u00f3n completamente funcional<\/a><\/p> <\/div> <div class=\"application-platform-content-item-installation application-platform-content-item\" id=\"installation\" data-nav-section=\"installation\"> <h2>\u00bfC\u00f3mo puedo \u00bfPuedo insertar la reserva de citas en mi sitio web de WordPress?<\/h2><div class=\"video-container\">\n<iframe width=\"720\" height=\"405\" src=\"https:\/\/www.youtube.com\/embed\/1qZPggNBo7c?si=0ARCD5SZ9dwd2fnC\" frameborder=\"0\" allowfullscreen=\"\"><\/iframe>\n<\/div> <p>Si desea agregar la reserva de citas a su sitio web de WordPress, haga lo siguiente:<\/p> <ol><li><b>Abra nuestro sitio web gratuito editor y comience a crear su propio widget de LinkedIn Feed.<\/b><br> Especifique el dise\u00f1o y las opciones preferibles del widget y guarde las modificaciones.<\/li> <li><b>Copia tu c\u00f3digo personal que se muestra en el cuadro de Aplicaciones de Elfsight.<\/b><br> Despu\u00e9s la creaci\u00f3n de su widget ha terminado, copie el c\u00f3digo personal en la ventana emergente que aparece y gu\u00e1rdelo para usarlo en el futuro.<\/li> <li><b>Comience a usar la herramienta en su sitio web de WordPress.<\/b><br> Ingrese el c\u00f3digo copiado recientemente en su sitio web y guarde las ediciones.<\/li> <li><b>La configuraci\u00f3n se realiz\u00f3 correctamente.<\/b><br> Vaya a su sitio web para comprobar el rendimiento del widget.<\/li>&gt;ol&gt; <p>En caso de que tenga alguna dificultad, no dude en buscar ayuda de nuestro personal de soporte. Nuestra gente estar\u00e1 encantada de ayudarle con todas las dificultades que pueda tener con el producto.<\/p> <\/div> ","protected":false},"excerpt":{"rendered":"","protected":false},"author":9,"featured_media":0,"parent":17030,"menu_order":0,"comment_status":"closed","ping_status":"closed","template":"templates\/template-application-platform.php","meta":{"publish_to_discourse":"","publish_post_category":"","wpdc_auto_publish_overridden":"","wpdc_topic_tags":"","wpdc_pin_topic":"","wpdc_pin_until":"","discourse_post_id":"","discourse_permalink":"","wpdc_publishing_response":"","wpdc_publishing_error":"","footnotes":""},"class_list":["post-17324","page","type-page","status-publish","hentry"],"yoast_head":"<!-- This site is optimized with the Yoast SEO plugin v25.3.1 - https:\/\/yoast.com\/wordpress\/plugins\/seo\/ -->\n<title>Complemento de reserva de citas de WordPress<\/title>\n<meta name=\"description\" content=\"Obtenga un complemento de reserva de WordPress gratis. Programe reuniones y mejore la reserva de eventos en su calendario con el complemento de reservas de WordPress.\" \/>\n<meta name=\"robots\" content=\"index, follow, max-snippet:-1, max-image-preview:large, max-video-preview:-1\" \/>\n<link rel=\"canonical\" href=\"https:\/\/elfsight.com\/es\/appointment-booking-widget\/wordpress\/\" \/>\n<meta property=\"og:locale\" content=\"es_ES\" \/>\n<meta property=\"og:type\" content=\"article\" \/>\n<meta property=\"og:title\" content=\"Complemento de reserva de citas de WordPress\" \/>\n<meta property=\"og:description\" content=\"Obtenga un complemento de reserva de WordPress gratis. Programe reuniones y mejore la reserva de eventos en su calendario con el complemento de reservas de WordPress.\" \/>\n<meta property=\"og:url\" content=\"https:\/\/elfsight.com\/es\/appointment-booking-widget\/wordpress\/\" \/>\n<meta property=\"og:site_name\" content=\"Elfsight ES\" \/>\n<meta property=\"article:modified_time\" content=\"2025-10-22T08:42:37+00:00\" \/>\n<meta name=\"twitter:card\" content=\"summary_large_image\" \/>\n<meta name=\"twitter:label1\" content=\"Tiempo de lectura\" \/>\n\t<meta name=\"twitter:data1\" content=\"3 minutos\" \/>\n<!-- \/ Yoast SEO plugin. -->","yoast_head_json":{"title":"Complemento de reserva de citas de WordPress","description":"Obtenga un complemento de reserva de WordPress gratis. Programe reuniones y mejore la reserva de eventos en su calendario con el complemento de reservas de WordPress.","robots":{"index":"index","follow":"follow","max-snippet":"max-snippet:-1","max-image-preview":"max-image-preview:large","max-video-preview":"max-video-preview:-1"},"canonical":"https:\/\/elfsight.com\/es\/appointment-booking-widget\/wordpress\/","og_locale":"es_ES","og_type":"article","og_title":"Complemento de reserva de citas de WordPress","og_description":"Obtenga un complemento de reserva de WordPress gratis. Programe reuniones y mejore la reserva de eventos en su calendario con el complemento de reservas de WordPress.","og_url":"https:\/\/elfsight.com\/es\/appointment-booking-widget\/wordpress\/","og_site_name":"Elfsight ES","article_modified_time":"2025-10-22T08:42:37+00:00","twitter_card":"summary_large_image","twitter_misc":{"Tiempo de lectura":"3 minutos"},"schema":{"@context":"https:\/\/schema.org","@graph":[{"@type":"WebPage","@id":"https:\/\/elfsight.com\/es\/appointment-booking-widget\/wordpress\/","url":"https:\/\/elfsight.com\/es\/appointment-booking-widget\/wordpress\/","name":"Complemento de reserva de citas de WordPress","isPartOf":{"@id":"https:\/\/elfsight.com\/es\/#website"},"datePublished":"2024-09-30T18:27:29+00:00","dateModified":"2025-10-22T08:42:37+00:00","description":"Obtenga un complemento de reserva de WordPress gratis. Programe reuniones y mejore la reserva de eventos en su calendario con el complemento de reservas de WordPress.","breadcrumb":{"@id":"https:\/\/elfsight.com\/es\/appointment-booking-widget\/wordpress\/#breadcrumb"},"inLanguage":"es","potentialAction":[{"@type":"ReadAction","target":["https:\/\/elfsight.com\/es\/appointment-booking-widget\/wordpress\/"]}]},{"@type":"BreadcrumbList","@id":"https:\/\/elfsight.com\/es\/appointment-booking-widget\/wordpress\/#breadcrumb","itemListElement":[{"@type":"ListItem","position":1,"name":"Home","item":"https:\/\/elfsight.com\/es\/"},{"@type":"ListItem","position":2,"name":"Appointment Booking","item":"https:\/\/elfsight.com\/es\/appointment-booking-widget\/"},{"@type":"ListItem","position":3,"name":"appointment booking wordpress"}]},{"@type":"WebSite","@id":"https:\/\/elfsight.com\/es\/#website","url":"https:\/\/elfsight.com\/es\/","name":"Elfsight ES","description":"Just another Elfsight Sites site","potentialAction":[{"@type":"SearchAction","target":{"@type":"EntryPoint","urlTemplate":"https:\/\/elfsight.com\/es\/?s={search_term_string}"},"query-input":{"@type":"PropertyValueSpecification","valueRequired":true,"valueName":"search_term_string"}}],"inLanguage":"es"}]}},"meta_box":{"industry":"","seo_heading":"","heading":"","description":"","cta_heading":"","cta_description":"","application":"17026","h1":"Complemento de reserva de citas de WordPress","h1_caption":"Permita a los usuarios programar citas f\u00e1cilmente directamente desde su sitio web de WordPress, mejorando la comodidad y agilizando el proceso de reserva.","application_category":[],"applications_title":"","applications_request_title":"","applications_request_button_text":"","hero_text":"","hero_video":"","hero_video_schema_markup":"","selling_points_title":"","selling_points_caption":"","selling_points":[],"selling_points_cta_text":"","features_title":"","features":"","ed_cta_examples_text":"","ed_cta_examples_hidden":"","ed_cta_demo_text":"","ed_cta_demo_hidden":"","why_caption":"","why_editor_title":"","why_editor_text":"","why_team_title":"","why_team_text":"","why_service_title":"","why_service_text":"","template_catalog_visible":"0","template_catalog_title":"","template_catalog_text":"","template_catalog_categories_visible":"","demo_title":"Crea tu complemento de reserva de citas","demo_caption":"\u00a1Configure su reserva de citas y agr\u00e9guela a su sitio web de WordPress de forma gratuita!","default_faq_hidden":"","app_template_category":[],"platform":"115","template_public_id":"","codecanyon_url":"","codecanyon_item_id":"","codecanyon_price":"","pricing_caption":"","pricing_elfsight_apps_hide_column":"","pricing_elfsight_apps_url":"","pricing_codecanyon_price_caption":"","integration_category":[],"integration_request_title":"","integration_request_cta":"","integration_platform":"","integrations":[],"platform_category":[],"video_schema_markup":"","price":"desde $0 \/ mes","trial":"","benefits":[{"text":"Ayuda de instalaci\u00f3n gratuita"},{"text":"Soporte excepcional"},{"text":"Garant\u00eda de devoluci\u00f3n de dinero de 14 d\u00edas"},{"text":"Desarrollo continuo"}],"button_url":"#demo","button_target_blank":"0","button_nofollow":"0","attributes":[{"name":"Instalaciones","content":"1,000 - 5,000"},{"name":"Sensible","content":"S\u00ed"},{"name":"Navegadores compatibles","content":"Firefox, Safari, Opera, Chrome, Edge"}],"tags":[],"tags_disable_links":"0","hide_more_platforms":"0","video_object":"","demo_hide_cta":"0","demo_hide_cloud_options":"0","pricing_title":"","pricing":[{"pricing_icon":"platform","pricing_title":"Elfsight Apps","pricing_title_caption":"Versi\u00f3n independiente de plataforma que se adapta a cualquier sitio web","pricing_price":"Desde $0 \/ mes","pricing_price_caption":"Comience con un plan gratuito","pricing_benefits":[{"text":"Sitios web ilimitados"},{"text":"Soporte 24 horas al d\u00eda, 7 d\u00edas a la semana, puntual y bien documentado."},{"text":"Soporte de instalaci\u00f3n gratuito"},{"text":"Totalmente personalizable"}],"pricing_button_text":"A\u00f1adir al sitio web","pricing_button_url":"#demo"}],"related_apps_title":"","related_apps_hidden":"0","author":"","image":[],"title":"","job":"","social_networks":[]},"_links":{"self":[{"href":"https:\/\/elfsight.com\/es\/wp-json\/wp\/v2\/pages\/17324","targetHints":{"allow":["GET"]}}],"collection":[{"href":"https:\/\/elfsight.com\/es\/wp-json\/wp\/v2\/pages"}],"about":[{"href":"https:\/\/elfsight.com\/es\/wp-json\/wp\/v2\/types\/page"}],"author":[{"embeddable":true,"href":"https:\/\/elfsight.com\/es\/wp-json\/wp\/v2\/users\/9"}],"replies":[{"embeddable":true,"href":"https:\/\/elfsight.com\/es\/wp-json\/wp\/v2\/comments?post=17324"}],"version-history":[{"count":2,"href":"https:\/\/elfsight.com\/es\/wp-json\/wp\/v2\/pages\/17324\/revisions"}],"predecessor-version":[{"id":19975,"href":"https:\/\/elfsight.com\/es\/wp-json\/wp\/v2\/pages\/17324\/revisions\/19975"}],"up":[{"embeddable":true,"href":"https:\/\/elfsight.com\/es\/wp-json\/wp\/v2\/pages\/17030"}],"wp:attachment":[{"href":"https:\/\/elfsight.com\/es\/wp-json\/wp\/v2\/media?parent=17324"}],"curies":[{"name":"wp","href":"https:\/\/api.w.org\/{rel}","templated":true}]}}