{"id":17317,"date":"2024-09-30T18:27:29","date_gmt":"2024-09-30T18:27:29","guid":{"rendered":"https:\/\/elfsight.com\/es\/?page_id=17317"},"modified":"2025-02-06T14:54:52","modified_gmt":"2025-02-06T14:54:52","slug":"webflow","status":"publish","type":"page","link":"https:\/\/elfsight.com\/es\/appointment-booking-widget\/webflow\/","title":{"rendered":"appointment booking  webflow"},"content":{"rendered":"<div class=\"application-platform-content-item-description application-platform-content-item\" id=\"description\" data-nav-section=\"description\"><h2>\u00a1Incorpore la reserva de citas en Webflow con el widget de Elfsight!<\/h2> <p>El widget de reserva de citas est\u00e1 a su servicio para ayudar a los clientes potenciales al reservar espacios c\u00f3modamente en su sitio web Webflow, minimizando el esfuerzo manual (como administrar constantemente mensajes, llamadas y correos electr\u00f3nicos) por su parte. Funciona como una recepcionista dedicada que trabaja las 24 horas del d\u00eda, los 7 d\u00edas de la semana, y tambi\u00e9n es capaz de enviar notificaciones autom\u00e1ticas y conectarse con aplicaciones de subcontrataci\u00f3n, como Google Calendar.<\/p> <p>Ahora es el momento ideal para contar m\u00e1s sobre tu servicio o evento, especifica el duraci\u00f3n, compartir datos de contacto y establecer el precio para facilitar el proceso de toma de decisiones de los clientes. Adem\u00e1s, personalice la est\u00e9tica visual del widget ajustando elementos y funciones personalizados sin necesidad de perfeccionar sus conocimientos de programaci\u00f3n ni contratar a un programador experto.<\/p> <p><b>Haga que su negocio florezca y sea accesible para un \u00a1Ampl\u00eda tu clientela al ofrecer reservas en l\u00ednea para citas en tu sitio web!<\/b><\/p> <\/div> <div class=\"application-platform-content-item-features application-platform-content-item\" id=\"features\" data-nav-section=\"features\"> <h2>Ofrecemos funciones valiosas y r\u00e1pidas, mira algunas de ellas:<\/h2> <ul><li>Entregue una descripci\u00f3n general completa de su servicio (nombre, detalles, imagen y duraci\u00f3n) y organice los precios en varias monedas.<\/li><li>Env\u00ede notificaciones autom\u00e1ticas para verificar las citas reservadas a los clientes y usted mismo.<\/li><li>Sincronice el widget con aplicaciones de terceros, como Google Calendar, para garantizar actualizaciones en tiempo real.<\/li><li>Comparta la informaci\u00f3n de contacto de su empresa para obtener credibilidad y permitir que los usuarios se comuniquen con usted en caso de situaciones imprevistas.<\/li><li>Personalizaci\u00f3n avanzada sin necesidad de codificar: plantillas, colores, dise\u00f1os, fuentes listas para usar, editor CSS personalizado, editor JS personalizado, etc.<\/li><\/ul><p><a href=\"#demo\">Simplemente pruebe esta demostraci\u00f3n para tener una idea completa<\/a><\/p> <\/div> <div class=\"application-platform-content-item-installation application-platform-content-item\" id=\"installation\" data-nav-section=\"installation\"> <h2>C\u00f3mo insertar \u00bfLa reserva de citas en mi sitio web Webflow?<\/h2> <p>Si desea incrustar la reserva de citas en su sitio web Webflow, siga estos pasos:<\/p> <ol><li><b>Administre nuestro configurador gratuito y comience a darle forma a su widget personalizado de LinkedIn Feed.<\/b><br> Elija la interfaz y la funcionalidad preferidas del complemento y guarde las modificaciones.<\/li> <li><b>Copia su c\u00f3digo personal que se muestra en el cuadro de Elfsight Apps .<\/b><br> Cuando finalice la configuraci\u00f3n de su widget personal, copie el c\u00f3digo individual del cuadro que aparece y gu\u00e1rdelo para usarlo posteriormente.<\/li> <li><b>Comience a usar la herramienta en su Sitio web de Webflow.<\/b><br> Implemente el c\u00f3digo que ha guardado anteriormente en su sitio web y aplique las correcciones.<\/li> <li><b>La configuraci\u00f3n est\u00e1 completamente realizada.<\/b><br> Ir a su sitio web para ver el funcionamiento del complemento.<\/li><\/ol> <p>En caso de enfrentar consultas o enfrentar cualquier dificultad, no dude en escribir a nuestro equipo de atenci\u00f3n al cliente. Nuestra gente est\u00e1 ansiosa por resolver todas las dificultades que puedas tener con la herramienta.<\/p> <\/div> ","protected":false},"excerpt":{"rendered":"","protected":false},"author":9,"featured_media":0,"parent":17030,"menu_order":0,"comment_status":"closed","ping_status":"closed","template":"templates\/template-application-platform.php","meta":{"publish_to_discourse":"","publish_post_category":"","wpdc_auto_publish_overridden":"","wpdc_topic_tags":"","wpdc_pin_topic":"","wpdc_pin_until":"","discourse_post_id":"","discourse_permalink":"","wpdc_publishing_response":"","wpdc_publishing_error":"","footnotes":""},"class_list":["post-17317","page","type-page","status-publish","hentry"],"yoast_head":"<!-- This site is optimized with the Yoast SEO plugin v25.3.1 - https:\/\/yoast.com\/wordpress\/plugins\/seo\/ -->\n<title>Widget de reserva de citas: integrar el sistema de reservas en Webflow<\/title>\n<meta name=\"description\" content=\"Agregue un calendario de reservas de Webflow sin codificaci\u00f3n y permita que los clientes reserven espacios. Mejore la planificaci\u00f3n con la reserva de citas de Webflow.\" \/>\n<meta name=\"robots\" content=\"index, follow, max-snippet:-1, max-image-preview:large, max-video-preview:-1\" \/>\n<link rel=\"canonical\" href=\"https:\/\/elfsight.com\/es\/appointment-booking-widget\/webflow\/\" \/>\n<meta property=\"og:locale\" content=\"es_ES\" \/>\n<meta property=\"og:type\" content=\"article\" \/>\n<meta property=\"og:title\" content=\"Widget de reserva de citas: integrar el sistema de reservas en Webflow\" \/>\n<meta property=\"og:description\" content=\"Agregue un calendario de reservas de Webflow sin codificaci\u00f3n y permita que los clientes reserven espacios. Mejore la planificaci\u00f3n con la reserva de citas de Webflow.\" \/>\n<meta property=\"og:url\" content=\"https:\/\/elfsight.com\/es\/appointment-booking-widget\/webflow\/\" \/>\n<meta property=\"og:site_name\" content=\"Elfsight ES\" \/>\n<meta property=\"article:modified_time\" content=\"2025-02-06T14:54:52+00:00\" \/>\n<meta name=\"twitter:card\" content=\"summary_large_image\" \/>\n<meta name=\"twitter:label1\" content=\"Tiempo de lectura\" \/>\n\t<meta name=\"twitter:data1\" content=\"3 minutos\" \/>\n<!-- \/ Yoast SEO plugin. -->","yoast_head_json":{"title":"Widget de reserva de citas: integrar el sistema de reservas en Webflow","description":"Agregue un calendario de reservas de Webflow sin codificaci\u00f3n y permita que los clientes reserven espacios. Mejore la planificaci\u00f3n con la reserva de citas de Webflow.","robots":{"index":"index","follow":"follow","max-snippet":"max-snippet:-1","max-image-preview":"max-image-preview:large","max-video-preview":"max-video-preview:-1"},"canonical":"https:\/\/elfsight.com\/es\/appointment-booking-widget\/webflow\/","og_locale":"es_ES","og_type":"article","og_title":"Widget de reserva de citas: integrar el sistema de reservas en Webflow","og_description":"Agregue un calendario de reservas de Webflow sin codificaci\u00f3n y permita que los clientes reserven espacios. Mejore la planificaci\u00f3n con la reserva de citas de Webflow.","og_url":"https:\/\/elfsight.com\/es\/appointment-booking-widget\/webflow\/","og_site_name":"Elfsight ES","article_modified_time":"2025-02-06T14:54:52+00:00","twitter_card":"summary_large_image","twitter_misc":{"Tiempo de lectura":"3 minutos"},"schema":{"@context":"https:\/\/schema.org","@graph":[{"@type":"WebPage","@id":"https:\/\/elfsight.com\/es\/appointment-booking-widget\/webflow\/","url":"https:\/\/elfsight.com\/es\/appointment-booking-widget\/webflow\/","name":"Widget de reserva de citas: integrar el sistema de reservas en Webflow","isPartOf":{"@id":"https:\/\/elfsight.com\/es\/#website"},"datePublished":"2024-09-30T18:27:29+00:00","dateModified":"2025-02-06T14:54:52+00:00","description":"Agregue un calendario de reservas de Webflow sin codificaci\u00f3n y permita que los clientes reserven espacios. Mejore la planificaci\u00f3n con la reserva de citas de Webflow.","breadcrumb":{"@id":"https:\/\/elfsight.com\/es\/appointment-booking-widget\/webflow\/#breadcrumb"},"inLanguage":"es","potentialAction":[{"@type":"ReadAction","target":["https:\/\/elfsight.com\/es\/appointment-booking-widget\/webflow\/"]}]},{"@type":"BreadcrumbList","@id":"https:\/\/elfsight.com\/es\/appointment-booking-widget\/webflow\/#breadcrumb","itemListElement":[{"@type":"ListItem","position":1,"name":"Home","item":"https:\/\/elfsight.com\/es\/"},{"@type":"ListItem","position":2,"name":"Appointment Booking","item":"https:\/\/elfsight.com\/es\/appointment-booking-widget\/"},{"@type":"ListItem","position":3,"name":"appointment booking webflow"}]},{"@type":"WebSite","@id":"https:\/\/elfsight.com\/es\/#website","url":"https:\/\/elfsight.com\/es\/","name":"Elfsight ES","description":"Just another Elfsight Sites site","potentialAction":[{"@type":"SearchAction","target":{"@type":"EntryPoint","urlTemplate":"https:\/\/elfsight.com\/es\/?s={search_term_string}"},"query-input":{"@type":"PropertyValueSpecification","valueRequired":true,"valueName":"search_term_string"}}],"inLanguage":"es"}]}},"meta_box":{"industry":"","seo_heading":"","heading":"","description":"","cta_heading":"","cta_description":"","application":"17026","h1":"Widget de reserva de citas de flujo web","h1_caption":"Permita a los usuarios programar citas f\u00e1cilmente directamente desde su sitio web Webflow, mejorando la comodidad y agilizando el proceso de reserva.","application_category":[],"applications_title":"","applications_request_title":"","applications_request_button_text":"","hero_text":"","hero_video":"","hero_video_schema_markup":"","selling_points_title":"","selling_points_caption":"","selling_points":[],"selling_points_cta_text":"","features_title":"","features":"","ed_cta_examples_text":"","ed_cta_examples_hidden":"","ed_cta_demo_text":"","ed_cta_demo_hidden":"","why_caption":"","why_editor_title":"","why_editor_text":"","why_team_title":"","why_team_text":"","why_service_title":"","why_service_text":"","template_catalog_visible":"","template_catalog_title":"","template_catalog_text":"","template_catalog_categories_visible":"","demo_title":"Crea tu widget de reserva de citas","demo_caption":"\u00a1Configura tu reserva de citas y agr\u00e9gala a tu sitio web Webflow gratis!","default_faq_hidden":"","app_template_category":[],"platform":"106","template_public_id":"","codecanyon_url":"","codecanyon_item_id":"","codecanyon_price":"","pricing_caption":"","pricing_elfsight_apps_hide_column":"","pricing_elfsight_apps_url":"","pricing_codecanyon_price_caption":"","integration_category":[],"integration_request_title":"","integration_request_cta":"","integration_platform":"","integrations":[],"platform_category":[],"video_schema_markup":"","price":"desde $0 \/ mes","trial":"","benefits":[{"text":"Ayuda de instalaci\u00f3n gratuita"},{"text":"Servicio al cliente competente"},{"text":"Garant\u00eda de devoluci\u00f3n de dinero de 14 d\u00edas"},{"text":"Actualizando constantemente"}],"button_url":"#demo","button_target_blank":"","button_nofollow":"","attributes":[{"name":"Instalaciones","content":"1,000 - 5,000"},{"name":"Sensible","content":"S\u00ed"},{"name":"Navegadores compatibles","content":"Firefox, Safari, Opera, Chrome, Edge"}],"tags":[],"tags_disable_links":"","hide_more_platforms":"","video_object":"","demo_hide_cta":"","demo_hide_cloud_options":"","pricing_title":"","pricing":[{"pricing_icon":"platform","pricing_title":"Elfsight Apps","pricing_title_caption":"Software multiplataforma que funciona en cualquier sitio web","pricing_price":"Desde $0 \/ mes","pricing_price_caption":"Comience con un plan gratuito","pricing_benefits":[{"text":"Sitios web ilimitados"},{"text":"Soporte profesional de la empresa"},{"text":"Ayuda de instalaci\u00f3n gratuita"},{"text":"100% personalizable"}],"pricing_button_text":"A\u00f1adir al sitio web","pricing_button_url":"#demo"}],"related_apps_title":"","related_apps_hidden":"","author":"","image":[],"title":"","job":"","social_networks":[]},"_links":{"self":[{"href":"https:\/\/elfsight.com\/es\/wp-json\/wp\/v2\/pages\/17317","targetHints":{"allow":["GET"]}}],"collection":[{"href":"https:\/\/elfsight.com\/es\/wp-json\/wp\/v2\/pages"}],"about":[{"href":"https:\/\/elfsight.com\/es\/wp-json\/wp\/v2\/types\/page"}],"author":[{"embeddable":true,"href":"https:\/\/elfsight.com\/es\/wp-json\/wp\/v2\/users\/9"}],"replies":[{"embeddable":true,"href":"https:\/\/elfsight.com\/es\/wp-json\/wp\/v2\/comments?post=17317"}],"version-history":[{"count":1,"href":"https:\/\/elfsight.com\/es\/wp-json\/wp\/v2\/pages\/17317\/revisions"}],"predecessor-version":[{"id":17321,"href":"https:\/\/elfsight.com\/es\/wp-json\/wp\/v2\/pages\/17317\/revisions\/17321"}],"up":[{"embeddable":true,"href":"https:\/\/elfsight.com\/es\/wp-json\/wp\/v2\/pages\/17030"}],"wp:attachment":[{"href":"https:\/\/elfsight.com\/es\/wp-json\/wp\/v2\/media?parent=17317"}],"curies":[{"name":"wp","href":"https:\/\/api.w.org\/{rel}","templated":true}]}}