{"id":17315,"date":"2024-09-30T18:27:29","date_gmt":"2024-09-30T18:27:29","guid":{"rendered":"https:\/\/elfsight.com\/es\/?page_id=17315"},"modified":"2025-02-06T14:55:00","modified_gmt":"2025-02-06T14:55:00","slug":"elementor","status":"publish","type":"page","link":"https:\/\/elfsight.com\/es\/spinning-wheel-widget\/elementor\/","title":{"rendered":"spinning wheel  elementor"},"content":{"rendered":"<div class=\"application-platform-content-item-description application-platform-content-item\" id=\"description\" data-nav-section=\"description\"><h2>Integre una rueca con el complemento Elfsight<\/h2> <p>\u00a1Agregue una rueca emocionante e interactiva a su sitio web! Personalice hasta 10 premios con contenido personalizado, im\u00e1genes, c\u00f3digos promocionales exclusivos y llamadas a la acci\u00f3n. Recopile correos electr\u00f3nicos antes de que los visitantes giren, env\u00ede notificaciones autom\u00e1ticas a los ganadores, reciba actualizaciones en tiempo real y controle las probabilidades de ganar cada premio. Optimice la visualizaci\u00f3n con activadores inteligentes y orientaci\u00f3n espec\u00edfica del dispositivo. El complemento admite m\u00e1s de 70 idiomas y responde completamente. Tambi\u00e9n puede personalizar su apariencia y funcionalidad utilizando CSS y JavaScript personalizados.<\/p> <p><b>\u00a1Aumente la participaci\u00f3n del usuario y mejore las conversiones ofreciendo recompensas atractivas a los visitantes de su sitio!<\/b><\/p> [\/application_platform_content_item ] <div class=\"application-platform-content-item-features application-platform-content-item\" id=\"features\" data-nav-section=\"features\"><\/div> <h2>Caracter\u00edsticas principales del complemento Spinning Wheel para Elementor<\/h2> <p>Aqu\u00ed hay una descripci\u00f3n detallada de las caracter\u00edsticas del complemento Spinning Wheel dise\u00f1adas espec\u00edficamente para Elementor. Estas opciones est\u00e1n disponibles en el editor para ayudarle a configurar el complemento para que se adapte a sus necesidades espec\u00edficas.<\/p> <ul> <li>Agregue hasta 10 premios \u00fanicos a la rueca interactiva.<\/li> <li>Contenido personalizado para cada premio.<\/li> <li>Cada premio puede tener su propio c\u00f3digo promocional exclusivo.<\/li> <li>Bot\u00f3n de acci\u00f3n dedicado para cada premio.<\/li> <li>Opci\u00f3n para recopilar los correos electr\u00f3nicos de los usuarios antes de girar la rueda.<\/li> <\/ul> <p>Este complemento es ideal para usuarios de Elementor que desean agregar elementos interactivos a su sitio.<\/p> <p><a href=\"#demo\">Explore todas las funciones adicionales en la demostraci\u00f3n<\/a><\/p> <\/div> <div class=\"application-platform-content-item-installation application-platform-content-item\" id=\"installation\" data-nav-section=\"installation\"> <h2>\u00bfC\u00f3mo incorporo Spinning Wheel en mi sitio Elementor?<\/h2> <p>Para instalar el complemento en su sitio web basado en Elementor, siga estos sencillos pasos:<\/p> <ul> <li><b>Cree su complemento Spinning Wheel personalizado<\/b><br> Utilice nuestra demostraci\u00f3n gratuita para dise\u00f1ar el complemento con su estilo y caracter\u00edsticas preferidas.<\/li> <li> <b>Copia el c\u00f3digo \u00fanico para integrar el complemento<\/b><br> Despu\u00e9s de configurar tu complemento, recibir\u00e1s un c\u00f3digo \u00fanico en la ventana emergente de Elfsight Apps. Guarde este c\u00f3digo para usarlo en el futuro.<\/li> <li><b>Agregue el complemento Spinning Wheel a su sitio Elementor<\/b><br> Navegue hasta la secci\u00f3n donde desea insertar el complemento, pegue el c\u00f3digo copiado y y aplique los cambios.<\/li> <li><b>\u00a1El complemento se incorpor\u00f3 correctamente!<\/b><br> Visite su sitio con Elementor para ver el complemento en acci\u00f3n.<\/li> <\/ul> <p> Si necesita ayuda o tiene preguntas, no dude en ponerse en contacto con nuestro equipo de soporte. Siempre estaremos encantados de ayudar, especialmente para los usuarios de Elementor.<\/p> <div class=\"faq\" data-component=\"FAQ\"> <div class=\"faq-item\">\r\n\t\t\t\t\t<div class=\"faq-item-question\">\r\n\t\t\t\t\t\t<h3 class=\"faq-item-question-text\">\u00bfC\u00f3mo puedo agregar la rueda giratoria a mi sitio web de Elementor sin experiencia en codificaci\u00f3n?<\/h3>\r\n\r\n\t\t\t\t\t\t<div class=\"faq-item-question-icon\"><\/div>\r\n\t\t\t\t\t<\/div>\r\n\r\n\t\t\t\t\t<div class=\"faq-item-answer\">\r\n\t\t\t\t\t\t<div class=\"faq-item-answer-text\"> <p>Elfsight ofrece una plataforma SaaS que le permite crear un complemento Spinning Wheel sin necesidad de conocimientos de codificaci\u00f3n. Utilice el editor en l\u00ednea para configurar su complemento. Elija una plantilla, ajuste la configuraci\u00f3n, agregue su contenido y personalice el dise\u00f1o y los colores. Una vez hecho esto, guarde el complemento y copie el c\u00f3digo de instalaci\u00f3n para incrustarlo en su sitio Elementor. No se requiere suscripci\u00f3n ni tarjeta de cr\u00e9dito para utilizar el servicio. Si tiene alg\u00fan problema, nuestro equipo de soporte t\u00e9cnico siempre est\u00e1 disponible para ayudarlo.<\/p> <\/div>\r\n\t\t\t\t\t<\/div>\r\n\t\t\t\t<\/div> <\/div> <\/div> ","protected":false},"excerpt":{"rendered":"","protected":false},"author":9,"featured_media":0,"parent":16130,"menu_order":0,"comment_status":"closed","ping_status":"closed","template":"templates\/template-application-platform.php","meta":{"publish_to_discourse":"","publish_post_category":"","wpdc_auto_publish_overridden":"","wpdc_topic_tags":"","wpdc_pin_topic":"","wpdc_pin_until":"","discourse_post_id":"","discourse_permalink":"","wpdc_publishing_response":"","wpdc_publishing_error":"","footnotes":""},"class_list":["post-17315","page","type-page","status-publish","hentry"],"yoast_head":"<!-- This site is optimized with the Yoast SEO plugin v25.3.1 - https:\/\/yoast.com\/wordpress\/plugins\/seo\/ -->\n<title>Widget de rueda giratoria: insertar Luck Spin en el sitio web [GRATIS]<\/title>\n<meta name=\"description\" content=\"Incorpore una rueca interactiva en el sitio de Elementor. Vea todas las funciones del complemento Elementor Spinning Wheel que puede agregar al sitio web.\" \/>\n<meta name=\"robots\" content=\"index, follow, max-snippet:-1, max-image-preview:large, max-video-preview:-1\" \/>\n<link rel=\"canonical\" href=\"https:\/\/elfsight.com\/es\/spinning-wheel-widget\/elementor\/\" \/>\n<meta property=\"og:locale\" content=\"es_ES\" \/>\n<meta property=\"og:type\" content=\"article\" \/>\n<meta property=\"og:title\" content=\"Widget de rueda giratoria: insertar Luck Spin en el sitio web [GRATIS]\" \/>\n<meta property=\"og:description\" content=\"Incorpore una rueca interactiva en el sitio de Elementor. Vea todas las funciones del complemento Elementor Spinning Wheel que puede agregar al sitio web.\" \/>\n<meta property=\"og:url\" content=\"https:\/\/elfsight.com\/es\/spinning-wheel-widget\/elementor\/\" \/>\n<meta property=\"og:site_name\" content=\"Elfsight ES\" \/>\n<meta property=\"article:modified_time\" content=\"2025-02-06T14:55:00+00:00\" \/>\n<meta name=\"twitter:card\" content=\"summary_large_image\" \/>\n<meta name=\"twitter:label1\" content=\"Tiempo de lectura\" \/>\n\t<meta name=\"twitter:data1\" content=\"3 minutos\" \/>\n<!-- \/ Yoast SEO plugin. -->","yoast_head_json":{"title":"Widget de rueda giratoria: insertar Luck Spin en el sitio web [GRATIS]","description":"Incorpore una rueca interactiva en el sitio de Elementor. Vea todas las funciones del complemento Elementor Spinning Wheel que puede agregar al sitio web.","robots":{"index":"index","follow":"follow","max-snippet":"max-snippet:-1","max-image-preview":"max-image-preview:large","max-video-preview":"max-video-preview:-1"},"canonical":"https:\/\/elfsight.com\/es\/spinning-wheel-widget\/elementor\/","og_locale":"es_ES","og_type":"article","og_title":"Widget de rueda giratoria: insertar Luck Spin en el sitio web [GRATIS]","og_description":"Incorpore una rueca interactiva en el sitio de Elementor. Vea todas las funciones del complemento Elementor Spinning Wheel que puede agregar al sitio web.","og_url":"https:\/\/elfsight.com\/es\/spinning-wheel-widget\/elementor\/","og_site_name":"Elfsight ES","article_modified_time":"2025-02-06T14:55:00+00:00","twitter_card":"summary_large_image","twitter_misc":{"Tiempo de lectura":"3 minutos"},"schema":{"@context":"https:\/\/schema.org","@graph":[{"@type":"WebPage","@id":"https:\/\/elfsight.com\/es\/spinning-wheel-widget\/elementor\/","url":"https:\/\/elfsight.com\/es\/spinning-wheel-widget\/elementor\/","name":"Widget de rueda giratoria: insertar Luck Spin en el sitio web [GRATIS]","isPartOf":{"@id":"https:\/\/elfsight.com\/es\/#website"},"datePublished":"2024-09-30T18:27:29+00:00","dateModified":"2025-02-06T14:55:00+00:00","description":"Incorpore una rueca interactiva en el sitio de Elementor. Vea todas las funciones del complemento Elementor Spinning Wheel que puede agregar al sitio web.","breadcrumb":{"@id":"https:\/\/elfsight.com\/es\/spinning-wheel-widget\/elementor\/#breadcrumb"},"inLanguage":"es","potentialAction":[{"@type":"ReadAction","target":["https:\/\/elfsight.com\/es\/spinning-wheel-widget\/elementor\/"]}]},{"@type":"BreadcrumbList","@id":"https:\/\/elfsight.com\/es\/spinning-wheel-widget\/elementor\/#breadcrumb","itemListElement":[{"@type":"ListItem","position":1,"name":"Home","item":"https:\/\/elfsight.com\/es\/"},{"@type":"ListItem","position":2,"name":"Spinning Wheel","item":"https:\/\/elfsight.com\/es\/spinning-wheel-widget\/"},{"@type":"ListItem","position":3,"name":"spinning wheel elementor"}]},{"@type":"WebSite","@id":"https:\/\/elfsight.com\/es\/#website","url":"https:\/\/elfsight.com\/es\/","name":"Elfsight ES","description":"Just another Elfsight Sites site","potentialAction":[{"@type":"SearchAction","target":{"@type":"EntryPoint","urlTemplate":"https:\/\/elfsight.com\/es\/?s={search_term_string}"},"query-input":{"@type":"PropertyValueSpecification","valueRequired":true,"valueName":"search_term_string"}}],"inLanguage":"es"}]}},"meta_box":{"industry":"","seo_heading":"","heading":"","description":"","cta_heading":"","cta_description":"","application":"16125","h1":"Complemento de rueda giratoria para Elementor","h1_caption":"Aumente la participaci\u00f3n y aumente las conversiones con una divertida rueda giratoria para Elementor que ofrece a los visitantes la oportunidad de ganar descuentos, recompensas u otros incentivos.","application_category":[],"applications_title":"","applications_request_title":"","applications_request_button_text":"","hero_text":"","hero_video":"","hero_video_schema_markup":"","selling_points_title":"","selling_points_caption":"","selling_points":[],"selling_points_cta_text":"","features_title":"","features":"","ed_cta_examples_text":"","ed_cta_examples_hidden":"","ed_cta_demo_text":"","ed_cta_demo_hidden":"","why_caption":"","why_editor_title":"","why_editor_text":"","why_team_title":"","why_team_text":"","why_service_title":"","why_service_text":"","template_catalog_visible":"","template_catalog_title":"","template_catalog_text":"","template_catalog_categories_visible":"","demo_title":"Crea tu widget de rueda giratoria","demo_caption":"\u00a1Configure su rueda giratoria y agr\u00e9guela a su sitio web de Elementor gratis!","default_faq_hidden":"","app_template_category":[],"platform":"58","template_public_id":"","codecanyon_url":"","codecanyon_item_id":"","codecanyon_price":"","pricing_caption":"","pricing_elfsight_apps_hide_column":"","pricing_elfsight_apps_url":"","pricing_codecanyon_price_caption":"","integration_category":[],"integration_request_title":"","integration_request_cta":"","integration_platform":"","integrations":[],"platform_category":[],"video_schema_markup":"","price":"desde $0 \/ mes","trial":"","benefits":[{"text":"Asistencia de instalaci\u00f3n gratuita"},{"text":"Soporte premium"},{"text":"Garant\u00eda de devoluci\u00f3n de dinero de 14 d\u00edas"},{"text":"Mejoras continuas y gratuitas"}],"button_url":"#demo","button_target_blank":"","button_nofollow":"","attributes":[{"name":"Instalaciones","content":"1,000 - 5,000"},{"name":"Sensible","content":"S\u00ed"},{"name":"Navegadores compatibles","content":"IE11, Firefox, Safari, Opera, Chrome, Edge"}],"tags":[],"tags_disable_links":"","hide_more_platforms":"","video_object":"","demo_hide_cta":"","demo_hide_cloud_options":"","pricing_title":"","pricing":[{"pricing_icon":"platform","pricing_title":"Elfsight Apps","pricing_title_caption":"Soluci\u00f3n independiente de plataforma que funciona en cualquier sitio web","pricing_price":"desde $0 \/ mes","pricing_price_caption":"comienza con el plan gratuito","pricing_benefits":[{"text":"Dominios ilimitados"},{"text":"Soporte premium"},{"text":"Ayuda de instalaci\u00f3n gratuita"},{"text":"Precio especial para m\u00faltiples aplicaciones."}],"pricing_button_text":"A\u00f1adir al sitio web","pricing_button_url":"#demo"}],"related_apps_title":"","related_apps_hidden":"","author":"","image":[],"title":"","job":"","social_networks":[]},"_links":{"self":[{"href":"https:\/\/elfsight.com\/es\/wp-json\/wp\/v2\/pages\/17315","targetHints":{"allow":["GET"]}}],"collection":[{"href":"https:\/\/elfsight.com\/es\/wp-json\/wp\/v2\/pages"}],"about":[{"href":"https:\/\/elfsight.com\/es\/wp-json\/wp\/v2\/types\/page"}],"author":[{"embeddable":true,"href":"https:\/\/elfsight.com\/es\/wp-json\/wp\/v2\/users\/9"}],"replies":[{"embeddable":true,"href":"https:\/\/elfsight.com\/es\/wp-json\/wp\/v2\/comments?post=17315"}],"version-history":[{"count":1,"href":"https:\/\/elfsight.com\/es\/wp-json\/wp\/v2\/pages\/17315\/revisions"}],"predecessor-version":[{"id":17319,"href":"https:\/\/elfsight.com\/es\/wp-json\/wp\/v2\/pages\/17315\/revisions\/17319"}],"up":[{"embeddable":true,"href":"https:\/\/elfsight.com\/es\/wp-json\/wp\/v2\/pages\/16130"}],"wp:attachment":[{"href":"https:\/\/elfsight.com\/es\/wp-json\/wp\/v2\/media?parent=17315"}],"curies":[{"name":"wp","href":"https:\/\/api.w.org\/{rel}","templated":true}]}}