{"id":17314,"date":"2024-09-30T18:27:29","date_gmt":"2024-09-30T18:27:29","guid":{"rendered":"https:\/\/elfsight.com\/es\/?page_id=17314"},"modified":"2025-02-06T14:55:00","modified_gmt":"2025-02-06T14:55:00","slug":"elementor","status":"publish","type":"page","link":"https:\/\/elfsight.com\/es\/appointment-booking-widget\/elementor\/","title":{"rendered":"appointment booking  elementor"},"content":{"rendered":"<div class=\"application-platform-content-item-description application-platform-content-item\" id=\"description\" data-nav-section=\"description\"><h2>\u00a1Incorpore la reserva de citas en Elementor con el widget de Elfsight!<\/h2> <p>El widget de reserva de citas est\u00e1 disponible para ayudar a los posibles usuarios a asegurar espacios directamente en su sitio web de Elementor, minimizando el esfuerzo manual (como monitorear constantemente mensajes, llamadas y correos electr\u00f3nicos) de su parte. Piense en ello como si tuviera una recepcionista dedicada disponible las 24 horas del d\u00eda que env\u00eda alertas autom\u00e1ticas y puede conectarse con aplicaciones de subcontrataci\u00f3n, como Google Calendar.<\/p> <p>Es la oportunidad ideal para desarrollar m\u00e1s su servicio u ocasi\u00f3n, defina la duraci\u00f3n, proporcionar informaci\u00f3n de contacto y establecer el precio para agilizar el proceso de toma de decisiones de los clientes. Adem\u00e1s, puedes elegir la apariencia del widget modificando elementos y funciones personalizados sin necesidad de dominar la programaci\u00f3n ni contratar a un desarrollador.<\/p> <p><b>Aumente la visibilidad de tu negocio y est\u00e9 disponible para una base de clientes m\u00e1s amplia. \u00a1mediante reservas online para citas en tu sitio web!<\/b><\/p> <\/div> <div class=\"application-platform-content-item-features application-platform-content-item\" id=\"features\" data-nav-section=\"features\"> <h2>Explora la lista de los m\u00e1s poderosos caracter\u00edsticas:<\/h2> <ul><li>Ofrece una explicaci\u00f3n precisa de tu servicio (nombre, detalles, imagen y duraci\u00f3n) y organiza los precios en diferentes monedas.<\/li><li>Env\u00eda notificaciones autom\u00e1ticas para confirmar el espacios reservados para los clientes y para usted mismo.<\/li><li>Sincronice el widget con servicios de subcontrataci\u00f3n, como Google Calendar, para mantener actualizaciones continuas.<\/li><li>Muestre los datos de contacto de su empresa como validaci\u00f3n social y permita a los usuarios comunicarse en caso de imprevisto situaciones.<\/li><li>Personalizaci\u00f3n sin c\u00f3digo con configuraciones de dise\u00f1o avanzadas: plantillas predise\u00f1adas, colores, dise\u00f1os elegantes, fuentes, editor CSS personalizado, editor JS personalizado, etc.<\/li><\/ul><p><a href=\"#demo\">Puedes explorar c\u00f3mo funciona el widget probando la demostraci\u00f3n<\/a><\/p> <\/div> <div class=\"application-platform-content-item-installation application-platform-content-item\" id=\"installation\" data-nav-section=\"installation\"> <h2>\u00bfC\u00f3mo \u00bfAgrego la reserva de citas a mi sitio web de Elementor?<\/h2> <p>Para incrustar la reserva de citas en su sitio web de Elementor, siga estos pasos a continuaci\u00f3n:<\/p> <ol><li><b>Inicie nuestra demostraci\u00f3n gratuita y comience a crear su complemento exclusivo de LinkedIn Feed.<\/b><br> Determine el dise\u00f1o personalizado y la funcionalidad del widget y guarde las ediciones.<\/li> <li><b>Obtenga el c\u00f3digo \u00fanico que aparece en el formulario especial en Elfsight Aplicaciones.<\/b><br> Cu\u00e1ndo La personalizaci\u00f3n de su herramienta personal ha finalizado, copie el c\u00f3digo exclusivo en la ventana que aparece y gu\u00e1rdelo para usarlo m\u00e1s adelante.<\/li> <li><b>Ingrese al uso del widget en su sitio web Elementor.<\/b><br> Inserta el c\u00f3digo copiado recientemente en tu sitio web y guarda las ediciones.<\/li> <li><b>\u00a1Ya terminaste! La incrustaci\u00f3n est\u00e1 completamente realizada.<\/b><br> Vaya a su sitio web para examinar el rendimiento del widget.<\/li><\/ol> <p>Si experimenta algunos problemas, no dude en solicitar nuestro personal de apoyo. Nuestros consultores est\u00e1n deseando ayudarte con todas las dudas que puedas tener con el widget.<\/p> <\/div> ","protected":false},"excerpt":{"rendered":"","protected":false},"author":9,"featured_media":0,"parent":17030,"menu_order":0,"comment_status":"closed","ping_status":"closed","template":"templates\/template-application-platform.php","meta":{"publish_to_discourse":"","publish_post_category":"","wpdc_auto_publish_overridden":"","wpdc_topic_tags":"","wpdc_pin_topic":"","wpdc_pin_until":"","discourse_post_id":"","discourse_permalink":"","wpdc_publishing_response":"","wpdc_publishing_error":"","footnotes":""},"class_list":["post-17314","page","type-page","status-publish","hentry"],"yoast_head":"<!-- This site is optimized with the Yoast SEO plugin v25.3.1 - https:\/\/yoast.com\/wordpress\/plugins\/seo\/ -->\n<title>Complemento de reserva de Elementor: agregar reserva de citas en Elementor<\/title>\n<meta name=\"description\" content=\"\u00a1Agregue un complemento de reserva de Elementor y permita que los clientes reserven espacios con solo unos pocos clics! Mejore la programaci\u00f3n con el sistema de reservas Elementor.\" \/>\n<meta name=\"robots\" content=\"index, follow, max-snippet:-1, max-image-preview:large, max-video-preview:-1\" \/>\n<link rel=\"canonical\" href=\"https:\/\/elfsight.com\/es\/appointment-booking-widget\/elementor\/\" \/>\n<meta property=\"og:locale\" content=\"es_ES\" \/>\n<meta property=\"og:type\" content=\"article\" \/>\n<meta property=\"og:title\" content=\"Complemento de reserva de Elementor: agregar reserva de citas en Elementor\" \/>\n<meta property=\"og:description\" content=\"\u00a1Agregue un complemento de reserva de Elementor y permita que los clientes reserven espacios con solo unos pocos clics! Mejore la programaci\u00f3n con el sistema de reservas Elementor.\" \/>\n<meta property=\"og:url\" content=\"https:\/\/elfsight.com\/es\/appointment-booking-widget\/elementor\/\" \/>\n<meta property=\"og:site_name\" content=\"Elfsight ES\" \/>\n<meta property=\"article:modified_time\" content=\"2025-02-06T14:55:00+00:00\" \/>\n<meta name=\"twitter:card\" content=\"summary_large_image\" \/>\n<meta name=\"twitter:label1\" content=\"Tiempo de lectura\" \/>\n\t<meta name=\"twitter:data1\" content=\"2 minutos\" \/>\n<!-- \/ Yoast SEO plugin. -->","yoast_head_json":{"title":"Complemento de reserva de Elementor: agregar reserva de citas en Elementor","description":"\u00a1Agregue un complemento de reserva de Elementor y permita que los clientes reserven espacios con solo unos pocos clics! Mejore la programaci\u00f3n con el sistema de reservas Elementor.","robots":{"index":"index","follow":"follow","max-snippet":"max-snippet:-1","max-image-preview":"max-image-preview:large","max-video-preview":"max-video-preview:-1"},"canonical":"https:\/\/elfsight.com\/es\/appointment-booking-widget\/elementor\/","og_locale":"es_ES","og_type":"article","og_title":"Complemento de reserva de Elementor: agregar reserva de citas en Elementor","og_description":"\u00a1Agregue un complemento de reserva de Elementor y permita que los clientes reserven espacios con solo unos pocos clics! Mejore la programaci\u00f3n con el sistema de reservas Elementor.","og_url":"https:\/\/elfsight.com\/es\/appointment-booking-widget\/elementor\/","og_site_name":"Elfsight ES","article_modified_time":"2025-02-06T14:55:00+00:00","twitter_card":"summary_large_image","twitter_misc":{"Tiempo de lectura":"2 minutos"},"schema":{"@context":"https:\/\/schema.org","@graph":[{"@type":"WebPage","@id":"https:\/\/elfsight.com\/es\/appointment-booking-widget\/elementor\/","url":"https:\/\/elfsight.com\/es\/appointment-booking-widget\/elementor\/","name":"Complemento de reserva de Elementor: agregar reserva de citas en Elementor","isPartOf":{"@id":"https:\/\/elfsight.com\/es\/#website"},"datePublished":"2024-09-30T18:27:29+00:00","dateModified":"2025-02-06T14:55:00+00:00","description":"\u00a1Agregue un complemento de reserva de Elementor y permita que los clientes reserven espacios con solo unos pocos clics! Mejore la programaci\u00f3n con el sistema de reservas Elementor.","breadcrumb":{"@id":"https:\/\/elfsight.com\/es\/appointment-booking-widget\/elementor\/#breadcrumb"},"inLanguage":"es","potentialAction":[{"@type":"ReadAction","target":["https:\/\/elfsight.com\/es\/appointment-booking-widget\/elementor\/"]}]},{"@type":"BreadcrumbList","@id":"https:\/\/elfsight.com\/es\/appointment-booking-widget\/elementor\/#breadcrumb","itemListElement":[{"@type":"ListItem","position":1,"name":"Home","item":"https:\/\/elfsight.com\/es\/"},{"@type":"ListItem","position":2,"name":"Appointment Booking","item":"https:\/\/elfsight.com\/es\/appointment-booking-widget\/"},{"@type":"ListItem","position":3,"name":"appointment booking elementor"}]},{"@type":"WebSite","@id":"https:\/\/elfsight.com\/es\/#website","url":"https:\/\/elfsight.com\/es\/","name":"Elfsight ES","description":"Just another Elfsight Sites site","potentialAction":[{"@type":"SearchAction","target":{"@type":"EntryPoint","urlTemplate":"https:\/\/elfsight.com\/es\/?s={search_term_string}"},"query-input":{"@type":"PropertyValueSpecification","valueRequired":true,"valueName":"search_term_string"}}],"inLanguage":"es"}]}},"meta_box":{"industry":"","seo_heading":"","heading":"","description":"","cta_heading":"","cta_description":"","application":"17026","h1":"Complemento de reserva de citas de Elementor","h1_caption":"Permita a los usuarios programar citas f\u00e1cilmente directamente desde su sitio web de Elementor, mejorando la comodidad y agilizando el proceso de reserva.","application_category":[],"applications_title":"","applications_request_title":"","applications_request_button_text":"","hero_text":"","hero_video":"","hero_video_schema_markup":"","selling_points_title":"","selling_points_caption":"","selling_points":[],"selling_points_cta_text":"","features_title":"","features":"","ed_cta_examples_text":"","ed_cta_examples_hidden":"","ed_cta_demo_text":"","ed_cta_demo_hidden":"","why_caption":"","why_editor_title":"","why_editor_text":"","why_team_title":"","why_team_text":"","why_service_title":"","why_service_text":"","template_catalog_visible":"","template_catalog_title":"","template_catalog_text":"","template_catalog_categories_visible":"","demo_title":"Crea tu widget de reserva de citas","demo_caption":"\u00a1Configure su reserva de citas y agr\u00e9guela a su sitio web de Elementor de forma gratuita!","default_faq_hidden":"","app_template_category":[],"platform":"58","template_public_id":"","codecanyon_url":"","codecanyon_item_id":"","codecanyon_price":"","pricing_caption":"","pricing_elfsight_apps_hide_column":"","pricing_elfsight_apps_url":"","pricing_codecanyon_price_caption":"","integration_category":[],"integration_request_title":"","integration_request_cta":"","integration_platform":"","integrations":[],"platform_category":[],"video_schema_markup":"","price":"desde $0 \/ mes","trial":"","benefits":[{"text":"Servicio de instalaci\u00f3n gratuito"},{"text":"Soporte excepcional"},{"text":"Garant\u00eda de reembolso de 14 d\u00edas"},{"text":"Actualizaciones gratuitas peri\u00f3dicas"}],"button_url":"#demo","button_target_blank":"","button_nofollow":"","attributes":[{"name":"Instalaciones","content":"1,000 - 5,000"},{"name":"Sensible","content":"S\u00ed"},{"name":"Navegadores compatibles","content":"Firefox, Safari, Opera, Chrome, Edge"}],"tags":[],"tags_disable_links":"","hide_more_platforms":"","video_object":"","demo_hide_cta":"","demo_hide_cloud_options":"","pricing_title":"","pricing":[{"pricing_icon":"platform","pricing_title":"Elfsight Apps","pricing_title_caption":"Software independiente de la plataforma que funciona en cualquier sitio web","pricing_price":"Desde $0 \/ mes","pricing_price_caption":"Comience con un plan gratuito","pricing_benefits":[{"text":"Sitios web ilimitados"},{"text":"Soporte premium y bien documentado."},{"text":"Soporte de instalaci\u00f3n gratuito"},{"text":"Dise\u00f1o flexible"}],"pricing_button_text":"A\u00f1adir al sitio web","pricing_button_url":"#demo"}],"related_apps_title":"","related_apps_hidden":"","author":"","image":[],"title":"","job":"","social_networks":[]},"_links":{"self":[{"href":"https:\/\/elfsight.com\/es\/wp-json\/wp\/v2\/pages\/17314","targetHints":{"allow":["GET"]}}],"collection":[{"href":"https:\/\/elfsight.com\/es\/wp-json\/wp\/v2\/pages"}],"about":[{"href":"https:\/\/elfsight.com\/es\/wp-json\/wp\/v2\/types\/page"}],"author":[{"embeddable":true,"href":"https:\/\/elfsight.com\/es\/wp-json\/wp\/v2\/users\/9"}],"replies":[{"embeddable":true,"href":"https:\/\/elfsight.com\/es\/wp-json\/wp\/v2\/comments?post=17314"}],"version-history":[{"count":1,"href":"https:\/\/elfsight.com\/es\/wp-json\/wp\/v2\/pages\/17314\/revisions"}],"predecessor-version":[{"id":17318,"href":"https:\/\/elfsight.com\/es\/wp-json\/wp\/v2\/pages\/17314\/revisions\/17318"}],"up":[{"embeddable":true,"href":"https:\/\/elfsight.com\/es\/wp-json\/wp\/v2\/pages\/17030"}],"wp:attachment":[{"href":"https:\/\/elfsight.com\/es\/wp-json\/wp\/v2\/media?parent=17314"}],"curies":[{"name":"wp","href":"https:\/\/api.w.org\/{rel}","templated":true}]}}