{"id":17293,"date":"2024-09-30T18:27:29","date_gmt":"2024-09-30T18:27:29","guid":{"rendered":"https:\/\/elfsight.com\/es\/?page_id=17293"},"modified":"2025-02-06T14:55:16","modified_gmt":"2025-02-06T14:55:16","slug":"joomla","status":"publish","type":"page","link":"https:\/\/elfsight.com\/es\/appointment-booking-widget\/joomla\/","title":{"rendered":"appointment booking  joomla"},"content":{"rendered":"<div class=\"application-platform-content-item-description application-platform-content-item\" id=\"description\" data-nav-section=\"description\"><h2>\u00a1Incorpore la reserva de citas en Joomla con la extensi\u00f3n Elfsight!<\/h2> <p>La extensi\u00f3n de reserva de citas est\u00e1 a su servicio para ayudar a los clientes potenciales Reserve franjas horarias c\u00f3modamente en su sitio web Joomla, lo que reduce el trabajo manual (como monitorear constantemente mensajes, llamadas y correos electr\u00f3nicos) de su parte. Funciona como una recepcionista virtual que trabaja 24 horas al d\u00eda, 7 d\u00edas a la semana, que env\u00eda alertas autom\u00e1ticas y se puede conectar con aplicaciones de terceros, como Google Calendar.<\/p> <p>Ahora es el momento de profundizar en tu servicio o evento, especifica la duraci\u00f3n, revelar informaci\u00f3n de contacto y establecer el precio para facilitar a los clientes la toma de decisiones informadas. Adem\u00e1s de eso, personalice la est\u00e9tica visual de la extensi\u00f3n modificando elementos y caracter\u00edsticas personalizados sin necesidad de perfeccionar las habilidades de programaci\u00f3n o contratar a un desarrollador.<\/p> <p><b>Haga que su negocio prospere y sea accesible para todos. \u00a1Mecenas potencial con reserva en l\u00ednea para citas en su sitio web!<\/b><\/p> <\/div> <div class=\"application-platform-content-item-features application-platform-content-item\" id=\"features\" data-nav-section=\"features\"> <h2>Ofrecemos pr\u00e1cticas y funciones sencillas, estas son algunas de ellas:<\/h2> <ul><li>Ofrezca una descripci\u00f3n precisa de su servicio (nombre, detalles, imagen y duraci\u00f3n) y configure el precio en diferentes monedas.<\/li><li>Env\u00ede alertas autom\u00e1ticas para validar los espacios programados para los clientes y para usted mismo.<\/li><li>Sincronice el widget con servicios de terceros, como Google Calendar, para garantizar la relevancia en tiempo real.<\/li><li>Comparta su Detalles de contacto comercial como validaci\u00f3n social y permitir a los usuarios ponerse en contacto en el en caso de escenarios imprevistos.<\/li><li>Opciones de personalizaci\u00f3n sencillas sin necesidad de escribir c\u00f3digo: plantillas listas para usar, colores, dise\u00f1os de dise\u00f1o, fuentes, editor CSS personalizado, editor JS personalizado, etc.<\/li> <\/ul><p><a href=\"#demo\">Simplemente pruebe esta demostraci\u00f3n para tener una idea completa<\/a><\/p> <\/div> <div class=\"application-platform-content-item-installation application-platform-content-item\" id=\"installation\" data-nav-section=\"installation\"> <h2>\u00bfC\u00f3mo puedo agregar la reserva de citas a mi sitio web Joomla?<\/h2> <p>Si desea incrustar la reserva de citas en su sitio web Joomla, siga los pasos a continuaci\u00f3n:<\/p> <ol><li><b>Abra nuestra demostraci\u00f3n gratuita y comience a darle forma a su widget personalizado de LinkedIn Feed.<\/b><br> Especifique la forma y la funcionalidad preferibles del widget y aplique las modificaciones.<\/li> <li> <b>Reciba su personal c\u00f3digo expuesto en el formulario especial en Elfsight Apps.<\/b><br> Tan pronto como finalice la configuraci\u00f3n de su herramienta, copie el c\u00f3digo personal del cuadro que aparece y gu\u00e1rdelo para su uso posterior.<\/li> <li> <b>Comience a utilizar la herramienta en su sitio web Joomla.<\/b><br> Coloque el c\u00f3digo que ha copiado recientemente en su sitio web y aplique las modificaciones.<\/li> <li><b>La configuraci\u00f3n est\u00e1 completa realizado.<\/b><br> Vaya a su sitio web para ver en acci\u00f3n c\u00f3mo est\u00e1 el widget ejecut\u00e1ndose.<\/li><\/ol> <p>Si encuentra alg\u00fan problema, comun\u00edquese con nuestro personal de soporte. Nuestros consultores estar\u00e1n encantados de ayudarle con todas las preguntas que pueda tener sobre la herramienta.<\/p> <\/div> ","protected":false},"excerpt":{"rendered":"","protected":false},"author":9,"featured_media":0,"parent":17030,"menu_order":0,"comment_status":"closed","ping_status":"closed","template":"templates\/template-application-platform.php","meta":{"publish_to_discourse":"","publish_post_category":"","wpdc_auto_publish_overridden":"","wpdc_topic_tags":"","wpdc_pin_topic":"","wpdc_pin_until":"","discourse_post_id":"","discourse_permalink":"","wpdc_publishing_response":"","wpdc_publishing_error":"","footnotes":""},"class_list":["post-17293","page","type-page","status-publish","hentry"],"yoast_head":"<!-- This site is optimized with the Yoast SEO plugin v25.3.1 - https:\/\/yoast.com\/wordpress\/plugins\/seo\/ -->\n<title>Widget de reserva de citas: incrustar reserva en el sitio web Joomla<\/title>\n<meta name=\"description\" content=\"\u00a1Agregue una aplicaci\u00f3n de reserva de citas sin codificaci\u00f3n al sitio web de Joomla y permita que los clientes reserven espacios con solo unos pocos clics!\" \/>\n<meta name=\"robots\" content=\"index, follow, max-snippet:-1, max-image-preview:large, max-video-preview:-1\" \/>\n<link rel=\"canonical\" href=\"https:\/\/elfsight.com\/es\/appointment-booking-widget\/joomla\/\" \/>\n<meta property=\"og:locale\" content=\"es_ES\" \/>\n<meta property=\"og:type\" content=\"article\" \/>\n<meta property=\"og:title\" content=\"Widget de reserva de citas: incrustar reserva en el sitio web Joomla\" \/>\n<meta property=\"og:description\" content=\"\u00a1Agregue una aplicaci\u00f3n de reserva de citas sin codificaci\u00f3n al sitio web de Joomla y permita que los clientes reserven espacios con solo unos pocos clics!\" \/>\n<meta property=\"og:url\" content=\"https:\/\/elfsight.com\/es\/appointment-booking-widget\/joomla\/\" \/>\n<meta property=\"og:site_name\" content=\"Elfsight ES\" \/>\n<meta property=\"article:modified_time\" content=\"2025-02-06T14:55:16+00:00\" \/>\n<meta name=\"twitter:card\" content=\"summary_large_image\" \/>\n<meta name=\"twitter:label1\" content=\"Tiempo de lectura\" \/>\n\t<meta name=\"twitter:data1\" content=\"3 minutos\" \/>\n<!-- \/ Yoast SEO plugin. -->","yoast_head_json":{"title":"Widget de reserva de citas: incrustar reserva en el sitio web Joomla","description":"\u00a1Agregue una aplicaci\u00f3n de reserva de citas sin codificaci\u00f3n al sitio web de Joomla y permita que los clientes reserven espacios con solo unos pocos clics!","robots":{"index":"index","follow":"follow","max-snippet":"max-snippet:-1","max-image-preview":"max-image-preview:large","max-video-preview":"max-video-preview:-1"},"canonical":"https:\/\/elfsight.com\/es\/appointment-booking-widget\/joomla\/","og_locale":"es_ES","og_type":"article","og_title":"Widget de reserva de citas: incrustar reserva en el sitio web Joomla","og_description":"\u00a1Agregue una aplicaci\u00f3n de reserva de citas sin codificaci\u00f3n al sitio web de Joomla y permita que los clientes reserven espacios con solo unos pocos clics!","og_url":"https:\/\/elfsight.com\/es\/appointment-booking-widget\/joomla\/","og_site_name":"Elfsight ES","article_modified_time":"2025-02-06T14:55:16+00:00","twitter_card":"summary_large_image","twitter_misc":{"Tiempo de lectura":"3 minutos"},"schema":{"@context":"https:\/\/schema.org","@graph":[{"@type":"WebPage","@id":"https:\/\/elfsight.com\/es\/appointment-booking-widget\/joomla\/","url":"https:\/\/elfsight.com\/es\/appointment-booking-widget\/joomla\/","name":"Widget de reserva de citas: incrustar reserva en el sitio web Joomla","isPartOf":{"@id":"https:\/\/elfsight.com\/es\/#website"},"datePublished":"2024-09-30T18:27:29+00:00","dateModified":"2025-02-06T14:55:16+00:00","description":"\u00a1Agregue una aplicaci\u00f3n de reserva de citas sin codificaci\u00f3n al sitio web de Joomla y permita que los clientes reserven espacios con solo unos pocos clics!","breadcrumb":{"@id":"https:\/\/elfsight.com\/es\/appointment-booking-widget\/joomla\/#breadcrumb"},"inLanguage":"es","potentialAction":[{"@type":"ReadAction","target":["https:\/\/elfsight.com\/es\/appointment-booking-widget\/joomla\/"]}]},{"@type":"BreadcrumbList","@id":"https:\/\/elfsight.com\/es\/appointment-booking-widget\/joomla\/#breadcrumb","itemListElement":[{"@type":"ListItem","position":1,"name":"Home","item":"https:\/\/elfsight.com\/es\/"},{"@type":"ListItem","position":2,"name":"Appointment Booking","item":"https:\/\/elfsight.com\/es\/appointment-booking-widget\/"},{"@type":"ListItem","position":3,"name":"appointment booking joomla"}]},{"@type":"WebSite","@id":"https:\/\/elfsight.com\/es\/#website","url":"https:\/\/elfsight.com\/es\/","name":"Elfsight ES","description":"Just another Elfsight Sites site","potentialAction":[{"@type":"SearchAction","target":{"@type":"EntryPoint","urlTemplate":"https:\/\/elfsight.com\/es\/?s={search_term_string}"},"query-input":{"@type":"PropertyValueSpecification","valueRequired":true,"valueName":"search_term_string"}}],"inLanguage":"es"}]}},"meta_box":{"industry":"","seo_heading":"","heading":"","description":"","cta_heading":"","cta_description":"","application":"17026","h1":"Extensi\u00f3n de reserva de citas para Joomla","h1_caption":"Permita a los usuarios programar citas f\u00e1cilmente directamente desde su sitio web Joomla, mejorando la comodidad y agilizando el proceso de reserva.","application_category":[],"applications_title":"","applications_request_title":"","applications_request_button_text":"","hero_text":"","hero_video":"","hero_video_schema_markup":"","selling_points_title":"","selling_points_caption":"","selling_points":[],"selling_points_cta_text":"","features_title":"","features":"","ed_cta_examples_text":"","ed_cta_examples_hidden":"","ed_cta_demo_text":"","ed_cta_demo_hidden":"","why_caption":"","why_editor_title":"","why_editor_text":"","why_team_title":"","why_team_text":"","why_service_title":"","why_service_text":"","template_catalog_visible":"","template_catalog_title":"","template_catalog_text":"","template_catalog_categories_visible":"","demo_title":"Crea tu complemento de reserva de citas","demo_caption":"\u00a1Configure su reserva de citas y agr\u00e9guela a su sitio web Joomla gratis!","default_faq_hidden":"","app_template_category":[],"platform":"73","template_public_id":"","codecanyon_url":"","codecanyon_item_id":"","codecanyon_price":"","pricing_caption":"","pricing_elfsight_apps_hide_column":"","pricing_elfsight_apps_url":"","pricing_codecanyon_price_caption":"","integration_category":[],"integration_request_title":"","integration_request_cta":"","integration_platform":"","integrations":[],"platform_category":[],"video_schema_markup":"","price":"desde $0 \/ mes","trial":"","benefits":[{"text":"Servicio de instalaci\u00f3n gratuito"},{"text":"Soporte premium"},{"text":"Garant\u00eda de devoluci\u00f3n de dinero de 14 d\u00edas"},{"text":"Desarrollo continuo"}],"button_url":"#demo","button_target_blank":"","button_nofollow":"","attributes":[{"name":"Instalaciones","content":"1,000 - 5,000"},{"name":"Sensible","content":"S\u00ed"},{"name":"Navegadores compatibles","content":"Firefox, Safari, Opera, Chrome, Edge"}],"tags":[],"tags_disable_links":"","hide_more_platforms":"","video_object":"","demo_hide_cta":"","demo_hide_cloud_options":"","pricing_title":"","pricing":[{"pricing_icon":"platform","pricing_title":"Elfsight Apps","pricing_title_caption":"Versi\u00f3n multiplataforma que funciona en cualquier sitio web","pricing_price":"Desde $0 \/ mes","pricing_price_caption":"Comience con un plan gratuito","pricing_benefits":[{"text":"Sitios web ilimitados"},{"text":"Soporte 24 horas al d\u00eda, 7 d\u00edas a la semana y a tiempo"},{"text":"Ayuda de instalaci\u00f3n gratuita"},{"text":"Dise\u00f1o flexible"}],"pricing_button_text":"A\u00f1adir al sitio web","pricing_button_url":"#demo"}],"related_apps_title":"","related_apps_hidden":"","author":"","image":[],"title":"","job":"","social_networks":[]},"_links":{"self":[{"href":"https:\/\/elfsight.com\/es\/wp-json\/wp\/v2\/pages\/17293","targetHints":{"allow":["GET"]}}],"collection":[{"href":"https:\/\/elfsight.com\/es\/wp-json\/wp\/v2\/pages"}],"about":[{"href":"https:\/\/elfsight.com\/es\/wp-json\/wp\/v2\/types\/page"}],"author":[{"embeddable":true,"href":"https:\/\/elfsight.com\/es\/wp-json\/wp\/v2\/users\/9"}],"replies":[{"embeddable":true,"href":"https:\/\/elfsight.com\/es\/wp-json\/wp\/v2\/comments?post=17293"}],"version-history":[{"count":1,"href":"https:\/\/elfsight.com\/es\/wp-json\/wp\/v2\/pages\/17293\/revisions"}],"predecessor-version":[{"id":17297,"href":"https:\/\/elfsight.com\/es\/wp-json\/wp\/v2\/pages\/17293\/revisions\/17297"}],"up":[{"embeddable":true,"href":"https:\/\/elfsight.com\/es\/wp-json\/wp\/v2\/pages\/17030"}],"wp:attachment":[{"href":"https:\/\/elfsight.com\/es\/wp-json\/wp\/v2\/media?parent=17293"}],"curies":[{"name":"wp","href":"https:\/\/api.w.org\/{rel}","templated":true}]}}