{"id":17290,"date":"2024-09-30T18:27:29","date_gmt":"2024-09-30T18:27:29","guid":{"rendered":"https:\/\/elfsight.com\/es\/?page_id=17290"},"modified":"2025-02-06T14:55:23","modified_gmt":"2025-02-06T14:55:23","slug":"facebook","status":"publish","type":"page","link":"https:\/\/elfsight.com\/es\/website-translator-widget\/facebook\/","title":{"rendered":"website translator  facebook page"},"content":{"rendered":"<div class=\"application-platform-content-item-description application-platform-content-item\" id=\"description\" data-nav-section=\"description\"> <h2>Integrar el traductor de sitios web en la p\u00e1gina de Facebook con un complemento de Elfsight<\/h2> <p>Una idea \u00fatil para impulsar el rendimiento en l\u00ednea de su negocio y atraer una La audiencia global est\u00e1 utilizando nuestro widget de traducci\u00f3n de sitios web para la p\u00e1gina de Facebook. Al traducir sin problemas el contenido de su sitio web, este widget garantiza que su mensaje resuene entre los visitantes de diferentes or\u00edgenes ling\u00fc\u00edsticos, lo que le ayuda a superar las barreras del idioma y ampliar su alcance en el mercado. <\/p><p>Nuestro traductor de sitios web le proporciona traducci\u00f3n autom\u00e1tica instant\u00e1nea de sitios web impulsada por Google AI, manteniendo m\u00e1s de 130 idiomas. Recuerda las opciones de idioma del usuario, lo que permite una experiencia de navegaci\u00f3n individual que mantiene a los visitantes interesados. Globalice sin problemas el sitio web de su p\u00e1gina de Facebook y con\u00e9ctese con diversas audiencias a trav\u00e9s de la tecnolog\u00eda de traducci\u00f3n avanzada. <\/p><p><b>Promocione sus productos y servicios en todo el mundo con el widget de cambio de idioma orientado al cliente. <\/b><\/p><\/div> <div class=\"application-platform-content-item-features application-platform-content-item\" id=\"features\" data-nav-section=\"features\"> <h2>Estas son solo algunas de las amplias funciones del widget: <\/h2><ul><li>Traducci\u00f3n autom\u00e1tica instant\u00e1nea de sitios web<\/li><li>Traducci\u00f3n basada en IA de Google<\/li><li>Mantenimiento de m\u00e1s de 130 idiomas<\/li><li>Guardar preferencias del usuario<\/li><li>M\u00faltiples widgets predefinidos estilos<\/li><\/ul><p><a href=\"#demo\">Puedes explorar c\u00f3mo funciona el widget con la ayuda de la demostraci\u00f3n<\/a><\/p><\/div> <div class=\"application-platform-content-item-instalaci\u00f3n application-platform-content-item\" id=\"instalaci\u00f3n\" data-nav-section=\"instalaci\u00f3n\"> <h2>\u00bfC\u00f3mo incorporar Website Translator a la plataforma de mi p\u00e1gina de Facebook? <\/h2><div class=\"tip-yellow tip\"><b>Debido a los cambios recientes de Facebook y la transici\u00f3n a la experiencia de nueva p\u00e1gina, actualmente el uso solo es posible agregando un enlace directo al widget. Estamos buscando activamente una soluci\u00f3n y actualizaremos la configuraci\u00f3n de la p\u00e1gina de Facebook tan pronto como encontremos una manera.<\/b><\/div><p>Simplemente siga un par de pasos que se describen a continuaci\u00f3n para comenzar a trabajar con la herramienta. <\/p><ol><li><b>Utilice nuestra demostraci\u00f3n gratuita y comience a crear su widget personalizado. <\/b><br>Determine el aspecto y los par\u00e1metros preferibles de la herramienta y aplique las ediciones. <\/li> <li><b>Obtenga el c\u00f3digo personal que aparece en el cuadro de Elfsight Apps. <\/b><br>Una vez finalizada la configuraci\u00f3n de su widget personal, copie el c\u00f3digo individual en el cuadro que aparece y gu\u00e1rdelo para futuras ocasiones. <\/li> <li><b>Ingrese al uso de la herramienta en el sitio de su p\u00e1gina de Facebook. <\/b><br>Pegue el c\u00f3digo que guard\u00f3 anteriormente en su p\u00e1gina web y aplique las ediciones. <\/li> <li><b>La instalaci\u00f3n finaliz\u00f3 exitosamente. <\/b><br>Visite su p\u00e1gina web para observar c\u00f3mo est\u00e1 funcionando el widget. <\/li><\/ol><p>Si tiene alguna complicaci\u00f3n, no dude en ponerse en contacto con nuestro personal de soporte. Nuestros especialistas estar\u00e1n encantados de resolver todas las dificultades que pueda tener con la herramienta. <\/p><\/div>","protected":false},"excerpt":{"rendered":"","protected":false},"author":9,"featured_media":0,"parent":16128,"menu_order":0,"comment_status":"closed","ping_status":"closed","template":"templates\/template-application-platform.php","meta":{"publish_to_discourse":"","publish_post_category":"","wpdc_auto_publish_overridden":"","wpdc_topic_tags":"","wpdc_pin_topic":"","wpdc_pin_until":"","discourse_post_id":"","discourse_permalink":"","wpdc_publishing_response":"","wpdc_publishing_error":"","footnotes":""},"class_list":["post-17290","page","type-page","status-publish","hentry"],"yoast_head":"<!-- This site is optimized with the Yoast SEO plugin v25.3.1 - https:\/\/yoast.com\/wordpress\/plugins\/seo\/ -->\n<title>Widget de traducci\u00f3n de sitios web - Insertar traductor gratuito para Facebook<\/title>\n<meta name=\"description\" content=\"Agregue un widget de traductor de sitios web sin c\u00f3digo al sitio web de su p\u00e1gina de Facebook. Utilice la demostraci\u00f3n en l\u00ednea de Elfsight para generar sin esfuerzo su soluci\u00f3n individual.\" \/>\n<meta name=\"robots\" content=\"index, follow, max-snippet:-1, max-image-preview:large, max-video-preview:-1\" \/>\n<link rel=\"canonical\" href=\"https:\/\/elfsight.com\/es\/website-translator-widget\/facebook\/\" \/>\n<meta property=\"og:locale\" content=\"es_ES\" \/>\n<meta property=\"og:type\" content=\"article\" \/>\n<meta property=\"og:title\" content=\"Widget de traducci\u00f3n de sitios web - Insertar traductor gratuito para Facebook\" \/>\n<meta property=\"og:description\" content=\"Agregue un widget de traductor de sitios web sin c\u00f3digo al sitio web de su p\u00e1gina de Facebook. Utilice la demostraci\u00f3n en l\u00ednea de Elfsight para generar sin esfuerzo su soluci\u00f3n individual.\" \/>\n<meta property=\"og:url\" content=\"https:\/\/elfsight.com\/es\/website-translator-widget\/facebook\/\" \/>\n<meta property=\"og:site_name\" content=\"Elfsight ES\" \/>\n<meta property=\"article:modified_time\" content=\"2025-02-06T14:55:23+00:00\" \/>\n<meta name=\"twitter:card\" content=\"summary_large_image\" \/>\n<meta name=\"twitter:label1\" content=\"Tiempo de lectura\" \/>\n\t<meta name=\"twitter:data1\" content=\"3 minutos\" \/>\n<!-- \/ Yoast SEO plugin. -->","yoast_head_json":{"title":"Widget de traducci\u00f3n de sitios web - Insertar traductor gratuito para Facebook","description":"Agregue un widget de traductor de sitios web sin c\u00f3digo al sitio web de su p\u00e1gina de Facebook. Utilice la demostraci\u00f3n en l\u00ednea de Elfsight para generar sin esfuerzo su soluci\u00f3n individual.","robots":{"index":"index","follow":"follow","max-snippet":"max-snippet:-1","max-image-preview":"max-image-preview:large","max-video-preview":"max-video-preview:-1"},"canonical":"https:\/\/elfsight.com\/es\/website-translator-widget\/facebook\/","og_locale":"es_ES","og_type":"article","og_title":"Widget de traducci\u00f3n de sitios web - Insertar traductor gratuito para Facebook","og_description":"Agregue un widget de traductor de sitios web sin c\u00f3digo al sitio web de su p\u00e1gina de Facebook. Utilice la demostraci\u00f3n en l\u00ednea de Elfsight para generar sin esfuerzo su soluci\u00f3n individual.","og_url":"https:\/\/elfsight.com\/es\/website-translator-widget\/facebook\/","og_site_name":"Elfsight ES","article_modified_time":"2025-02-06T14:55:23+00:00","twitter_card":"summary_large_image","twitter_misc":{"Tiempo de lectura":"3 minutos"},"schema":{"@context":"https:\/\/schema.org","@graph":[{"@type":"WebPage","@id":"https:\/\/elfsight.com\/es\/website-translator-widget\/facebook\/","url":"https:\/\/elfsight.com\/es\/website-translator-widget\/facebook\/","name":"Widget de traducci\u00f3n de sitios web - Insertar traductor gratuito para Facebook","isPartOf":{"@id":"https:\/\/elfsight.com\/es\/#website"},"datePublished":"2024-09-30T18:27:29+00:00","dateModified":"2025-02-06T14:55:23+00:00","description":"Agregue un widget de traductor de sitios web sin c\u00f3digo al sitio web de su p\u00e1gina de Facebook. Utilice la demostraci\u00f3n en l\u00ednea de Elfsight para generar sin esfuerzo su soluci\u00f3n individual.","breadcrumb":{"@id":"https:\/\/elfsight.com\/es\/website-translator-widget\/facebook\/#breadcrumb"},"inLanguage":"es","potentialAction":[{"@type":"ReadAction","target":["https:\/\/elfsight.com\/es\/website-translator-widget\/facebook\/"]}]},{"@type":"BreadcrumbList","@id":"https:\/\/elfsight.com\/es\/website-translator-widget\/facebook\/#breadcrumb","itemListElement":[{"@type":"ListItem","position":1,"name":"Home","item":"https:\/\/elfsight.com\/es\/"},{"@type":"ListItem","position":2,"name":"Website Translator","item":"https:\/\/elfsight.com\/es\/website-translator-widget\/"},{"@type":"ListItem","position":3,"name":"website translator facebook page"}]},{"@type":"WebSite","@id":"https:\/\/elfsight.com\/es\/#website","url":"https:\/\/elfsight.com\/es\/","name":"Elfsight ES","description":"Just another Elfsight Sites site","potentialAction":[{"@type":"SearchAction","target":{"@type":"EntryPoint","urlTemplate":"https:\/\/elfsight.com\/es\/?s={search_term_string}"},"query-input":{"@type":"PropertyValueSpecification","valueRequired":true,"valueName":"search_term_string"}}],"inLanguage":"es"}]}},"meta_box":{"industry":"","seo_heading":"","heading":"","description":"","cta_heading":"","cta_description":"","application":"16123","h1":"Widget de traducci\u00f3n de sitios web de p\u00e1gina de Facebook","h1_caption":"Traduzca autom\u00e1ticamente el contenido de su sitio web a varios idiomas, haci\u00e9ndolo accesible a una audiencia global en el sitio web de su p\u00e1gina de Facebook sin esfuerzo.","application_category":[],"applications_title":"","applications_request_title":"","applications_request_button_text":"","hero_text":"","hero_video":"","hero_video_schema_markup":"","selling_points_title":"","selling_points_caption":"","selling_points":[],"selling_points_cta_text":"","features_title":"","features":"","ed_cta_examples_text":"","ed_cta_examples_hidden":"","ed_cta_demo_text":"","ed_cta_demo_hidden":"","why_caption":"","why_editor_title":"","why_editor_text":"","why_team_title":"","why_team_text":"","why_service_title":"","why_service_text":"","template_catalog_visible":"","template_catalog_title":"","template_catalog_text":"","template_catalog_categories_visible":"","demo_title":"Crea tu widget de traductor de sitios web","demo_caption":"\u00a1Configure su traductor de sitios web y agr\u00e9guelo al sitio web de su p\u00e1gina de Facebook de forma gratuita!","default_faq_hidden":"","app_template_category":[],"platform":"64","template_public_id":"","codecanyon_url":"","codecanyon_item_id":"","codecanyon_price":"","pricing_caption":"","pricing_elfsight_apps_hide_column":"","pricing_elfsight_apps_url":"","pricing_codecanyon_price_caption":"","integration_category":[],"integration_request_title":"","integration_request_cta":"","integration_platform":"","integrations":[],"platform_category":[],"video_schema_markup":"","price":"desde $0 \/ mes","trial":"","benefits":[{"text":"Servicio de instalaci\u00f3n gratuito"},{"text":"Soporte premium"},{"text":"Garant\u00eda de devoluci\u00f3n de dinero de 14 d\u00edas"},{"text":"Desarrollo continuo"}],"button_url":"#demo","button_target_blank":"","button_nofollow":"","attributes":[{"name":"Instalar","content":"50,000 - 100,000"},{"name":"Sensible","content":"S\u00ed"},{"name":"Navegadores compatibles","content":"Firefox, Safari, Opera, Chrome, Edge"}],"tags":[],"tags_disable_links":"","hide_more_platforms":"","video_object":"","demo_hide_cta":"","demo_hide_cloud_options":"","pricing_title":"","pricing":[{"pricing_icon":"platform","pricing_title":"Elfsight Apps","pricing_title_caption":"Soluci\u00f3n digital multiplataforma","pricing_price":"desde $0 \/ mes","pricing_price_caption":"comienza con un plan gratuito","pricing_benefits":[{"text":"Sitios web ilimitados"},{"text":"Soporte gratuito de la empresa"},{"text":"Servicio de instalaci\u00f3n gratuito"},{"text":"Dise\u00f1o flexible"}],"pricing_button_text":"A\u00f1adir al sitio web","pricing_button_url":"#demo"}],"related_apps_title":"","related_apps_hidden":"","author":"","image":[],"title":"","job":"","social_networks":[]},"_links":{"self":[{"href":"https:\/\/elfsight.com\/es\/wp-json\/wp\/v2\/pages\/17290","targetHints":{"allow":["GET"]}}],"collection":[{"href":"https:\/\/elfsight.com\/es\/wp-json\/wp\/v2\/pages"}],"about":[{"href":"https:\/\/elfsight.com\/es\/wp-json\/wp\/v2\/types\/page"}],"author":[{"embeddable":true,"href":"https:\/\/elfsight.com\/es\/wp-json\/wp\/v2\/users\/9"}],"replies":[{"embeddable":true,"href":"https:\/\/elfsight.com\/es\/wp-json\/wp\/v2\/comments?post=17290"}],"version-history":[{"count":1,"href":"https:\/\/elfsight.com\/es\/wp-json\/wp\/v2\/pages\/17290\/revisions"}],"predecessor-version":[{"id":17294,"href":"https:\/\/elfsight.com\/es\/wp-json\/wp\/v2\/pages\/17290\/revisions\/17294"}],"up":[{"embeddable":true,"href":"https:\/\/elfsight.com\/es\/wp-json\/wp\/v2\/pages\/16128"}],"wp:attachment":[{"href":"https:\/\/elfsight.com\/es\/wp-json\/wp\/v2\/media?parent=17290"}],"curies":[{"name":"wp","href":"https:\/\/api.w.org\/{rel}","templated":true}]}}