{"id":17285,"date":"2024-09-30T18:27:29","date_gmt":"2024-09-30T18:27:29","guid":{"rendered":"https:\/\/elfsight.com\/es\/?page_id=17285"},"modified":"2025-02-06T14:55:23","modified_gmt":"2025-02-06T14:55:23","slug":"bigcommerce","status":"publish","type":"page","link":"https:\/\/elfsight.com\/es\/website-translator-widget\/bigcommerce\/","title":{"rendered":"website translator  bigcommerce"},"content":{"rendered":"<div class=\"application-platform-content-item-description application-platform-content-item\" id=\"description\" data-nav-section=\"description\"> <h2>Integrar Website Translator en BigCommerce con un complemento de Elfsight<\/h2> <p>Una excelente manera de impulsar la presencia en l\u00ednea de su empresa y llegar a una audiencia internacional. La audiencia est\u00e1 utilizando nuestro widget de traducci\u00f3n de sitios web para BigCommerce. Al traducir sin problemas el contenido de su sitio web, este widget garantiza que su mensaje resuene entre los visitantes de diversas comunidades ling\u00fc\u00edsticas, lo que le ayudar\u00e1 a superar las barreras del idioma y ampliar el alcance de su negocio. <\/p><p>Nuestro traductor de sitios web ofrece traducci\u00f3n autom\u00e1tica instant\u00e1nea de sitios web con tecnolog\u00eda de inteligencia artificial de Google y admite m\u00e1s de 130 idiomas. Recuerda las elecciones de idioma de los visitantes, lo que permite una experiencia de navegaci\u00f3n personalizada que los mantiene interesados. Globalice sin problemas su sitio web BigCommerce y con\u00e9ctese con audiencias diversas a trav\u00e9s de la soluci\u00f3n de traducci\u00f3n de vanguardia. <\/p><p><b>\u00a1Ofrezca sus bienes y servicios en todo el mundo con el widget de cambio de idioma orientado al cliente! <\/b><\/p><\/div> <div class=\"application-platform-content-item-features application-platform-content-item\" id=\"features\" data-nav-section=\"features\"> <h2>Ofrecemos funciones pr\u00e1cticas y sencillas, estas son algunas de ellas: <\/h2><ul><li>Traducci\u00f3n autom\u00e1tica instant\u00e1nea de sitios web <\/li><li>Traducci\u00f3n basada en IA de Google<\/li><li>Compatibilidad con m\u00e1s de 130 idiomas<\/li><li>Recordar la configuraci\u00f3n del usuario<\/li><li>M\u00faltiples predefinidos estilos de widget<\/li><\/ul><p><a href=\"#demo\">Puedes descubrir cu\u00e1nto vale el widget usando la demostraci\u00f3n<\/a><\/p><\/div> <div class=\"application-platform-content-item- instalaci\u00f3n application-platform-content-item\" id=\" instalaci\u00f3n\" data-nav-section=\" instalaci\u00f3n\"> <h2>\u00bfC\u00f3mo integro Website Translator en mis p\u00e1ginas de BigCommerce? <\/h2><p>Simplemente siga las siguientes pautas para insertar el complemento. <\/p><ol><li><b>Emplea nuestro configurador gratuito y comienza a darle forma a tu widget personalizado. <\/b><br>Busque la interfaz personalizada y la funcionalidad del widget y guarde las correcciones. <\/li> <li><b>Exponga su c\u00f3digo individual en el cuadro de Elfsight Apps. <\/b><br>Una vez finalizada la configuraci\u00f3n de su herramienta, copie el c\u00f3digo exclusivo de la ventana que aparece y gu\u00e1rdelo para usarlo m\u00e1s adelante. <\/li> <li><b>Comience a utilizar el widget en el sitio web de BigCommerce. <\/b><br>Implemente el c\u00f3digo que guard\u00f3 anteriormente en su p\u00e1gina y guarde las ediciones. <\/li> <li><b>\u00a1Listo! La incrustaci\u00f3n se realiza con \u00e9xito. <\/b><br>Visite su sitio para ver en acci\u00f3n el funcionamiento de la herramienta. <\/li><\/ol><p>Si tiene alguna complicaci\u00f3n, no dude en comunicarse con nuestro equipo de atenci\u00f3n al cliente. Nuestros consultores est\u00e1n deseando ayudarle con todas las dificultades que pueda tener con el complemento. <\/p><\/div>","protected":false},"excerpt":{"rendered":"","protected":false},"author":9,"featured_media":0,"parent":16128,"menu_order":0,"comment_status":"closed","ping_status":"closed","template":"templates\/template-application-platform.php","meta":{"publish_to_discourse":"","publish_post_category":"","wpdc_auto_publish_overridden":"","wpdc_topic_tags":"","wpdc_pin_topic":"","wpdc_pin_until":"","discourse_post_id":"","discourse_permalink":"","wpdc_publishing_response":"","wpdc_publishing_error":"","footnotes":""},"class_list":["post-17285","page","type-page","status-publish","hentry"],"yoast_head":"<!-- This site is optimized with the Yoast SEO plugin v25.3.1 - https:\/\/yoast.com\/wordpress\/plugins\/seo\/ -->\n<title>Widget de traducci\u00f3n de sitios web: agregue un traductor gratuito a BigCommerce<\/title>\n<meta name=\"description\" content=\"Agregue un widget de traductor de sitios web perfecto en su sitio web de BigCommerce. Pruebe la sencilla demostraci\u00f3n de Elfsight para crear f\u00e1cilmente su soluci\u00f3n personalizada.\" \/>\n<meta name=\"robots\" content=\"index, follow, max-snippet:-1, max-image-preview:large, max-video-preview:-1\" \/>\n<link rel=\"canonical\" href=\"https:\/\/elfsight.com\/es\/website-translator-widget\/bigcommerce\/\" \/>\n<meta property=\"og:locale\" content=\"es_ES\" \/>\n<meta property=\"og:type\" content=\"article\" \/>\n<meta property=\"og:title\" content=\"Widget de traducci\u00f3n de sitios web: agregue un traductor gratuito a BigCommerce\" \/>\n<meta property=\"og:description\" content=\"Agregue un widget de traductor de sitios web perfecto en su sitio web de BigCommerce. Pruebe la sencilla demostraci\u00f3n de Elfsight para crear f\u00e1cilmente su soluci\u00f3n personalizada.\" \/>\n<meta property=\"og:url\" content=\"https:\/\/elfsight.com\/es\/website-translator-widget\/bigcommerce\/\" \/>\n<meta property=\"og:site_name\" content=\"Elfsight ES\" \/>\n<meta property=\"article:modified_time\" content=\"2025-02-06T14:55:23+00:00\" \/>\n<meta name=\"twitter:card\" content=\"summary_large_image\" \/>\n<meta name=\"twitter:label1\" content=\"Tiempo de lectura\" \/>\n\t<meta name=\"twitter:data1\" content=\"2 minutos\" \/>\n<!-- \/ Yoast SEO plugin. -->","yoast_head_json":{"title":"Widget de traducci\u00f3n de sitios web: agregue un traductor gratuito a BigCommerce","description":"Agregue un widget de traductor de sitios web perfecto en su sitio web de BigCommerce. Pruebe la sencilla demostraci\u00f3n de Elfsight para crear f\u00e1cilmente su soluci\u00f3n personalizada.","robots":{"index":"index","follow":"follow","max-snippet":"max-snippet:-1","max-image-preview":"max-image-preview:large","max-video-preview":"max-video-preview:-1"},"canonical":"https:\/\/elfsight.com\/es\/website-translator-widget\/bigcommerce\/","og_locale":"es_ES","og_type":"article","og_title":"Widget de traducci\u00f3n de sitios web: agregue un traductor gratuito a BigCommerce","og_description":"Agregue un widget de traductor de sitios web perfecto en su sitio web de BigCommerce. Pruebe la sencilla demostraci\u00f3n de Elfsight para crear f\u00e1cilmente su soluci\u00f3n personalizada.","og_url":"https:\/\/elfsight.com\/es\/website-translator-widget\/bigcommerce\/","og_site_name":"Elfsight ES","article_modified_time":"2025-02-06T14:55:23+00:00","twitter_card":"summary_large_image","twitter_misc":{"Tiempo de lectura":"2 minutos"},"schema":{"@context":"https:\/\/schema.org","@graph":[{"@type":"WebPage","@id":"https:\/\/elfsight.com\/es\/website-translator-widget\/bigcommerce\/","url":"https:\/\/elfsight.com\/es\/website-translator-widget\/bigcommerce\/","name":"Widget de traducci\u00f3n de sitios web: agregue un traductor gratuito a BigCommerce","isPartOf":{"@id":"https:\/\/elfsight.com\/es\/#website"},"datePublished":"2024-09-30T18:27:29+00:00","dateModified":"2025-02-06T14:55:23+00:00","description":"Agregue un widget de traductor de sitios web perfecto en su sitio web de BigCommerce. Pruebe la sencilla demostraci\u00f3n de Elfsight para crear f\u00e1cilmente su soluci\u00f3n personalizada.","breadcrumb":{"@id":"https:\/\/elfsight.com\/es\/website-translator-widget\/bigcommerce\/#breadcrumb"},"inLanguage":"es","potentialAction":[{"@type":"ReadAction","target":["https:\/\/elfsight.com\/es\/website-translator-widget\/bigcommerce\/"]}]},{"@type":"BreadcrumbList","@id":"https:\/\/elfsight.com\/es\/website-translator-widget\/bigcommerce\/#breadcrumb","itemListElement":[{"@type":"ListItem","position":1,"name":"Home","item":"https:\/\/elfsight.com\/es\/"},{"@type":"ListItem","position":2,"name":"Website Translator","item":"https:\/\/elfsight.com\/es\/website-translator-widget\/"},{"@type":"ListItem","position":3,"name":"website translator bigcommerce"}]},{"@type":"WebSite","@id":"https:\/\/elfsight.com\/es\/#website","url":"https:\/\/elfsight.com\/es\/","name":"Elfsight ES","description":"Just another Elfsight Sites site","potentialAction":[{"@type":"SearchAction","target":{"@type":"EntryPoint","urlTemplate":"https:\/\/elfsight.com\/es\/?s={search_term_string}"},"query-input":{"@type":"PropertyValueSpecification","valueRequired":true,"valueName":"search_term_string"}}],"inLanguage":"es"}]}},"meta_box":{"industry":"","seo_heading":"","heading":"","description":"","cta_heading":"","cta_description":"","application":"16123","h1":"Aplicaci\u00f3n Traductor de sitios web de BigCommerce","h1_caption":"Traduzca autom\u00e1ticamente el contenido de su sitio web a varios idiomas, haci\u00e9ndolo accesible a una audiencia global en su sitio web BigCommerce sin esfuerzo.","application_category":[],"applications_title":"","applications_request_title":"","applications_request_button_text":"","hero_text":"","hero_video":"","hero_video_schema_markup":"","selling_points_title":"","selling_points_caption":"","selling_points":[],"selling_points_cta_text":"","features_title":"","features":"","ed_cta_examples_text":"","ed_cta_examples_hidden":"","ed_cta_demo_text":"","ed_cta_demo_hidden":"","why_caption":"","why_editor_title":"","why_editor_text":"","why_team_title":"","why_team_text":"","why_service_title":"","why_service_text":"","template_catalog_visible":"","template_catalog_title":"","template_catalog_text":"","template_catalog_categories_visible":"","demo_title":"Crea tu aplicaci\u00f3n de traducci\u00f3n de sitios web","demo_caption":"\u00a1Configure su traductor de sitios web y agr\u00e9guelo a su sitio web de BigCommerce gratis!","default_faq_hidden":"","app_template_category":[],"platform":"33","template_public_id":"","codecanyon_url":"","codecanyon_item_id":"","codecanyon_price":"","pricing_caption":"","pricing_elfsight_apps_hide_column":"","pricing_elfsight_apps_url":"","pricing_codecanyon_price_caption":"","integration_category":[],"integration_request_title":"","integration_request_cta":"","integration_platform":"","integrations":[],"platform_category":[],"video_schema_markup":"","price":"desde $0 \/ mes","trial":"","benefits":[{"text":"Servicio de instalaci\u00f3n gratuito"},{"text":"Soporte premium"},{"text":"Garant\u00eda de reembolso de 14 d\u00edas"},{"text":"Actualizando constantemente"}],"button_url":"#demo","button_target_blank":"","button_nofollow":"","attributes":[{"name":"Instalar","content":"50,000 - 100,000"},{"name":"Sensible","content":"S\u00ed"},{"name":"Navegadores compatibles","content":"Firefox, Safari, Opera, Chrome, Edge"}],"tags":[],"tags_disable_links":"","hide_more_platforms":"","video_object":"","demo_hide_cta":"","demo_hide_cloud_options":"","pricing_title":"","pricing":[{"pricing_icon":"platform","pricing_title":"Elfsight Apps","pricing_title_caption":"Software multiplataforma","pricing_price":"desde $0 \/ mes","pricing_price_caption":"comienza con un plan gratuito","pricing_benefits":[{"text":"Sitios web ilimitados"},{"text":"Atenci\u00f3n al cliente premium"},{"text":"Asistencia de instalaci\u00f3n gratuita"},{"text":"Dise\u00f1o flexible"}],"pricing_button_text":"A\u00f1adir al sitio web","pricing_button_url":"#demo"}],"related_apps_title":"","related_apps_hidden":"","author":"","image":[],"title":"","job":"","social_networks":[]},"_links":{"self":[{"href":"https:\/\/elfsight.com\/es\/wp-json\/wp\/v2\/pages\/17285","targetHints":{"allow":["GET"]}}],"collection":[{"href":"https:\/\/elfsight.com\/es\/wp-json\/wp\/v2\/pages"}],"about":[{"href":"https:\/\/elfsight.com\/es\/wp-json\/wp\/v2\/types\/page"}],"author":[{"embeddable":true,"href":"https:\/\/elfsight.com\/es\/wp-json\/wp\/v2\/users\/9"}],"replies":[{"embeddable":true,"href":"https:\/\/elfsight.com\/es\/wp-json\/wp\/v2\/comments?post=17285"}],"version-history":[{"count":1,"href":"https:\/\/elfsight.com\/es\/wp-json\/wp\/v2\/pages\/17285\/revisions"}],"predecessor-version":[{"id":17289,"href":"https:\/\/elfsight.com\/es\/wp-json\/wp\/v2\/pages\/17285\/revisions\/17289"}],"up":[{"embeddable":true,"href":"https:\/\/elfsight.com\/es\/wp-json\/wp\/v2\/pages\/16128"}],"wp:attachment":[{"href":"https:\/\/elfsight.com\/es\/wp-json\/wp\/v2\/media?parent=17285"}],"curies":[{"name":"wp","href":"https:\/\/api.w.org\/{rel}","templated":true}]}}