{"id":17282,"date":"2024-09-30T18:27:29","date_gmt":"2024-09-30T18:27:29","guid":{"rendered":"https:\/\/elfsight.com\/es\/?page_id=17282"},"modified":"2025-02-06T14:55:31","modified_gmt":"2025-02-06T14:55:31","slug":"magento","status":"publish","type":"page","link":"https:\/\/elfsight.com\/es\/website-translator-widget\/magento\/","title":{"rendered":"website translator  magento"},"content":{"rendered":"<div class=\"application-platform-content-item-description application-platform-content-item\" id=\"description\" data-nav-section=\"description\"> <h2>Integre el traductor de sitios web en Magento con un complemento de Elfsight<\/h2> <p>Una idea \u00fatil para elevar el rendimiento en l\u00ednea de su negocio y atraer a una audiencia internacional. La audiencia est\u00e1 agregando nuestro widget de traducci\u00f3n de sitios web para Magento. Al traducir sin problemas el contenido de su sitio web, este widget garantiza que su mensaje resuene entre los clientes de diferentes comunidades ling\u00fc\u00edsticas, lo que le ayuda a superar las barreras del idioma y ampliar el alcance de su negocio. <\/p><p>Nuestro traductor de sitios web le proporciona traducci\u00f3n autom\u00e1tica instant\u00e1nea de sitios web mejorada por Google AI y admite m\u00e1s de 130 idiomas. Recuerda la configuraci\u00f3n de idioma de los visitantes, creando una experiencia de navegaci\u00f3n individual que los mantiene interesados. Globalice sin esfuerzo su sitio web Magento y con\u00e9ctese con audiencias diversas a trav\u00e9s de la soluci\u00f3n de traducci\u00f3n avanzada. <\/p><p><b>Promocione sus productos y servicios en todo el mundo con el widget de cambio de idioma orientado al cliente. <\/b><\/p><\/div> <div class=\"application-platform-content-item-features application-platform-content-item\" id=\"features\" data-nav-section=\"features\"> <h2>Estas son las caracter\u00edsticas esenciales del widget: <\/h2><ul><li>Traducci\u00f3n autom\u00e1tica instant\u00e1nea de sitios web<\/li><li>Traducci\u00f3n impulsada por Google AI<\/li><li>Compatibilidad con m\u00e1s de 130 idiomas<\/li><li>Guardar preferencias de visitante<\/li><li>Muchos widgets de plantilla estilos<\/li><\/ul><p><a href=\"#demo\">Puedes conocer todas las capacidades del widget en la demostraci\u00f3n a continuaci\u00f3n<\/a><\/p><\/div> <div class=\"application-platform-content-item-instalaci\u00f3n application-platform-content-item\" id=\"instalaci\u00f3n\" data-nav-section=\"instalaci\u00f3n\"> <h2>\u00bfC\u00f3mo incorporo Website Translator en mi p\u00e1gina web Magento? <\/h2><p>Simplemente aplique las instrucciones a continuaci\u00f3n para comenzar a utilizar la herramienta. <\/p><ol><li><b>Realiza nuestra demostraci\u00f3n gratuita y comienza a crear tu widget personalizado. <\/b><br>Elija el dise\u00f1o y la funcionalidad preferibles del complemento y aplique las modificaciones. <\/li> <li><b>Obtenga el c\u00f3digo personal que aparece en la ventana de Elfsight Apps. <\/b><br>Una vez completada la personalizaci\u00f3n de su widget personal, copie el c\u00f3digo individual de la ventana emergente que aparece y gu\u00e1rdelo para futuras necesidades. <\/li> <li><b>Comience a usar el widget en el sitio web de Magento. <\/b><br>Agregue el c\u00f3digo que copi\u00f3 anteriormente en su sitio web y guarde las ediciones. <\/li> <li><b>La instalaci\u00f3n se ha realizado por completo. <\/b><br>Visite su p\u00e1gina para comprobar el funcionamiento del widget. <\/li><\/ol><p>Si tiene alg\u00fan problema, busque ayuda de nuestro equipo de soporte. Nuestros especialistas est\u00e1n ansiosos por resolver todas las dificultades que puedas tener con el widget. <\/p><\/div>","protected":false},"excerpt":{"rendered":"","protected":false},"author":9,"featured_media":0,"parent":16128,"menu_order":0,"comment_status":"closed","ping_status":"closed","template":"templates\/template-application-platform.php","meta":{"publish_to_discourse":"","publish_post_category":"","wpdc_auto_publish_overridden":"","wpdc_topic_tags":"","wpdc_pin_topic":"","wpdc_pin_until":"","discourse_post_id":"","discourse_permalink":"","wpdc_publishing_response":"","wpdc_publishing_error":"","footnotes":""},"class_list":["post-17282","page","type-page","status-publish","hentry"],"yoast_head":"<!-- This site is optimized with the Yoast SEO plugin v25.3.1 - https:\/\/yoast.com\/wordpress\/plugins\/seo\/ -->\n<title>Widget de traducci\u00f3n de sitios web - Incrustar traductor de texto en Magento<\/title>\n<meta name=\"description\" content=\"Agregue un widget de traductor de sitios web perfecto a su sitio web Magento. Consulte la demostraci\u00f3n en l\u00ednea de Elfsight para crear f\u00e1cilmente su soluci\u00f3n individual.\" \/>\n<meta name=\"robots\" content=\"index, follow, max-snippet:-1, max-image-preview:large, max-video-preview:-1\" \/>\n<link rel=\"canonical\" href=\"https:\/\/elfsight.com\/es\/website-translator-widget\/magento\/\" \/>\n<meta property=\"og:locale\" content=\"es_ES\" \/>\n<meta property=\"og:type\" content=\"article\" \/>\n<meta property=\"og:title\" content=\"Widget de traducci\u00f3n de sitios web - Incrustar traductor de texto en Magento\" \/>\n<meta property=\"og:description\" content=\"Agregue un widget de traductor de sitios web perfecto a su sitio web Magento. Consulte la demostraci\u00f3n en l\u00ednea de Elfsight para crear f\u00e1cilmente su soluci\u00f3n individual.\" \/>\n<meta property=\"og:url\" content=\"https:\/\/elfsight.com\/es\/website-translator-widget\/magento\/\" \/>\n<meta property=\"og:site_name\" content=\"Elfsight ES\" \/>\n<meta property=\"article:modified_time\" content=\"2025-02-06T14:55:31+00:00\" \/>\n<meta name=\"twitter:card\" content=\"summary_large_image\" \/>\n<meta name=\"twitter:label1\" content=\"Tiempo de lectura\" \/>\n\t<meta name=\"twitter:data1\" content=\"2 minutos\" \/>\n<!-- \/ Yoast SEO plugin. -->","yoast_head_json":{"title":"Widget de traducci\u00f3n de sitios web - Incrustar traductor de texto en Magento","description":"Agregue un widget de traductor de sitios web perfecto a su sitio web Magento. Consulte la demostraci\u00f3n en l\u00ednea de Elfsight para crear f\u00e1cilmente su soluci\u00f3n individual.","robots":{"index":"index","follow":"follow","max-snippet":"max-snippet:-1","max-image-preview":"max-image-preview:large","max-video-preview":"max-video-preview:-1"},"canonical":"https:\/\/elfsight.com\/es\/website-translator-widget\/magento\/","og_locale":"es_ES","og_type":"article","og_title":"Widget de traducci\u00f3n de sitios web - Incrustar traductor de texto en Magento","og_description":"Agregue un widget de traductor de sitios web perfecto a su sitio web Magento. Consulte la demostraci\u00f3n en l\u00ednea de Elfsight para crear f\u00e1cilmente su soluci\u00f3n individual.","og_url":"https:\/\/elfsight.com\/es\/website-translator-widget\/magento\/","og_site_name":"Elfsight ES","article_modified_time":"2025-02-06T14:55:31+00:00","twitter_card":"summary_large_image","twitter_misc":{"Tiempo de lectura":"2 minutos"},"schema":{"@context":"https:\/\/schema.org","@graph":[{"@type":"WebPage","@id":"https:\/\/elfsight.com\/es\/website-translator-widget\/magento\/","url":"https:\/\/elfsight.com\/es\/website-translator-widget\/magento\/","name":"Widget de traducci\u00f3n de sitios web - Incrustar traductor de texto en Magento","isPartOf":{"@id":"https:\/\/elfsight.com\/es\/#website"},"datePublished":"2024-09-30T18:27:29+00:00","dateModified":"2025-02-06T14:55:31+00:00","description":"Agregue un widget de traductor de sitios web perfecto a su sitio web Magento. Consulte la demostraci\u00f3n en l\u00ednea de Elfsight para crear f\u00e1cilmente su soluci\u00f3n individual.","breadcrumb":{"@id":"https:\/\/elfsight.com\/es\/website-translator-widget\/magento\/#breadcrumb"},"inLanguage":"es","potentialAction":[{"@type":"ReadAction","target":["https:\/\/elfsight.com\/es\/website-translator-widget\/magento\/"]}]},{"@type":"BreadcrumbList","@id":"https:\/\/elfsight.com\/es\/website-translator-widget\/magento\/#breadcrumb","itemListElement":[{"@type":"ListItem","position":1,"name":"Home","item":"https:\/\/elfsight.com\/es\/"},{"@type":"ListItem","position":2,"name":"Website Translator","item":"https:\/\/elfsight.com\/es\/website-translator-widget\/"},{"@type":"ListItem","position":3,"name":"website translator magento"}]},{"@type":"WebSite","@id":"https:\/\/elfsight.com\/es\/#website","url":"https:\/\/elfsight.com\/es\/","name":"Elfsight ES","description":"Just another Elfsight Sites site","potentialAction":[{"@type":"SearchAction","target":{"@type":"EntryPoint","urlTemplate":"https:\/\/elfsight.com\/es\/?s={search_term_string}"},"query-input":{"@type":"PropertyValueSpecification","valueRequired":true,"valueName":"search_term_string"}}],"inLanguage":"es"}]}},"meta_box":{"industry":"","seo_heading":"","heading":"","description":"","cta_heading":"","cta_description":"","application":"16123","h1":"Extensi\u00f3n del traductor de sitios web de Magento","h1_caption":"Traduzca autom\u00e1ticamente el contenido de su sitio web a varios idiomas, haci\u00e9ndolo accesible a una audiencia global en su sitio web Magento sin esfuerzo.","application_category":[],"applications_title":"","applications_request_title":"","applications_request_button_text":"","hero_text":"","hero_video":"","hero_video_schema_markup":"","selling_points_title":"","selling_points_caption":"","selling_points":[],"selling_points_cta_text":"","features_title":"","features":"","ed_cta_examples_text":"","ed_cta_examples_hidden":"","ed_cta_demo_text":"","ed_cta_demo_hidden":"","why_caption":"","why_editor_title":"","why_editor_text":"","why_team_title":"","why_team_text":"","why_service_title":"","why_service_text":"","template_catalog_visible":"","template_catalog_title":"","template_catalog_text":"","template_catalog_categories_visible":"","demo_title":"Crea tu extensi\u00f3n de traductor de sitios web","demo_caption":"\u00a1Configure su traductor de sitios web y agr\u00e9guelo a su sitio web Magento gratis!","default_faq_hidden":"","app_template_category":[],"platform":"82","template_public_id":"","codecanyon_url":"","codecanyon_item_id":"","codecanyon_price":"","pricing_caption":"","pricing_elfsight_apps_hide_column":"","pricing_elfsight_apps_url":"","pricing_codecanyon_price_caption":"","integration_category":[],"integration_request_title":"","integration_request_cta":"","integration_platform":"","integrations":[],"platform_category":[],"video_schema_markup":"","price":"desde $0 \/ mes","trial":"","benefits":[{"text":"Servicio de instalaci\u00f3n gratuito"},{"text":"Servicio al cliente eficaz"},{"text":"Garant\u00eda de reembolso de 14 d\u00edas"},{"text":"Desarrollo continuo"}],"button_url":"#demo","button_target_blank":"","button_nofollow":"","attributes":[{"name":"Instalar","content":"50,000 - 100,000"},{"name":"Sensible","content":"S\u00ed"},{"name":"Navegadores compatibles","content":"Firefox, Safari, Opera, Chrome, Edge"}],"tags":[],"tags_disable_links":"","hide_more_platforms":"","video_object":"","demo_hide_cta":"","demo_hide_cloud_options":"","pricing_title":"","pricing":[{"pricing_icon":"platform","pricing_title":"Elfsight Apps","pricing_title_caption":"Soluci\u00f3n digital multiplataforma","pricing_price":"desde $0 \/ mes","pricing_price_caption":"comienza con un plan gratuito","pricing_benefits":[{"text":"Sitios web ilimitados"},{"text":"Atenci\u00f3n al cliente dedicada"},{"text":"Servicio de instalaci\u00f3n gratuito"},{"text":"Totalmente personalizable"}],"pricing_button_text":"A\u00f1adir al sitio web","pricing_button_url":"#demo"}],"related_apps_title":"","related_apps_hidden":"","author":"","image":[],"title":"","job":"","social_networks":[]},"_links":{"self":[{"href":"https:\/\/elfsight.com\/es\/wp-json\/wp\/v2\/pages\/17282","targetHints":{"allow":["GET"]}}],"collection":[{"href":"https:\/\/elfsight.com\/es\/wp-json\/wp\/v2\/pages"}],"about":[{"href":"https:\/\/elfsight.com\/es\/wp-json\/wp\/v2\/types\/page"}],"author":[{"embeddable":true,"href":"https:\/\/elfsight.com\/es\/wp-json\/wp\/v2\/users\/9"}],"replies":[{"embeddable":true,"href":"https:\/\/elfsight.com\/es\/wp-json\/wp\/v2\/comments?post=17282"}],"version-history":[{"count":1,"href":"https:\/\/elfsight.com\/es\/wp-json\/wp\/v2\/pages\/17282\/revisions"}],"predecessor-version":[{"id":17286,"href":"https:\/\/elfsight.com\/es\/wp-json\/wp\/v2\/pages\/17282\/revisions\/17286"}],"up":[{"embeddable":true,"href":"https:\/\/elfsight.com\/es\/wp-json\/wp\/v2\/pages\/16128"}],"wp:attachment":[{"href":"https:\/\/elfsight.com\/es\/wp-json\/wp\/v2\/media?parent=17282"}],"curies":[{"name":"wp","href":"https:\/\/api.w.org\/{rel}","templated":true}]}}