{"id":17276,"date":"2024-09-30T18:27:29","date_gmt":"2024-09-30T18:27:29","guid":{"rendered":"https:\/\/elfsight.com\/es\/?page_id=17276"},"modified":"2025-02-06T14:55:39","modified_gmt":"2025-02-06T14:55:39","slug":"drupal","status":"publish","type":"page","link":"https:\/\/elfsight.com\/es\/website-translator-widget\/drupal\/","title":{"rendered":"website translator  drupal"},"content":{"rendered":"<div class=\"application-platform-content-item-description application-platform-content-item\" id=\"description\" data-nav-section=\"description\"> <h2>Integre el traductor de sitios web en Drupal con un complemento de Elfsight<\/h2> <p>Una buena idea para mejorar el rendimiento en l\u00ednea de su negocio y atraer a una audiencia internacional. audiencia es la integraci\u00f3n de nuestro widget Traductor de sitios web para Drupal. Al traducir sin problemas el contenido de su sitio web, este widget garantiza que su mensaje atraiga a clientes de diversos or\u00edgenes ling\u00fc\u00edsticos, lo que ayuda a derribar las barreras del idioma y aumentar el alcance de su negocio. <\/p><p>Nuestro traductor de sitios web le proporciona traducci\u00f3n autom\u00e1tica instant\u00e1nea de sitios web mejorada por Google AI y admite m\u00e1s de 130 idiomas. Puede recordar las preferencias de idioma de los visitantes, creando una experiencia de navegaci\u00f3n personalizada que mantiene a los usuarios interesados. Globalice sin esfuerzo su sitio web Drupal y con\u00e9ctese con audiencias diversas a trav\u00e9s de la soluci\u00f3n de traducci\u00f3n de vanguardia. <\/p><p><b>Promocione sus productos y servicios en todo el mundo con el widget de cambio de idioma f\u00e1cil de usar. <\/b><\/p><\/div> <div class=\"application-platform-content-item-features application-platform-content-item\" id=\"features\" data-nav-section=\"features\"> <h2>Ofrecemos funciones pr\u00e1cticas y r\u00e1pidas, mira algunas de ellas: <\/h2><ul><li>traducci\u00f3n autom\u00e1tica inmediata de sitios web<\/li><li>Traducci\u00f3n impulsada por Google AI<\/li><li>Soporte de m\u00e1s de 130 idiomas<\/li><li>Guardar la configuraci\u00f3n del visitante<\/li><li>Numerosos dise\u00f1os predise\u00f1ados estilos de widget<\/li><\/ul><p><a href=\"#demo\">Explore todas las opciones de personalizaci\u00f3n en una demostraci\u00f3n con todas las funciones<\/a><\/p><\/div> <div class=\"application-platform-content-item-installation  application-platform-content-item\" id=\"installation \" data-nav-section=\"installation \"> <h2>\u00bfC\u00f3mo puedo integrar Website Translator en mi p\u00e1gina web Drupal? <\/h2><p>Simplemente siga las siguientes pautas para comenzar a trabajar con el widget. <\/p><ol><li><b>Inicie nuestro editor gratuito y comience a darle forma a su widget \u00fanico. <\/b><br>Elija la interfaz personalizada y la funcionalidad de la herramienta y aplique las correcciones. <\/li> <li><b>Copia tu c\u00f3digo personal que aparece en la ventana de Elfsight Apps. <\/b><br>Tan pronto como haya terminado de establecer su herramienta, copie el c\u00f3digo individual de la ventana emergente que aparece y gu\u00e1rdelo para futuras necesidades. <\/li> <li><b>Comience a utilizar el widget en el sitio web de Drupal. <\/b><br>Inserta el c\u00f3digo guardado recientemente en tu p\u00e1gina web y guarda las modificaciones. <\/li> <li><b>\u00a1Listo! La integraci\u00f3n est\u00e1 plenamente lograda. <\/b><br>Vaya a su sitio web para ver c\u00f3mo funciona el widget. <\/li><\/ol><p>En caso de tener consultas o encontrar dificultades, no dude en escribir a nuestro equipo de soporte. Nuestra gente est\u00e1 ansiosa por resolver todas las preguntas que puedas tener con el widget. <\/p><\/div>","protected":false},"excerpt":{"rendered":"","protected":false},"author":9,"featured_media":0,"parent":16128,"menu_order":0,"comment_status":"closed","ping_status":"closed","template":"templates\/template-application-platform.php","meta":{"publish_to_discourse":"","publish_post_category":"","wpdc_auto_publish_overridden":"","wpdc_topic_tags":"","wpdc_pin_topic":"","wpdc_pin_until":"","discourse_post_id":"","discourse_permalink":"","wpdc_publishing_response":"","wpdc_publishing_error":"","footnotes":""},"class_list":["post-17276","page","type-page","status-publish","hentry"],"yoast_head":"<!-- This site is optimized with the Yoast SEO plugin v25.3.1 - https:\/\/yoast.com\/wordpress\/plugins\/seo\/ -->\n<title>Widget de traducci\u00f3n de sitios web: incrustar traductor gratuito para Drupal<\/title>\n<meta name=\"description\" content=\"Agregue un widget de traductor de sitios web perfecto en su sitio web Drupal. Utilice la demostraci\u00f3n f\u00e1cil de usar de Elfsight para crear f\u00e1cilmente su soluci\u00f3n personalizada.\" \/>\n<meta name=\"robots\" content=\"index, follow, max-snippet:-1, max-image-preview:large, max-video-preview:-1\" \/>\n<link rel=\"canonical\" href=\"https:\/\/elfsight.com\/es\/website-translator-widget\/drupal\/\" \/>\n<meta property=\"og:locale\" content=\"es_ES\" \/>\n<meta property=\"og:type\" content=\"article\" \/>\n<meta property=\"og:title\" content=\"Widget de traducci\u00f3n de sitios web: incrustar traductor gratuito para Drupal\" \/>\n<meta property=\"og:description\" content=\"Agregue un widget de traductor de sitios web perfecto en su sitio web Drupal. Utilice la demostraci\u00f3n f\u00e1cil de usar de Elfsight para crear f\u00e1cilmente su soluci\u00f3n personalizada.\" \/>\n<meta property=\"og:url\" content=\"https:\/\/elfsight.com\/es\/website-translator-widget\/drupal\/\" \/>\n<meta property=\"og:site_name\" content=\"Elfsight ES\" \/>\n<meta property=\"article:modified_time\" content=\"2025-02-06T14:55:39+00:00\" \/>\n<meta name=\"twitter:card\" content=\"summary_large_image\" \/>\n<meta name=\"twitter:label1\" content=\"Tiempo de lectura\" \/>\n\t<meta name=\"twitter:data1\" content=\"2 minutos\" \/>\n<!-- \/ Yoast SEO plugin. -->","yoast_head_json":{"title":"Widget de traducci\u00f3n de sitios web: incrustar traductor gratuito para Drupal","description":"Agregue un widget de traductor de sitios web perfecto en su sitio web Drupal. Utilice la demostraci\u00f3n f\u00e1cil de usar de Elfsight para crear f\u00e1cilmente su soluci\u00f3n personalizada.","robots":{"index":"index","follow":"follow","max-snippet":"max-snippet:-1","max-image-preview":"max-image-preview:large","max-video-preview":"max-video-preview:-1"},"canonical":"https:\/\/elfsight.com\/es\/website-translator-widget\/drupal\/","og_locale":"es_ES","og_type":"article","og_title":"Widget de traducci\u00f3n de sitios web: incrustar traductor gratuito para Drupal","og_description":"Agregue un widget de traductor de sitios web perfecto en su sitio web Drupal. Utilice la demostraci\u00f3n f\u00e1cil de usar de Elfsight para crear f\u00e1cilmente su soluci\u00f3n personalizada.","og_url":"https:\/\/elfsight.com\/es\/website-translator-widget\/drupal\/","og_site_name":"Elfsight ES","article_modified_time":"2025-02-06T14:55:39+00:00","twitter_card":"summary_large_image","twitter_misc":{"Tiempo de lectura":"2 minutos"},"schema":{"@context":"https:\/\/schema.org","@graph":[{"@type":"WebPage","@id":"https:\/\/elfsight.com\/es\/website-translator-widget\/drupal\/","url":"https:\/\/elfsight.com\/es\/website-translator-widget\/drupal\/","name":"Widget de traducci\u00f3n de sitios web: incrustar traductor gratuito para Drupal","isPartOf":{"@id":"https:\/\/elfsight.com\/es\/#website"},"datePublished":"2024-09-30T18:27:29+00:00","dateModified":"2025-02-06T14:55:39+00:00","description":"Agregue un widget de traductor de sitios web perfecto en su sitio web Drupal. Utilice la demostraci\u00f3n f\u00e1cil de usar de Elfsight para crear f\u00e1cilmente su soluci\u00f3n personalizada.","breadcrumb":{"@id":"https:\/\/elfsight.com\/es\/website-translator-widget\/drupal\/#breadcrumb"},"inLanguage":"es","potentialAction":[{"@type":"ReadAction","target":["https:\/\/elfsight.com\/es\/website-translator-widget\/drupal\/"]}]},{"@type":"BreadcrumbList","@id":"https:\/\/elfsight.com\/es\/website-translator-widget\/drupal\/#breadcrumb","itemListElement":[{"@type":"ListItem","position":1,"name":"Home","item":"https:\/\/elfsight.com\/es\/"},{"@type":"ListItem","position":2,"name":"Website Translator","item":"https:\/\/elfsight.com\/es\/website-translator-widget\/"},{"@type":"ListItem","position":3,"name":"website translator drupal"}]},{"@type":"WebSite","@id":"https:\/\/elfsight.com\/es\/#website","url":"https:\/\/elfsight.com\/es\/","name":"Elfsight ES","description":"Just another Elfsight Sites site","potentialAction":[{"@type":"SearchAction","target":{"@type":"EntryPoint","urlTemplate":"https:\/\/elfsight.com\/es\/?s={search_term_string}"},"query-input":{"@type":"PropertyValueSpecification","valueRequired":true,"valueName":"search_term_string"}}],"inLanguage":"es"}]}},"meta_box":{"industry":"","seo_heading":"","heading":"","description":"","cta_heading":"","cta_description":"","application":"16123","h1":"M\u00f3dulo de traducci\u00f3n de sitios web de Drupal","h1_caption":"Traduzca autom\u00e1ticamente el contenido de su sitio web a varios idiomas, haci\u00e9ndolo accesible a una audiencia global en su sitio web Drupal sin esfuerzo.","application_category":[],"applications_title":"","applications_request_title":"","applications_request_button_text":"","hero_text":"","hero_video":"","hero_video_schema_markup":"","selling_points_title":"","selling_points_caption":"","selling_points":[],"selling_points_cta_text":"","features_title":"","features":"","ed_cta_examples_text":"","ed_cta_examples_hidden":"","ed_cta_demo_text":"","ed_cta_demo_hidden":"","why_caption":"","why_editor_title":"","why_editor_text":"","why_team_title":"","why_team_text":"","why_service_title":"","why_service_text":"","template_catalog_visible":"","template_catalog_title":"","template_catalog_text":"","template_catalog_categories_visible":"","demo_title":"Crea tu m\u00f3dulo Traductor de sitios web","demo_caption":"\u00a1Configure su traductor de sitios web y agr\u00e9guelo a su sitio web Drupal de forma gratuita!","default_faq_hidden":"","app_template_category":[],"platform":"2161","template_public_id":"","codecanyon_url":"","codecanyon_item_id":"","codecanyon_price":"","pricing_caption":"","pricing_elfsight_apps_hide_column":"","pricing_elfsight_apps_url":"","pricing_codecanyon_price_caption":"","integration_category":[],"integration_request_title":"","integration_request_cta":"","integration_platform":"","integrations":[],"platform_category":[],"video_schema_markup":"","price":"desde $0 \/ mes","trial":"","benefits":[{"text":"Asistencia de instalaci\u00f3n gratuita"},{"text":"Soporte premium"},{"text":"Garant\u00eda de devoluci\u00f3n de dinero de 14 d\u00edas"},{"text":"Actualizando constantemente"}],"button_url":"#demo","button_target_blank":"","button_nofollow":"","attributes":[{"name":"Instalar","content":"50,000 - 100,000"},{"name":"Sensible","content":"S\u00ed"},{"name":"Navegadores compatibles","content":"Firefox, Safari, Opera, Chrome, Edge"}],"tags":[],"tags_disable_links":"","hide_more_platforms":"","video_object":"","demo_hide_cta":"","demo_hide_cloud_options":"","pricing_title":"","pricing":[{"pricing_icon":"platform","pricing_title":"Elfsight Apps","pricing_title_caption":"Soluci\u00f3n digital independiente de la plataforma","pricing_price":"desde $0 \/ mes","pricing_price_caption":"comienza con un plan gratuito","pricing_benefits":[{"text":"Sitios web ilimitados"},{"text":"Soporte gratuito de la empresa"},{"text":"Servicio de instalaci\u00f3n gratuito"},{"text":"Totalmente personalizable"}],"pricing_button_text":"A\u00f1adir al sitio web","pricing_button_url":"#demo"}],"related_apps_title":"","related_apps_hidden":"","author":"","image":[],"title":"","job":"","social_networks":[]},"_links":{"self":[{"href":"https:\/\/elfsight.com\/es\/wp-json\/wp\/v2\/pages\/17276","targetHints":{"allow":["GET"]}}],"collection":[{"href":"https:\/\/elfsight.com\/es\/wp-json\/wp\/v2\/pages"}],"about":[{"href":"https:\/\/elfsight.com\/es\/wp-json\/wp\/v2\/types\/page"}],"author":[{"embeddable":true,"href":"https:\/\/elfsight.com\/es\/wp-json\/wp\/v2\/users\/9"}],"replies":[{"embeddable":true,"href":"https:\/\/elfsight.com\/es\/wp-json\/wp\/v2\/comments?post=17276"}],"version-history":[{"count":1,"href":"https:\/\/elfsight.com\/es\/wp-json\/wp\/v2\/pages\/17276\/revisions"}],"predecessor-version":[{"id":17280,"href":"https:\/\/elfsight.com\/es\/wp-json\/wp\/v2\/pages\/17276\/revisions\/17280"}],"up":[{"embeddable":true,"href":"https:\/\/elfsight.com\/es\/wp-json\/wp\/v2\/pages\/16128"}],"wp:attachment":[{"href":"https:\/\/elfsight.com\/es\/wp-json\/wp\/v2\/media?parent=17276"}],"curies":[{"name":"wp","href":"https:\/\/api.w.org\/{rel}","templated":true}]}}