{"id":17274,"date":"2024-09-30T18:27:29","date_gmt":"2024-09-30T18:27:29","guid":{"rendered":"https:\/\/elfsight.com\/es\/?page_id=17274"},"modified":"2025-02-06T14:55:39","modified_gmt":"2025-02-06T14:55:39","slug":"opencart","status":"publish","type":"page","link":"https:\/\/elfsight.com\/es\/website-translator-widget\/opencart\/","title":{"rendered":"website translator  opencart"},"content":{"rendered":"<div class=\"application-platform-content-item-description application-platform-content-item\" id=\"description\" data-nav-section=\"description\"> <h2>Integrar el traductor de sitios web en OpenCart con un complemento de Elfsight<\/h2> <p>Una gran idea para elevar la presencia en l\u00ednea de su empresa y alcanzar una audiencia internacional. audiencia es la integraci\u00f3n de nuestro widget Traductor de sitios web para OpenCart. Al traducir sin problemas el contenido de su sitio web, este widget garantiza que su mensaje atraiga a clientes de diversas comunidades ling\u00fc\u00edsticas, lo que ayuda a derribar las barreras del idioma y aumentar el alcance de su negocio. <\/p><p>Nuestro traductor de sitios web le proporciona traducci\u00f3n autom\u00e1tica inmediata de sitios web impulsada por Google AI, manteniendo m\u00e1s de 130 idiomas. Puede recordar las opciones de idioma de los visitantes, lo que permite una experiencia de navegaci\u00f3n individual que mantiene a los visitantes interesados. Globalice sin esfuerzo su sitio web OpenCart y con\u00e9ctese con diversas audiencias a trav\u00e9s de la soluci\u00f3n de traducci\u00f3n de vanguardia. <\/p><p><b>\u00a1Promocione sus productos y servicios en todo el mundo con el widget de cambio de idioma f\u00e1cil de usar! <\/b><\/p><\/div> <div class=\"application-platform-content-item-features application-platform-content-item\" id=\"features\" data-nav-section=\"features\"> <h2>Estas son solo algunas de las diversas funciones del widget: <\/h2><ul><li>Traducci\u00f3n autom\u00e1tica instant\u00e1nea de sitios web<\/li><li>Traducci\u00f3n mejorada por IA de Google<\/li><li>Compatibilidad con m\u00e1s de 130 idiomas<\/li><li>Guardar preferencias del usuario<\/li><li>Numerosos widgets de plantilla estilos<\/li><\/ul><p><a href=\"#demo\">Pruebe todas las opciones de personalizaci\u00f3n en una demostraci\u00f3n con todas las funciones<\/a><\/p><\/div> <div class=\"application-platform-content-item-installation application-platform-content-item\" id=\"installation\" data-nav-section=\"installation\"> <h2>\u00bfC\u00f3mo integro Website Translator en mi p\u00e1gina web OpenCart? <\/h2><p>Simplemente siga las pautas a continuaci\u00f3n para comenzar a usar el widget. <\/p><ol><li><b>Inicie nuestro editor gratuito y comience a formar su instrumento \u00fanico. <\/b><br>Elija el dise\u00f1o y las caracter\u00edsticas deseables del complemento y aplique las ediciones. <\/li> <li><b>Copia el c\u00f3digo personal que aparece en el cuadro de Elfsight Apps. <\/b><br>Cuando finalice el establecimiento de su herramienta, copie el c\u00f3digo personal en el cuadro que aparece y gu\u00e1rdelo para ocasiones posteriores. <\/li> <li><b>Comience a utilizar la herramienta en su sitio web OpenCart. <\/b><br>Integre el c\u00f3digo copiado recientemente en su p\u00e1gina web y aplique los ajustes. <\/li> <li><b>\u00a1Listo! La incrustaci\u00f3n se realiza con \u00e9xito. <\/b><br>Entra en su sitio web para echar un vistazo al funcionamiento de la herramienta. <\/li><\/ol><p>Si experimenta alg\u00fan problema, no dude en escribir a nuestro personal de atenci\u00f3n al cliente. Nuestros especialistas estar\u00e1n encantados de ayudarle con todas las dificultades que pueda tener con el widget. <\/p><\/div>","protected":false},"excerpt":{"rendered":"","protected":false},"author":9,"featured_media":0,"parent":16128,"menu_order":0,"comment_status":"closed","ping_status":"closed","template":"templates\/template-application-platform.php","meta":{"publish_to_discourse":"","publish_post_category":"","wpdc_auto_publish_overridden":"","wpdc_topic_tags":"","wpdc_pin_topic":"","wpdc_pin_until":"","discourse_post_id":"","discourse_permalink":"","wpdc_publishing_response":"","wpdc_publishing_error":"","footnotes":""},"class_list":["post-17274","page","type-page","status-publish","hentry"],"yoast_head":"<!-- This site is optimized with the Yoast SEO plugin v25.3.1 - https:\/\/yoast.com\/wordpress\/plugins\/seo\/ -->\n<title>Widget de traducci\u00f3n de sitios web - Insertar traductor de contenido en OpenCart<\/title>\n<meta name=\"description\" content=\"Agregue un widget de traductor de sitios web sin c\u00f3digo en su sitio web OpenCart. Pruebe la sencilla demostraci\u00f3n de Elfsight para crear f\u00e1cilmente su soluci\u00f3n personal.\" \/>\n<meta name=\"robots\" content=\"index, follow, max-snippet:-1, max-image-preview:large, max-video-preview:-1\" \/>\n<link rel=\"canonical\" href=\"https:\/\/elfsight.com\/es\/website-translator-widget\/opencart\/\" \/>\n<meta property=\"og:locale\" content=\"es_ES\" \/>\n<meta property=\"og:type\" content=\"article\" \/>\n<meta property=\"og:title\" content=\"Widget de traducci\u00f3n de sitios web - Insertar traductor de contenido en OpenCart\" \/>\n<meta property=\"og:description\" content=\"Agregue un widget de traductor de sitios web sin c\u00f3digo en su sitio web OpenCart. Pruebe la sencilla demostraci\u00f3n de Elfsight para crear f\u00e1cilmente su soluci\u00f3n personal.\" \/>\n<meta property=\"og:url\" content=\"https:\/\/elfsight.com\/es\/website-translator-widget\/opencart\/\" \/>\n<meta property=\"og:site_name\" content=\"Elfsight ES\" \/>\n<meta property=\"article:modified_time\" content=\"2025-02-06T14:55:39+00:00\" \/>\n<meta name=\"twitter:card\" content=\"summary_large_image\" \/>\n<meta name=\"twitter:label1\" content=\"Tiempo de lectura\" \/>\n\t<meta name=\"twitter:data1\" content=\"2 minutos\" \/>\n<!-- \/ Yoast SEO plugin. -->","yoast_head_json":{"title":"Widget de traducci\u00f3n de sitios web - Insertar traductor de contenido en OpenCart","description":"Agregue un widget de traductor de sitios web sin c\u00f3digo en su sitio web OpenCart. Pruebe la sencilla demostraci\u00f3n de Elfsight para crear f\u00e1cilmente su soluci\u00f3n personal.","robots":{"index":"index","follow":"follow","max-snippet":"max-snippet:-1","max-image-preview":"max-image-preview:large","max-video-preview":"max-video-preview:-1"},"canonical":"https:\/\/elfsight.com\/es\/website-translator-widget\/opencart\/","og_locale":"es_ES","og_type":"article","og_title":"Widget de traducci\u00f3n de sitios web - Insertar traductor de contenido en OpenCart","og_description":"Agregue un widget de traductor de sitios web sin c\u00f3digo en su sitio web OpenCart. Pruebe la sencilla demostraci\u00f3n de Elfsight para crear f\u00e1cilmente su soluci\u00f3n personal.","og_url":"https:\/\/elfsight.com\/es\/website-translator-widget\/opencart\/","og_site_name":"Elfsight ES","article_modified_time":"2025-02-06T14:55:39+00:00","twitter_card":"summary_large_image","twitter_misc":{"Tiempo de lectura":"2 minutos"},"schema":{"@context":"https:\/\/schema.org","@graph":[{"@type":"WebPage","@id":"https:\/\/elfsight.com\/es\/website-translator-widget\/opencart\/","url":"https:\/\/elfsight.com\/es\/website-translator-widget\/opencart\/","name":"Widget de traducci\u00f3n de sitios web - Insertar traductor de contenido en OpenCart","isPartOf":{"@id":"https:\/\/elfsight.com\/es\/#website"},"datePublished":"2024-09-30T18:27:29+00:00","dateModified":"2025-02-06T14:55:39+00:00","description":"Agregue un widget de traductor de sitios web sin c\u00f3digo en su sitio web OpenCart. Pruebe la sencilla demostraci\u00f3n de Elfsight para crear f\u00e1cilmente su soluci\u00f3n personal.","breadcrumb":{"@id":"https:\/\/elfsight.com\/es\/website-translator-widget\/opencart\/#breadcrumb"},"inLanguage":"es","potentialAction":[{"@type":"ReadAction","target":["https:\/\/elfsight.com\/es\/website-translator-widget\/opencart\/"]}]},{"@type":"BreadcrumbList","@id":"https:\/\/elfsight.com\/es\/website-translator-widget\/opencart\/#breadcrumb","itemListElement":[{"@type":"ListItem","position":1,"name":"Home","item":"https:\/\/elfsight.com\/es\/"},{"@type":"ListItem","position":2,"name":"Website Translator","item":"https:\/\/elfsight.com\/es\/website-translator-widget\/"},{"@type":"ListItem","position":3,"name":"website translator opencart"}]},{"@type":"WebSite","@id":"https:\/\/elfsight.com\/es\/#website","url":"https:\/\/elfsight.com\/es\/","name":"Elfsight ES","description":"Just another Elfsight Sites site","potentialAction":[{"@type":"SearchAction","target":{"@type":"EntryPoint","urlTemplate":"https:\/\/elfsight.com\/es\/?s={search_term_string}"},"query-input":{"@type":"PropertyValueSpecification","valueRequired":true,"valueName":"search_term_string"}}],"inLanguage":"es"}]}},"meta_box":{"industry":"","seo_heading":"","heading":"","description":"","cta_heading":"","cta_description":"","application":"16123","h1":"Extensi\u00f3n de traductor de sitios web OpenCart","h1_caption":"Traduzca autom\u00e1ticamente el contenido de su sitio web a varios idiomas, haci\u00e9ndolo accesible a una audiencia global en su sitio web Opencart sin esfuerzo.","application_category":[],"applications_title":"","applications_request_title":"","applications_request_button_text":"","hero_text":"","hero_video":"","hero_video_schema_markup":"","selling_points_title":"","selling_points_caption":"","selling_points":[],"selling_points_cta_text":"","features_title":"","features":"","ed_cta_examples_text":"","ed_cta_examples_hidden":"","ed_cta_demo_text":"","ed_cta_demo_hidden":"","why_caption":"","why_editor_title":"","why_editor_text":"","why_team_title":"","why_team_text":"","why_service_title":"","why_service_text":"","template_catalog_visible":"","template_catalog_title":"","template_catalog_text":"","template_catalog_categories_visible":"","demo_title":"Crea tu extensi\u00f3n de traductor de sitios web","demo_caption":"\u00a1Configure su traductor de sitios web y agr\u00e9guelo a su sitio web OpenCart gratis!","default_faq_hidden":"","app_template_category":[],"platform":"88","template_public_id":"","codecanyon_url":"","codecanyon_item_id":"","codecanyon_price":"","pricing_caption":"","pricing_elfsight_apps_hide_column":"","pricing_elfsight_apps_url":"","pricing_codecanyon_price_caption":"","integration_category":[],"integration_request_title":"","integration_request_cta":"","integration_platform":"","integrations":[],"platform_category":[],"video_schema_markup":"","price":"desde $0 \/ mes","trial":"","benefits":[{"text":"Ayuda de instalaci\u00f3n gratuita"},{"text":"Servicio al cliente competente"},{"text":"Garant\u00eda de reembolso de 14 d\u00edas"},{"text":"Mejoras futuras"}],"button_url":"#demo","button_target_blank":"","button_nofollow":"","attributes":[{"name":"Instalar","content":"50,000 - 100,000"},{"name":"Sensible","content":"S\u00ed"},{"name":"Navegadores compatibles","content":"Firefox, Safari, Opera, Chrome, Edge"}],"tags":[],"tags_disable_links":"","hide_more_platforms":"","video_object":"","demo_hide_cta":"","demo_hide_cloud_options":"","pricing_title":"","pricing":[{"pricing_icon":"platform","pricing_title":"Elfsight Apps","pricing_title_caption":"Soluci\u00f3n digital independiente de la plataforma","pricing_price":"desde $0 \/ mes","pricing_price_caption":"comienza con un plan gratuito","pricing_benefits":[{"text":"Sitios web ilimitados"},{"text":"Soporte gratuito de la empresa y bien documentado."},{"text":"Asistencia de instalaci\u00f3n gratuita"},{"text":"Dise\u00f1o flexible"}],"pricing_button_text":"A\u00f1adir al sitio web","pricing_button_url":"#demo"}],"related_apps_title":"","related_apps_hidden":"","author":"","image":[],"title":"","job":"","social_networks":[]},"_links":{"self":[{"href":"https:\/\/elfsight.com\/es\/wp-json\/wp\/v2\/pages\/17274","targetHints":{"allow":["GET"]}}],"collection":[{"href":"https:\/\/elfsight.com\/es\/wp-json\/wp\/v2\/pages"}],"about":[{"href":"https:\/\/elfsight.com\/es\/wp-json\/wp\/v2\/types\/page"}],"author":[{"embeddable":true,"href":"https:\/\/elfsight.com\/es\/wp-json\/wp\/v2\/users\/9"}],"replies":[{"embeddable":true,"href":"https:\/\/elfsight.com\/es\/wp-json\/wp\/v2\/comments?post=17274"}],"version-history":[{"count":1,"href":"https:\/\/elfsight.com\/es\/wp-json\/wp\/v2\/pages\/17274\/revisions"}],"predecessor-version":[{"id":17278,"href":"https:\/\/elfsight.com\/es\/wp-json\/wp\/v2\/pages\/17274\/revisions\/17278"}],"up":[{"embeddable":true,"href":"https:\/\/elfsight.com\/es\/wp-json\/wp\/v2\/pages\/16128"}],"wp:attachment":[{"href":"https:\/\/elfsight.com\/es\/wp-json\/wp\/v2\/media?parent=17274"}],"curies":[{"name":"wp","href":"https:\/\/api.w.org\/{rel}","templated":true}]}}