{"id":17269,"date":"2024-09-30T18:27:29","date_gmt":"2024-09-30T18:27:29","guid":{"rendered":"https:\/\/elfsight.com\/es\/?page_id=17269"},"modified":"2025-02-06T14:55:39","modified_gmt":"2025-02-06T14:55:39","slug":"jquery","status":"publish","type":"page","link":"https:\/\/elfsight.com\/es\/website-translator-widget\/jquery\/","title":{"rendered":"website translator  jquery"},"content":{"rendered":"<div class=\"application-platform-content-item-description application-platform-content-item\" id=\"description\" data-nav-section=\"description\"> <h2>Integre el traductor de sitios web en jQuery con un complemento de Elfsight<\/h2> <p>Una gran idea para mejorar la presencia en l\u00ednea de su empresa y atraer a una audiencia internacional. La audiencia est\u00e1 obteniendo nuestro widget de traducci\u00f3n de sitios web para jQuery. Al traducir sin problemas el contenido de su sitio web, este widget garantiza que su mensaje resuene en clientes de diferentes or\u00edgenes ling\u00fc\u00edsticos, lo que le ayudar\u00e1 a superar las barreras del idioma y ampliar su alcance en el mercado. <\/p><p>Nuestro traductor de sitios web ofrece traducci\u00f3n autom\u00e1tica inmediata de sitios web impulsada por Google AI y admite m\u00e1s de 130 idiomas. Puede recordar la configuraci\u00f3n de idioma de los visitantes, lo que permite una experiencia de navegaci\u00f3n personalizada que mantiene a los visitantes interesados. Globalice sin esfuerzo su sitio web jQuery y con\u00e9ctese con diversas audiencias a trav\u00e9s de la tecnolog\u00eda de traducci\u00f3n de vanguardia. <\/p><p><b>Promocione sus productos y servicios en todo el mundo con el widget de cambio de idioma f\u00e1cil de usar. <\/b><\/p><\/div> <div class=\"application-platform-content-item-features application-platform-content-item\" id=\"features\" data-nav-section=\"features\"> <h2>A continuaci\u00f3n se detallan las caracter\u00edsticas clave del widget: <\/h2><ul><li>Traducci\u00f3n autom\u00e1tica e instant\u00e1nea de sitios web<\/li><li>Traducci\u00f3n mejorada por IA de Google<\/li><li>Mantenimiento de m\u00e1s de 130 idiomas<\/li><li>Mantener la configuraci\u00f3n del usuario<\/li><li>Numerosos widgets predise\u00f1ados estilos<\/li><\/ul><p><a href=\"#demo\">Explore todas las funciones de personalizaci\u00f3n en una demostraci\u00f3n con todas las funciones<\/a><\/p><\/div> <div class=\"application-platform-content-item-installation application-platform-content-item\" id=\"installation\" data-nav-section=\"installation\"> <h2>\u00bfC\u00f3mo incrustar Website Translator en mis p\u00e1ginas jQuery? <\/h2><p>Simplemente aplique las instrucciones a continuaci\u00f3n para integrar la herramienta. <\/p><ol><li><b>Realiza nuestra demostraci\u00f3n gratuita y comienza a crear tu complemento personalizado. <\/b><br>Encuentre el dise\u00f1o deseable y las caracter\u00edsticas funcionales del widget y guarde las correcciones. <\/li> <li><b>Reciba el c\u00f3digo individual que aparece en el cuadro de Elfsight Apps. <\/b><br>Una vez completada la creaci\u00f3n de su herramienta personal, copie el c\u00f3digo personal en la ventana que aparece y gu\u00e1rdelo para ocasiones posteriores. <\/li> <li><b>Iniciar el uso del complemento en la p\u00e1gina web jQuery. <\/b><br>Ingrese el c\u00f3digo guardado anteriormente en su sitio web y aplique las ediciones. <\/li> <li><b>\u00a1Listo! La incrustaci\u00f3n ha finalizado por completo. <\/b><br>Vaya a su p\u00e1gina para revisar el rendimiento del widget. <\/li><\/ol><p>Si tienes dudas o te encuentras con alguna complicaci\u00f3n, no dudes en recurrir a nuestro equipo de soporte. Nuestra gente est\u00e1 ansiosa por resolver todas las dudas que puedas tener con la herramienta. <\/p><\/div>","protected":false},"excerpt":{"rendered":"","protected":false},"author":9,"featured_media":0,"parent":16128,"menu_order":0,"comment_status":"closed","ping_status":"closed","template":"templates\/template-application-platform.php","meta":{"publish_to_discourse":"","publish_post_category":"","wpdc_auto_publish_overridden":"","wpdc_topic_tags":"","wpdc_pin_topic":"","wpdc_pin_until":"","discourse_post_id":"","discourse_permalink":"","wpdc_publishing_response":"","wpdc_publishing_error":"","footnotes":""},"class_list":["post-17269","page","type-page","status-publish","hentry"],"yoast_head":"<!-- This site is optimized with the Yoast SEO plugin v25.3.1 - https:\/\/yoast.com\/wordpress\/plugins\/seo\/ -->\n<title>Widget de traducci\u00f3n de sitios web: incrustar Quick Translator en jQuery<\/title>\n<meta name=\"description\" content=\"Agregue un widget de traductor de sitios web sin c\u00f3digo a su sitio web jQuery. Pruebe la demostraci\u00f3n r\u00e1pida de Elfsight para crear sin esfuerzo su soluci\u00f3n \u00fanica.\" \/>\n<meta name=\"robots\" content=\"index, follow, max-snippet:-1, max-image-preview:large, max-video-preview:-1\" \/>\n<link rel=\"canonical\" href=\"https:\/\/elfsight.com\/es\/website-translator-widget\/jquery\/\" \/>\n<meta property=\"og:locale\" content=\"es_ES\" \/>\n<meta property=\"og:type\" content=\"article\" \/>\n<meta property=\"og:title\" content=\"Widget de traducci\u00f3n de sitios web: incrustar Quick Translator en jQuery\" \/>\n<meta property=\"og:description\" content=\"Agregue un widget de traductor de sitios web sin c\u00f3digo a su sitio web jQuery. Pruebe la demostraci\u00f3n r\u00e1pida de Elfsight para crear sin esfuerzo su soluci\u00f3n \u00fanica.\" \/>\n<meta property=\"og:url\" content=\"https:\/\/elfsight.com\/es\/website-translator-widget\/jquery\/\" \/>\n<meta property=\"og:site_name\" content=\"Elfsight ES\" \/>\n<meta property=\"article:modified_time\" content=\"2025-02-06T14:55:39+00:00\" \/>\n<meta name=\"twitter:card\" content=\"summary_large_image\" \/>\n<meta name=\"twitter:label1\" content=\"Tiempo de lectura\" \/>\n\t<meta name=\"twitter:data1\" content=\"2 minutos\" \/>\n<!-- \/ Yoast SEO plugin. -->","yoast_head_json":{"title":"Widget de traducci\u00f3n de sitios web: incrustar Quick Translator en jQuery","description":"Agregue un widget de traductor de sitios web sin c\u00f3digo a su sitio web jQuery. Pruebe la demostraci\u00f3n r\u00e1pida de Elfsight para crear sin esfuerzo su soluci\u00f3n \u00fanica.","robots":{"index":"index","follow":"follow","max-snippet":"max-snippet:-1","max-image-preview":"max-image-preview:large","max-video-preview":"max-video-preview:-1"},"canonical":"https:\/\/elfsight.com\/es\/website-translator-widget\/jquery\/","og_locale":"es_ES","og_type":"article","og_title":"Widget de traducci\u00f3n de sitios web: incrustar Quick Translator en jQuery","og_description":"Agregue un widget de traductor de sitios web sin c\u00f3digo a su sitio web jQuery. Pruebe la demostraci\u00f3n r\u00e1pida de Elfsight para crear sin esfuerzo su soluci\u00f3n \u00fanica.","og_url":"https:\/\/elfsight.com\/es\/website-translator-widget\/jquery\/","og_site_name":"Elfsight ES","article_modified_time":"2025-02-06T14:55:39+00:00","twitter_card":"summary_large_image","twitter_misc":{"Tiempo de lectura":"2 minutos"},"schema":{"@context":"https:\/\/schema.org","@graph":[{"@type":"WebPage","@id":"https:\/\/elfsight.com\/es\/website-translator-widget\/jquery\/","url":"https:\/\/elfsight.com\/es\/website-translator-widget\/jquery\/","name":"Widget de traducci\u00f3n de sitios web: incrustar Quick Translator en jQuery","isPartOf":{"@id":"https:\/\/elfsight.com\/es\/#website"},"datePublished":"2024-09-30T18:27:29+00:00","dateModified":"2025-02-06T14:55:39+00:00","description":"Agregue un widget de traductor de sitios web sin c\u00f3digo a su sitio web jQuery. Pruebe la demostraci\u00f3n r\u00e1pida de Elfsight para crear sin esfuerzo su soluci\u00f3n \u00fanica.","breadcrumb":{"@id":"https:\/\/elfsight.com\/es\/website-translator-widget\/jquery\/#breadcrumb"},"inLanguage":"es","potentialAction":[{"@type":"ReadAction","target":["https:\/\/elfsight.com\/es\/website-translator-widget\/jquery\/"]}]},{"@type":"BreadcrumbList","@id":"https:\/\/elfsight.com\/es\/website-translator-widget\/jquery\/#breadcrumb","itemListElement":[{"@type":"ListItem","position":1,"name":"Home","item":"https:\/\/elfsight.com\/es\/"},{"@type":"ListItem","position":2,"name":"Website Translator","item":"https:\/\/elfsight.com\/es\/website-translator-widget\/"},{"@type":"ListItem","position":3,"name":"website translator jquery"}]},{"@type":"WebSite","@id":"https:\/\/elfsight.com\/es\/#website","url":"https:\/\/elfsight.com\/es\/","name":"Elfsight ES","description":"Just another Elfsight Sites site","potentialAction":[{"@type":"SearchAction","target":{"@type":"EntryPoint","urlTemplate":"https:\/\/elfsight.com\/es\/?s={search_term_string}"},"query-input":{"@type":"PropertyValueSpecification","valueRequired":true,"valueName":"search_term_string"}}],"inLanguage":"es"}]}},"meta_box":{"industry":"","seo_heading":"","heading":"","description":"","cta_heading":"","cta_description":"","application":"16123","h1":"Complemento de traducci\u00f3n de sitios web jQuery","h1_caption":"Traduzca autom\u00e1ticamente el contenido de su sitio web a varios idiomas, haci\u00e9ndolo accesible a una audiencia global en su sitio web jQuery sin esfuerzo.","application_category":[],"applications_title":"","applications_request_title":"","applications_request_button_text":"","hero_text":"","hero_video":"","hero_video_schema_markup":"","selling_points_title":"","selling_points_caption":"","selling_points":[],"selling_points_cta_text":"","features_title":"","features":"","ed_cta_examples_text":"","ed_cta_examples_hidden":"","ed_cta_demo_text":"","ed_cta_demo_hidden":"","why_caption":"","why_editor_title":"","why_editor_text":"","why_team_title":"","why_team_text":"","why_service_title":"","why_service_text":"","template_catalog_visible":"","template_catalog_title":"","template_catalog_text":"","template_catalog_categories_visible":"","demo_title":"Crea tu complemento de traducci\u00f3n de sitios web","demo_caption":"\u00a1Configure su traductor de sitios web y agr\u00e9guelo a su sitio web jQuery gratis!","default_faq_hidden":"","app_template_category":[],"platform":"76","template_public_id":"","codecanyon_url":"","codecanyon_item_id":"","codecanyon_price":"","pricing_caption":"","pricing_elfsight_apps_hide_column":"","pricing_elfsight_apps_url":"","pricing_codecanyon_price_caption":"","integration_category":[],"integration_request_title":"","integration_request_cta":"","integration_platform":"","integrations":[],"platform_category":[],"video_schema_markup":"","price":"desde $0 \/ mes","trial":"","benefits":[{"text":"Ayuda de instalaci\u00f3n gratuita"},{"text":"Servicio al cliente eficaz"},{"text":"Garant\u00eda de reembolso de 14 d\u00edas"},{"text":"Actualizaciones de por vida"}],"button_url":"#demo","button_target_blank":"","button_nofollow":"","attributes":[{"name":"Instalar","content":"50,000 - 100,000"},{"name":"Sensible","content":"S\u00ed"},{"name":"Navegadores compatibles","content":"Firefox, Safari, Opera, Chrome, Edge"}],"tags":[],"tags_disable_links":"","hide_more_platforms":"","video_object":"","demo_hide_cta":"","demo_hide_cloud_options":"","pricing_title":"","pricing":[{"pricing_icon":"platform","pricing_title":"Elfsight Apps","pricing_title_caption":"Soluci\u00f3n independiente de plataforma que funciona en cualquier sitio","pricing_price":"desde $0 \/ mes","pricing_price_caption":"comienza con un plan gratuito","pricing_benefits":[{"text":"Sitios web ilimitados"},{"text":"Soporte dedicado y puntual"},{"text":"Soporte de instalaci\u00f3n gratuito"},{"text":"100% personalizable"}],"pricing_button_text":"A\u00f1adir al sitio web","pricing_button_url":"#demo"}],"related_apps_title":"","related_apps_hidden":"","author":"","image":[],"title":"","job":"","social_networks":[]},"_links":{"self":[{"href":"https:\/\/elfsight.com\/es\/wp-json\/wp\/v2\/pages\/17269","targetHints":{"allow":["GET"]}}],"collection":[{"href":"https:\/\/elfsight.com\/es\/wp-json\/wp\/v2\/pages"}],"about":[{"href":"https:\/\/elfsight.com\/es\/wp-json\/wp\/v2\/types\/page"}],"author":[{"embeddable":true,"href":"https:\/\/elfsight.com\/es\/wp-json\/wp\/v2\/users\/9"}],"replies":[{"embeddable":true,"href":"https:\/\/elfsight.com\/es\/wp-json\/wp\/v2\/comments?post=17269"}],"version-history":[{"count":1,"href":"https:\/\/elfsight.com\/es\/wp-json\/wp\/v2\/pages\/17269\/revisions"}],"predecessor-version":[{"id":17273,"href":"https:\/\/elfsight.com\/es\/wp-json\/wp\/v2\/pages\/17269\/revisions\/17273"}],"up":[{"embeddable":true,"href":"https:\/\/elfsight.com\/es\/wp-json\/wp\/v2\/pages\/16128"}],"wp:attachment":[{"href":"https:\/\/elfsight.com\/es\/wp-json\/wp\/v2\/media?parent=17269"}],"curies":[{"name":"wp","href":"https:\/\/api.w.org\/{rel}","templated":true}]}}