{"id":17267,"date":"2024-09-30T18:27:29","date_gmt":"2024-09-30T18:27:29","guid":{"rendered":"https:\/\/elfsight.com\/es\/?page_id=17267"},"modified":"2025-02-06T14:55:47","modified_gmt":"2025-02-06T14:55:47","slug":"jimdo","status":"publish","type":"page","link":"https:\/\/elfsight.com\/es\/website-translator-widget\/jimdo\/","title":{"rendered":"website translator  jimdo"},"content":{"rendered":"<div class=\"application-platform-content-item-description application-platform-content-item\" id=\"description\" data-nav-section=\"description\"> <h2>Integre el traductor de sitios web en Jimdo con un complemento de Elfsight<\/h2> <p>Una buena idea para impulsar el rendimiento online de su negocio y alcanzar una audiencia internacional. audiencia es la integraci\u00f3n de nuestro widget Traductor de sitios web para Jimdo. Al traducir sin problemas el contenido de su sitio web, este widget garantiza que su mensaje atraiga a usuarios de diversos or\u00edgenes ling\u00fc\u00edsticos, lo que le ayudar\u00e1 a superar las barreras del idioma y ampliar su alcance en el mercado. <\/p><p>Nuestro traductor de sitios web ofrece traducci\u00f3n autom\u00e1tica instant\u00e1nea de sitios web mejorada por Google AI y admite m\u00e1s de 130 idiomas. Puede recordar las preferencias de idioma de los visitantes, lo que permite una experiencia de navegaci\u00f3n individual que los mantiene interesados. Globaliza sin esfuerzo tu sitio web Jimdo y conecta con diversas audiencias a trav\u00e9s de la tecnolog\u00eda de traducci\u00f3n de vanguardia. <\/p><p><b>\u00a1Ofrezca sus bienes y servicios en todo el mundo con el widget de cambio de idioma f\u00e1cil de usar! <\/b><\/p><\/div> <div class=\"application-platform-content-item-features application-platform-content-item\" id=\"features\" data-nav-section=\"features\"> <h2>Las caracter\u00edsticas fundamentales del widget incluyen<\/h2><ul><li>Traducci\u00f3n autom\u00e1tica instant\u00e1nea de sitios web<\/li><li>Google Traducci\u00f3n basada en IA<\/li><li>Mantenimiento de m\u00e1s de 130 idiomas<\/li><li>Mantener las preferencias de los visitantes<\/li><li>Numerosos estilos de widgets de plantillas<\/li><\/ul><p><a href=\"#demo\">Pruebe todas las opciones de personalizaci\u00f3n en una demostraci\u00f3n con todas las funciones<\/a><\/p><\/div> <div class=\"application-platform-content-item-installation application-platform-content-item\" id=\"installation\" data-nav-section=\"installation\"> <h2>\u00bfC\u00f3mo incorporo Website Translator en mi plataforma Jimdo? ? <\/h2><p>Simplemente siga las pautas a continuaci\u00f3n para agregar el complemento. <\/p><ol><li><b>Utilice nuestra demostraci\u00f3n gratuita y comience a darle forma a su complemento personalizado. <\/b><br>Determine la interfaz seleccionada y las opciones del complemento y aplique las modificaciones. <\/li> <li><b>Copia tu c\u00f3digo individual que se muestra en el formulario especial en Elfsight Apps. <\/b><br>Inmediatamente despu\u00e9s de finalizar la personalizaci\u00f3n de su complemento personal, copie el c\u00f3digo exclusivo en la ventana emergente que aparece y gu\u00e1rdelo para su uso posterior. <\/li> <li><b>Iniciar la aplicaci\u00f3n del widget en el sitio Jimdo. <\/b><br>Pegue el c\u00f3digo copiado anteriormente en su p\u00e1gina web y guarde las mejoras. <\/li> <li><b>\u00a1Listo! La configuraci\u00f3n est\u00e1 completamente realizada. <\/b><br>Visite su p\u00e1gina para ver el funcionamiento del complemento. <\/li><\/ol><p>Si tienes alg\u00fan problema, no dudes en recurrir a nuestro equipo de soporte. Nuestros especialistas est\u00e1n ansiosos por resolver todos los problemas que pueda tener con el producto. <\/p><\/div>","protected":false},"excerpt":{"rendered":"","protected":false},"author":9,"featured_media":0,"parent":16128,"menu_order":0,"comment_status":"closed","ping_status":"closed","template":"templates\/template-application-platform.php","meta":{"publish_to_discourse":"","publish_post_category":"","wpdc_auto_publish_overridden":"","wpdc_topic_tags":"","wpdc_pin_topic":"","wpdc_pin_until":"","discourse_post_id":"","discourse_permalink":"","wpdc_publishing_response":"","wpdc_publishing_error":"","footnotes":""},"class_list":["post-17267","page","type-page","status-publish","hentry"],"yoast_head":"<!-- This site is optimized with the Yoast SEO plugin v25.3.1 - https:\/\/yoast.com\/wordpress\/plugins\/seo\/ -->\n<title>Widget de traducci\u00f3n de sitios web - Insertar traductor gratuito para Jimdo<\/title>\n<meta name=\"description\" content=\"A\u00f1ade un widget de traductor de sitios web sin c\u00f3digo en tu sitio web Jimdo. Pruebe la demostraci\u00f3n r\u00e1pida de Elfsight para crear f\u00e1cilmente su soluci\u00f3n individual.\" \/>\n<meta name=\"robots\" content=\"index, follow, max-snippet:-1, max-image-preview:large, max-video-preview:-1\" \/>\n<link rel=\"canonical\" href=\"https:\/\/elfsight.com\/es\/website-translator-widget\/jimdo\/\" \/>\n<meta property=\"og:locale\" content=\"es_ES\" \/>\n<meta property=\"og:type\" content=\"article\" \/>\n<meta property=\"og:title\" content=\"Widget de traducci\u00f3n de sitios web - Insertar traductor gratuito para Jimdo\" \/>\n<meta property=\"og:description\" content=\"A\u00f1ade un widget de traductor de sitios web sin c\u00f3digo en tu sitio web Jimdo. Pruebe la demostraci\u00f3n r\u00e1pida de Elfsight para crear f\u00e1cilmente su soluci\u00f3n individual.\" \/>\n<meta property=\"og:url\" content=\"https:\/\/elfsight.com\/es\/website-translator-widget\/jimdo\/\" \/>\n<meta property=\"og:site_name\" content=\"Elfsight ES\" \/>\n<meta property=\"article:modified_time\" content=\"2025-02-06T14:55:47+00:00\" \/>\n<meta name=\"twitter:card\" content=\"summary_large_image\" \/>\n<meta name=\"twitter:label1\" content=\"Tiempo de lectura\" \/>\n\t<meta name=\"twitter:data1\" content=\"2 minutos\" \/>\n<!-- \/ Yoast SEO plugin. -->","yoast_head_json":{"title":"Widget de traducci\u00f3n de sitios web - Insertar traductor gratuito para Jimdo","description":"A\u00f1ade un widget de traductor de sitios web sin c\u00f3digo en tu sitio web Jimdo. Pruebe la demostraci\u00f3n r\u00e1pida de Elfsight para crear f\u00e1cilmente su soluci\u00f3n individual.","robots":{"index":"index","follow":"follow","max-snippet":"max-snippet:-1","max-image-preview":"max-image-preview:large","max-video-preview":"max-video-preview:-1"},"canonical":"https:\/\/elfsight.com\/es\/website-translator-widget\/jimdo\/","og_locale":"es_ES","og_type":"article","og_title":"Widget de traducci\u00f3n de sitios web - Insertar traductor gratuito para Jimdo","og_description":"A\u00f1ade un widget de traductor de sitios web sin c\u00f3digo en tu sitio web Jimdo. Pruebe la demostraci\u00f3n r\u00e1pida de Elfsight para crear f\u00e1cilmente su soluci\u00f3n individual.","og_url":"https:\/\/elfsight.com\/es\/website-translator-widget\/jimdo\/","og_site_name":"Elfsight ES","article_modified_time":"2025-02-06T14:55:47+00:00","twitter_card":"summary_large_image","twitter_misc":{"Tiempo de lectura":"2 minutos"},"schema":{"@context":"https:\/\/schema.org","@graph":[{"@type":"WebPage","@id":"https:\/\/elfsight.com\/es\/website-translator-widget\/jimdo\/","url":"https:\/\/elfsight.com\/es\/website-translator-widget\/jimdo\/","name":"Widget de traducci\u00f3n de sitios web - Insertar traductor gratuito para Jimdo","isPartOf":{"@id":"https:\/\/elfsight.com\/es\/#website"},"datePublished":"2024-09-30T18:27:29+00:00","dateModified":"2025-02-06T14:55:47+00:00","description":"A\u00f1ade un widget de traductor de sitios web sin c\u00f3digo en tu sitio web Jimdo. Pruebe la demostraci\u00f3n r\u00e1pida de Elfsight para crear f\u00e1cilmente su soluci\u00f3n individual.","breadcrumb":{"@id":"https:\/\/elfsight.com\/es\/website-translator-widget\/jimdo\/#breadcrumb"},"inLanguage":"es","potentialAction":[{"@type":"ReadAction","target":["https:\/\/elfsight.com\/es\/website-translator-widget\/jimdo\/"]}]},{"@type":"BreadcrumbList","@id":"https:\/\/elfsight.com\/es\/website-translator-widget\/jimdo\/#breadcrumb","itemListElement":[{"@type":"ListItem","position":1,"name":"Home","item":"https:\/\/elfsight.com\/es\/"},{"@type":"ListItem","position":2,"name":"Website Translator","item":"https:\/\/elfsight.com\/es\/website-translator-widget\/"},{"@type":"ListItem","position":3,"name":"website translator jimdo"}]},{"@type":"WebSite","@id":"https:\/\/elfsight.com\/es\/#website","url":"https:\/\/elfsight.com\/es\/","name":"Elfsight ES","description":"Just another Elfsight Sites site","potentialAction":[{"@type":"SearchAction","target":{"@type":"EntryPoint","urlTemplate":"https:\/\/elfsight.com\/es\/?s={search_term_string}"},"query-input":{"@type":"PropertyValueSpecification","valueRequired":true,"valueName":"search_term_string"}}],"inLanguage":"es"}]}},"meta_box":{"industry":"","seo_heading":"","heading":"","description":"","cta_heading":"","cta_description":"","application":"16123","h1":"Widget de traducci\u00f3n de sitios web de Jimdo","h1_caption":"Traduce autom\u00e1ticamente el contenido de tu sitio web a varios idiomas, haci\u00e9ndolo accesible a una audiencia global en tu sitio web Jimdo sin esfuerzo.","application_category":[],"applications_title":"","applications_request_title":"","applications_request_button_text":"","hero_text":"","hero_video":"","hero_video_schema_markup":"","selling_points_title":"","selling_points_caption":"","selling_points":[],"selling_points_cta_text":"","features_title":"","features":"","ed_cta_examples_text":"","ed_cta_examples_hidden":"","ed_cta_demo_text":"","ed_cta_demo_hidden":"","why_caption":"","why_editor_title":"","why_editor_text":"","why_team_title":"","why_team_text":"","why_service_title":"","why_service_text":"","template_catalog_visible":"","template_catalog_title":"","template_catalog_text":"","template_catalog_categories_visible":"","demo_title":"Crea tu widget de traductor de sitios web","demo_caption":"\u00a1Configura tu traductor de sitios web y a\u00f1\u00e1delo a tu sitio web Jimdo gratis!","default_faq_hidden":"","app_template_category":[],"platform":"2198","template_public_id":"","codecanyon_url":"","codecanyon_item_id":"","codecanyon_price":"","pricing_caption":"","pricing_elfsight_apps_hide_column":"","pricing_elfsight_apps_url":"","pricing_codecanyon_price_caption":"","integration_category":[],"integration_request_title":"","integration_request_cta":"","integration_platform":"","integrations":[],"platform_category":[],"video_schema_markup":"","price":"desde $0 \/ mes","trial":"","benefits":[{"text":"Asistencia de instalaci\u00f3n gratuita"},{"text":"Soporte excepcional"},{"text":"Garant\u00eda de reembolso de 14 d\u00edas"},{"text":"Desarrollo continuo"}],"button_url":"#demo","button_target_blank":"","button_nofollow":"","attributes":[{"name":"Instalar","content":"50,000 - 100,000"},{"name":"Sensible","content":"S\u00ed"},{"name":"Navegadores compatibles","content":"Firefox, Safari, Opera, Chrome, Edge"}],"tags":[],"tags_disable_links":"","hide_more_platforms":"","video_object":"","demo_hide_cta":"","demo_hide_cloud_options":"","pricing_title":"","pricing":[{"pricing_icon":"platform","pricing_title":"Elfsight Apps","pricing_title_caption":"Software multiplataforma que se adapta a cualquier sitio","pricing_price":"desde $0 \/ mes","pricing_price_caption":"comienza con un plan gratuito","pricing_benefits":[{"text":"Dominios ilimitados"},{"text":"Soporte dedicado y puntual"},{"text":"Soporte de instalaci\u00f3n gratuito"},{"text":"100% personalizable"}],"pricing_button_text":"A\u00f1adir al sitio web","pricing_button_url":"#demo"}],"related_apps_title":"","related_apps_hidden":"","author":"","image":[],"title":"","job":"","social_networks":[]},"_links":{"self":[{"href":"https:\/\/elfsight.com\/es\/wp-json\/wp\/v2\/pages\/17267","targetHints":{"allow":["GET"]}}],"collection":[{"href":"https:\/\/elfsight.com\/es\/wp-json\/wp\/v2\/pages"}],"about":[{"href":"https:\/\/elfsight.com\/es\/wp-json\/wp\/v2\/types\/page"}],"author":[{"embeddable":true,"href":"https:\/\/elfsight.com\/es\/wp-json\/wp\/v2\/users\/9"}],"replies":[{"embeddable":true,"href":"https:\/\/elfsight.com\/es\/wp-json\/wp\/v2\/comments?post=17267"}],"version-history":[{"count":1,"href":"https:\/\/elfsight.com\/es\/wp-json\/wp\/v2\/pages\/17267\/revisions"}],"predecessor-version":[{"id":17271,"href":"https:\/\/elfsight.com\/es\/wp-json\/wp\/v2\/pages\/17267\/revisions\/17271"}],"up":[{"embeddable":true,"href":"https:\/\/elfsight.com\/es\/wp-json\/wp\/v2\/pages\/16128"}],"wp:attachment":[{"href":"https:\/\/elfsight.com\/es\/wp-json\/wp\/v2\/media?parent=17267"}],"curies":[{"name":"wp","href":"https:\/\/api.w.org\/{rel}","templated":true}]}}