{"id":17261,"date":"2024-09-30T18:27:29","date_gmt":"2024-09-30T18:27:29","guid":{"rendered":"https:\/\/elfsight.com\/es\/?page_id=17261"},"modified":"2025-02-06T14:55:47","modified_gmt":"2025-02-06T14:55:47","slug":"godaddy","status":"publish","type":"page","link":"https:\/\/elfsight.com\/es\/appointment-booking-widget\/godaddy\/","title":{"rendered":"appointment booking  godaddy"},"content":{"rendered":"<div class=\"application-platform-content-item-description application-platform-content-item\" id=\"description\" data-nav-section=\"description\"><h2>\u00a1Incorpore la reserva de citas en GoDaddy con el complemento Elfsight!<\/h2> <p>El complemento de reserva de citas est\u00e1 aqu\u00ed para ayudar a los clientes potenciales a reservar tiempo espacios directamente en su sitio web de GoDaddy, lo que reduce la carga de trabajo manual (como monitorear constantemente mensajes, llamadas y correos electr\u00f3nicos) de su parte. Funciona como una recepcionista virtual en espera las 24 horas del d\u00eda, capaz tambi\u00e9n de enviar confirmaciones autom\u00e1ticas y sincronizarse con integraciones de terceros, como Google Calendar.<\/p> <p>Ha llegado el momento de contar m\u00e1s sobre tu servicio o evento. , definir la duraci\u00f3n, proporcionar informaci\u00f3n de contacto y decidir el precio para facilitar la toma de decisiones a los clientes. Adem\u00e1s, personalice la est\u00e9tica visual del complemento ajustando elementos y funciones personalizados sin necesidad de mejorar las capacidades de codificaci\u00f3n o contratar a un desarrollador.<\/p> <p><b>Amplifique la visibilidad de su negocio y est\u00e9 disponible para todos los clientes potenciales con reservas en l\u00ednea. \u00a1para citas en su sitio web!<\/b><\/p> <\/div> <div class=\"application-platform-content-item-features application-platform-content-item\" id=\"features\" data-nav-section=\"features\"> <h2>Estas son solo algunas de las potentes funciones del widget:<\/h2> <ul><li>Presente una descripci\u00f3n concisa de su servicio (nombre, detalles, imagen y duraci\u00f3n) y configure el precio en varias monedas.<\/li><li>Env\u00ede notificaciones autom\u00e1ticas para confirmar los espacios reservados a los clientes y a usted mismo.<\/li><li>Sincronice el widget con aplicaciones de terceros, como Google Calendar, para estar siempre actualizado.<\/li><li>Muestre la informaci\u00f3n de contacto de su empresa como validaci\u00f3n social y permita a los usuarios comunicarse en caso de circunstancias imprevistas.<\/li><li>Personalizaci\u00f3n avanzada sin necesidad de codificar: plantillas predise\u00f1adas, colores, dise\u00f1os accesibles, fuentes, editor CSS personalizado, editor JS personalizado, etc.<\/li><\/ul><p><a href=\"#demo\">Puedes explorar todas las capacidades del widget en la demostraci\u00f3n <\/a><\/p> <\/div> <div class=\"application-platform-content-item-installation application-platform-content-item\" id=\"installation\" data-nav-section=\"installation\"> <h2>\u00bfC\u00f3mo agrego la reserva de citas a mi GoDaddy? \u00bfSitio web?<\/h2> <p>Para agregar la reserva de citas a su sitio web de GoDaddy, siga estos pasos:<\/p> <ol><li><b>Realice nuestra demostraci\u00f3n gratuita y comience a darle forma a su widget personalizado de LinkedIn Feed.<\/b><br> Elija el dise\u00f1o y los par\u00e1metros adecuados de la herramienta y aplique las ediciones.<\/li> <li><b>Adquiera su c\u00f3digo personal que aparece en el formulario especial de Elfsight Apps.<\/b><br> &gt; Tan pronto como finalice la generaci\u00f3n de su widget personal, copie el c\u00f3digo exclusivo en la ventana emergente y gu\u00e1rdelo para usarlo en el futuro.<\/li> <li><b>Comience a utilizar la herramienta en su sitio web de GoDaddy.<\/b><br> Integre el c\u00f3digo que copi\u00f3 recientemente en su sitio web y aplique las ediciones.<\/li> <li><b>La instalaci\u00f3n ha finalizado por completo.<\/b><br> Visite su sitio web para revisar el rendimiento. del complemento.<\/li><\/ol> <p>Si tiene alguna dificultad, no dude en comunicarse con nuestro equipo de atenci\u00f3n al cliente. Nuestros especialistas est\u00e1n deseando ayudarte con todos los problemas que puedas tener con el widget.<\/p> <\/div> ","protected":false},"excerpt":{"rendered":"","protected":false},"author":9,"featured_media":0,"parent":17030,"menu_order":0,"comment_status":"closed","ping_status":"closed","template":"templates\/template-application-platform.php","meta":{"publish_to_discourse":"","publish_post_category":"","wpdc_auto_publish_overridden":"","wpdc_topic_tags":"","wpdc_pin_topic":"","wpdc_pin_until":"","discourse_post_id":"","discourse_permalink":"","wpdc_publishing_response":"","wpdc_publishing_error":"","footnotes":""},"class_list":["post-17261","page","type-page","status-publish","hentry"],"yoast_head":"<!-- This site is optimized with the Yoast SEO plugin v25.3.1 - https:\/\/yoast.com\/wordpress\/plugins\/seo\/ -->\n<title>Widget de reserva de citas: insertar reserva en el sitio web de GoDaddy<\/title>\n<meta name=\"description\" content=\"Agregue una aplicaci\u00f3n de reserva de citas sin codificaci\u00f3n al sitio web de GoDaddy y permita que los clientes reserven espacios con solo unos pocos clics.\" \/>\n<meta name=\"robots\" content=\"index, follow, max-snippet:-1, max-image-preview:large, max-video-preview:-1\" \/>\n<link rel=\"canonical\" href=\"https:\/\/elfsight.com\/es\/appointment-booking-widget\/godaddy\/\" \/>\n<meta property=\"og:locale\" content=\"es_ES\" \/>\n<meta property=\"og:type\" content=\"article\" \/>\n<meta property=\"og:title\" content=\"Widget de reserva de citas: insertar reserva en el sitio web de GoDaddy\" \/>\n<meta property=\"og:description\" content=\"Agregue una aplicaci\u00f3n de reserva de citas sin codificaci\u00f3n al sitio web de GoDaddy y permita que los clientes reserven espacios con solo unos pocos clics.\" \/>\n<meta property=\"og:url\" content=\"https:\/\/elfsight.com\/es\/appointment-booking-widget\/godaddy\/\" \/>\n<meta property=\"og:site_name\" content=\"Elfsight ES\" \/>\n<meta property=\"article:modified_time\" content=\"2025-02-06T14:55:47+00:00\" \/>\n<meta name=\"twitter:card\" content=\"summary_large_image\" \/>\n<meta name=\"twitter:label1\" content=\"Tiempo de lectura\" \/>\n\t<meta name=\"twitter:data1\" content=\"3 minutos\" \/>\n<!-- \/ Yoast SEO plugin. -->","yoast_head_json":{"title":"Widget de reserva de citas: insertar reserva en el sitio web de GoDaddy","description":"Agregue una aplicaci\u00f3n de reserva de citas sin codificaci\u00f3n al sitio web de GoDaddy y permita que los clientes reserven espacios con solo unos pocos clics.","robots":{"index":"index","follow":"follow","max-snippet":"max-snippet:-1","max-image-preview":"max-image-preview:large","max-video-preview":"max-video-preview:-1"},"canonical":"https:\/\/elfsight.com\/es\/appointment-booking-widget\/godaddy\/","og_locale":"es_ES","og_type":"article","og_title":"Widget de reserva de citas: insertar reserva en el sitio web de GoDaddy","og_description":"Agregue una aplicaci\u00f3n de reserva de citas sin codificaci\u00f3n al sitio web de GoDaddy y permita que los clientes reserven espacios con solo unos pocos clics.","og_url":"https:\/\/elfsight.com\/es\/appointment-booking-widget\/godaddy\/","og_site_name":"Elfsight ES","article_modified_time":"2025-02-06T14:55:47+00:00","twitter_card":"summary_large_image","twitter_misc":{"Tiempo de lectura":"3 minutos"},"schema":{"@context":"https:\/\/schema.org","@graph":[{"@type":"WebPage","@id":"https:\/\/elfsight.com\/es\/appointment-booking-widget\/godaddy\/","url":"https:\/\/elfsight.com\/es\/appointment-booking-widget\/godaddy\/","name":"Widget de reserva de citas: insertar reserva en el sitio web de GoDaddy","isPartOf":{"@id":"https:\/\/elfsight.com\/es\/#website"},"datePublished":"2024-09-30T18:27:29+00:00","dateModified":"2025-02-06T14:55:47+00:00","description":"Agregue una aplicaci\u00f3n de reserva de citas sin codificaci\u00f3n al sitio web de GoDaddy y permita que los clientes reserven espacios con solo unos pocos clics.","breadcrumb":{"@id":"https:\/\/elfsight.com\/es\/appointment-booking-widget\/godaddy\/#breadcrumb"},"inLanguage":"es","potentialAction":[{"@type":"ReadAction","target":["https:\/\/elfsight.com\/es\/appointment-booking-widget\/godaddy\/"]}]},{"@type":"BreadcrumbList","@id":"https:\/\/elfsight.com\/es\/appointment-booking-widget\/godaddy\/#breadcrumb","itemListElement":[{"@type":"ListItem","position":1,"name":"Home","item":"https:\/\/elfsight.com\/es\/"},{"@type":"ListItem","position":2,"name":"Appointment Booking","item":"https:\/\/elfsight.com\/es\/appointment-booking-widget\/"},{"@type":"ListItem","position":3,"name":"appointment booking godaddy"}]},{"@type":"WebSite","@id":"https:\/\/elfsight.com\/es\/#website","url":"https:\/\/elfsight.com\/es\/","name":"Elfsight ES","description":"Just another Elfsight Sites site","potentialAction":[{"@type":"SearchAction","target":{"@type":"EntryPoint","urlTemplate":"https:\/\/elfsight.com\/es\/?s={search_term_string}"},"query-input":{"@type":"PropertyValueSpecification","valueRequired":true,"valueName":"search_term_string"}}],"inLanguage":"es"}]}},"meta_box":{"industry":"","seo_heading":"","heading":"","description":"","cta_heading":"","cta_description":"","application":"17026","h1":"Complemento de reserva de citas de GoDaddy","h1_caption":"Permita a los usuarios programar citas f\u00e1cilmente directamente desde su sitio web de GoDaddy, mejorando la comodidad y agilizando el proceso de reserva.","application_category":[],"applications_title":"","applications_request_title":"","applications_request_button_text":"","hero_text":"","hero_video":"","hero_video_schema_markup":"","selling_points_title":"","selling_points_caption":"","selling_points":[],"selling_points_cta_text":"","features_title":"","features":"","ed_cta_examples_text":"","ed_cta_examples_hidden":"","ed_cta_demo_text":"","ed_cta_demo_hidden":"","why_caption":"","why_editor_title":"","why_editor_text":"","why_team_title":"","why_team_text":"","why_service_title":"","why_service_text":"","template_catalog_visible":"","template_catalog_title":"","template_catalog_text":"","template_catalog_categories_visible":"","demo_title":"Crea tu complemento de reserva de citas","demo_caption":"\u00a1Configure su reserva de citas y agr\u00e9guela a su sitio web de GoDaddy gratis!","default_faq_hidden":"","app_template_category":[],"platform":"2183","template_public_id":"","codecanyon_url":"","codecanyon_item_id":"","codecanyon_price":"","pricing_caption":"","pricing_elfsight_apps_hide_column":"","pricing_elfsight_apps_url":"","pricing_codecanyon_price_caption":"","integration_category":[],"integration_request_title":"","integration_request_cta":"","integration_platform":"","integrations":[],"platform_category":[],"video_schema_markup":"","price":"desde $0 \/ mes","trial":"","benefits":[{"text":"Servicio de instalaci\u00f3n gratuito"},{"text":"Servicio al cliente eficaz"},{"text":"Garant\u00eda de devoluci\u00f3n de dinero de 14 d\u00edas"},{"text":"Actualizaciones peri\u00f3dicas"}],"button_url":"#demo","button_target_blank":"","button_nofollow":"","attributes":[{"name":"Instalaciones","content":"1,000 - 5,000"},{"name":"Sensible","content":"S\u00ed"},{"name":"Navegadores compatibles","content":"Firefox, Safari, Opera, Chrome, Edge"}],"tags":[],"tags_disable_links":"","hide_more_platforms":"","video_object":"","demo_hide_cta":"","demo_hide_cloud_options":"","pricing_title":"","pricing":[{"pricing_icon":"platform","pricing_title":"Elfsight Apps","pricing_title_caption":"Software independiente de la plataforma que se adapta a cualquier sitio web","pricing_price":"Desde $0 \/ mes","pricing_price_caption":"Comience con un plan gratuito","pricing_benefits":[{"text":"Sitios web ilimitados"},{"text":"Soporte empresarial dedicado y bien documentado."},{"text":"Soporte de instalaci\u00f3n gratuito"},{"text":"Dise\u00f1o flexible"}],"pricing_button_text":"A\u00f1adir al sitio web","pricing_button_url":"#demo"}],"related_apps_title":"","related_apps_hidden":"","author":"","image":[],"title":"","job":"","social_networks":[]},"_links":{"self":[{"href":"https:\/\/elfsight.com\/es\/wp-json\/wp\/v2\/pages\/17261","targetHints":{"allow":["GET"]}}],"collection":[{"href":"https:\/\/elfsight.com\/es\/wp-json\/wp\/v2\/pages"}],"about":[{"href":"https:\/\/elfsight.com\/es\/wp-json\/wp\/v2\/types\/page"}],"author":[{"embeddable":true,"href":"https:\/\/elfsight.com\/es\/wp-json\/wp\/v2\/users\/9"}],"replies":[{"embeddable":true,"href":"https:\/\/elfsight.com\/es\/wp-json\/wp\/v2\/comments?post=17261"}],"version-history":[{"count":1,"href":"https:\/\/elfsight.com\/es\/wp-json\/wp\/v2\/pages\/17261\/revisions"}],"predecessor-version":[{"id":17265,"href":"https:\/\/elfsight.com\/es\/wp-json\/wp\/v2\/pages\/17261\/revisions\/17265"}],"up":[{"embeddable":true,"href":"https:\/\/elfsight.com\/es\/wp-json\/wp\/v2\/pages\/17030"}],"wp:attachment":[{"href":"https:\/\/elfsight.com\/es\/wp-json\/wp\/v2\/media?parent=17261"}],"curies":[{"name":"wp","href":"https:\/\/api.w.org\/{rel}","templated":true}]}}