{"id":17259,"date":"2024-09-30T18:27:29","date_gmt":"2024-09-30T18:27:29","guid":{"rendered":"https:\/\/elfsight.com\/es\/?page_id=17259"},"modified":"2025-02-06T14:55:55","modified_gmt":"2025-02-06T14:55:55","slug":"facebook","status":"publish","type":"page","link":"https:\/\/elfsight.com\/es\/appointment-booking-widget\/facebook\/","title":{"rendered":"appointment booking  facebook page"},"content":{"rendered":"<div class=\"application-platform-content-item-description application-platform-content-item\" id=\"description\" data-nav-section=\"description\"><h2>\u00a1Incorpore la reserva de citas en la p\u00e1gina de Facebook con el widget de Elfsight!<\/h2> <p>El widget de reserva de citas est\u00e1 aqu\u00ed para ayudar a los clientes potenciales a proteger franjas horarias convenientemente en el sitio web de su p\u00e1gina de Facebook, minimizando el trabajo manual (como estar constantemente disponible en todo momento para no perder nunca mensajes, llamadas y correos electr\u00f3nicos) de su parte. Funciona como una recepcionista dedicada en espera las 24 horas del d\u00eda que env\u00eda confirmaciones autom\u00e1ticas y se puede conectar con integraciones especializadas, como Google Calendar.<\/p> <p>Este es el momento adecuado para profundizar en su servicio o evento, especifique el plazo, proporcione informaci\u00f3n de contacto y establezca el precio para que a los clientes les resulte m\u00e1s f\u00e1cil tomar una decisi\u00f3n. Adem\u00e1s de eso, personalice la apariencia del widget modificando elementos y caracter\u00edsticas personalizados sin necesidad de perfeccionar las habilidades de codificaci\u00f3n o contratar a un programador experto.<\/p> <p><b>Deje que su negocio se mueva y est\u00e9 disponible para un p\u00fablico m\u00e1s amplio. clientela a trav\u00e9s de reservas en l\u00ednea para citas en su sitio web.<\/b><\/p> <\/div> <div class=\"application-platform-content-item-features application-platform-content-item\" id=\"features\" data-nav-section=\"features\"> <h2>Estas son solo algunas de las amplias funciones del widget:<\/h2> <ul> <li>Entregue una descripci\u00f3n concisa de su servicio (nombre, detalles, imagen y duraci\u00f3n) y establezca el precio en varias monedas.<\/li><li>Env\u00ede alertas autom\u00e1ticas para confirmar los espacios reservados a los clientes y a usted mismo.<\/li><li>Sincronice el widget con aplicaciones de subcontrataci\u00f3n, como Google Calendar, para garantizar actualizaciones constantes.<\/li><li>Comparta la informaci\u00f3n de contacto de su empresa como prueba social y permita que los usuarios se comuniquen con usted en caso de circunstancias imprevistas.<\/li><li>Personalizaci\u00f3n avanzada sin necesidad de codificar: plantillas predise\u00f1adas, colores, dise\u00f1os, fuentes, editor CSS personalizado, editor JS personalizado, etc.<\/li><\/ul><p><a href=\" #demo\">Simplemente consulte esta demostraci\u00f3n para ver cu\u00e1nto vale el widget<\/a><\/p> <\/div> <div class=\"application-platform-content-item-installation application-platform-content-item\" id=\"installation\" data-nav-section=\"installation\"> <h2>\u00bfC\u00f3mo incrustar la reserva de citas en el sitio web de mi p\u00e1gina de Facebook? <\/h2> <div class=\"tip-yellow tip\"><b>Debido a los cambios recientes de Facebook y la transici\u00f3n a la experiencia de nueva p\u00e1gina, actualmente el uso solo es posible agregando un enlace directo al widget. Estamos buscando activamente una soluci\u00f3n y actualizaremos la configuraci\u00f3n de la p\u00e1gina de Facebook tan pronto como encontremos una manera.<\/b><\/div><p>Para insertar la reserva de citas en el sitio web de tu p\u00e1gina de Facebook, sigue estos pasos a continuaci\u00f3n:<\/p> <ol><li><b>Administre nuestro configurador gratuito y comience a darle forma a su widget personalizado de LinkedIn Feed.<\/b><br> Determine el dise\u00f1o y las caracter\u00edsticas preferibles del complemento y aplique las ediciones.<\/li> <li><b>Adquiera su c\u00f3digo personal que se muestra en el cuadro de Elfsight Apps.<\/b><br> Una vez completada la configuraci\u00f3n de su complemento, copie el c\u00f3digo individual en la ventana emergente que aparece y gu\u00e1rdelo para usarlo m\u00e1s adelante.<\/li> <li><b>Empiece a utilizar la herramienta en el sitio web de su p\u00e1gina de Facebook.<\/b><br>Integre el c\u00f3digo guardado recientemente en su sitio web y aplique las mejoras.<\/li> <li><b>Usted \u00a1Ya terminaste! La integraci\u00f3n se realiz\u00f3 completamente.<\/b><br> Visite su sitio web para inspeccionar c\u00f3mo est\u00e1 funcionando el widget.<\/li><\/ol> <p>En caso de que tenga algunos obst\u00e1culos, no dude en comunicarse con nuestro personal de apoyo. Nuestra gente estar\u00e1 encantada de ayudarle con todos los problemas que pueda tener con el complemento.<\/p> <\/div> ","protected":false},"excerpt":{"rendered":"","protected":false},"author":9,"featured_media":0,"parent":17030,"menu_order":0,"comment_status":"closed","ping_status":"closed","template":"templates\/template-application-platform.php","meta":{"publish_to_discourse":"","publish_post_category":"","wpdc_auto_publish_overridden":"","wpdc_topic_tags":"","wpdc_pin_topic":"","wpdc_pin_until":"","discourse_post_id":"","discourse_permalink":"","wpdc_publishing_response":"","wpdc_publishing_error":"","footnotes":""},"class_list":["post-17259","page","type-page","status-publish","hentry"],"yoast_head":"<!-- This site is optimized with the Yoast SEO plugin v25.3.1 - https:\/\/yoast.com\/wordpress\/plugins\/seo\/ -->\n<title>Widget de reserva de citas: insertar reservas en el sitio web de la p\u00e1gina de Facebook<\/title>\n<meta name=\"description\" content=\"\u00a1Agregue una aplicaci\u00f3n de reserva de citas sin codificaci\u00f3n al sitio web de la p\u00e1gina de Facebook y permita que los clientes reserven espacios con solo unos pocos clics!\" \/>\n<meta name=\"robots\" content=\"index, follow, max-snippet:-1, max-image-preview:large, max-video-preview:-1\" \/>\n<link rel=\"canonical\" href=\"https:\/\/elfsight.com\/es\/appointment-booking-widget\/facebook\/\" \/>\n<meta property=\"og:locale\" content=\"es_ES\" \/>\n<meta property=\"og:type\" content=\"article\" \/>\n<meta property=\"og:title\" content=\"Widget de reserva de citas: insertar reservas en el sitio web de la p\u00e1gina de Facebook\" \/>\n<meta property=\"og:description\" content=\"\u00a1Agregue una aplicaci\u00f3n de reserva de citas sin codificaci\u00f3n al sitio web de la p\u00e1gina de Facebook y permita que los clientes reserven espacios con solo unos pocos clics!\" \/>\n<meta property=\"og:url\" content=\"https:\/\/elfsight.com\/es\/appointment-booking-widget\/facebook\/\" \/>\n<meta property=\"og:site_name\" content=\"Elfsight ES\" \/>\n<meta property=\"article:modified_time\" content=\"2025-02-06T14:55:55+00:00\" \/>\n<meta name=\"twitter:card\" content=\"summary_large_image\" \/>\n<meta name=\"twitter:label1\" content=\"Tiempo de lectura\" \/>\n\t<meta name=\"twitter:data1\" content=\"3 minutos\" \/>\n<!-- \/ Yoast SEO plugin. -->","yoast_head_json":{"title":"Widget de reserva de citas: insertar reservas en el sitio web de la p\u00e1gina de Facebook","description":"\u00a1Agregue una aplicaci\u00f3n de reserva de citas sin codificaci\u00f3n al sitio web de la p\u00e1gina de Facebook y permita que los clientes reserven espacios con solo unos pocos clics!","robots":{"index":"index","follow":"follow","max-snippet":"max-snippet:-1","max-image-preview":"max-image-preview:large","max-video-preview":"max-video-preview:-1"},"canonical":"https:\/\/elfsight.com\/es\/appointment-booking-widget\/facebook\/","og_locale":"es_ES","og_type":"article","og_title":"Widget de reserva de citas: insertar reservas en el sitio web de la p\u00e1gina de Facebook","og_description":"\u00a1Agregue una aplicaci\u00f3n de reserva de citas sin codificaci\u00f3n al sitio web de la p\u00e1gina de Facebook y permita que los clientes reserven espacios con solo unos pocos clics!","og_url":"https:\/\/elfsight.com\/es\/appointment-booking-widget\/facebook\/","og_site_name":"Elfsight ES","article_modified_time":"2025-02-06T14:55:55+00:00","twitter_card":"summary_large_image","twitter_misc":{"Tiempo de lectura":"3 minutos"},"schema":{"@context":"https:\/\/schema.org","@graph":[{"@type":"WebPage","@id":"https:\/\/elfsight.com\/es\/appointment-booking-widget\/facebook\/","url":"https:\/\/elfsight.com\/es\/appointment-booking-widget\/facebook\/","name":"Widget de reserva de citas: insertar reservas en el sitio web de la p\u00e1gina de Facebook","isPartOf":{"@id":"https:\/\/elfsight.com\/es\/#website"},"datePublished":"2024-09-30T18:27:29+00:00","dateModified":"2025-02-06T14:55:55+00:00","description":"\u00a1Agregue una aplicaci\u00f3n de reserva de citas sin codificaci\u00f3n al sitio web de la p\u00e1gina de Facebook y permita que los clientes reserven espacios con solo unos pocos clics!","breadcrumb":{"@id":"https:\/\/elfsight.com\/es\/appointment-booking-widget\/facebook\/#breadcrumb"},"inLanguage":"es","potentialAction":[{"@type":"ReadAction","target":["https:\/\/elfsight.com\/es\/appointment-booking-widget\/facebook\/"]}]},{"@type":"BreadcrumbList","@id":"https:\/\/elfsight.com\/es\/appointment-booking-widget\/facebook\/#breadcrumb","itemListElement":[{"@type":"ListItem","position":1,"name":"Home","item":"https:\/\/elfsight.com\/es\/"},{"@type":"ListItem","position":2,"name":"Appointment Booking","item":"https:\/\/elfsight.com\/es\/appointment-booking-widget\/"},{"@type":"ListItem","position":3,"name":"appointment booking facebook page"}]},{"@type":"WebSite","@id":"https:\/\/elfsight.com\/es\/#website","url":"https:\/\/elfsight.com\/es\/","name":"Elfsight ES","description":"Just another Elfsight Sites site","potentialAction":[{"@type":"SearchAction","target":{"@type":"EntryPoint","urlTemplate":"https:\/\/elfsight.com\/es\/?s={search_term_string}"},"query-input":{"@type":"PropertyValueSpecification","valueRequired":true,"valueName":"search_term_string"}}],"inLanguage":"es"}]}},"meta_box":{"industry":"","seo_heading":"","heading":"","description":"","cta_heading":"","cta_description":"","application":"17026","h1":"Widget de reserva de citas de la p\u00e1gina de Facebook","h1_caption":"Permita a los usuarios programar citas f\u00e1cilmente directamente desde su p\u00e1gina de Facebook, mejorando la comodidad y agilizando el proceso de reserva.","application_category":[],"applications_title":"","applications_request_title":"","applications_request_button_text":"","hero_text":"","hero_video":"","hero_video_schema_markup":"","selling_points_title":"","selling_points_caption":"","selling_points":[],"selling_points_cta_text":"","features_title":"","features":"","ed_cta_examples_text":"","ed_cta_examples_hidden":"","ed_cta_demo_text":"","ed_cta_demo_hidden":"","why_caption":"","why_editor_title":"","why_editor_text":"","why_team_title":"","why_team_text":"","why_service_title":"","why_service_text":"","template_catalog_visible":"","template_catalog_title":"","template_catalog_text":"","template_catalog_categories_visible":"","demo_title":"Crea tu widget de reserva de citas","demo_caption":"\u00a1Configure su reserva de citas y agr\u00e9guela al sitio web de su p\u00e1gina de Facebook de forma gratuita!","default_faq_hidden":"","app_template_category":[],"platform":"64","template_public_id":"","codecanyon_url":"","codecanyon_item_id":"","codecanyon_price":"","pricing_caption":"","pricing_elfsight_apps_hide_column":"","pricing_elfsight_apps_url":"","pricing_codecanyon_price_caption":"","integration_category":[],"integration_request_title":"","integration_request_cta":"","integration_platform":"","integrations":[],"platform_category":[],"video_schema_markup":"","price":"desde $0 \/ mes","trial":"","benefits":[{"text":"Servicio de instalaci\u00f3n gratuito"},{"text":"Atenci\u00f3n al cliente experimentada"},{"text":"Garant\u00eda de devoluci\u00f3n de dinero de 14 d\u00edas"},{"text":"Actualizando constantemente"}],"button_url":"#demo","button_target_blank":"","button_nofollow":"","attributes":[{"name":"Instalaciones","content":"1,000 - 5,000"},{"name":"Sensible","content":"S\u00ed"},{"name":"Navegadores compatibles","content":"Firefox, Safari, Opera, Chrome, Edge"}],"tags":[],"tags_disable_links":"","hide_more_platforms":"","video_object":"","demo_hide_cta":"","demo_hide_cloud_options":"","pricing_title":"","pricing":[{"pricing_icon":"platform","pricing_title":"Elfsight Apps","pricing_title_caption":"Soluci\u00f3n digital multiplataforma que funciona en cualquier sitio web","pricing_price":"Desde $0 \/ mes","pricing_price_caption":"Comience con un plan gratuito","pricing_benefits":[{"text":"Sitios web ilimitados"},{"text":"Atenci\u00f3n al cliente r\u00e1pida"},{"text":"Soporte de instalaci\u00f3n gratuito"},{"text":"Dise\u00f1o flexible"}],"pricing_button_text":"A\u00f1adir al sitio web","pricing_button_url":"#demo"}],"related_apps_title":"","related_apps_hidden":"","author":"","image":[],"title":"","job":"","social_networks":[]},"_links":{"self":[{"href":"https:\/\/elfsight.com\/es\/wp-json\/wp\/v2\/pages\/17259","targetHints":{"allow":["GET"]}}],"collection":[{"href":"https:\/\/elfsight.com\/es\/wp-json\/wp\/v2\/pages"}],"about":[{"href":"https:\/\/elfsight.com\/es\/wp-json\/wp\/v2\/types\/page"}],"author":[{"embeddable":true,"href":"https:\/\/elfsight.com\/es\/wp-json\/wp\/v2\/users\/9"}],"replies":[{"embeddable":true,"href":"https:\/\/elfsight.com\/es\/wp-json\/wp\/v2\/comments?post=17259"}],"version-history":[{"count":1,"href":"https:\/\/elfsight.com\/es\/wp-json\/wp\/v2\/pages\/17259\/revisions"}],"predecessor-version":[{"id":17263,"href":"https:\/\/elfsight.com\/es\/wp-json\/wp\/v2\/pages\/17259\/revisions\/17263"}],"up":[{"embeddable":true,"href":"https:\/\/elfsight.com\/es\/wp-json\/wp\/v2\/pages\/17030"}],"wp:attachment":[{"href":"https:\/\/elfsight.com\/es\/wp-json\/wp\/v2\/media?parent=17259"}],"curies":[{"name":"wp","href":"https:\/\/api.w.org\/{rel}","templated":true}]}}