{"id":17253,"date":"2024-09-30T18:27:29","date_gmt":"2024-09-30T18:27:29","guid":{"rendered":"https:\/\/elfsight.com\/es\/?page_id=17253"},"modified":"2025-02-06T14:55:55","modified_gmt":"2025-02-06T14:55:55","slug":"blogger","status":"publish","type":"page","link":"https:\/\/elfsight.com\/es\/appointment-booking-widget\/blogger\/","title":{"rendered":"appointment booking  blogger"},"content":{"rendered":"<div class=\"application-platform-content-item-description application-platform-content-item\" id=\"description\" data-nav-section=\"description\"><h2>\u00a1Incorpore la reserva de citas en Blogger con el widget Elfsight!<\/h2> <p>El widget de reserva de citas est\u00e1 aqu\u00ed para ayudar a los posibles mecenas a ahorrar tiempo. se ubica c\u00f3modamente en su sitio web de Blogger y le quita la carga de las tareas pr\u00e1cticas, como monitorear constantemente mensajes, llamadas y correos electr\u00f3nicos. Opera como una recepcionista virtual que trabaja 24 horas al d\u00eda, 7 d\u00edas a la semana, capaz tambi\u00e9n de enviar confirmaciones autom\u00e1ticas y conectarse con integraciones externas, como Google Calendar.<\/p> <p>Ha llegado el momento de profundizar en tu servicio o evento, especifica el plazo, revelar informaci\u00f3n de contacto y decidir el precio para que a los clientes les resulte m\u00e1s f\u00e1cil tomar una decisi\u00f3n. Adem\u00e1s, personaliza la apariencia del widget modificando elementos y funciones personalizados sin necesidad de perfeccionar tus conocimientos de programaci\u00f3n ni contratar a un programador experto.<\/p> <p><b>Deja que tu negocio se mueva y est\u00e9 al alcance de una audiencia m\u00e1s amplia \u00a1ofreciendo reservas en l\u00ednea para citas en su sitio web!<\/b><\/p> <\/div> <div class=\"application-platform-content-item-features application-platform-content-item\" id=\"features\" data-nav-section=\"features\"> <h2>Encuentre las caracter\u00edsticas clave del widget a continuaci\u00f3n:<\/h2> <ul><li>Ofrezca una descripci\u00f3n general completa de su servicio (nombre, detalles, imagen y duraci\u00f3n) y configure los precios en diferentes monedas.<\/li><li>Env\u00ede notificaciones autom\u00e1ticas para validar las citas reservadas para los clientes y para usted mismo.<\/li> <li>Conecte el widget con servicios de subcontrataci\u00f3n, como Google Calendar, para mantener actualizaciones constantes.<\/li><li>Comparta la informaci\u00f3n de contacto de su empresa como validaci\u00f3n social y permita que los usuarios se comuniquen con usted en caso de situaciones imprevistas.<\/li><li>Personalizaci\u00f3n sin c\u00f3digo con configuraciones de dise\u00f1o avanzadas: plantillas, colores, dise\u00f1os, fuentes listos para usar, editor CSS personalizado, editor JS personalizado y m\u00e1s.<\/li><\/ul><p><a href=\"#demo\">Pruebe todas las configuraciones en una demostraci\u00f3n con todas las funciones<\/a><\/p> <\/div> <div class=\"application-platform-content-item-installation application-platform-content-item\" id=\"installation\" data-nav-section=\"installation\"> <h2>C\u00f3mo agregar la reserva de citas a mi sitio web de Blogger ?<\/h2> <p>Si desea agregar la reserva de citas a su sitio web de Blogger, siga estos pasos:<\/p> <ol><li><b>Inicie nuestra demostraci\u00f3n gratuita y comience a darle forma a su complemento personalizado de LinkedIn Feed .<\/b><br> Determine la interfaz deseada y las especificaciones de la herramienta y aplique las ediciones.<\/li> <li><b>Obtenga su c\u00f3digo \u00fanico que se muestra en la ventana de Elfsight Apps.<\/b> <br> Tan pronto como se complete la personalizaci\u00f3n de su herramienta personal, copie el c\u00f3digo individual en el cuadro que aparece y gu\u00e1rdelo para usarlo m\u00e1s adelante.<\/li> <li><b>Empiece a utilizar el widget en su sitio web de Blogger. .<\/b><br> Implemente el c\u00f3digo copiado anteriormente en su sitio web y aplique las correcciones.<\/li> <li><b>La instalaci\u00f3n ha finalizado por completo.<\/b><br> Visite su sitio web para realizar una prueba. mire c\u00f3mo funciona el complemento.<\/li><\/ol> <p>En caso de tener consultas o enfrentar algunas complicaciones, no dude en recurrir a nuestro equipo de atenci\u00f3n al cliente. Nuestros consultores est\u00e1n ansiosos por ayudarle con todos los problemas que pueda tener con la herramienta.<\/p> <\/div> ","protected":false},"excerpt":{"rendered":"","protected":false},"author":9,"featured_media":0,"parent":17030,"menu_order":0,"comment_status":"closed","ping_status":"closed","template":"templates\/template-application-platform.php","meta":{"publish_to_discourse":"","publish_post_category":"","wpdc_auto_publish_overridden":"","wpdc_topic_tags":"","wpdc_pin_topic":"","wpdc_pin_until":"","discourse_post_id":"","discourse_permalink":"","wpdc_publishing_response":"","wpdc_publishing_error":"","footnotes":""},"class_list":["post-17253","page","type-page","status-publish","hentry"],"yoast_head":"<!-- This site is optimized with the Yoast SEO plugin v25.3.1 - https:\/\/yoast.com\/wordpress\/plugins\/seo\/ -->\n<title>Widget de reserva de citas: insertar reserva en el sitio web de Blogger<\/title>\n<meta name=\"description\" content=\"Agregue una aplicaci\u00f3n de reserva de citas sin codificaci\u00f3n al sitio web de Blogger y permita que los clientes reserven espacios con solo unos pocos clics.\" \/>\n<meta name=\"robots\" content=\"index, follow, max-snippet:-1, max-image-preview:large, max-video-preview:-1\" \/>\n<link rel=\"canonical\" href=\"https:\/\/elfsight.com\/es\/appointment-booking-widget\/blogger\/\" \/>\n<meta property=\"og:locale\" content=\"es_ES\" \/>\n<meta property=\"og:type\" content=\"article\" \/>\n<meta property=\"og:title\" content=\"Widget de reserva de citas: insertar reserva en el sitio web de Blogger\" \/>\n<meta property=\"og:description\" content=\"Agregue una aplicaci\u00f3n de reserva de citas sin codificaci\u00f3n al sitio web de Blogger y permita que los clientes reserven espacios con solo unos pocos clics.\" \/>\n<meta property=\"og:url\" content=\"https:\/\/elfsight.com\/es\/appointment-booking-widget\/blogger\/\" \/>\n<meta property=\"og:site_name\" content=\"Elfsight ES\" \/>\n<meta property=\"article:modified_time\" content=\"2025-02-06T14:55:55+00:00\" \/>\n<meta name=\"twitter:card\" content=\"summary_large_image\" \/>\n<meta name=\"twitter:label1\" content=\"Tiempo de lectura\" \/>\n\t<meta name=\"twitter:data1\" content=\"3 minutos\" \/>\n<!-- \/ Yoast SEO plugin. -->","yoast_head_json":{"title":"Widget de reserva de citas: insertar reserva en el sitio web de Blogger","description":"Agregue una aplicaci\u00f3n de reserva de citas sin codificaci\u00f3n al sitio web de Blogger y permita que los clientes reserven espacios con solo unos pocos clics.","robots":{"index":"index","follow":"follow","max-snippet":"max-snippet:-1","max-image-preview":"max-image-preview:large","max-video-preview":"max-video-preview:-1"},"canonical":"https:\/\/elfsight.com\/es\/appointment-booking-widget\/blogger\/","og_locale":"es_ES","og_type":"article","og_title":"Widget de reserva de citas: insertar reserva en el sitio web de Blogger","og_description":"Agregue una aplicaci\u00f3n de reserva de citas sin codificaci\u00f3n al sitio web de Blogger y permita que los clientes reserven espacios con solo unos pocos clics.","og_url":"https:\/\/elfsight.com\/es\/appointment-booking-widget\/blogger\/","og_site_name":"Elfsight ES","article_modified_time":"2025-02-06T14:55:55+00:00","twitter_card":"summary_large_image","twitter_misc":{"Tiempo de lectura":"3 minutos"},"schema":{"@context":"https:\/\/schema.org","@graph":[{"@type":"WebPage","@id":"https:\/\/elfsight.com\/es\/appointment-booking-widget\/blogger\/","url":"https:\/\/elfsight.com\/es\/appointment-booking-widget\/blogger\/","name":"Widget de reserva de citas: insertar reserva en el sitio web de Blogger","isPartOf":{"@id":"https:\/\/elfsight.com\/es\/#website"},"datePublished":"2024-09-30T18:27:29+00:00","dateModified":"2025-02-06T14:55:55+00:00","description":"Agregue una aplicaci\u00f3n de reserva de citas sin codificaci\u00f3n al sitio web de Blogger y permita que los clientes reserven espacios con solo unos pocos clics.","breadcrumb":{"@id":"https:\/\/elfsight.com\/es\/appointment-booking-widget\/blogger\/#breadcrumb"},"inLanguage":"es","potentialAction":[{"@type":"ReadAction","target":["https:\/\/elfsight.com\/es\/appointment-booking-widget\/blogger\/"]}]},{"@type":"BreadcrumbList","@id":"https:\/\/elfsight.com\/es\/appointment-booking-widget\/blogger\/#breadcrumb","itemListElement":[{"@type":"ListItem","position":1,"name":"Home","item":"https:\/\/elfsight.com\/es\/"},{"@type":"ListItem","position":2,"name":"Appointment Booking","item":"https:\/\/elfsight.com\/es\/appointment-booking-widget\/"},{"@type":"ListItem","position":3,"name":"appointment booking blogger"}]},{"@type":"WebSite","@id":"https:\/\/elfsight.com\/es\/#website","url":"https:\/\/elfsight.com\/es\/","name":"Elfsight ES","description":"Just another Elfsight Sites site","potentialAction":[{"@type":"SearchAction","target":{"@type":"EntryPoint","urlTemplate":"https:\/\/elfsight.com\/es\/?s={search_term_string}"},"query-input":{"@type":"PropertyValueSpecification","valueRequired":true,"valueName":"search_term_string"}}],"inLanguage":"es"}]}},"meta_box":{"industry":"","seo_heading":"","heading":"","description":"","cta_heading":"","cta_description":"","application":"17026","h1":"Widget de reserva de citas de Blogger","h1_caption":"Permita a los usuarios programar citas f\u00e1cilmente directamente desde su sitio web de Blogger, mejorando la comodidad y agilizando el proceso de reserva.","application_category":[],"applications_title":"","applications_request_title":"","applications_request_button_text":"","hero_text":"","hero_video":"","hero_video_schema_markup":"","selling_points_title":"","selling_points_caption":"","selling_points":[],"selling_points_cta_text":"","features_title":"","features":"","ed_cta_examples_text":"","ed_cta_examples_hidden":"","ed_cta_demo_text":"","ed_cta_demo_hidden":"","why_caption":"","why_editor_title":"","why_editor_text":"","why_team_title":"","why_team_text":"","why_service_title":"","why_service_text":"","template_catalog_visible":"","template_catalog_title":"","template_catalog_text":"","template_catalog_categories_visible":"","demo_title":"Crea tu widget de reserva de citas","demo_caption":"\u00a1Configura tu reserva de citas y agr\u00e9gala a tu sitio web de Blogger gratis!","default_faq_hidden":"","app_template_category":[],"platform":"39","template_public_id":"","codecanyon_url":"","codecanyon_item_id":"","codecanyon_price":"","pricing_caption":"","pricing_elfsight_apps_hide_column":"","pricing_elfsight_apps_url":"","pricing_codecanyon_price_caption":"","integration_category":[],"integration_request_title":"","integration_request_cta":"","integration_platform":"","integrations":[],"platform_category":[],"video_schema_markup":"","price":"desde $0 \/ mes","trial":"","benefits":[{"text":"Asistencia de instalaci\u00f3n gratuita"},{"text":"Soporte excepcional"},{"text":"Garant\u00eda de reembolso de 14 d\u00edas"},{"text":"Actualizaciones gratuitas continuas"}],"button_url":"#demo","button_target_blank":"","button_nofollow":"","attributes":[{"name":"Instalaciones","content":"1,000 - 5,000"},{"name":"Sensible","content":"S\u00ed"},{"name":"Navegadores compatibles","content":"Firefox, Safari, Opera, Chrome, Edge"}],"tags":[],"tags_disable_links":"","hide_more_platforms":"","video_object":"","demo_hide_cta":"","demo_hide_cloud_options":"","pricing_title":"","pricing":[{"pricing_icon":"platform","pricing_title":"Elfsight Apps","pricing_title_caption":"Versi\u00f3n multiplataforma que funciona en cualquier sitio web.","pricing_price":"Desde $0 \/ mes","pricing_price_caption":"Comience con un plan gratuito","pricing_benefits":[{"text":"Sitios web ilimitados"},{"text":"Atenci\u00f3n al cliente gratuita"},{"text":"Soporte de instalaci\u00f3n gratuito"},{"text":"Totalmente personalizable"}],"pricing_button_text":"A\u00f1adir al sitio web","pricing_button_url":"#demo"}],"related_apps_title":"","related_apps_hidden":"","author":"","image":[],"title":"","job":"","social_networks":[]},"_links":{"self":[{"href":"https:\/\/elfsight.com\/es\/wp-json\/wp\/v2\/pages\/17253","targetHints":{"allow":["GET"]}}],"collection":[{"href":"https:\/\/elfsight.com\/es\/wp-json\/wp\/v2\/pages"}],"about":[{"href":"https:\/\/elfsight.com\/es\/wp-json\/wp\/v2\/types\/page"}],"author":[{"embeddable":true,"href":"https:\/\/elfsight.com\/es\/wp-json\/wp\/v2\/users\/9"}],"replies":[{"embeddable":true,"href":"https:\/\/elfsight.com\/es\/wp-json\/wp\/v2\/comments?post=17253"}],"version-history":[{"count":1,"href":"https:\/\/elfsight.com\/es\/wp-json\/wp\/v2\/pages\/17253\/revisions"}],"predecessor-version":[{"id":17257,"href":"https:\/\/elfsight.com\/es\/wp-json\/wp\/v2\/pages\/17253\/revisions\/17257"}],"up":[{"embeddable":true,"href":"https:\/\/elfsight.com\/es\/wp-json\/wp\/v2\/pages\/17030"}],"wp:attachment":[{"href":"https:\/\/elfsight.com\/es\/wp-json\/wp\/v2\/media?parent=17253"}],"curies":[{"name":"wp","href":"https:\/\/api.w.org\/{rel}","templated":true}]}}