{"id":17245,"date":"2024-09-30T18:27:29","date_gmt":"2024-09-30T18:27:29","guid":{"rendered":"https:\/\/elfsight.com\/es\/?page_id=17245"},"modified":"2025-02-06T14:56:02","modified_gmt":"2025-02-06T14:56:02","slug":"drupal","status":"publish","type":"page","link":"https:\/\/elfsight.com\/es\/appointment-booking-widget\/drupal\/","title":{"rendered":"appointment booking  drupal"},"content":{"rendered":"<div class=\"application-platform-content-item-description application-platform-content-item\" id=\"description\" data-nav-section=\"description\"><h2>\u00a1Incorpore la reserva de citas en Drupal con el m\u00f3dulo Elfsight!<\/h2> <p>El m\u00f3dulo de reserva de citas est\u00e1 aqu\u00ed para ayudar a los clientes potenciales a asegurar espacios directamente en su sitio web Drupal, aliviando la carga del trabajo manual, como administrar constantemente mensajes, llamadas y correos electr\u00f3nicos. Funciona como una recepcionista dedicada que trabaja las 24 horas del d\u00eda, los 7 d\u00edas de la semana, que env\u00eda notificaciones autom\u00e1ticas y se puede sincronizar con aplicaciones de subcontrataci\u00f3n, como Google Calendar.<\/p> <p>Es el momento ideal para profundizar en su servicio u ocasi\u00f3n, definir la duraci\u00f3n. , divulgar informaci\u00f3n de contacto y decidir el precio para ayudar a los clientes a tomar decisiones informadas. Adem\u00e1s, personalice la apariencia del m\u00f3dulo ajustando elementos y caracter\u00edsticas personalizados sin la necesidad de perfeccionar las habilidades de programaci\u00f3n o contratar a un programador.<\/p> <p><b>Fortalezca su negocio y est\u00e9 disponible para una clientela m\u00e1s amplia mediante la reserva de citas en l\u00ednea. en tu sitio web!<\/b><\/p> <\/div> <div class=\"application-platform-content-item-features application-platform-content-item\" id=\"features\" data-nav-section=\"features\"> <h2>Estos son solo algunos de los m\u00faltiples widgets caracter\u00edsticas:<\/h2> <ul><li>Ofrezca una descripci\u00f3n general concisa de su servicio (nombre, detalles, imagen y duraci\u00f3n) y configure los precios en diversas monedas.<\/li><li>Env\u00ede alertas autom\u00e1ticas para confirmar el citas seguras para los clientes y para usted mismo.<\/li><li>Sincronice el widget con servicios externos, como Google Calendar, para garantizar actualizaciones constantes.<\/li><li>Muestre los datos de contacto de su empresa como validaci\u00f3n social y permita a los usuarios contactar usted en caso de imprevisto ocurrencias.<\/li><li>Personalizaci\u00f3n sin c\u00f3digo con configuraciones de dise\u00f1o avanzadas: plantillas listas para usar, colores, dise\u00f1os elegantes, fuentes, editor CSS personalizado, editor JS personalizado, etc.<\/li><\/ul> <p><a href=\"#demo\">Simplemente pruebe esta demostraci\u00f3n para ver c\u00f3mo funciona<\/a><\/p> <\/div> <div class=\"application-platform-content-item-installation application-platform-content-item\" id=\"installation\" data-nav-section=\"installation\"> <h2>\u00bfC\u00f3mo agrego la reserva de citas a mi sitio web Drupal?<\/h2> <p>Para agregar la reserva de citas a su sitio web Drupal, siga estos pasos:<\/p> <ol><li><b>Abrir nuestra demostraci\u00f3n gratuita y comience a darle forma a su widget de feed de LinkedIn personalizado.<\/b><br> Determine la interfaz seleccionada y las opciones del widget y aplique las modificaciones.<\/li> <li><b>Obtenga su c\u00f3digo personal revelado en el cuadro de Elfsight Apps.<\/b><br> Cuando finalice la personalizaci\u00f3n de su complemento, copie el c\u00f3digo individual del cuadro que aparece y gu\u00e1rdelo para usarlo posteriormente.<\/li> <li><b>Comience a usar la herramienta en su Drupal sitio web.<\/b><br> Implemente el c\u00f3digo que copi\u00f3 recientemente en su sitio web y guarde los ajustes.<\/li> <li><b>\u00a1Ya est\u00e1! La incrustaci\u00f3n se realiz\u00f3 con \u00e9xito.<\/b><br> Visite su sitio web para comprobar c\u00f3mo funciona el complemento.<\/li><\/ol> <p>Si tiene alguna complicaci\u00f3n, no dude en ponerse en contacto con nuestro personal de atenci\u00f3n al cliente. Nuestros especialistas estar\u00e1n encantados de resolver todas las dificultades que puedas tener con el widget.<\/p> <\/div> ","protected":false},"excerpt":{"rendered":"","protected":false},"author":9,"featured_media":0,"parent":17030,"menu_order":0,"comment_status":"closed","ping_status":"closed","template":"templates\/template-application-platform.php","meta":{"publish_to_discourse":"","publish_post_category":"","wpdc_auto_publish_overridden":"","wpdc_topic_tags":"","wpdc_pin_topic":"","wpdc_pin_until":"","discourse_post_id":"","discourse_permalink":"","wpdc_publishing_response":"","wpdc_publishing_error":"","footnotes":""},"class_list":["post-17245","page","type-page","status-publish","hentry"],"yoast_head":"<!-- This site is optimized with the Yoast SEO plugin v25.3.1 - https:\/\/yoast.com\/wordpress\/plugins\/seo\/ -->\n<title>Widget de reserva de citas: incrustar reserva en el sitio web de Drupal<\/title>\n<meta name=\"description\" content=\"\u00a1Agregue una aplicaci\u00f3n de reserva de citas sin codificaci\u00f3n al sitio web de Drupal y permita que los clientes reserven espacios con solo unos pocos clics!\" \/>\n<meta name=\"robots\" content=\"index, follow, max-snippet:-1, max-image-preview:large, max-video-preview:-1\" \/>\n<link rel=\"canonical\" href=\"https:\/\/elfsight.com\/es\/appointment-booking-widget\/drupal\/\" \/>\n<meta property=\"og:locale\" content=\"es_ES\" \/>\n<meta property=\"og:type\" content=\"article\" \/>\n<meta property=\"og:title\" content=\"Widget de reserva de citas: incrustar reserva en el sitio web de Drupal\" \/>\n<meta property=\"og:description\" content=\"\u00a1Agregue una aplicaci\u00f3n de reserva de citas sin codificaci\u00f3n al sitio web de Drupal y permita que los clientes reserven espacios con solo unos pocos clics!\" \/>\n<meta property=\"og:url\" content=\"https:\/\/elfsight.com\/es\/appointment-booking-widget\/drupal\/\" \/>\n<meta property=\"og:site_name\" content=\"Elfsight ES\" \/>\n<meta property=\"article:modified_time\" content=\"2025-02-06T14:56:02+00:00\" \/>\n<meta name=\"twitter:card\" content=\"summary_large_image\" \/>\n<meta name=\"twitter:label1\" content=\"Tiempo de lectura\" \/>\n\t<meta name=\"twitter:data1\" content=\"3 minutos\" \/>\n<!-- \/ Yoast SEO plugin. -->","yoast_head_json":{"title":"Widget de reserva de citas: incrustar reserva en el sitio web de Drupal","description":"\u00a1Agregue una aplicaci\u00f3n de reserva de citas sin codificaci\u00f3n al sitio web de Drupal y permita que los clientes reserven espacios con solo unos pocos clics!","robots":{"index":"index","follow":"follow","max-snippet":"max-snippet:-1","max-image-preview":"max-image-preview:large","max-video-preview":"max-video-preview:-1"},"canonical":"https:\/\/elfsight.com\/es\/appointment-booking-widget\/drupal\/","og_locale":"es_ES","og_type":"article","og_title":"Widget de reserva de citas: incrustar reserva en el sitio web de Drupal","og_description":"\u00a1Agregue una aplicaci\u00f3n de reserva de citas sin codificaci\u00f3n al sitio web de Drupal y permita que los clientes reserven espacios con solo unos pocos clics!","og_url":"https:\/\/elfsight.com\/es\/appointment-booking-widget\/drupal\/","og_site_name":"Elfsight ES","article_modified_time":"2025-02-06T14:56:02+00:00","twitter_card":"summary_large_image","twitter_misc":{"Tiempo de lectura":"3 minutos"},"schema":{"@context":"https:\/\/schema.org","@graph":[{"@type":"WebPage","@id":"https:\/\/elfsight.com\/es\/appointment-booking-widget\/drupal\/","url":"https:\/\/elfsight.com\/es\/appointment-booking-widget\/drupal\/","name":"Widget de reserva de citas: incrustar reserva en el sitio web de Drupal","isPartOf":{"@id":"https:\/\/elfsight.com\/es\/#website"},"datePublished":"2024-09-30T18:27:29+00:00","dateModified":"2025-02-06T14:56:02+00:00","description":"\u00a1Agregue una aplicaci\u00f3n de reserva de citas sin codificaci\u00f3n al sitio web de Drupal y permita que los clientes reserven espacios con solo unos pocos clics!","breadcrumb":{"@id":"https:\/\/elfsight.com\/es\/appointment-booking-widget\/drupal\/#breadcrumb"},"inLanguage":"es","potentialAction":[{"@type":"ReadAction","target":["https:\/\/elfsight.com\/es\/appointment-booking-widget\/drupal\/"]}]},{"@type":"BreadcrumbList","@id":"https:\/\/elfsight.com\/es\/appointment-booking-widget\/drupal\/#breadcrumb","itemListElement":[{"@type":"ListItem","position":1,"name":"Home","item":"https:\/\/elfsight.com\/es\/"},{"@type":"ListItem","position":2,"name":"Appointment Booking","item":"https:\/\/elfsight.com\/es\/appointment-booking-widget\/"},{"@type":"ListItem","position":3,"name":"appointment booking drupal"}]},{"@type":"WebSite","@id":"https:\/\/elfsight.com\/es\/#website","url":"https:\/\/elfsight.com\/es\/","name":"Elfsight ES","description":"Just another Elfsight Sites site","potentialAction":[{"@type":"SearchAction","target":{"@type":"EntryPoint","urlTemplate":"https:\/\/elfsight.com\/es\/?s={search_term_string}"},"query-input":{"@type":"PropertyValueSpecification","valueRequired":true,"valueName":"search_term_string"}}],"inLanguage":"es"}]}},"meta_box":{"industry":"","seo_heading":"","heading":"","description":"","cta_heading":"","cta_description":"","application":"17026","h1":"M\u00f3dulo de reserva de citas Drupal","h1_caption":"Permita a los usuarios programar citas f\u00e1cilmente directamente desde su sitio web Drupal, mejorando la comodidad y agilizando el proceso de reserva.","application_category":[],"applications_title":"","applications_request_title":"","applications_request_button_text":"","hero_text":"","hero_video":"","hero_video_schema_markup":"","selling_points_title":"","selling_points_caption":"","selling_points":[],"selling_points_cta_text":"","features_title":"","features":"","ed_cta_examples_text":"","ed_cta_examples_hidden":"","ed_cta_demo_text":"","ed_cta_demo_hidden":"","why_caption":"","why_editor_title":"","why_editor_text":"","why_team_title":"","why_team_text":"","why_service_title":"","why_service_text":"","template_catalog_visible":"","template_catalog_title":"","template_catalog_text":"","template_catalog_categories_visible":"","demo_title":"Crea tu m\u00f3dulo de Reserva de Citas","demo_caption":"\u00a1Configura tu reserva de citas y agr\u00e9gala a tu sitio web Drupal gratis!","default_faq_hidden":"","app_template_category":[],"platform":"2161","template_public_id":"","codecanyon_url":"","codecanyon_item_id":"","codecanyon_price":"","pricing_caption":"","pricing_elfsight_apps_hide_column":"","pricing_elfsight_apps_url":"","pricing_codecanyon_price_caption":"","integration_category":[],"integration_request_title":"","integration_request_cta":"","integration_platform":"","integrations":[],"platform_category":[],"video_schema_markup":"","price":"desde $0 \/ mes","trial":"","benefits":[{"text":"Servicio de instalaci\u00f3n gratuito"},{"text":"Servicio al cliente eficaz"},{"text":"Garant\u00eda de devoluci\u00f3n de dinero de 14 d\u00edas"},{"text":"Mejoras futuras"}],"button_url":"#demo","button_target_blank":"","button_nofollow":"","attributes":[{"name":"Instalaciones","content":"1,000 - 5,000"},{"name":"Sensible","content":"S\u00ed"},{"name":"Navegadores compatibles","content":"Firefox, Safari, Opera, Chrome, Edge"}],"tags":[],"tags_disable_links":"","hide_more_platforms":"","video_object":"","demo_hide_cta":"","demo_hide_cloud_options":"","pricing_title":"","pricing":[{"pricing_icon":"platform","pricing_title":"Elfsight Apps","pricing_title_caption":"Soluci\u00f3n multiplataforma que se adapta a cualquier sitio web","pricing_price":"Desde $0 \/ mes","pricing_price_caption":"Comience con un plan gratuito","pricing_benefits":[{"text":"Sitios web ilimitados"},{"text":"Atenci\u00f3n al cliente premium y bien documentada."},{"text":"Ayuda de instalaci\u00f3n gratuita"},{"text":"Totalmente personalizable"}],"pricing_button_text":"A\u00f1adir al sitio web","pricing_button_url":"#demo"}],"related_apps_title":"","related_apps_hidden":"","author":"","image":[],"title":"","job":"","social_networks":[]},"_links":{"self":[{"href":"https:\/\/elfsight.com\/es\/wp-json\/wp\/v2\/pages\/17245","targetHints":{"allow":["GET"]}}],"collection":[{"href":"https:\/\/elfsight.com\/es\/wp-json\/wp\/v2\/pages"}],"about":[{"href":"https:\/\/elfsight.com\/es\/wp-json\/wp\/v2\/types\/page"}],"author":[{"embeddable":true,"href":"https:\/\/elfsight.com\/es\/wp-json\/wp\/v2\/users\/9"}],"replies":[{"embeddable":true,"href":"https:\/\/elfsight.com\/es\/wp-json\/wp\/v2\/comments?post=17245"}],"version-history":[{"count":1,"href":"https:\/\/elfsight.com\/es\/wp-json\/wp\/v2\/pages\/17245\/revisions"}],"predecessor-version":[{"id":17249,"href":"https:\/\/elfsight.com\/es\/wp-json\/wp\/v2\/pages\/17245\/revisions\/17249"}],"up":[{"embeddable":true,"href":"https:\/\/elfsight.com\/es\/wp-json\/wp\/v2\/pages\/17030"}],"wp:attachment":[{"href":"https:\/\/elfsight.com\/es\/wp-json\/wp\/v2\/media?parent=17245"}],"curies":[{"name":"wp","href":"https:\/\/api.w.org\/{rel}","templated":true}]}}