{"id":17243,"date":"2024-09-30T18:27:29","date_gmt":"2024-09-30T18:27:29","guid":{"rendered":"https:\/\/elfsight.com\/es\/?page_id=17243"},"modified":"2025-02-06T14:56:10","modified_gmt":"2025-02-06T14:56:10","slug":"opencart","status":"publish","type":"page","link":"https:\/\/elfsight.com\/es\/appointment-booking-widget\/opencart\/","title":{"rendered":"appointment booking  opencart"},"content":{"rendered":"<div class=\"application-platform-content-item-description application-platform-content-item\" id=\"description\" data-nav-section=\"description\"><h2>\u00a1Incorpore la reserva de citas en OpenCart con la extensi\u00f3n Elfsight!<\/h2> <p>La extensi\u00f3n de reserva de citas est\u00e1 a su servicio para ayudar a los clientes potenciales reserve franjas horarias directamente en su sitio web OpenCart, lo que reduce las tareas pr\u00e1cticas (como monitorear constantemente mensajes, llamadas y correos electr\u00f3nicos) de su parte. Funciona como un asistente virtual que trabaja 24 horas al d\u00eda, 7 d\u00edas a la semana, capaz tambi\u00e9n de enviar alertas autom\u00e1ticas y sincronizarse con integraciones externas, como Google Calendar.<\/p> <p>Ha llegado el momento de ofrecer m\u00e1s insights sobre tu servicio o evento, detalla las marco de tiempo, compartir informaci\u00f3n de contacto y establecer el precio para agilizar la toma de decisiones para los clientes. Adem\u00e1s, personalice el aspecto de la extensi\u00f3n modificando elementos y caracter\u00edsticas personalizados sin necesidad de mejorar su experiencia en codificaci\u00f3n o contratar a un desarrollador capacitado.<\/p> <p><b>Deje que su negocio se mueva y est\u00e9 al alcance de una base de clientes m\u00e1s amplia. \u00a1mediante reserva online de citas en tu sitio web!<\/b><\/p> <\/div> <div class=\"application-platform-content-item-features application-platform-content-item\" id=\"features\" data-nav-section=\"features\"> <h2>Estudia la lista de los m\u00e1s potentes caracter\u00edsticas:<\/h2> <ul><li>Proporcione una descripci\u00f3n precisa de su servicio (nombre, detalles, imagen y duraci\u00f3n) y configure el precio en varias monedas.<\/li><li>Env\u00ede alertas autom\u00e1ticas para validar las franjas horarias programadas para los clientes y para usted mismo.<\/li><li>Sincronice el widget con integraciones de terceros, como Google Calendar, para mantener la relevancia en tiempo real.<\/li><li>Comparta los datos de contacto de su empresa en redes sociales validaci\u00f3n y permitir a los usuarios contactar contigo en caso de imprevisto. circunstancias.<\/li><li>Opciones de personalizaci\u00f3n sencillas sin necesidad de escribir c\u00f3digo: plantillas listas para usar, colores, dise\u00f1os, fuentes, editor CSS personalizado, editor JS personalizado, etc.<\/li><\/ul> <p><a href=\"#demo\">Puedes probar si el widget es para ti con la ayuda de la demostraci\u00f3n<\/a><\/p> <\/div> <div class=\"application-platform-content-item-installation application-platform-content-item\" id=\"installation\" data-nav-section=\"installation\"> <h2>\u00bfC\u00f3mo agregar la reserva de citas a mi sitio web OpenCart?<\/h2> <p>Para incrustar la reserva de citas en su sitio web OpenCart, siga los siguientes pasos:<\/p> <ol><li><b>Abrir nuestro editor gratuito y comience a crear su complemento LinkedIn Feed personalizado.<\/b><br> Encuentre el dise\u00f1o y la funcionalidad preferidos del complemento y guarde las ediciones.<\/li> <li><b>Obtenga el c\u00f3digo individual que aparece en el formulario especial en Elfsight Apps.<\/b><br>Tan pronto como se complete la configuraci\u00f3n de su widget personal, copie el c\u00f3digo exclusivo en la ventana que aparece y gu\u00e1rdelo para usarlo m\u00e1s adelante.<\/li> <li><b>Comience a utilizar el widget en su sitio web OpenCart.<\/b><br> Integre el c\u00f3digo guardado anteriormente en su sitio web y guarde las mejoras.<\/li> <li><b>La configuraci\u00f3n finaliz\u00f3 exitosamente.<\/b><br> Ir a su sitio web para revisar el rendimiento de la herramienta.<\/li><\/ol> <p>Activado Si tiene alguna pregunta o encuentra alg\u00fan obst\u00e1culo, no dude en comunicarse con nuestro equipo de soporte. Nuestra gente est\u00e1 ansiosa por resolver todas las dudas que puedas tener sobre el producto.<\/p> <\/div> ","protected":false},"excerpt":{"rendered":"","protected":false},"author":9,"featured_media":0,"parent":17030,"menu_order":0,"comment_status":"closed","ping_status":"closed","template":"templates\/template-application-platform.php","meta":{"publish_to_discourse":"","publish_post_category":"","wpdc_auto_publish_overridden":"","wpdc_topic_tags":"","wpdc_pin_topic":"","wpdc_pin_until":"","discourse_post_id":"","discourse_permalink":"","wpdc_publishing_response":"","wpdc_publishing_error":"","footnotes":""},"class_list":["post-17243","page","type-page","status-publish","hentry"],"yoast_head":"<!-- This site is optimized with the Yoast SEO plugin v25.3.1 - https:\/\/yoast.com\/wordpress\/plugins\/seo\/ -->\n<title>Widget de reserva de citas: incrustar reserva en el sitio web de OpenCart<\/title>\n<meta name=\"description\" content=\"\u00a1Agregue una aplicaci\u00f3n de reserva de citas sin codificaci\u00f3n al sitio web de OpenCart y permita que los clientes reserven espacios con solo unos pocos clics!\" \/>\n<meta name=\"robots\" content=\"index, follow, max-snippet:-1, max-image-preview:large, max-video-preview:-1\" \/>\n<link rel=\"canonical\" href=\"https:\/\/elfsight.com\/es\/appointment-booking-widget\/opencart\/\" \/>\n<meta property=\"og:locale\" content=\"es_ES\" \/>\n<meta property=\"og:type\" content=\"article\" \/>\n<meta property=\"og:title\" content=\"Widget de reserva de citas: incrustar reserva en el sitio web de OpenCart\" \/>\n<meta property=\"og:description\" content=\"\u00a1Agregue una aplicaci\u00f3n de reserva de citas sin codificaci\u00f3n al sitio web de OpenCart y permita que los clientes reserven espacios con solo unos pocos clics!\" \/>\n<meta property=\"og:url\" content=\"https:\/\/elfsight.com\/es\/appointment-booking-widget\/opencart\/\" \/>\n<meta property=\"og:site_name\" content=\"Elfsight ES\" \/>\n<meta property=\"article:modified_time\" content=\"2025-02-06T14:56:10+00:00\" \/>\n<meta name=\"twitter:card\" content=\"summary_large_image\" \/>\n<meta name=\"twitter:label1\" content=\"Tiempo de lectura\" \/>\n\t<meta name=\"twitter:data1\" content=\"3 minutos\" \/>\n<!-- \/ Yoast SEO plugin. -->","yoast_head_json":{"title":"Widget de reserva de citas: incrustar reserva en el sitio web de OpenCart","description":"\u00a1Agregue una aplicaci\u00f3n de reserva de citas sin codificaci\u00f3n al sitio web de OpenCart y permita que los clientes reserven espacios con solo unos pocos clics!","robots":{"index":"index","follow":"follow","max-snippet":"max-snippet:-1","max-image-preview":"max-image-preview:large","max-video-preview":"max-video-preview:-1"},"canonical":"https:\/\/elfsight.com\/es\/appointment-booking-widget\/opencart\/","og_locale":"es_ES","og_type":"article","og_title":"Widget de reserva de citas: incrustar reserva en el sitio web de OpenCart","og_description":"\u00a1Agregue una aplicaci\u00f3n de reserva de citas sin codificaci\u00f3n al sitio web de OpenCart y permita que los clientes reserven espacios con solo unos pocos clics!","og_url":"https:\/\/elfsight.com\/es\/appointment-booking-widget\/opencart\/","og_site_name":"Elfsight ES","article_modified_time":"2025-02-06T14:56:10+00:00","twitter_card":"summary_large_image","twitter_misc":{"Tiempo de lectura":"3 minutos"},"schema":{"@context":"https:\/\/schema.org","@graph":[{"@type":"WebPage","@id":"https:\/\/elfsight.com\/es\/appointment-booking-widget\/opencart\/","url":"https:\/\/elfsight.com\/es\/appointment-booking-widget\/opencart\/","name":"Widget de reserva de citas: incrustar reserva en el sitio web de OpenCart","isPartOf":{"@id":"https:\/\/elfsight.com\/es\/#website"},"datePublished":"2024-09-30T18:27:29+00:00","dateModified":"2025-02-06T14:56:10+00:00","description":"\u00a1Agregue una aplicaci\u00f3n de reserva de citas sin codificaci\u00f3n al sitio web de OpenCart y permita que los clientes reserven espacios con solo unos pocos clics!","breadcrumb":{"@id":"https:\/\/elfsight.com\/es\/appointment-booking-widget\/opencart\/#breadcrumb"},"inLanguage":"es","potentialAction":[{"@type":"ReadAction","target":["https:\/\/elfsight.com\/es\/appointment-booking-widget\/opencart\/"]}]},{"@type":"BreadcrumbList","@id":"https:\/\/elfsight.com\/es\/appointment-booking-widget\/opencart\/#breadcrumb","itemListElement":[{"@type":"ListItem","position":1,"name":"Home","item":"https:\/\/elfsight.com\/es\/"},{"@type":"ListItem","position":2,"name":"Appointment Booking","item":"https:\/\/elfsight.com\/es\/appointment-booking-widget\/"},{"@type":"ListItem","position":3,"name":"appointment booking opencart"}]},{"@type":"WebSite","@id":"https:\/\/elfsight.com\/es\/#website","url":"https:\/\/elfsight.com\/es\/","name":"Elfsight ES","description":"Just another Elfsight Sites site","potentialAction":[{"@type":"SearchAction","target":{"@type":"EntryPoint","urlTemplate":"https:\/\/elfsight.com\/es\/?s={search_term_string}"},"query-input":{"@type":"PropertyValueSpecification","valueRequired":true,"valueName":"search_term_string"}}],"inLanguage":"es"}]}},"meta_box":{"industry":"","seo_heading":"","heading":"","description":"","cta_heading":"","cta_description":"","application":"17026","h1":"Extensi\u00f3n de reserva de citas OpenCart","h1_caption":"Permita a los usuarios programar citas f\u00e1cilmente directamente desde su sitio web Opencart, mejorando la comodidad y agilizando el proceso de reserva.","application_category":[],"applications_title":"","applications_request_title":"","applications_request_button_text":"","hero_text":"","hero_video":"","hero_video_schema_markup":"","selling_points_title":"","selling_points_caption":"","selling_points":[],"selling_points_cta_text":"","features_title":"","features":"","ed_cta_examples_text":"","ed_cta_examples_hidden":"","ed_cta_demo_text":"","ed_cta_demo_hidden":"","why_caption":"","why_editor_title":"","why_editor_text":"","why_team_title":"","why_team_text":"","why_service_title":"","why_service_text":"","template_catalog_visible":"","template_catalog_title":"","template_catalog_text":"","template_catalog_categories_visible":"","demo_title":"Crea tu extensi\u00f3n de reserva de citas","demo_caption":"\u00a1Configure su Reserva de Citas y agr\u00e9guela a su sitio web OpenCart gratis!","default_faq_hidden":"","app_template_category":[],"platform":"88","template_public_id":"","codecanyon_url":"","codecanyon_item_id":"","codecanyon_price":"","pricing_caption":"","pricing_elfsight_apps_hide_column":"","pricing_elfsight_apps_url":"","pricing_codecanyon_price_caption":"","integration_category":[],"integration_request_title":"","integration_request_cta":"","integration_platform":"","integrations":[],"platform_category":[],"video_schema_markup":"","price":"desde $0 \/ mes","trial":"","benefits":[{"text":"Ayuda de instalaci\u00f3n gratuita"},{"text":"Servicio al cliente eficaz"},{"text":"Garant\u00eda de reembolso de 14 d\u00edas"},{"text":"Actualizando constantemente"}],"button_url":"#demo","button_target_blank":"","button_nofollow":"","attributes":[{"name":"Instalaciones","content":"1,000 - 5,000"},{"name":"Sensible","content":"S\u00ed"},{"name":"Navegadores compatibles","content":"Firefox, Safari, Opera, Chrome, Edge"}],"tags":[],"tags_disable_links":"","hide_more_platforms":"","video_object":"","demo_hide_cta":"","demo_hide_cloud_options":"","pricing_title":"","pricing":[{"pricing_icon":"platform","pricing_title":"Elfsight Apps","pricing_title_caption":"Soluci\u00f3n digital independiente de plataforma que se adapta a cualquier sitio web","pricing_price":"Desde $0 \/ mes","pricing_price_caption":"Comience con un plan gratuito","pricing_benefits":[{"text":"Sitios web ilimitados"},{"text":"Soporte premium y bien documentado."},{"text":"Asistencia de instalaci\u00f3n gratuita"},{"text":"100% personalizable"}],"pricing_button_text":"A\u00f1adir al sitio web","pricing_button_url":"#demo"}],"related_apps_title":"","related_apps_hidden":"","author":"","image":[],"title":"","job":"","social_networks":[]},"_links":{"self":[{"href":"https:\/\/elfsight.com\/es\/wp-json\/wp\/v2\/pages\/17243","targetHints":{"allow":["GET"]}}],"collection":[{"href":"https:\/\/elfsight.com\/es\/wp-json\/wp\/v2\/pages"}],"about":[{"href":"https:\/\/elfsight.com\/es\/wp-json\/wp\/v2\/types\/page"}],"author":[{"embeddable":true,"href":"https:\/\/elfsight.com\/es\/wp-json\/wp\/v2\/users\/9"}],"replies":[{"embeddable":true,"href":"https:\/\/elfsight.com\/es\/wp-json\/wp\/v2\/comments?post=17243"}],"version-history":[{"count":1,"href":"https:\/\/elfsight.com\/es\/wp-json\/wp\/v2\/pages\/17243\/revisions"}],"predecessor-version":[{"id":17247,"href":"https:\/\/elfsight.com\/es\/wp-json\/wp\/v2\/pages\/17243\/revisions\/17247"}],"up":[{"embeddable":true,"href":"https:\/\/elfsight.com\/es\/wp-json\/wp\/v2\/pages\/17030"}],"wp:attachment":[{"href":"https:\/\/elfsight.com\/es\/wp-json\/wp\/v2\/media?parent=17243"}],"curies":[{"name":"wp","href":"https:\/\/api.w.org\/{rel}","templated":true}]}}