{"id":17242,"date":"2024-09-30T18:27:29","date_gmt":"2024-09-30T18:27:29","guid":{"rendered":"https:\/\/elfsight.com\/es\/?page_id=17242"},"modified":"2025-02-06T14:56:10","modified_gmt":"2025-02-06T14:56:10","slug":"jquery","status":"publish","type":"page","link":"https:\/\/elfsight.com\/es\/appointment-booking-widget\/jquery\/","title":{"rendered":"appointment booking  jquery"},"content":{"rendered":"<div class=\"application-platform-content-item-description application-platform-content-item\" id=\"description\" data-nav-section=\"description\"><h2>\u00a1Incorpore la reserva de citas en jQuery con el complemento Elfsight!<\/h2> <p>El complemento de reserva de citas est\u00e1 disponible para ayudar a los clientes potenciales a reservar espacios directamente en su sitio web jQuery y elimine la carga del esfuerzo manual, como administrar constantemente mensajes, llamadas y correos electr\u00f3nicos. Funciona como una recepcionista de guardia que trabaja las 24 horas del d\u00eda, los 7 d\u00edas de la semana, y tambi\u00e9n es capaz de enviar notificaciones autom\u00e1ticas y conectarse con integraciones especializadas, como Google Calendar.<\/p> <p>Ahora es el momento adecuado para ofrecer m\u00e1s informaci\u00f3n sobre su servicio o ocasi\u00f3n, defina la duraci\u00f3n, revele los datos de contacto y decida el precio para que a los clientes les resulte m\u00e1s f\u00e1cil tomar una decisi\u00f3n. \u00a1Adem\u00e1s, personalice la apariencia del complemento modificando elementos y funciones personalizados sin la necesidad de mejorar las capacidades de codificaci\u00f3n o contratar a un desarrollador capacitado!<\/p> <p><b>Haga que su negocio prospere y sea accesible para todos los clientes potenciales con \u00a1Reserve citas en l\u00ednea en su sitio web!<\/b><\/p> <\/div> <div class=\"application-platform-content-item-features application-platform-content-item\" id=\"features\" data-nav-section=\"features\"> <h2>A continuaci\u00f3n se detallan las caracter\u00edsticas centrales de widget:<\/h2> <ul><li>Presente una descripci\u00f3n general clara de su servicio (nombre, detalles, imagen y duraci\u00f3n) y establezca el precio en varias monedas.<\/li><li>Env\u00ede notificaciones autom\u00e1ticas para confirmar el citas reservadas para clientes y para usted mismo.<\/li><li>Sincronice el widget con servicios externos, como Google Calendar, para mantener una relevancia continua.<\/li><li>Muestre la informaci\u00f3n de contacto de su empresa para mayor credibilidad y permita que los usuarios se pongan en contacto en caso de imprevisto situaciones.<\/li><li>Personalizaci\u00f3n avanzada sin necesidad de codificar: plantillas predise\u00f1adas, colores, dise\u00f1os accesibles, fuentes, editor CSS personalizado, editor JS personalizado y m\u00e1s.<\/li><\/ul><p><a href=\"#demo\">Explore todas las funciones de personalizaci\u00f3n en una demostraci\u00f3n con todas las funciones<\/a><\/p> <\/div> <div class=\"application-platform-content-item-installation application-platform-content-item\" id=\"installation\" data-nav-section=\"installation\"> <h2>C\u00f3mo \u00bfC\u00f3mo incrusto la reserva de citas en mi sitio web jQuery?<\/h2> <p>Si desea incrustar la reserva de citas en su sitio web jQuery, siga estas instrucciones:<\/p> <ol><li><b>Realice nuestro configurador gratuito y comience a crear su widget de feed de LinkedIn personalizado.<\/b><br> Especifique la interfaz personalizada y los par\u00e1metros del widget y aplique las modificaciones.<\/li> <li><b>Obtenga el c\u00f3digo personal expuesto en la ventana en Elfsight Apps.<\/b><br> Cuando finalice la personalizaci\u00f3n de su herramienta, copie el c\u00f3digo individual de la ventana emergente que aparece y gu\u00e1rdelo para su uso posterior.<\/li> <li><b>Comience a aplicar el complemento en su Sitio web jQuery.<\/b><br> Coloque el c\u00f3digo que guard\u00f3 recientemente en su sitio web y aplique los ajustes.<\/li> <li><b>La instalaci\u00f3n se realiz\u00f3 exitosamente.<\/b><br> Visite su sitio web para examinar el rendimiento del widget.<\/li><\/ol> <p>Si experimenta algunas complicaciones, no dude en escribir a nuestro equipo de soporte. Nuestros especialistas est\u00e1n deseando ayudarle con todas las dificultades que pueda tener con el complemento.<\/p> <\/div> ","protected":false},"excerpt":{"rendered":"","protected":false},"author":9,"featured_media":0,"parent":17030,"menu_order":0,"comment_status":"closed","ping_status":"closed","template":"templates\/template-application-platform.php","meta":{"publish_to_discourse":"","publish_post_category":"","wpdc_auto_publish_overridden":"","wpdc_topic_tags":"","wpdc_pin_topic":"","wpdc_pin_until":"","discourse_post_id":"","discourse_permalink":"","wpdc_publishing_response":"","wpdc_publishing_error":"","footnotes":""},"class_list":["post-17242","page","type-page","status-publish","hentry"],"yoast_head":"<!-- This site is optimized with the Yoast SEO plugin v25.3.1 - https:\/\/yoast.com\/wordpress\/plugins\/seo\/ -->\n<title>Widget de reserva de citas: incrustar Booking en el sitio web jQuery<\/title>\n<meta name=\"description\" content=\"\u00a1Agregue una aplicaci\u00f3n de reserva de citas sin codificaci\u00f3n al sitio web jQuery y permita que los clientes reserven espacios con solo unos pocos clics!\" \/>\n<meta name=\"robots\" content=\"index, follow, max-snippet:-1, max-image-preview:large, max-video-preview:-1\" \/>\n<link rel=\"canonical\" href=\"https:\/\/elfsight.com\/es\/appointment-booking-widget\/jquery\/\" \/>\n<meta property=\"og:locale\" content=\"es_ES\" \/>\n<meta property=\"og:type\" content=\"article\" \/>\n<meta property=\"og:title\" content=\"Widget de reserva de citas: incrustar Booking en el sitio web jQuery\" \/>\n<meta property=\"og:description\" content=\"\u00a1Agregue una aplicaci\u00f3n de reserva de citas sin codificaci\u00f3n al sitio web jQuery y permita que los clientes reserven espacios con solo unos pocos clics!\" \/>\n<meta property=\"og:url\" content=\"https:\/\/elfsight.com\/es\/appointment-booking-widget\/jquery\/\" \/>\n<meta property=\"og:site_name\" content=\"Elfsight ES\" \/>\n<meta property=\"article:modified_time\" content=\"2025-02-06T14:56:10+00:00\" \/>\n<meta name=\"twitter:card\" content=\"summary_large_image\" \/>\n<meta name=\"twitter:label1\" content=\"Tiempo de lectura\" \/>\n\t<meta name=\"twitter:data1\" content=\"3 minutos\" \/>\n<!-- \/ Yoast SEO plugin. -->","yoast_head_json":{"title":"Widget de reserva de citas: incrustar Booking en el sitio web jQuery","description":"\u00a1Agregue una aplicaci\u00f3n de reserva de citas sin codificaci\u00f3n al sitio web jQuery y permita que los clientes reserven espacios con solo unos pocos clics!","robots":{"index":"index","follow":"follow","max-snippet":"max-snippet:-1","max-image-preview":"max-image-preview:large","max-video-preview":"max-video-preview:-1"},"canonical":"https:\/\/elfsight.com\/es\/appointment-booking-widget\/jquery\/","og_locale":"es_ES","og_type":"article","og_title":"Widget de reserva de citas: incrustar Booking en el sitio web jQuery","og_description":"\u00a1Agregue una aplicaci\u00f3n de reserva de citas sin codificaci\u00f3n al sitio web jQuery y permita que los clientes reserven espacios con solo unos pocos clics!","og_url":"https:\/\/elfsight.com\/es\/appointment-booking-widget\/jquery\/","og_site_name":"Elfsight ES","article_modified_time":"2025-02-06T14:56:10+00:00","twitter_card":"summary_large_image","twitter_misc":{"Tiempo de lectura":"3 minutos"},"schema":{"@context":"https:\/\/schema.org","@graph":[{"@type":"WebPage","@id":"https:\/\/elfsight.com\/es\/appointment-booking-widget\/jquery\/","url":"https:\/\/elfsight.com\/es\/appointment-booking-widget\/jquery\/","name":"Widget de reserva de citas: incrustar Booking en el sitio web jQuery","isPartOf":{"@id":"https:\/\/elfsight.com\/es\/#website"},"datePublished":"2024-09-30T18:27:29+00:00","dateModified":"2025-02-06T14:56:10+00:00","description":"\u00a1Agregue una aplicaci\u00f3n de reserva de citas sin codificaci\u00f3n al sitio web jQuery y permita que los clientes reserven espacios con solo unos pocos clics!","breadcrumb":{"@id":"https:\/\/elfsight.com\/es\/appointment-booking-widget\/jquery\/#breadcrumb"},"inLanguage":"es","potentialAction":[{"@type":"ReadAction","target":["https:\/\/elfsight.com\/es\/appointment-booking-widget\/jquery\/"]}]},{"@type":"BreadcrumbList","@id":"https:\/\/elfsight.com\/es\/appointment-booking-widget\/jquery\/#breadcrumb","itemListElement":[{"@type":"ListItem","position":1,"name":"Home","item":"https:\/\/elfsight.com\/es\/"},{"@type":"ListItem","position":2,"name":"Appointment Booking","item":"https:\/\/elfsight.com\/es\/appointment-booking-widget\/"},{"@type":"ListItem","position":3,"name":"appointment booking jquery"}]},{"@type":"WebSite","@id":"https:\/\/elfsight.com\/es\/#website","url":"https:\/\/elfsight.com\/es\/","name":"Elfsight ES","description":"Just another Elfsight Sites site","potentialAction":[{"@type":"SearchAction","target":{"@type":"EntryPoint","urlTemplate":"https:\/\/elfsight.com\/es\/?s={search_term_string}"},"query-input":{"@type":"PropertyValueSpecification","valueRequired":true,"valueName":"search_term_string"}}],"inLanguage":"es"}]}},"meta_box":{"industry":"","seo_heading":"","heading":"","description":"","cta_heading":"","cta_description":"","application":"17026","h1":"Complemento jQuery para reservar citas","h1_caption":"Permita a los usuarios programar citas f\u00e1cilmente directamente desde su sitio web jQuery, mejorando la comodidad y agilizando el proceso de reserva.","application_category":[],"applications_title":"","applications_request_title":"","applications_request_button_text":"","hero_text":"","hero_video":"","hero_video_schema_markup":"","selling_points_title":"","selling_points_caption":"","selling_points":[],"selling_points_cta_text":"","features_title":"","features":"","ed_cta_examples_text":"","ed_cta_examples_hidden":"","ed_cta_demo_text":"","ed_cta_demo_hidden":"","why_caption":"","why_editor_title":"","why_editor_text":"","why_team_title":"","why_team_text":"","why_service_title":"","why_service_text":"","template_catalog_visible":"","template_catalog_title":"","template_catalog_text":"","template_catalog_categories_visible":"","demo_title":"Crea tu complemento de reserva de citas","demo_caption":"\u00a1Configura tu reserva de citas y agr\u00e9gala a tu sitio web jQuery gratis!","default_faq_hidden":"","app_template_category":[],"platform":"76","template_public_id":"","codecanyon_url":"","codecanyon_item_id":"","codecanyon_price":"","pricing_caption":"","pricing_elfsight_apps_hide_column":"","pricing_elfsight_apps_url":"","pricing_codecanyon_price_caption":"","integration_category":[],"integration_request_title":"","integration_request_cta":"","integration_platform":"","integrations":[],"platform_category":[],"video_schema_markup":"","price":"desde $0 \/ mes","trial":"","benefits":[{"text":"Servicio de instalaci\u00f3n gratuito"},{"text":"Atenci\u00f3n al cliente experimentada"},{"text":"Garant\u00eda de reembolso de 14 d\u00edas"},{"text":"Desarrollo continuo"}],"button_url":"#demo","button_target_blank":"","button_nofollow":"","attributes":[{"name":"Instalaciones","content":"1,000 - 5,000"},{"name":"Sensible","content":"S\u00ed"},{"name":"Navegadores compatibles","content":"Firefox, Safari, Opera, Chrome, Edge"}],"tags":[],"tags_disable_links":"","hide_more_platforms":"","video_object":"","demo_hide_cta":"","demo_hide_cloud_options":"","pricing_title":"","pricing":[{"pricing_icon":"platform","pricing_title":"Elfsight Apps","pricing_title_caption":"Soluci\u00f3n multiplataforma que se adapta a cualquier sitio web","pricing_price":"Desde $0 \/ mes","pricing_price_caption":"Comience con un plan gratuito","pricing_benefits":[{"text":"Sitios web ilimitados"},{"text":"Soporte 24 horas al d\u00eda, 7 d\u00edas a la semana, puntual y bien documentado."},{"text":"Soporte de instalaci\u00f3n gratuito"},{"text":"Totalmente personalizable"}],"pricing_button_text":"A\u00f1adir al sitio web","pricing_button_url":"#demo"}],"related_apps_title":"","related_apps_hidden":"","author":"","image":[],"title":"","job":"","social_networks":[]},"_links":{"self":[{"href":"https:\/\/elfsight.com\/es\/wp-json\/wp\/v2\/pages\/17242","targetHints":{"allow":["GET"]}}],"collection":[{"href":"https:\/\/elfsight.com\/es\/wp-json\/wp\/v2\/pages"}],"about":[{"href":"https:\/\/elfsight.com\/es\/wp-json\/wp\/v2\/types\/page"}],"author":[{"embeddable":true,"href":"https:\/\/elfsight.com\/es\/wp-json\/wp\/v2\/users\/9"}],"replies":[{"embeddable":true,"href":"https:\/\/elfsight.com\/es\/wp-json\/wp\/v2\/comments?post=17242"}],"version-history":[{"count":1,"href":"https:\/\/elfsight.com\/es\/wp-json\/wp\/v2\/pages\/17242\/revisions"}],"predecessor-version":[{"id":17246,"href":"https:\/\/elfsight.com\/es\/wp-json\/wp\/v2\/pages\/17242\/revisions\/17246"}],"up":[{"embeddable":true,"href":"https:\/\/elfsight.com\/es\/wp-json\/wp\/v2\/pages\/17030"}],"wp:attachment":[{"href":"https:\/\/elfsight.com\/es\/wp-json\/wp\/v2\/media?parent=17242"}],"curies":[{"name":"wp","href":"https:\/\/api.w.org\/{rel}","templated":true}]}}