{"id":17237,"date":"2024-09-30T18:27:29","date_gmt":"2024-09-30T18:27:29","guid":{"rendered":"https:\/\/elfsight.com\/es\/?page_id=17237"},"modified":"2025-02-06T14:56:10","modified_gmt":"2025-02-06T14:56:10","slug":"webnode","status":"publish","type":"page","link":"https:\/\/elfsight.com\/es\/appointment-booking-widget\/webnode\/","title":{"rendered":"appointment booking  webnode"},"content":{"rendered":"<div class=\"application-platform-content-item-description application-platform-content-item\" id=\"description\" data-nav-section=\"description\"><h2>\u00a1Incorpore la reserva de citas en Webnode con el widget de Elfsight!<\/h2> <p>El widget de reserva de citas est\u00e1 aqu\u00ed para ayudar a los clientes potenciales a reservar tiempo espacios directamente en su sitio web Webnode, minimizando el trabajo manual (como monitorear constantemente mensajes, llamadas y correos electr\u00f3nicos) de su parte. Funciona como una recepcionista dedicada en espera las 24 horas del d\u00eda que entrega alertas autom\u00e1ticas y se puede conectar con integraciones externas, como Google Calendar.<\/p> <p>Este es el momento adecuado para profundizar en su servicio o evento, especifique el marco de tiempo, compartir informaci\u00f3n de contacto y aclarar los precios para facilitar a los clientes la toma de decisiones informadas. Adem\u00e1s, personaliza el aspecto del widget ajustando elementos y funciones personalizados sin necesidad de dominar conocimientos de programaci\u00f3n ni contratar a un programador.<\/p> <p><b>Permite que tu negocio prospere y sea accesible a un p\u00fablico m\u00e1s amplio \u00a1ofreciendo reservas en l\u00ednea para citas en su sitio web!<\/b><\/p> <\/div> <div class=\"application-platform-content-item-features application-platform-content-item\" id=\"features\" data-nav-section=\"features\"> <h2>Las funciones esenciales del widget contener:<\/h2> <ul><li>Entregue una descripci\u00f3n completa de su servicio (nombre, detalles, imagen y duraci\u00f3n) y organice los precios en varias monedas.<\/li><li>Env\u00ede alertas autom\u00e1ticas para verificar la citas seguras para sus clientes y para usted mismo.<\/li><li>Sincronice el widget con aplicaciones de subcontrataci\u00f3n, como Google Calendar, para estar siempre actualizado.<\/li><li>Muestre la informaci\u00f3n de contacto de su empresa para mayor credibilidad y permita que los usuarios obtengan en contacto en caso de imprevisto ocurrencias.<\/li><li>Personalizaci\u00f3n sin c\u00f3digo con configuraciones de dise\u00f1o avanzadas: plantillas listas para usar, colores, m\u00faltiples dise\u00f1os de dise\u00f1o, fuentes, editor CSS personalizado, editor JS personalizado, etc.<\/li><\/ul><p><a href=\"#demo\">Simplemente consulte esta demostraci\u00f3n para comprender la funcionalidad del widget<\/a><\/p> <\/div> <div class=\"application-platform-content-item-installation application-platform-content-item\" id=\"installation\" data-nav-section=\"installation\"> <h2>\u00bfC\u00f3mo agrego la Reserva de Citas a mi sitio web Webnode?<\/h2> <p>Para agregar la Reserva de Citas a tu sitio web Webnode, haz lo siguiente:<\/p> <ol><li><b>Iniciar nuestro configurador gratuito y comience a darle forma a su complemento personalizado de LinkedIn Feed.<\/b><br> Determine la forma y las caracter\u00edsticas preferibles de la herramienta y guarde las correcciones.<\/li> <li><b>Copia tu c\u00f3digo personal que se muestra en el formulario especial de Aplicaciones Elfsight.<\/b><br> Una vez finalizada la generaci\u00f3n de su complemento personal, copie el c\u00f3digo individual en el cuadro que aparece y gu\u00e1rdelo para usarlo m\u00e1s adelante.<\/li> <li><b>Comience a usar el herramienta en tu sitio web Webnode.<\/b><br>A\u00f1ade el c\u00f3digo copiado anteriormente a tu sitio web y guarda las modificaciones.<\/li> <li><b>\u00a1Listo! La integraci\u00f3n est\u00e1 completamente realizada.<\/b><br> Vaya a su sitio web para ver el funcionamiento del complemento.<\/li><\/ol> <p>En caso de tener preguntas o encontrarse con alguna dificultad, no lo dude. para dirigirse a nuestro personal de atenci\u00f3n al cliente. Nuestros consultores estar\u00e1n encantados de resolver todas las dudas que puedas tener sobre el producto.<\/p> <\/div> ","protected":false},"excerpt":{"rendered":"","protected":false},"author":9,"featured_media":0,"parent":17030,"menu_order":0,"comment_status":"closed","ping_status":"closed","template":"templates\/template-application-platform.php","meta":{"publish_to_discourse":"","publish_post_category":"","wpdc_auto_publish_overridden":"","wpdc_topic_tags":"","wpdc_pin_topic":"","wpdc_pin_until":"","discourse_post_id":"","discourse_permalink":"","wpdc_publishing_response":"","wpdc_publishing_error":"","footnotes":""},"class_list":["post-17237","page","type-page","status-publish","hentry"],"yoast_head":"<!-- This site is optimized with the Yoast SEO plugin v25.3.1 - https:\/\/yoast.com\/wordpress\/plugins\/seo\/ -->\n<title>Widget de reserva de citas \u2014 Insertar Booking en el sitio web de Webnode<\/title>\n<meta name=\"description\" content=\"\u00a1Agregue una aplicaci\u00f3n de reserva de citas sin codificaci\u00f3n al sitio web de Webnode y permita que los clientes reserven espacios con solo unos pocos clics!\" \/>\n<meta name=\"robots\" content=\"index, follow, max-snippet:-1, max-image-preview:large, max-video-preview:-1\" \/>\n<link rel=\"canonical\" href=\"https:\/\/elfsight.com\/es\/appointment-booking-widget\/webnode\/\" \/>\n<meta property=\"og:locale\" content=\"es_ES\" \/>\n<meta property=\"og:type\" content=\"article\" \/>\n<meta property=\"og:title\" content=\"Widget de reserva de citas \u2014 Insertar Booking en el sitio web de Webnode\" \/>\n<meta property=\"og:description\" content=\"\u00a1Agregue una aplicaci\u00f3n de reserva de citas sin codificaci\u00f3n al sitio web de Webnode y permita que los clientes reserven espacios con solo unos pocos clics!\" \/>\n<meta property=\"og:url\" content=\"https:\/\/elfsight.com\/es\/appointment-booking-widget\/webnode\/\" \/>\n<meta property=\"og:site_name\" content=\"Elfsight ES\" \/>\n<meta property=\"article:modified_time\" content=\"2025-02-06T14:56:10+00:00\" \/>\n<meta name=\"twitter:card\" content=\"summary_large_image\" \/>\n<meta name=\"twitter:label1\" content=\"Tiempo de lectura\" \/>\n\t<meta name=\"twitter:data1\" content=\"3 minutos\" \/>\n<!-- \/ Yoast SEO plugin. -->","yoast_head_json":{"title":"Widget de reserva de citas \u2014 Insertar Booking en el sitio web de Webnode","description":"\u00a1Agregue una aplicaci\u00f3n de reserva de citas sin codificaci\u00f3n al sitio web de Webnode y permita que los clientes reserven espacios con solo unos pocos clics!","robots":{"index":"index","follow":"follow","max-snippet":"max-snippet:-1","max-image-preview":"max-image-preview:large","max-video-preview":"max-video-preview:-1"},"canonical":"https:\/\/elfsight.com\/es\/appointment-booking-widget\/webnode\/","og_locale":"es_ES","og_type":"article","og_title":"Widget de reserva de citas \u2014 Insertar Booking en el sitio web de Webnode","og_description":"\u00a1Agregue una aplicaci\u00f3n de reserva de citas sin codificaci\u00f3n al sitio web de Webnode y permita que los clientes reserven espacios con solo unos pocos clics!","og_url":"https:\/\/elfsight.com\/es\/appointment-booking-widget\/webnode\/","og_site_name":"Elfsight ES","article_modified_time":"2025-02-06T14:56:10+00:00","twitter_card":"summary_large_image","twitter_misc":{"Tiempo de lectura":"3 minutos"},"schema":{"@context":"https:\/\/schema.org","@graph":[{"@type":"WebPage","@id":"https:\/\/elfsight.com\/es\/appointment-booking-widget\/webnode\/","url":"https:\/\/elfsight.com\/es\/appointment-booking-widget\/webnode\/","name":"Widget de reserva de citas \u2014 Insertar Booking en el sitio web de Webnode","isPartOf":{"@id":"https:\/\/elfsight.com\/es\/#website"},"datePublished":"2024-09-30T18:27:29+00:00","dateModified":"2025-02-06T14:56:10+00:00","description":"\u00a1Agregue una aplicaci\u00f3n de reserva de citas sin codificaci\u00f3n al sitio web de Webnode y permita que los clientes reserven espacios con solo unos pocos clics!","breadcrumb":{"@id":"https:\/\/elfsight.com\/es\/appointment-booking-widget\/webnode\/#breadcrumb"},"inLanguage":"es","potentialAction":[{"@type":"ReadAction","target":["https:\/\/elfsight.com\/es\/appointment-booking-widget\/webnode\/"]}]},{"@type":"BreadcrumbList","@id":"https:\/\/elfsight.com\/es\/appointment-booking-widget\/webnode\/#breadcrumb","itemListElement":[{"@type":"ListItem","position":1,"name":"Home","item":"https:\/\/elfsight.com\/es\/"},{"@type":"ListItem","position":2,"name":"Appointment Booking","item":"https:\/\/elfsight.com\/es\/appointment-booking-widget\/"},{"@type":"ListItem","position":3,"name":"appointment booking webnode"}]},{"@type":"WebSite","@id":"https:\/\/elfsight.com\/es\/#website","url":"https:\/\/elfsight.com\/es\/","name":"Elfsight ES","description":"Just another Elfsight Sites site","potentialAction":[{"@type":"SearchAction","target":{"@type":"EntryPoint","urlTemplate":"https:\/\/elfsight.com\/es\/?s={search_term_string}"},"query-input":{"@type":"PropertyValueSpecification","valueRequired":true,"valueName":"search_term_string"}}],"inLanguage":"es"}]}},"meta_box":{"industry":"","seo_heading":"","heading":"","description":"","cta_heading":"","cta_description":"","application":"17026","h1":"Widget de reserva de citas de Webnode","h1_caption":"Permita a los usuarios programar citas f\u00e1cilmente directamente desde su sitio web Webnode, mejorando la comodidad y agilizando el proceso de reserva.","application_category":[],"applications_title":"","applications_request_title":"","applications_request_button_text":"","hero_text":"","hero_video":"","hero_video_schema_markup":"","selling_points_title":"","selling_points_caption":"","selling_points":[],"selling_points_cta_text":"","features_title":"","features":"","ed_cta_examples_text":"","ed_cta_examples_hidden":"","ed_cta_demo_text":"","ed_cta_demo_hidden":"","why_caption":"","why_editor_title":"","why_editor_text":"","why_team_title":"","why_team_text":"","why_service_title":"","why_service_text":"","template_catalog_visible":"","template_catalog_title":"","template_catalog_text":"","template_catalog_categories_visible":"","demo_title":"Crea tu widget de reserva de citas","demo_caption":"\u00a1Configura tu Reserva de Citas y a\u00f1\u00e1dela a tu web Webnode gratis!","default_faq_hidden":"","app_template_category":[],"platform":"2302","template_public_id":"","codecanyon_url":"","codecanyon_item_id":"","codecanyon_price":"","pricing_caption":"","pricing_elfsight_apps_hide_column":"","pricing_elfsight_apps_url":"","pricing_codecanyon_price_caption":"","integration_category":[],"integration_request_title":"","integration_request_cta":"","integration_platform":"","integrations":[],"platform_category":[],"video_schema_markup":"","price":"desde $0 \/ mes","trial":"","benefits":[{"text":"Asistencia de instalaci\u00f3n gratuita"},{"text":"Servicio al cliente profesional"},{"text":"Garant\u00eda de devoluci\u00f3n de dinero de 14 d\u00edas"},{"text":"Mejoras continuas"}],"button_url":"#demo","button_target_blank":"","button_nofollow":"","attributes":[{"name":"Instalaciones","content":"1,000 - 5,000"},{"name":"Sensible","content":"S\u00ed"},{"name":"Navegadores compatibles","content":"Firefox, Safari, Opera, Chrome, Edge"}],"tags":[],"tags_disable_links":"","hide_more_platforms":"","video_object":"","demo_hide_cta":"","demo_hide_cloud_options":"","pricing_title":"","pricing":[{"pricing_icon":"platform","pricing_title":"Elfsight Apps","pricing_title_caption":"Software multiplataforma que funciona en cualquier sitio web","pricing_price":"Desde $0 \/ mes","pricing_price_caption":"Comience con un plan gratuito","pricing_benefits":[{"text":"Sitios web ilimitados"},{"text":"Soporte profesional de la empresa"},{"text":"Asistencia de instalaci\u00f3n gratuita"},{"text":"Dise\u00f1o flexible"}],"pricing_button_text":"A\u00f1adir al sitio web","pricing_button_url":"#demo"}],"related_apps_title":"","related_apps_hidden":"","author":"","image":[],"title":"","job":"","social_networks":[]},"_links":{"self":[{"href":"https:\/\/elfsight.com\/es\/wp-json\/wp\/v2\/pages\/17237","targetHints":{"allow":["GET"]}}],"collection":[{"href":"https:\/\/elfsight.com\/es\/wp-json\/wp\/v2\/pages"}],"about":[{"href":"https:\/\/elfsight.com\/es\/wp-json\/wp\/v2\/types\/page"}],"author":[{"embeddable":true,"href":"https:\/\/elfsight.com\/es\/wp-json\/wp\/v2\/users\/9"}],"replies":[{"embeddable":true,"href":"https:\/\/elfsight.com\/es\/wp-json\/wp\/v2\/comments?post=17237"}],"version-history":[{"count":1,"href":"https:\/\/elfsight.com\/es\/wp-json\/wp\/v2\/pages\/17237\/revisions"}],"predecessor-version":[{"id":17241,"href":"https:\/\/elfsight.com\/es\/wp-json\/wp\/v2\/pages\/17237\/revisions\/17241"}],"up":[{"embeddable":true,"href":"https:\/\/elfsight.com\/es\/wp-json\/wp\/v2\/pages\/17030"}],"wp:attachment":[{"href":"https:\/\/elfsight.com\/es\/wp-json\/wp\/v2\/media?parent=17237"}],"curies":[{"name":"wp","href":"https:\/\/api.w.org\/{rel}","templated":true}]}}