{"id":17236,"date":"2024-09-30T18:27:29","date_gmt":"2024-09-30T18:27:29","guid":{"rendered":"https:\/\/elfsight.com\/es\/?page_id=17236"},"modified":"2025-02-06T14:56:18","modified_gmt":"2025-02-06T14:56:18","slug":"jimdo","status":"publish","type":"page","link":"https:\/\/elfsight.com\/es\/appointment-booking-widget\/jimdo\/","title":{"rendered":"appointment booking  jimdo"},"content":{"rendered":"<div class=\"application-platform-content-item-description application-platform-content-item\" id=\"description\" data-nav-section=\"description\"><h2>\u00a1Incorpore la reserva de citas en Jimdo con el widget de Elfsight!<\/h2> <p>El widget de reserva de citas est\u00e1 disponible para ayudar a los clientes potenciales a conseguir plazas c\u00f3modamente en tu sitio web Jimdo, aliviando as\u00ed la carga de trabajo manual (como estar constantemente presente para evitar perder mensajes, llamadas y correos electr\u00f3nicos) por tu parte. Es como tener un asistente dedicado en espera las 24 horas del d\u00eda, capaz tambi\u00e9n de enviar confirmaciones autom\u00e1ticas y sincronizarse con aplicaciones de terceros, como Google Calendar.<\/p> <p>Es la oportunidad perfecta para contar m\u00e1s sobre su servicio o evento. describa el marco de tiempo, proporcione informaci\u00f3n de contacto y establezca el precio para simplificar la toma de decisiones para los clientes. Adem\u00e1s de eso, \u00a1personaliza la apariencia del widget modificando elementos y funciones personalizados sin necesidad de perfeccionar tus conocimientos de codificaci\u00f3n o contratar a un desarrollador!<\/p> <p><b>Deja que tu negocio sea un \u00e9xito y est\u00e9 disponible para todos los clientes potenciales a trav\u00e9s de \u00a1reserva citas online en tu sitio web!<\/b><\/p> <\/div> <div class=\"application-platform-content-item-features application-platform-content-item\" id=\"features\" data-nav-section=\"features\"> <h2>El widget ofrece funciones pr\u00e1cticas y r\u00e1pidas, consulta algunas de ellos:<\/h2> <ul><li>Ofrece una explicaci\u00f3n detallada de tu servicio (nombre, detalles, imagen y duraci\u00f3n) y establece el precio en diversas monedas.<\/li><li>Env\u00eda alertas autom\u00e1ticas para confirmar los espacios programados para los clientes y para usted mismo.<\/li><li>Conecte el widget con integraciones externas, como Google Calendar, para mantenerse siempre actualizado.<\/li><li>Presente la informaci\u00f3n de contacto de su empresa como prueba social y permita a los usuarios contactarlo en caso de situaciones inesperadas.<\/li><li>F\u00e1cil personalizaci\u00f3n opciones sin necesidad de escribir c\u00f3digo: plantillas predise\u00f1adas, colores, dise\u00f1os de dise\u00f1o, fuentes, editor CSS personalizado, editor JS personalizado y m\u00e1s.<\/li><\/ul><p><a href=\"#demo\">Puedes explorar lo que vale el widget usando la demostraci\u00f3n<\/a><\/p> <\/div> <div class=\"application-platform-content-item-installation application-platform-content-item\" id=\"installation\" data-nav-section=\"installation\"> <h2>C\u00f3mo incrustar la reserva de citas en mi \u00bfSitio web de Jimdo?<\/h2> <p>Para integrar la reserva de citas en tu sitio web de Jimdo, sigue estos pasos:<\/p> <ol><li><b>Administra nuestra demostraci\u00f3n gratuita y comienza a crear tu complemento exclusivo de LinkedIn Feed. <\/b><br> Encuentre el aspecto y las especificaciones deseables del widget y guarde las modificaciones.<\/li> <li><b>Reciba el c\u00f3digo \u00fanico que aparece en el cuadro de Elfsight Apps.<\/b><br> &gt; Inmediatamente despu\u00e9s de configurar su herramienta personal completo, copia el c\u00f3digo personal en la ventana emergente que aparece y gu\u00e1rdalo para futuras ocasiones.<\/li> <li><b>Entra en el uso del complemento en tu sitio web Jimdo.<\/b><br> Inserta el c\u00f3digo que tienes copiado recientemente en su sitio web y guarde las ediciones.<\/li> <li><b>\u00a1Listo! La configuraci\u00f3n se realiz\u00f3 completamente.<\/b><br> Vaya a su sitio web para ver c\u00f3mo funciona el complemento.<\/li><\/ol> <p>En caso de que tenga algunos problemas, comun\u00edquese con nuestro cliente. personal de servicio. Nuestra gente estar\u00e1 encantada de ayudarle con todas las dificultades que pueda tener con la herramienta.<\/p> <\/div> ","protected":false},"excerpt":{"rendered":"","protected":false},"author":9,"featured_media":0,"parent":17030,"menu_order":0,"comment_status":"closed","ping_status":"closed","template":"templates\/template-application-platform.php","meta":{"publish_to_discourse":"","publish_post_category":"","wpdc_auto_publish_overridden":"","wpdc_topic_tags":"","wpdc_pin_topic":"","wpdc_pin_until":"","discourse_post_id":"","discourse_permalink":"","wpdc_publishing_response":"","wpdc_publishing_error":"","footnotes":""},"class_list":["post-17236","page","type-page","status-publish","hentry"],"yoast_head":"<!-- This site is optimized with the Yoast SEO plugin v25.3.1 - https:\/\/yoast.com\/wordpress\/plugins\/seo\/ -->\n<title>Widget de reserva de citas \u2014 Insertar Booking en el sitio web de Jimdo<\/title>\n<meta name=\"description\" content=\"\u00a1A\u00f1ade una aplicaci\u00f3n de reserva de citas sin codificaci\u00f3n al sitio web de Jimdo y deja que los clientes reserven plazas con s\u00f3lo unos pocos clics!\" \/>\n<meta name=\"robots\" content=\"index, follow, max-snippet:-1, max-image-preview:large, max-video-preview:-1\" \/>\n<link rel=\"canonical\" href=\"https:\/\/elfsight.com\/es\/appointment-booking-widget\/jimdo\/\" \/>\n<meta property=\"og:locale\" content=\"es_ES\" \/>\n<meta property=\"og:type\" content=\"article\" \/>\n<meta property=\"og:title\" content=\"Widget de reserva de citas \u2014 Insertar Booking en el sitio web de Jimdo\" \/>\n<meta property=\"og:description\" content=\"\u00a1A\u00f1ade una aplicaci\u00f3n de reserva de citas sin codificaci\u00f3n al sitio web de Jimdo y deja que los clientes reserven plazas con s\u00f3lo unos pocos clics!\" \/>\n<meta property=\"og:url\" content=\"https:\/\/elfsight.com\/es\/appointment-booking-widget\/jimdo\/\" \/>\n<meta property=\"og:site_name\" content=\"Elfsight ES\" \/>\n<meta property=\"article:modified_time\" content=\"2025-02-06T14:56:18+00:00\" \/>\n<meta name=\"twitter:card\" content=\"summary_large_image\" \/>\n<meta name=\"twitter:label1\" content=\"Tiempo de lectura\" \/>\n\t<meta name=\"twitter:data1\" content=\"3 minutos\" \/>\n<!-- \/ Yoast SEO plugin. -->","yoast_head_json":{"title":"Widget de reserva de citas \u2014 Insertar Booking en el sitio web de Jimdo","description":"\u00a1A\u00f1ade una aplicaci\u00f3n de reserva de citas sin codificaci\u00f3n al sitio web de Jimdo y deja que los clientes reserven plazas con s\u00f3lo unos pocos clics!","robots":{"index":"index","follow":"follow","max-snippet":"max-snippet:-1","max-image-preview":"max-image-preview:large","max-video-preview":"max-video-preview:-1"},"canonical":"https:\/\/elfsight.com\/es\/appointment-booking-widget\/jimdo\/","og_locale":"es_ES","og_type":"article","og_title":"Widget de reserva de citas \u2014 Insertar Booking en el sitio web de Jimdo","og_description":"\u00a1A\u00f1ade una aplicaci\u00f3n de reserva de citas sin codificaci\u00f3n al sitio web de Jimdo y deja que los clientes reserven plazas con s\u00f3lo unos pocos clics!","og_url":"https:\/\/elfsight.com\/es\/appointment-booking-widget\/jimdo\/","og_site_name":"Elfsight ES","article_modified_time":"2025-02-06T14:56:18+00:00","twitter_card":"summary_large_image","twitter_misc":{"Tiempo de lectura":"3 minutos"},"schema":{"@context":"https:\/\/schema.org","@graph":[{"@type":"WebPage","@id":"https:\/\/elfsight.com\/es\/appointment-booking-widget\/jimdo\/","url":"https:\/\/elfsight.com\/es\/appointment-booking-widget\/jimdo\/","name":"Widget de reserva de citas \u2014 Insertar Booking en el sitio web de Jimdo","isPartOf":{"@id":"https:\/\/elfsight.com\/es\/#website"},"datePublished":"2024-09-30T18:27:29+00:00","dateModified":"2025-02-06T14:56:18+00:00","description":"\u00a1A\u00f1ade una aplicaci\u00f3n de reserva de citas sin codificaci\u00f3n al sitio web de Jimdo y deja que los clientes reserven plazas con s\u00f3lo unos pocos clics!","breadcrumb":{"@id":"https:\/\/elfsight.com\/es\/appointment-booking-widget\/jimdo\/#breadcrumb"},"inLanguage":"es","potentialAction":[{"@type":"ReadAction","target":["https:\/\/elfsight.com\/es\/appointment-booking-widget\/jimdo\/"]}]},{"@type":"BreadcrumbList","@id":"https:\/\/elfsight.com\/es\/appointment-booking-widget\/jimdo\/#breadcrumb","itemListElement":[{"@type":"ListItem","position":1,"name":"Home","item":"https:\/\/elfsight.com\/es\/"},{"@type":"ListItem","position":2,"name":"Appointment Booking","item":"https:\/\/elfsight.com\/es\/appointment-booking-widget\/"},{"@type":"ListItem","position":3,"name":"appointment booking jimdo"}]},{"@type":"WebSite","@id":"https:\/\/elfsight.com\/es\/#website","url":"https:\/\/elfsight.com\/es\/","name":"Elfsight ES","description":"Just another Elfsight Sites site","potentialAction":[{"@type":"SearchAction","target":{"@type":"EntryPoint","urlTemplate":"https:\/\/elfsight.com\/es\/?s={search_term_string}"},"query-input":{"@type":"PropertyValueSpecification","valueRequired":true,"valueName":"search_term_string"}}],"inLanguage":"es"}]}},"meta_box":{"industry":"","seo_heading":"","heading":"","description":"","cta_heading":"","cta_description":"","application":"17026","h1":"Widget de reserva de citas de Jimdo","h1_caption":"Permite a los usuarios programar citas f\u00e1cilmente directamente desde tu sitio web Jimdo, mejorando la comodidad y agilizando el proceso de reserva.","application_category":[],"applications_title":"","applications_request_title":"","applications_request_button_text":"","hero_text":"","hero_video":"","hero_video_schema_markup":"","selling_points_title":"","selling_points_caption":"","selling_points":[],"selling_points_cta_text":"","features_title":"","features":"","ed_cta_examples_text":"","ed_cta_examples_hidden":"","ed_cta_demo_text":"","ed_cta_demo_hidden":"","why_caption":"","why_editor_title":"","why_editor_text":"","why_team_title":"","why_team_text":"","why_service_title":"","why_service_text":"","template_catalog_visible":"","template_catalog_title":"","template_catalog_text":"","template_catalog_categories_visible":"","demo_title":"Crea tu widget de reserva de citas","demo_caption":"\u00a1Configura tu Reserva de Citas y a\u00f1\u00e1dela a tu sitio web Jimdo gratis!","default_faq_hidden":"","app_template_category":[],"platform":"2198","template_public_id":"","codecanyon_url":"","codecanyon_item_id":"","codecanyon_price":"","pricing_caption":"","pricing_elfsight_apps_hide_column":"","pricing_elfsight_apps_url":"","pricing_codecanyon_price_caption":"","integration_category":[],"integration_request_title":"","integration_request_cta":"","integration_platform":"","integrations":[],"platform_category":[],"video_schema_markup":"","price":"desde $0 \/ mes","trial":"","benefits":[{"text":"Ayuda de instalaci\u00f3n gratuita"},{"text":"Soporte excepcional"},{"text":"Garant\u00eda de reembolso de 14 d\u00edas"},{"text":"Actualizaciones gratuitas continuas"}],"button_url":"#demo","button_target_blank":"","button_nofollow":"","attributes":[{"name":"Instalaciones","content":"1,000 - 5,000"},{"name":"Sensible","content":"S\u00ed"},{"name":"Navegadores compatibles","content":"Firefox, Safari, Opera, Chrome, Edge"}],"tags":[],"tags_disable_links":"","hide_more_platforms":"","video_object":"","demo_hide_cta":"","demo_hide_cloud_options":"","pricing_title":"","pricing":[{"pricing_icon":"platform","pricing_title":"Elfsight Apps","pricing_title_caption":"Soluci\u00f3n digital multiplataforma que funciona en cualquier sitio web","pricing_price":"Desde $0 \/ mes","pricing_price_caption":"Comience con un plan gratuito","pricing_benefits":[{"text":"Sitios web ilimitados"},{"text":"Soporte gratuito"},{"text":"Servicio de instalaci\u00f3n gratuito"},{"text":"Totalmente personalizable"}],"pricing_button_text":"A\u00f1adir al sitio web","pricing_button_url":"#demo"}],"related_apps_title":"","related_apps_hidden":"","author":"","image":[],"title":"","job":"","social_networks":[]},"_links":{"self":[{"href":"https:\/\/elfsight.com\/es\/wp-json\/wp\/v2\/pages\/17236","targetHints":{"allow":["GET"]}}],"collection":[{"href":"https:\/\/elfsight.com\/es\/wp-json\/wp\/v2\/pages"}],"about":[{"href":"https:\/\/elfsight.com\/es\/wp-json\/wp\/v2\/types\/page"}],"author":[{"embeddable":true,"href":"https:\/\/elfsight.com\/es\/wp-json\/wp\/v2\/users\/9"}],"replies":[{"embeddable":true,"href":"https:\/\/elfsight.com\/es\/wp-json\/wp\/v2\/comments?post=17236"}],"version-history":[{"count":1,"href":"https:\/\/elfsight.com\/es\/wp-json\/wp\/v2\/pages\/17236\/revisions"}],"predecessor-version":[{"id":17240,"href":"https:\/\/elfsight.com\/es\/wp-json\/wp\/v2\/pages\/17236\/revisions\/17240"}],"up":[{"embeddable":true,"href":"https:\/\/elfsight.com\/es\/wp-json\/wp\/v2\/pages\/17030"}],"wp:attachment":[{"href":"https:\/\/elfsight.com\/es\/wp-json\/wp\/v2\/media?parent=17236"}],"curies":[{"name":"wp","href":"https:\/\/api.w.org\/{rel}","templated":true}]}}