{"id":17235,"date":"2024-09-30T18:27:29","date_gmt":"2024-09-30T18:27:29","guid":{"rendered":"https:\/\/elfsight.com\/es\/?page_id=17235"},"modified":"2025-02-06T14:56:18","modified_gmt":"2025-02-06T14:56:18","slug":"prestashop","status":"publish","type":"page","link":"https:\/\/elfsight.com\/es\/appointment-booking-widget\/prestashop\/","title":{"rendered":"appointment booking  prestashop"},"content":{"rendered":"<div class=\"application-platform-content-item-description application-platform-content-item\" id=\"description\" data-nav-section=\"description\"><h2>\u00a1Incorpore la reserva de citas en PrestaShop con el complemento Elfsight!<\/h2> <p>El complemento de reserva de citas est\u00e1 a su servicio para ayudar a los clientes potenciales para asegurar franjas horarias directamente en su sitio web PrestaShop, reduciendo las tareas pr\u00e1cticas (como la gesti\u00f3n constante de mensajes, llamadas y correos electr\u00f3nicos) de su parte. Piensa en ello como si tuvieras un asistente de guardia que trabaja las 24 horas del d\u00eda, los 7 d\u00edas de la semana, que env\u00eda notificaciones autom\u00e1ticas y se puede sincronizar con aplicaciones especializadas, como Google Calendar.<\/p> <p>Es hora de profundizar en tu servicio u ocasi\u00f3n, definir el duraci\u00f3n, revelar detalles de contacto y establecer el precio para simplificar el proceso de toma de decisiones de los clientes. Adem\u00e1s, puedes elegir la est\u00e9tica visual del complemento modificando elementos y funciones personalizados sin la necesidad de perfeccionar tus conocimientos de programaci\u00f3n o contratar a un programador experto.<\/p> <p><b>Impulsa el alcance de tu negocio y ponte al alcance de \u00a1una clientela m\u00e1s grande con reservas en l\u00ednea para citas en su sitio web!<\/b><\/p> <\/div> <div class=\"application-platform-content-item-features application-platform-content-item\" id=\"features\" data-nav-section=\"features\"> <h2>Estas son solo algunas de las funciones enriquecidas del widget:<\/h2> <ul><li>Proporcione una descripci\u00f3n exacta de su servicio (nombre, detalles, imagen y duraci\u00f3n) y configure el precio en diferentes monedas.<\/li><li>Env\u00ede notificaciones autom\u00e1ticas para validar los horarios reservados a los clientes y a usted mismo. .<\/li><li>Sincronice el widget con servicios de terceros, como Google Calendar, para garantizar actualizaciones constantes.<\/li><li>Comparta los datos de contacto de su empresa como validaci\u00f3n social y permita a los usuarios comunicarse en caso de que de circunstancias imprevistas.<\/li><li>Personalizaci\u00f3n avanzada sin necesidad de codificar: plantillas predise\u00f1adas, colores, dise\u00f1os, fuentes, editor CSS personalizado, editor JS personalizado, etc.<\/li><\/ul><p><a href=\"#demo\">Puedes explorar la funcionalidad completa del widget en la demostraci\u00f3n aqu\u00ed mismo<\/a><\/p> <\/div> <div class=\"application-platform-content-item-installation application-platform-content-item\" id=\"installation\" data-nav-section=\"installation\"> <h2>\u00bfC\u00f3mo puedo \u00bfAgregar la reserva de citas a mi sitio web PrestaShop?<\/h2> <p>Si desea agregar la reserva de citas a su sitio web PrestaShop, realice los siguientes pasos:<\/p> <ol><li><b>Emplee nuestro software gratuito editor y comience a crear su propio widget de LinkedIn Feed.<\/b><br> Elija el dise\u00f1o seleccionado y las caracter\u00edsticas del complemento y aplique las ediciones.<\/li> <li><b>Adquiera su c\u00f3digo individual que aparece en la ventana en Elfsight Apps.<\/b><br> Tan pronto como finalice la creaci\u00f3n de su widget, copie el c\u00f3digo exclusivo de la ventana que aparece y gu\u00e1rdelo para futuras necesidades.<\/li> <li><b>Inicie el empleo de el widget en su sitio web PrestaShop.<\/b><br> Incruste el c\u00f3digo guardado anteriormente en su sitio web y aplique las correcciones.<\/li> <li><b>La configuraci\u00f3n finaliz\u00f3 exitosamente.<\/b><br> Visite su sitio web para observar el funcionamiento del widget.<\/li><\/ol> <p>Si tiene alguna pregunta o tiene alguna dificultad, no dude en recurrir a nuestro equipo de soporte. Nuestros especialistas est\u00e1n ansiosos por resolver todos los problemas que pueda tener con el widget.<\/p> <\/div> ","protected":false},"excerpt":{"rendered":"","protected":false},"author":9,"featured_media":0,"parent":17030,"menu_order":0,"comment_status":"closed","ping_status":"closed","template":"templates\/template-application-platform.php","meta":{"publish_to_discourse":"","publish_post_category":"","wpdc_auto_publish_overridden":"","wpdc_topic_tags":"","wpdc_pin_topic":"","wpdc_pin_until":"","discourse_post_id":"","discourse_permalink":"","wpdc_publishing_response":"","wpdc_publishing_error":"","footnotes":""},"class_list":["post-17235","page","type-page","status-publish","hentry"],"yoast_head":"<!-- This site is optimized with the Yoast SEO plugin v25.3.1 - https:\/\/yoast.com\/wordpress\/plugins\/seo\/ -->\n<title>Widget de reserva de citas: incrustar Booking en el sitio web de PrestaShop<\/title>\n<meta name=\"description\" content=\"\u00a1Agregue una aplicaci\u00f3n de reserva de citas sin codificaci\u00f3n al sitio web de PrestaShop y permita que los clientes reserven espacios con solo unos pocos clics!\" \/>\n<meta name=\"robots\" content=\"index, follow, max-snippet:-1, max-image-preview:large, max-video-preview:-1\" \/>\n<link rel=\"canonical\" href=\"https:\/\/elfsight.com\/es\/appointment-booking-widget\/prestashop\/\" \/>\n<meta property=\"og:locale\" content=\"es_ES\" \/>\n<meta property=\"og:type\" content=\"article\" \/>\n<meta property=\"og:title\" content=\"Widget de reserva de citas: incrustar Booking en el sitio web de PrestaShop\" \/>\n<meta property=\"og:description\" content=\"\u00a1Agregue una aplicaci\u00f3n de reserva de citas sin codificaci\u00f3n al sitio web de PrestaShop y permita que los clientes reserven espacios con solo unos pocos clics!\" \/>\n<meta property=\"og:url\" content=\"https:\/\/elfsight.com\/es\/appointment-booking-widget\/prestashop\/\" \/>\n<meta property=\"og:site_name\" content=\"Elfsight ES\" \/>\n<meta property=\"article:modified_time\" content=\"2025-02-06T14:56:18+00:00\" \/>\n<meta name=\"twitter:card\" content=\"summary_large_image\" \/>\n<meta name=\"twitter:label1\" content=\"Tiempo de lectura\" \/>\n\t<meta name=\"twitter:data1\" content=\"3 minutos\" \/>\n<!-- \/ Yoast SEO plugin. -->","yoast_head_json":{"title":"Widget de reserva de citas: incrustar Booking en el sitio web de PrestaShop","description":"\u00a1Agregue una aplicaci\u00f3n de reserva de citas sin codificaci\u00f3n al sitio web de PrestaShop y permita que los clientes reserven espacios con solo unos pocos clics!","robots":{"index":"index","follow":"follow","max-snippet":"max-snippet:-1","max-image-preview":"max-image-preview:large","max-video-preview":"max-video-preview:-1"},"canonical":"https:\/\/elfsight.com\/es\/appointment-booking-widget\/prestashop\/","og_locale":"es_ES","og_type":"article","og_title":"Widget de reserva de citas: incrustar Booking en el sitio web de PrestaShop","og_description":"\u00a1Agregue una aplicaci\u00f3n de reserva de citas sin codificaci\u00f3n al sitio web de PrestaShop y permita que los clientes reserven espacios con solo unos pocos clics!","og_url":"https:\/\/elfsight.com\/es\/appointment-booking-widget\/prestashop\/","og_site_name":"Elfsight ES","article_modified_time":"2025-02-06T14:56:18+00:00","twitter_card":"summary_large_image","twitter_misc":{"Tiempo de lectura":"3 minutos"},"schema":{"@context":"https:\/\/schema.org","@graph":[{"@type":"WebPage","@id":"https:\/\/elfsight.com\/es\/appointment-booking-widget\/prestashop\/","url":"https:\/\/elfsight.com\/es\/appointment-booking-widget\/prestashop\/","name":"Widget de reserva de citas: incrustar Booking en el sitio web de PrestaShop","isPartOf":{"@id":"https:\/\/elfsight.com\/es\/#website"},"datePublished":"2024-09-30T18:27:29+00:00","dateModified":"2025-02-06T14:56:18+00:00","description":"\u00a1Agregue una aplicaci\u00f3n de reserva de citas sin codificaci\u00f3n al sitio web de PrestaShop y permita que los clientes reserven espacios con solo unos pocos clics!","breadcrumb":{"@id":"https:\/\/elfsight.com\/es\/appointment-booking-widget\/prestashop\/#breadcrumb"},"inLanguage":"es","potentialAction":[{"@type":"ReadAction","target":["https:\/\/elfsight.com\/es\/appointment-booking-widget\/prestashop\/"]}]},{"@type":"BreadcrumbList","@id":"https:\/\/elfsight.com\/es\/appointment-booking-widget\/prestashop\/#breadcrumb","itemListElement":[{"@type":"ListItem","position":1,"name":"Home","item":"https:\/\/elfsight.com\/es\/"},{"@type":"ListItem","position":2,"name":"Appointment Booking","item":"https:\/\/elfsight.com\/es\/appointment-booking-widget\/"},{"@type":"ListItem","position":3,"name":"appointment booking prestashop"}]},{"@type":"WebSite","@id":"https:\/\/elfsight.com\/es\/#website","url":"https:\/\/elfsight.com\/es\/","name":"Elfsight ES","description":"Just another Elfsight Sites site","potentialAction":[{"@type":"SearchAction","target":{"@type":"EntryPoint","urlTemplate":"https:\/\/elfsight.com\/es\/?s={search_term_string}"},"query-input":{"@type":"PropertyValueSpecification","valueRequired":true,"valueName":"search_term_string"}}],"inLanguage":"es"}]}},"meta_box":{"industry":"","seo_heading":"","heading":"","description":"","cta_heading":"","cta_description":"","application":"17026","h1":"Complemento de reserva de citas de PrestaShop","h1_caption":"Permita a los usuarios programar citas f\u00e1cilmente directamente desde su sitio web de Prestashop, mejorando la comodidad y agilizando el proceso de reserva.","application_category":[],"applications_title":"","applications_request_title":"","applications_request_button_text":"","hero_text":"","hero_video":"","hero_video_schema_markup":"","selling_points_title":"","selling_points_caption":"","selling_points":[],"selling_points_cta_text":"","features_title":"","features":"","ed_cta_examples_text":"","ed_cta_examples_hidden":"","ed_cta_demo_text":"","ed_cta_demo_hidden":"","why_caption":"","why_editor_title":"","why_editor_text":"","why_team_title":"","why_team_text":"","why_service_title":"","why_service_text":"","template_catalog_visible":"","template_catalog_title":"","template_catalog_text":"","template_catalog_categories_visible":"","demo_title":"Crea tu complemento de reserva de citas","demo_caption":"\u00a1Configura tu Reserva de Citas y agr\u00e9gala a tu sitio web PrestaShop gratis!","default_faq_hidden":"","app_template_category":[],"platform":"2250","template_public_id":"","codecanyon_url":"","codecanyon_item_id":"","codecanyon_price":"","pricing_caption":"","pricing_elfsight_apps_hide_column":"","pricing_elfsight_apps_url":"","pricing_codecanyon_price_caption":"","integration_category":[],"integration_request_title":"","integration_request_cta":"","integration_platform":"","integrations":[],"platform_category":[],"video_schema_markup":"","price":"desde $0 \/ mes","trial":"","benefits":[{"text":"Servicio de instalaci\u00f3n gratuito"},{"text":"Soporte premium"},{"text":"Garant\u00eda de devoluci\u00f3n de dinero de 14 d\u00edas"},{"text":"Actualizando constantemente"}],"button_url":"#demo","button_target_blank":"","button_nofollow":"","attributes":[{"name":"Instalaciones","content":"1,000 - 5,000"},{"name":"Sensible","content":"S\u00ed"},{"name":"Navegadores compatibles","content":"Firefox, Safari, Opera, Chrome, Edge"}],"tags":[],"tags_disable_links":"","hide_more_platforms":"","video_object":"","demo_hide_cta":"","demo_hide_cloud_options":"","pricing_title":"","pricing":[{"pricing_icon":"platform","pricing_title":"Elfsight Apps","pricing_title_caption":"Versi\u00f3n independiente de plataforma que se adapta a cualquier sitio web","pricing_price":"Desde $0 \/ mes","pricing_price_caption":"Comience con un plan gratuito","pricing_benefits":[{"text":"Sitios web ilimitados"},{"text":"Atenci\u00f3n al cliente dedicada y bien documentada."},{"text":"Ayuda de instalaci\u00f3n gratuita"},{"text":"100% personalizable"}],"pricing_button_text":"A\u00f1adir al sitio web","pricing_button_url":"#demo"}],"related_apps_title":"","related_apps_hidden":"","author":"","image":[],"title":"","job":"","social_networks":[]},"_links":{"self":[{"href":"https:\/\/elfsight.com\/es\/wp-json\/wp\/v2\/pages\/17235","targetHints":{"allow":["GET"]}}],"collection":[{"href":"https:\/\/elfsight.com\/es\/wp-json\/wp\/v2\/pages"}],"about":[{"href":"https:\/\/elfsight.com\/es\/wp-json\/wp\/v2\/types\/page"}],"author":[{"embeddable":true,"href":"https:\/\/elfsight.com\/es\/wp-json\/wp\/v2\/users\/9"}],"replies":[{"embeddable":true,"href":"https:\/\/elfsight.com\/es\/wp-json\/wp\/v2\/comments?post=17235"}],"version-history":[{"count":1,"href":"https:\/\/elfsight.com\/es\/wp-json\/wp\/v2\/pages\/17235\/revisions"}],"predecessor-version":[{"id":17239,"href":"https:\/\/elfsight.com\/es\/wp-json\/wp\/v2\/pages\/17235\/revisions\/17239"}],"up":[{"embeddable":true,"href":"https:\/\/elfsight.com\/es\/wp-json\/wp\/v2\/pages\/17030"}],"wp:attachment":[{"href":"https:\/\/elfsight.com\/es\/wp-json\/wp\/v2\/media?parent=17235"}],"curies":[{"name":"wp","href":"https:\/\/api.w.org\/{rel}","templated":true}]}}