{"id":17229,"date":"2024-09-30T18:27:29","date_gmt":"2024-09-30T18:27:29","guid":{"rendered":"https:\/\/elfsight.com\/es\/?page_id=17229"},"modified":"2025-02-06T14:56:18","modified_gmt":"2025-02-06T14:56:18","slug":"wix","status":"publish","type":"page","link":"https:\/\/elfsight.com\/es\/flipbook-widget\/wix\/","title":{"rendered":"flipbook  wix"},"content":{"rendered":"<div class=\"application-platform-content-item-description application-platform-content-item\" id=\"description\" data-nav-section=\"description\"> <h2>Integrar Flipbook en Wix con una aplicaci\u00f3n Elfsight<\/h2> <p>La aplicaci\u00f3n Flipbook para Wix es una buena soluci\u00f3n para presentar materiales visuales en el sitio web. La aplicaci\u00f3n convierte tus archivos PDF en revistas interactivas con im\u00e1genes animadas y una navegaci\u00f3n c\u00f3moda. Le ayuda a mostrar revistas, cat\u00e1logos, manuales y materiales de promoci\u00f3n de forma atractiva para el lector, mejorando as\u00ed el conocimiento de la marca y la accesibilidad al contenido. <\/p><p>Puedes enviar f\u00e1cilmente un enlace a tu cat\u00e1logo en PDF, compartirlo a trav\u00e9s de las redes sociales y ofrecer a los usuarios una forma sencilla de imprimirlo o descargarlo. Adem\u00e1s, la aplicaci\u00f3n es completamente personalizable para adaptarse a los estilos de su sitio web o marca. El Flipbook se carga r\u00e1pidamente en tus p\u00e1ginas y luce genial en cualquier dispositivo. <\/p><p><b>Mejora la calidad de la presentaci\u00f3n de tus productos y logros con el \u00e1lbum PDF personalizado. <\/b><\/p><\/div> <div class=\"application-platform-content-item-features application-platform-content-item\" id=\"features\" data-nav-section=\"features\"> <h2>Estas son solo algunas de las m\u00faltiples funciones de la aplicaci\u00f3n: <\/h2><ul><li><b>Paso de p\u00e1gina realista para cualquier PDF incrustado. <\/b> Simplemente agregue cualquier archivo PDF para animarlo con efectos realistas de cambio de p\u00e1gina y sonido de papel para una experiencia de usuario satisfactoria. <\/li><li><b>Buscar, acercar y alejar, saltar al inicio o al final. <\/b>El Flipbook ofrece m\u00faltiples botones y elementos interactivos para trabajar con el folleto y explorarlo c\u00f3modamente. <\/li><li><b>Comparta, descargue o imprima el folleto f\u00e1cilmente. <\/b>Es sencillo enviar un enlace a su cat\u00e1logo, compartirlo a trav\u00e9s de las redes sociales o brindar la posibilidad de descargarlo e imprimirlo para el lector. <\/li><li><b>Modos de vista adicionales para una presentaci\u00f3n agradable. <\/b>Los modos de vista en miniatura, p\u00e1gina \u00fanica y pantalla completa est\u00e1n disponibles en el Flipbook para mejorar a\u00fan m\u00e1s la navegaci\u00f3n a trav\u00e9s de \u00e9l. <\/li><li><b>Personalizaci\u00f3n, optimizaci\u00f3n y localizaci\u00f3n avanzadas. <\/b>El Flipbook ofrece numerosas configuraciones de personalizaci\u00f3n, se ve perfectamente en cualquier dispositivo y est\u00e1 localizado en 76 pa\u00edses. <\/li><\/ul><p><a href=\"#demo\">Simplemente consulte esta demostraci\u00f3n para ver c\u00f3mo funciona<\/a><\/p><\/div> <div class=\"application-platform-content-item-installation application-platform-content-item\" id=\"installation\" data-nav-section=\"installation\"> <h2>\u00bfC\u00f3mo integrar Flipbook en mi plataforma Wix? <\/h2><p>Aqu\u00ed tienes una gu\u00eda sencilla para insertar la aplicaci\u00f3n en tu sitio web Wix. Solo le llevar\u00e1 unos minutos y no requiere codificaci\u00f3n.<\/p> <ol><li><strong>Cree su aplicaci\u00f3n personal Flipbook<\/strong><br> Comience con cualquier plantilla de la demostraci\u00f3n, conecte su perfil o hashtags deseados, y ajuste la aplicaci\u00f3n a su dise\u00f1o y configuraci\u00f3n preferidos. <\/li><li><strong>Reciba el c\u00f3digo personal para insertar la aplicaci\u00f3n<\/strong><br> Una vez que haya creado la aplicaci\u00f3n, recibir\u00e1 un c\u00f3digo HTML individual en su panel de control. Copie este c\u00f3digo que contiene todos los detalles relacionados con el ajuste de su aplicaci\u00f3n. <\/li> <li><strong>Muestra la aplicaci\u00f3n en tu sitio web Wix<\/strong><br> Define las secciones de tu sitio web donde deseas mostrar la aplicaci\u00f3n y pega el c\u00f3digo all\u00ed. Guarde sus cambios. <\/li> <\/ol><p>\u00a1Listo! Ahora, vea c\u00f3mo funciona la aplicaci\u00f3n en su sitio web. <\/p><p>En caso de que tengas alg\u00fan problema al insertar la aplicaci\u00f3n en un sitio web, ponte en contacto con nuestro servicio de atenci\u00f3n al cliente. Estaremos encantados de ayudarle a agregar y ajustar su Flipbook.<\/p><\/div>","protected":false},"excerpt":{"rendered":"","protected":false},"author":9,"featured_media":0,"parent":16129,"menu_order":0,"comment_status":"closed","ping_status":"closed","template":"templates\/template-application-platform.php","meta":{"publish_to_discourse":"","publish_post_category":"","wpdc_auto_publish_overridden":"","wpdc_topic_tags":"","wpdc_pin_topic":"","wpdc_pin_until":"","discourse_post_id":"","discourse_permalink":"","wpdc_publishing_response":"","wpdc_publishing_error":"","footnotes":""},"class_list":["post-17229","page","type-page","status-publish","hentry"],"yoast_head":"<!-- This site is optimized with the Yoast SEO plugin v25.3.1 - https:\/\/yoast.com\/wordpress\/plugins\/seo\/ -->\n<title>Aplicaci\u00f3n Flipbook para Wix: incrusta revistas interactivas en tu sitio web<\/title>\n<meta name=\"description\" content=\"Agrega una aplicaci\u00f3n Flipbook sin c\u00f3digo en tu sitio web Wix. Utilice la demostraci\u00f3n r\u00e1pida de Elfsight para generar f\u00e1cilmente su soluci\u00f3n personalizada.\" \/>\n<meta name=\"robots\" content=\"index, follow, max-snippet:-1, max-image-preview:large, max-video-preview:-1\" \/>\n<link rel=\"canonical\" href=\"https:\/\/elfsight.com\/es\/flipbook-widget\/wix\/\" \/>\n<meta property=\"og:locale\" content=\"es_ES\" \/>\n<meta property=\"og:type\" content=\"article\" \/>\n<meta property=\"og:title\" content=\"Aplicaci\u00f3n Flipbook para Wix: incrusta revistas interactivas en tu sitio web\" \/>\n<meta property=\"og:description\" content=\"Agrega una aplicaci\u00f3n Flipbook sin c\u00f3digo en tu sitio web Wix. Utilice la demostraci\u00f3n r\u00e1pida de Elfsight para generar f\u00e1cilmente su soluci\u00f3n personalizada.\" \/>\n<meta property=\"og:url\" content=\"https:\/\/elfsight.com\/es\/flipbook-widget\/wix\/\" \/>\n<meta property=\"og:site_name\" content=\"Elfsight ES\" \/>\n<meta property=\"article:modified_time\" content=\"2025-02-06T14:56:18+00:00\" \/>\n<meta name=\"twitter:card\" content=\"summary_large_image\" \/>\n<meta name=\"twitter:label1\" content=\"Tiempo de lectura\" \/>\n\t<meta name=\"twitter:data1\" content=\"3 minutos\" \/>\n<!-- \/ Yoast SEO plugin. -->","yoast_head_json":{"title":"Aplicaci\u00f3n Flipbook para Wix: incrusta revistas interactivas en tu sitio web","description":"Agrega una aplicaci\u00f3n Flipbook sin c\u00f3digo en tu sitio web Wix. Utilice la demostraci\u00f3n r\u00e1pida de Elfsight para generar f\u00e1cilmente su soluci\u00f3n personalizada.","robots":{"index":"index","follow":"follow","max-snippet":"max-snippet:-1","max-image-preview":"max-image-preview:large","max-video-preview":"max-video-preview:-1"},"canonical":"https:\/\/elfsight.com\/es\/flipbook-widget\/wix\/","og_locale":"es_ES","og_type":"article","og_title":"Aplicaci\u00f3n Flipbook para Wix: incrusta revistas interactivas en tu sitio web","og_description":"Agrega una aplicaci\u00f3n Flipbook sin c\u00f3digo en tu sitio web Wix. Utilice la demostraci\u00f3n r\u00e1pida de Elfsight para generar f\u00e1cilmente su soluci\u00f3n personalizada.","og_url":"https:\/\/elfsight.com\/es\/flipbook-widget\/wix\/","og_site_name":"Elfsight ES","article_modified_time":"2025-02-06T14:56:18+00:00","twitter_card":"summary_large_image","twitter_misc":{"Tiempo de lectura":"3 minutos"},"schema":{"@context":"https:\/\/schema.org","@graph":[{"@type":"WebPage","@id":"https:\/\/elfsight.com\/es\/flipbook-widget\/wix\/","url":"https:\/\/elfsight.com\/es\/flipbook-widget\/wix\/","name":"Aplicaci\u00f3n Flipbook para Wix: incrusta revistas interactivas en tu sitio web","isPartOf":{"@id":"https:\/\/elfsight.com\/es\/#website"},"datePublished":"2024-09-30T18:27:29+00:00","dateModified":"2025-02-06T14:56:18+00:00","description":"Agrega una aplicaci\u00f3n Flipbook sin c\u00f3digo en tu sitio web Wix. Utilice la demostraci\u00f3n r\u00e1pida de Elfsight para generar f\u00e1cilmente su soluci\u00f3n personalizada.","breadcrumb":{"@id":"https:\/\/elfsight.com\/es\/flipbook-widget\/wix\/#breadcrumb"},"inLanguage":"es","potentialAction":[{"@type":"ReadAction","target":["https:\/\/elfsight.com\/es\/flipbook-widget\/wix\/"]}]},{"@type":"BreadcrumbList","@id":"https:\/\/elfsight.com\/es\/flipbook-widget\/wix\/#breadcrumb","itemListElement":[{"@type":"ListItem","position":1,"name":"Home","item":"https:\/\/elfsight.com\/es\/"},{"@type":"ListItem","position":2,"name":"Flipbook","item":"https:\/\/elfsight.com\/es\/flipbook-widget\/"},{"@type":"ListItem","position":3,"name":"flipbook wix"}]},{"@type":"WebSite","@id":"https:\/\/elfsight.com\/es\/#website","url":"https:\/\/elfsight.com\/es\/","name":"Elfsight ES","description":"Just another Elfsight Sites site","potentialAction":[{"@type":"SearchAction","target":{"@type":"EntryPoint","urlTemplate":"https:\/\/elfsight.com\/es\/?s={search_term_string}"},"query-input":{"@type":"PropertyValueSpecification","valueRequired":true,"valueName":"search_term_string"}}],"inLanguage":"es"}]}},"meta_box":{"industry":"","seo_heading":"","heading":"","description":"","cta_heading":"","cta_description":"","application":"16124","h1":"Aplicaci\u00f3n Wix FlipBook","h1_caption":"Convierte archivos PDF o im\u00e1genes en flipbooks interactivos, ofreciendo una forma m\u00e1s atractiva de presentar documentos o cat\u00e1logos en tu sitio web Wix sin esfuerzo.","application_category":[],"applications_title":"","applications_request_title":"","applications_request_button_text":"","hero_text":"","hero_video":"","hero_video_schema_markup":"","selling_points_title":"","selling_points_caption":"","selling_points":[],"selling_points_cta_text":"","features_title":"","features":"","ed_cta_examples_text":"","ed_cta_examples_hidden":"","ed_cta_demo_text":"","ed_cta_demo_hidden":"","why_caption":"","why_editor_title":"","why_editor_text":"","why_team_title":"","why_team_text":"","why_service_title":"","why_service_text":"","template_catalog_visible":"","template_catalog_title":"","template_catalog_text":"","template_catalog_categories_visible":"","demo_title":"Crea tu aplicaci\u00f3n Flipbook","demo_caption":"\u00a1Configura tu Flipbook y agr\u00e9galo a tu sitio web Wix gratis!","default_faq_hidden":"","app_template_category":[],"platform":"112","template_public_id":"","codecanyon_url":"","codecanyon_item_id":"","codecanyon_price":"","pricing_caption":"","pricing_elfsight_apps_hide_column":"","pricing_elfsight_apps_url":"","pricing_codecanyon_price_caption":"","integration_category":[],"integration_request_title":"","integration_request_cta":"","integration_platform":"","integrations":[],"platform_category":[],"video_schema_markup":"","price":"desde $0 \/ mes","trial":"","benefits":[{"text":"Ayuda de instalaci\u00f3n gratuita"},{"text":"Servicio al cliente profesional"},{"text":"Garant\u00eda de devoluci\u00f3n de dinero de 14 d\u00edas"},{"text":"Mejoras gratuitas de por vida"}],"button_url":"#demo","button_target_blank":"","button_nofollow":"","attributes":[{"name":"Instalar","content":"50,000 - 100,000"},{"name":"Sensible","content":"S\u00ed"},{"name":"Navegadores compatibles","content":"Firefox, Safari, Opera, Chrome, Edge"}],"tags":[],"tags_disable_links":"","hide_more_platforms":"","video_object":"","demo_hide_cta":"","demo_hide_cloud_options":"","pricing_title":"","pricing":[{"pricing_icon":"platform","pricing_title":"Elfsight Apps","pricing_title_caption":"Versi\u00f3n independiente de la plataforma que se adapta a cualquier sitio web","pricing_price":"desde $0 \/ mes","pricing_price_caption":"comienza con un plan gratuito","pricing_benefits":[{"text":"Dominios ilimitados"},{"text":"Atenci\u00f3n al cliente 24 horas al d\u00eda, 7 d\u00edas a la semana"},{"text":"Servicio de instalaci\u00f3n gratuito"},{"text":"Totalmente personalizable"}],"pricing_button_text":"A\u00f1adir al sitio web","pricing_button_url":"#demo"}],"related_apps_title":"","related_apps_hidden":"","author":"","image":[],"title":"","job":"","social_networks":[]},"_links":{"self":[{"href":"https:\/\/elfsight.com\/es\/wp-json\/wp\/v2\/pages\/17229","targetHints":{"allow":["GET"]}}],"collection":[{"href":"https:\/\/elfsight.com\/es\/wp-json\/wp\/v2\/pages"}],"about":[{"href":"https:\/\/elfsight.com\/es\/wp-json\/wp\/v2\/types\/page"}],"author":[{"embeddable":true,"href":"https:\/\/elfsight.com\/es\/wp-json\/wp\/v2\/users\/9"}],"replies":[{"embeddable":true,"href":"https:\/\/elfsight.com\/es\/wp-json\/wp\/v2\/comments?post=17229"}],"version-history":[{"count":1,"href":"https:\/\/elfsight.com\/es\/wp-json\/wp\/v2\/pages\/17229\/revisions"}],"predecessor-version":[{"id":17233,"href":"https:\/\/elfsight.com\/es\/wp-json\/wp\/v2\/pages\/17229\/revisions\/17233"}],"up":[{"embeddable":true,"href":"https:\/\/elfsight.com\/es\/wp-json\/wp\/v2\/pages\/16129"}],"wp:attachment":[{"href":"https:\/\/elfsight.com\/es\/wp-json\/wp\/v2\/media?parent=17229"}],"curies":[{"name":"wp","href":"https:\/\/api.w.org\/{rel}","templated":true}]}}