{"id":17220,"date":"2024-09-30T18:27:29","date_gmt":"2024-09-30T18:27:29","guid":{"rendered":"https:\/\/elfsight.com\/es\/?page_id=17220"},"modified":"2025-02-06T14:56:35","modified_gmt":"2025-02-06T14:56:35","slug":"elementor","status":"publish","type":"page","link":"https:\/\/elfsight.com\/es\/flipbook-widget\/elementor\/","title":{"rendered":"flipbook  elementor"},"content":{"rendered":"<div class=\"application-platform-content-item-description application-platform-content-item\" id=\"description\" data-nav-section=\"description\"> <h2>Integre Flipbook en Elementor con un widget de Elfsight<\/h2> <p>El widget Flipbook para Elementor es una hermosa soluci\u00f3n para presentar materiales visuales en el sitio web. El widget transforma sus archivos PDF en revistas interactivas con p\u00e1ginas animadas y una navegaci\u00f3n c\u00f3moda. Est\u00e1 dise\u00f1ado para mostrar revistas, cat\u00e1logos, manuales y materiales de promoci\u00f3n de forma atractiva para el espectador, aumentando as\u00ed el conocimiento de la marca y la accesibilidad al contenido. <\/p><p>Puedes enviar r\u00e1pidamente un enlace a tu \u00e1lbum PDF, compartirlo en las redes sociales y ofrecer a los usuarios una forma sencilla de imprimirlo o descargarlo. Adem\u00e1s, el widget es completamente personalizable para que coincida con los colores de su sitio web o de su marca. El Flipbook se carga inmediatamente en tus p\u00e1ginas y se ve genial desde cualquier dispositivo. <\/p><p><b>Cree su folleto interactivo personalizado para una mejor presentaci\u00f3n de sus productos y logros. <\/b><\/p><\/div> <div class=\"application-platform-content-item-features application-platform-content-item\" id=\"features\" data-nav-section=\"features\"> <h2>Ofrecemos funciones pr\u00e1cticas y sencillas. Vea algunas de ellas: <\/h2><ul><li><b>P\u00e1gina realista -voltear para cualquier PDF agregado. <\/b> Simplemente agregue cualquier archivo PDF para animarlo con aut\u00e9nticos efectos de cambio de p\u00e1gina y sonido de papel para una experiencia extraordinaria para el cliente. <\/li><li><b>Buscar, acercar y alejar, saltar al inicio o al final. <\/b>El Flipbook ofrece varios botones interactivos y opciones para trabajar con el folleto y explorarlo c\u00f3modamente. <\/li><li><b>Comparte, descarga o imprime el cat\u00e1logo sin esfuerzo. <\/b>Es sencillo enviar un enlace al cat\u00e1logo, compartirlo a trav\u00e9s de las redes sociales o brindar la posibilidad de descargarlo e imprimirlo para el usuario. <\/li><li><b>Modos de visualizaci\u00f3n adicionales para una mejor presentaci\u00f3n. <\/b>Los modos de vista en miniatura, p\u00e1gina \u00fanica y pantalla completa est\u00e1n disponibles para el Flipbook para mejorar a\u00fan m\u00e1s la navegaci\u00f3n a trav\u00e9s de \u00e9l. <\/li><li><b>Personalizaci\u00f3n, optimizaci\u00f3n y localizaci\u00f3n avanzadas. <\/b>El Flipbook ofrece numerosas opciones de personalizaci\u00f3n, se ve perfectamente en cualquier dispositivo y est\u00e1 localizado en 76 pa\u00edses. <\/li><\/ul><p><a href=\"#demo\">Examine todas las configuraciones en una demostraci\u00f3n 100% funcional<\/a><\/p><\/div> <div class=\"application-platform-content-item-installation application-platform-content-item\" id=\"installation\" data-nav-section=\"installation\"> <h2>\u00bfC\u00f3mo insertar Flipbook en mi sitio web de Elementor? <\/h2><p>Mira esta forma sencilla de insertar el widget en tu sitio web de Elementor. S\u00f3lo te llevar\u00e1 un par de minutos y no requiere codificaci\u00f3n.<\/p> <ol><li><strong>Crea tu widget Flipbook personalizado<\/strong><br> Comienza con cualquier plantilla de la demostraci\u00f3n, conecta tu perfil o hashtags deseados, y ajuste el widget al dise\u00f1o y configuraci\u00f3n deseados. <\/li><li><strong>Reciba el c\u00f3digo personal para insertar el widget<\/strong><br> Tan pronto como termine de crear el widget, obtendr\u00e1 un c\u00f3digo HTML individual en su panel de control. Copie este c\u00f3digo que contiene toda la informaci\u00f3n sobre la configuraci\u00f3n de su widget. <\/li> <li><strong>Muestre el widget en su sitio web de Elementor<\/strong><br> Seleccione las \u00e1reas de su sitio web donde desea presentar el widget y pegue el c\u00f3digo all\u00ed. Guarde los cambios. <\/li> <\/ol><p>\u00a1Eso es! Ahora, vea c\u00f3mo funciona el widget en su sitio web. <\/p><p>En caso de que experimente alg\u00fan problema al insertar el widget en un sitio web, no dude en ponerse en contacto con nuestros responsables de soporte. Estaremos encantados de explicarle c\u00f3mo agregar y administrar su Flipbook.<\/p><\/div>","protected":false},"excerpt":{"rendered":"","protected":false},"author":9,"featured_media":0,"parent":16129,"menu_order":0,"comment_status":"closed","ping_status":"closed","template":"templates\/template-application-platform.php","meta":{"publish_to_discourse":"","publish_post_category":"","wpdc_auto_publish_overridden":"","wpdc_topic_tags":"","wpdc_pin_topic":"","wpdc_pin_until":"","discourse_post_id":"","discourse_permalink":"","wpdc_publishing_response":"","wpdc_publishing_error":"","footnotes":""},"class_list":["post-17220","page","type-page","status-publish","hentry"],"yoast_head":"<!-- This site is optimized with the Yoast SEO plugin v25.3.1 - https:\/\/yoast.com\/wordpress\/plugins\/seo\/ -->\n<title>Widget Flipbook para Elementor: incruste maravillosos folletos en el sitio web<\/title>\n<meta name=\"description\" content=\"Agregue un widget Flipbook sin c\u00f3digo en su sitio web de Elementor. Utilice la sencilla demostraci\u00f3n de Elfsight para crear f\u00e1cilmente su soluci\u00f3n personal.\" \/>\n<meta name=\"robots\" content=\"index, follow, max-snippet:-1, max-image-preview:large, max-video-preview:-1\" \/>\n<link rel=\"canonical\" href=\"https:\/\/elfsight.com\/es\/flipbook-widget\/elementor\/\" \/>\n<meta property=\"og:locale\" content=\"es_ES\" \/>\n<meta property=\"og:type\" content=\"article\" \/>\n<meta property=\"og:title\" content=\"Widget Flipbook para Elementor: incruste maravillosos folletos en el sitio web\" \/>\n<meta property=\"og:description\" content=\"Agregue un widget Flipbook sin c\u00f3digo en su sitio web de Elementor. Utilice la sencilla demostraci\u00f3n de Elfsight para crear f\u00e1cilmente su soluci\u00f3n personal.\" \/>\n<meta property=\"og:url\" content=\"https:\/\/elfsight.com\/es\/flipbook-widget\/elementor\/\" \/>\n<meta property=\"og:site_name\" content=\"Elfsight ES\" \/>\n<meta property=\"article:modified_time\" content=\"2025-02-06T14:56:35+00:00\" \/>\n<meta name=\"twitter:card\" content=\"summary_large_image\" \/>\n<meta name=\"twitter:label1\" content=\"Tiempo de lectura\" \/>\n\t<meta name=\"twitter:data1\" content=\"3 minutos\" \/>\n<!-- \/ Yoast SEO plugin. -->","yoast_head_json":{"title":"Widget Flipbook para Elementor: incruste maravillosos folletos en el sitio web","description":"Agregue un widget Flipbook sin c\u00f3digo en su sitio web de Elementor. Utilice la sencilla demostraci\u00f3n de Elfsight para crear f\u00e1cilmente su soluci\u00f3n personal.","robots":{"index":"index","follow":"follow","max-snippet":"max-snippet:-1","max-image-preview":"max-image-preview:large","max-video-preview":"max-video-preview:-1"},"canonical":"https:\/\/elfsight.com\/es\/flipbook-widget\/elementor\/","og_locale":"es_ES","og_type":"article","og_title":"Widget Flipbook para Elementor: incruste maravillosos folletos en el sitio web","og_description":"Agregue un widget Flipbook sin c\u00f3digo en su sitio web de Elementor. Utilice la sencilla demostraci\u00f3n de Elfsight para crear f\u00e1cilmente su soluci\u00f3n personal.","og_url":"https:\/\/elfsight.com\/es\/flipbook-widget\/elementor\/","og_site_name":"Elfsight ES","article_modified_time":"2025-02-06T14:56:35+00:00","twitter_card":"summary_large_image","twitter_misc":{"Tiempo de lectura":"3 minutos"},"schema":{"@context":"https:\/\/schema.org","@graph":[{"@type":"WebPage","@id":"https:\/\/elfsight.com\/es\/flipbook-widget\/elementor\/","url":"https:\/\/elfsight.com\/es\/flipbook-widget\/elementor\/","name":"Widget Flipbook para Elementor: incruste maravillosos folletos en el sitio web","isPartOf":{"@id":"https:\/\/elfsight.com\/es\/#website"},"datePublished":"2024-09-30T18:27:29+00:00","dateModified":"2025-02-06T14:56:35+00:00","description":"Agregue un widget Flipbook sin c\u00f3digo en su sitio web de Elementor. Utilice la sencilla demostraci\u00f3n de Elfsight para crear f\u00e1cilmente su soluci\u00f3n personal.","breadcrumb":{"@id":"https:\/\/elfsight.com\/es\/flipbook-widget\/elementor\/#breadcrumb"},"inLanguage":"es","potentialAction":[{"@type":"ReadAction","target":["https:\/\/elfsight.com\/es\/flipbook-widget\/elementor\/"]}]},{"@type":"BreadcrumbList","@id":"https:\/\/elfsight.com\/es\/flipbook-widget\/elementor\/#breadcrumb","itemListElement":[{"@type":"ListItem","position":1,"name":"Home","item":"https:\/\/elfsight.com\/es\/"},{"@type":"ListItem","position":2,"name":"Flipbook","item":"https:\/\/elfsight.com\/es\/flipbook-widget\/"},{"@type":"ListItem","position":3,"name":"flipbook elementor"}]},{"@type":"WebSite","@id":"https:\/\/elfsight.com\/es\/#website","url":"https:\/\/elfsight.com\/es\/","name":"Elfsight ES","description":"Just another Elfsight Sites site","potentialAction":[{"@type":"SearchAction","target":{"@type":"EntryPoint","urlTemplate":"https:\/\/elfsight.com\/es\/?s={search_term_string}"},"query-input":{"@type":"PropertyValueSpecification","valueRequired":true,"valueName":"search_term_string"}}],"inLanguage":"es"}]}},"meta_box":{"industry":"","seo_heading":"","heading":"","description":"","cta_heading":"","cta_description":"","application":"16124","h1":"Widget de libro animado de Elementor","h1_caption":"Convierta archivos PDF o im\u00e1genes en flipbooks interactivos, ofreciendo una forma m\u00e1s atractiva de presentar documentos o cat\u00e1logos en su sitio web de Elementor sin esfuerzo.","application_category":[],"applications_title":"","applications_request_title":"","applications_request_button_text":"","hero_text":"","hero_video":"","hero_video_schema_markup":"","selling_points_title":"","selling_points_caption":"","selling_points":[],"selling_points_cta_text":"","features_title":"","features":"","ed_cta_examples_text":"","ed_cta_examples_hidden":"","ed_cta_demo_text":"","ed_cta_demo_hidden":"","why_caption":"","why_editor_title":"","why_editor_text":"","why_team_title":"","why_team_text":"","why_service_title":"","why_service_text":"","template_catalog_visible":"","template_catalog_title":"","template_catalog_text":"","template_catalog_categories_visible":"","demo_title":"Crea tu widget de Flipbook","demo_caption":"\u00a1Configure su Flipbook y agr\u00e9guelo a su sitio web de Elementor gratis!","default_faq_hidden":"","app_template_category":[],"platform":"58","template_public_id":"","codecanyon_url":"","codecanyon_item_id":"","codecanyon_price":"","pricing_caption":"","pricing_elfsight_apps_hide_column":"","pricing_elfsight_apps_url":"","pricing_codecanyon_price_caption":"","integration_category":[],"integration_request_title":"","integration_request_cta":"","integration_platform":"","integrations":[],"platform_category":[],"video_schema_markup":"","price":"desde $0 \/ mes","trial":"","benefits":[{"text":"Servicio de instalaci\u00f3n gratuito"},{"text":"Atenci\u00f3n al cliente experimentada"},{"text":"Garant\u00eda de devoluci\u00f3n de dinero de 14 d\u00edas"},{"text":"Actualizaciones continuas"}],"button_url":"#demo","button_target_blank":"","button_nofollow":"","attributes":[{"name":"Instalar","content":"50,000 - 100,000"},{"name":"Sensible","content":"S\u00ed"},{"name":"Navegadores compatibles","content":"Firefox, Safari, Opera, Chrome, Edge"}],"tags":[],"tags_disable_links":"","hide_more_platforms":"","video_object":"","demo_hide_cta":"","demo_hide_cloud_options":"","pricing_title":"","pricing":[{"pricing_icon":"platform","pricing_title":"Elfsight Apps","pricing_title_caption":"Soluci\u00f3n digital multiplataforma","pricing_price":"desde $0 \/ mes","pricing_price_caption":"comienza con un plan gratuito","pricing_benefits":[{"text":"Dominios ilimitados"},{"text":"Soporte gratuito y bien documentado."},{"text":"Servicio de instalaci\u00f3n gratuito"},{"text":"Dise\u00f1o flexible"}],"pricing_button_text":"A\u00f1adir al sitio web","pricing_button_url":"#demo"}],"related_apps_title":"","related_apps_hidden":"","author":"","image":[],"title":"","job":"","social_networks":[]},"_links":{"self":[{"href":"https:\/\/elfsight.com\/es\/wp-json\/wp\/v2\/pages\/17220","targetHints":{"allow":["GET"]}}],"collection":[{"href":"https:\/\/elfsight.com\/es\/wp-json\/wp\/v2\/pages"}],"about":[{"href":"https:\/\/elfsight.com\/es\/wp-json\/wp\/v2\/types\/page"}],"author":[{"embeddable":true,"href":"https:\/\/elfsight.com\/es\/wp-json\/wp\/v2\/users\/9"}],"replies":[{"embeddable":true,"href":"https:\/\/elfsight.com\/es\/wp-json\/wp\/v2\/comments?post=17220"}],"version-history":[{"count":1,"href":"https:\/\/elfsight.com\/es\/wp-json\/wp\/v2\/pages\/17220\/revisions"}],"predecessor-version":[{"id":17224,"href":"https:\/\/elfsight.com\/es\/wp-json\/wp\/v2\/pages\/17220\/revisions\/17224"}],"up":[{"embeddable":true,"href":"https:\/\/elfsight.com\/es\/wp-json\/wp\/v2\/pages\/16129"}],"wp:attachment":[{"href":"https:\/\/elfsight.com\/es\/wp-json\/wp\/v2\/media?parent=17220"}],"curies":[{"name":"wp","href":"https:\/\/api.w.org\/{rel}","templated":true}]}}