{"id":17210,"date":"2024-09-30T18:27:29","date_gmt":"2024-09-30T18:27:29","guid":{"rendered":"https:\/\/elfsight.com\/es\/?page_id=17210"},"modified":"2025-02-06T14:56:42","modified_gmt":"2025-02-06T14:56:42","slug":"facebook","status":"publish","type":"page","link":"https:\/\/elfsight.com\/es\/flipbook-widget\/facebook\/","title":{"rendered":"flipbook  facebook page"},"content":{"rendered":"<div class=\"application-platform-content-item-description application-platform-content-item\" id=\"description\" data-nav-section=\"description\"> <h2>Incrustar Flipbook en la p\u00e1gina de Facebook con un widget de Elfsight<\/h2> <p>El widget Flipbook para la p\u00e1gina de Facebook es un hermoso m\u00e9todo para mostrar im\u00e1genes materiales en la p\u00e1gina. El widget convierte sus archivos PDF en revistas interactivas con p\u00e1ginas animadas y una navegaci\u00f3n c\u00f3moda. Le ayuda a mostrar revistas, cat\u00e1logos, manuales y materiales de promoci\u00f3n de forma atractiva para el lector, mejorando as\u00ed el conocimiento de la marca y la accesibilidad al contenido. <\/p><p>Puedes enviar r\u00e1pidamente un enlace a tu \u00e1lbum PDF, compartirlo en las redes sociales y ofrecer a los usuarios una manera clara de imprimirlo o descargarlo. Adem\u00e1s, el widget es completamente personalizable para adaptarse a los estilos de su sitio web o marca. El Flipbook se carga r\u00e1pidamente en tus p\u00e1ginas y luce hermoso desde cualquier dispositivo. <\/p><p><b>Aumenta la calidad de la presentaci\u00f3n de tus productos y logros con el \u00e1lbum PDF personalizado. <\/b><\/p><\/div> <div class=\"application-platform-content-item-features application-platform-content-item\" id=\"features\" data-nav-section=\"features\"> <h2>A continuaci\u00f3n se detallan las caracter\u00edsticas centrales del widget: <\/h2><ul><li><b>Paso de p\u00e1gina realista para cualquier PDF incrustado. <\/b> Simplemente agregue cualquier archivo PDF para animarlo con efectos realistas de cambio de p\u00e1gina y sonido de papel para una experiencia de usuario extraordinaria. <\/li><li><b>Buscar, acercar y alejar, saltar al principio o al final. <\/b>El Flipbook tiene numerosos botones y elementos interactivos para trabajar con el folleto y explorarlo c\u00f3modamente. <\/li><li><b>Comparte, descarga o imprime el \u00e1lbum sin esfuerzo. <\/b>Es sencillo enviar un enlace al cat\u00e1logo, compartirlo a trav\u00e9s de las redes sociales o brindar la oportunidad de descargarlo e imprimirlo para el espectador. <\/li><li><b>Modos de visualizaci\u00f3n adicionales para una presentaci\u00f3n c\u00f3moda. <\/b>Los modos de vista en miniatura, p\u00e1gina \u00fanica y pantalla completa est\u00e1n disponibles para el Flipbook para mejorar a\u00fan m\u00e1s la navegaci\u00f3n a trav\u00e9s de \u00e9l. <\/li><li><b>Personalizaci\u00f3n, optimizaci\u00f3n y localizaci\u00f3n mejoradas. <\/b>El Flipbook ofrece varias configuraciones de personalizaci\u00f3n, se ve perfectamente en cualquier dispositivo y est\u00e1 localizado en 76 pa\u00edses. <\/li><\/ul><p><a href=\"#demo\">Puedes descubrir todas las capacidades del widget en la demostraci\u00f3n <\/a><\/p><\/div> <div class=\"application-platform-content-item-installation  application-platform-content-item\" id=\"installation \" data-nav-section=\"installation \"> <h2>\u00bfC\u00f3mo insertar Flipbook en las p\u00e1ginas de mi p\u00e1gina de Facebook? <\/h2><div class=\"tip-yellow tip\"><b>Debido a los cambios recientes de Facebook y la transici\u00f3n a la experiencia de nueva p\u00e1gina, actualmente el uso solo es posible agregando un enlace directo al widget. Estamos buscando activamente una soluci\u00f3n y actualizaremos la configuraci\u00f3n de la p\u00e1gina de Facebook tan pronto como encontremos una manera.<\/b><\/div><p>Ofrecemos una gu\u00eda sencilla para insertar el widget en su p\u00e1gina de Facebook. Solo le llevar\u00e1 unos minutos y no requiere ninguna codificaci\u00f3n.<\/p> <ol><li><strong>Cree su widget Flipbook individual<\/strong><br> Comience con cualquier plantilla de la demostraci\u00f3n, conecte su perfil o hashtags deseados, y personalice el widget seg\u00fan su estilo y configuraci\u00f3n preferidos. <\/li><li><strong>Obtenga el c\u00f3digo personal para insertar el widget<\/strong><br> Tan pronto como termine de crear su widget, obtendr\u00e1 un c\u00f3digo HTML individual en su panel de control. Copie este c\u00f3digo que contiene toda la informaci\u00f3n sobre la configuraci\u00f3n de su widget. <\/li> <li><strong>Muestre el widget en su p\u00e1gina de Facebook<\/strong><br> Defina las secciones de su sitio web donde espera mostrar el widget y pegue el c\u00f3digo all\u00ed. Guarde sus cambios. <\/li> <\/ol><p>\u00a1Eso es! Ahora, compruebe c\u00f3mo funciona el widget en su sitio web. <\/p><p>En caso de que experimente alguna dificultad al insertar el widget en un sitio web, comun\u00edquese con nuestro centro de ayuda. Estaremos encantados de consultarle sobre c\u00f3mo agregar y ajustar su Flipbook.<\/p><\/div>","protected":false},"excerpt":{"rendered":"","protected":false},"author":9,"featured_media":0,"parent":16129,"menu_order":0,"comment_status":"closed","ping_status":"closed","template":"templates\/template-application-platform.php","meta":{"publish_to_discourse":"","publish_post_category":"","wpdc_auto_publish_overridden":"","wpdc_topic_tags":"","wpdc_pin_topic":"","wpdc_pin_until":"","discourse_post_id":"","discourse_permalink":"","wpdc_publishing_response":"","wpdc_publishing_error":"","footnotes":""},"class_list":["post-17210","page","type-page","status-publish","hentry"],"yoast_head":"<!-- This site is optimized with the Yoast SEO plugin v25.3.1 - https:\/\/yoast.com\/wordpress\/plugins\/seo\/ -->\n<title>Widget Flipbook para p\u00e1gina de Facebook: incruste bonitos folletos en Facebook<\/title>\n<meta name=\"description\" content=\"Agregue un widget Flipbook perfecto al sitio web de su p\u00e1gina de Facebook. Consulte la sencilla demostraci\u00f3n de Elfsight para generar f\u00e1cilmente su soluci\u00f3n \u00fanica.\" \/>\n<meta name=\"robots\" content=\"index, follow, max-snippet:-1, max-image-preview:large, max-video-preview:-1\" \/>\n<link rel=\"canonical\" href=\"https:\/\/elfsight.com\/es\/flipbook-widget\/facebook\/\" \/>\n<meta property=\"og:locale\" content=\"es_ES\" \/>\n<meta property=\"og:type\" content=\"article\" \/>\n<meta property=\"og:title\" content=\"Widget Flipbook para p\u00e1gina de Facebook: incruste bonitos folletos en Facebook\" \/>\n<meta property=\"og:description\" content=\"Agregue un widget Flipbook perfecto al sitio web de su p\u00e1gina de Facebook. Consulte la sencilla demostraci\u00f3n de Elfsight para generar f\u00e1cilmente su soluci\u00f3n \u00fanica.\" \/>\n<meta property=\"og:url\" content=\"https:\/\/elfsight.com\/es\/flipbook-widget\/facebook\/\" \/>\n<meta property=\"og:site_name\" content=\"Elfsight ES\" \/>\n<meta property=\"article:modified_time\" content=\"2025-02-06T14:56:42+00:00\" \/>\n<meta name=\"twitter:card\" content=\"summary_large_image\" \/>\n<meta name=\"twitter:label1\" content=\"Tiempo de lectura\" \/>\n\t<meta name=\"twitter:data1\" content=\"3 minutos\" \/>\n<!-- \/ Yoast SEO plugin. -->","yoast_head_json":{"title":"Widget Flipbook para p\u00e1gina de Facebook: incruste bonitos folletos en Facebook","description":"Agregue un widget Flipbook perfecto al sitio web de su p\u00e1gina de Facebook. Consulte la sencilla demostraci\u00f3n de Elfsight para generar f\u00e1cilmente su soluci\u00f3n \u00fanica.","robots":{"index":"index","follow":"follow","max-snippet":"max-snippet:-1","max-image-preview":"max-image-preview:large","max-video-preview":"max-video-preview:-1"},"canonical":"https:\/\/elfsight.com\/es\/flipbook-widget\/facebook\/","og_locale":"es_ES","og_type":"article","og_title":"Widget Flipbook para p\u00e1gina de Facebook: incruste bonitos folletos en Facebook","og_description":"Agregue un widget Flipbook perfecto al sitio web de su p\u00e1gina de Facebook. Consulte la sencilla demostraci\u00f3n de Elfsight para generar f\u00e1cilmente su soluci\u00f3n \u00fanica.","og_url":"https:\/\/elfsight.com\/es\/flipbook-widget\/facebook\/","og_site_name":"Elfsight ES","article_modified_time":"2025-02-06T14:56:42+00:00","twitter_card":"summary_large_image","twitter_misc":{"Tiempo de lectura":"3 minutos"},"schema":{"@context":"https:\/\/schema.org","@graph":[{"@type":"WebPage","@id":"https:\/\/elfsight.com\/es\/flipbook-widget\/facebook\/","url":"https:\/\/elfsight.com\/es\/flipbook-widget\/facebook\/","name":"Widget Flipbook para p\u00e1gina de Facebook: incruste bonitos folletos en Facebook","isPartOf":{"@id":"https:\/\/elfsight.com\/es\/#website"},"datePublished":"2024-09-30T18:27:29+00:00","dateModified":"2025-02-06T14:56:42+00:00","description":"Agregue un widget Flipbook perfecto al sitio web de su p\u00e1gina de Facebook. Consulte la sencilla demostraci\u00f3n de Elfsight para generar f\u00e1cilmente su soluci\u00f3n \u00fanica.","breadcrumb":{"@id":"https:\/\/elfsight.com\/es\/flipbook-widget\/facebook\/#breadcrumb"},"inLanguage":"es","potentialAction":[{"@type":"ReadAction","target":["https:\/\/elfsight.com\/es\/flipbook-widget\/facebook\/"]}]},{"@type":"BreadcrumbList","@id":"https:\/\/elfsight.com\/es\/flipbook-widget\/facebook\/#breadcrumb","itemListElement":[{"@type":"ListItem","position":1,"name":"Home","item":"https:\/\/elfsight.com\/es\/"},{"@type":"ListItem","position":2,"name":"Flipbook","item":"https:\/\/elfsight.com\/es\/flipbook-widget\/"},{"@type":"ListItem","position":3,"name":"flipbook facebook page"}]},{"@type":"WebSite","@id":"https:\/\/elfsight.com\/es\/#website","url":"https:\/\/elfsight.com\/es\/","name":"Elfsight ES","description":"Just another Elfsight Sites site","potentialAction":[{"@type":"SearchAction","target":{"@type":"EntryPoint","urlTemplate":"https:\/\/elfsight.com\/es\/?s={search_term_string}"},"query-input":{"@type":"PropertyValueSpecification","valueRequired":true,"valueName":"search_term_string"}}],"inLanguage":"es"}]}},"meta_box":{"industry":"","seo_heading":"","heading":"","description":"","cta_heading":"","cta_description":"","application":"16124","h1":"Widget de libro animado de p\u00e1gina de Facebook","h1_caption":"Convierta archivos PDF o im\u00e1genes en flipbooks interactivos, ofreciendo una forma m\u00e1s atractiva de presentar documentos o cat\u00e1logos en el sitio web de su p\u00e1gina de Facebook sin esfuerzo.","application_category":[],"applications_title":"","applications_request_title":"","applications_request_button_text":"","hero_text":"","hero_video":"","hero_video_schema_markup":"","selling_points_title":"","selling_points_caption":"","selling_points":[],"selling_points_cta_text":"","features_title":"","features":"","ed_cta_examples_text":"","ed_cta_examples_hidden":"","ed_cta_demo_text":"","ed_cta_demo_hidden":"","why_caption":"","why_editor_title":"","why_editor_text":"","why_team_title":"","why_team_text":"","why_service_title":"","why_service_text":"","template_catalog_visible":"","template_catalog_title":"","template_catalog_text":"","template_catalog_categories_visible":"","demo_title":"Crea tu widget de Flipbook","demo_caption":"\u00a1Configure su Flipbook y agr\u00e9guelo al sitio web de su p\u00e1gina de Facebook de forma gratuita!","default_faq_hidden":"","app_template_category":[],"platform":"64","template_public_id":"","codecanyon_url":"","codecanyon_item_id":"","codecanyon_price":"","pricing_caption":"","pricing_elfsight_apps_hide_column":"","pricing_elfsight_apps_url":"","pricing_codecanyon_price_caption":"","integration_category":[],"integration_request_title":"","integration_request_cta":"","integration_platform":"","integrations":[],"platform_category":[],"video_schema_markup":"","price":"desde $0 \/ mes","trial":"","benefits":[{"text":"Asistencia de instalaci\u00f3n gratuita"},{"text":"Soporte excepcional"},{"text":"Garant\u00eda de reembolso de 14 d\u00edas"},{"text":"Futuras actualizaciones gratuitas"}],"button_url":"#demo","button_target_blank":"","button_nofollow":"","attributes":[{"name":"Instalar","content":"50,000 - 100,000"},{"name":"Sensible","content":"S\u00ed"},{"name":"Navegadores compatibles","content":"Firefox, Safari, Opera, Chrome, Edge"}],"tags":[],"tags_disable_links":"","hide_more_platforms":"","video_object":"","demo_hide_cta":"","demo_hide_cloud_options":"","pricing_title":"","pricing":[{"pricing_icon":"platform","pricing_title":"Elfsight Apps","pricing_title_caption":"Versi\u00f3n multiplataforma que se adapta a cualquier sitio.","pricing_price":"desde $0 \/ mes","pricing_price_caption":"comienza con un plan gratuito","pricing_benefits":[{"text":"Sitios web ilimitados"},{"text":"Soporte 24 horas al d\u00eda, 7 d\u00edas a la semana y bien documentado."},{"text":"Asistencia de instalaci\u00f3n gratuita"},{"text":"Dise\u00f1o flexible"}],"pricing_button_text":"A\u00f1adir al sitio web","pricing_button_url":"#demo"}],"related_apps_title":"","related_apps_hidden":"","author":"","image":[],"title":"","job":"","social_networks":[]},"_links":{"self":[{"href":"https:\/\/elfsight.com\/es\/wp-json\/wp\/v2\/pages\/17210","targetHints":{"allow":["GET"]}}],"collection":[{"href":"https:\/\/elfsight.com\/es\/wp-json\/wp\/v2\/pages"}],"about":[{"href":"https:\/\/elfsight.com\/es\/wp-json\/wp\/v2\/types\/page"}],"author":[{"embeddable":true,"href":"https:\/\/elfsight.com\/es\/wp-json\/wp\/v2\/users\/9"}],"replies":[{"embeddable":true,"href":"https:\/\/elfsight.com\/es\/wp-json\/wp\/v2\/comments?post=17210"}],"version-history":[{"count":1,"href":"https:\/\/elfsight.com\/es\/wp-json\/wp\/v2\/pages\/17210\/revisions"}],"predecessor-version":[{"id":17214,"href":"https:\/\/elfsight.com\/es\/wp-json\/wp\/v2\/pages\/17210\/revisions\/17214"}],"up":[{"embeddable":true,"href":"https:\/\/elfsight.com\/es\/wp-json\/wp\/v2\/pages\/16129"}],"wp:attachment":[{"href":"https:\/\/elfsight.com\/es\/wp-json\/wp\/v2\/media?parent=17210"}],"curies":[{"name":"wp","href":"https:\/\/api.w.org\/{rel}","templated":true}]}}