{"id":17202,"date":"2024-09-30T18:27:29","date_gmt":"2024-09-30T18:27:29","guid":{"rendered":"https:\/\/elfsight.com\/es\/?page_id=17202"},"modified":"2025-02-06T14:56:49","modified_gmt":"2025-02-06T14:56:49","slug":"magento","status":"publish","type":"page","link":"https:\/\/elfsight.com\/es\/flipbook-widget\/magento\/","title":{"rendered":"flipbook  magento"},"content":{"rendered":"<div class=\"application-platform-content-item-description application-platform-content-item\" id=\"description\" data-nav-section=\"description\"> <h2>Integre Flipbook en Magento con una extensi\u00f3n Elfsight<\/h2> <p>La extensi\u00f3n Flipbook para Magento es un hermoso m\u00e9todo para mostrar materiales visuales en el sitio web. La extensi\u00f3n convierte sus archivos PDF en revistas animadas con im\u00e1genes animadas y una navegaci\u00f3n c\u00f3moda. Est\u00e1 dise\u00f1ado para mostrar revistas, cat\u00e1logos, manuales y materiales de promoci\u00f3n de forma atractiva para el lector, mejorando as\u00ed el conocimiento de la marca y la accesibilidad al contenido. <\/p><p>Puede enviar r\u00e1pidamente un enlace a su folleto en PDF, compartirlo a trav\u00e9s de las redes sociales y ofrecer a los usuarios una forma sencilla de descargarlo o imprimirlo. Adem\u00e1s, la extensi\u00f3n es completamente personalizable para adaptarse a los estilos de su sitio web o marca. El Flipbook se carga inmediatamente en tus p\u00e1ginas y se ve genial desde cualquier dispositivo. <\/p><p><b>Crea tu \u00e1lbum personalizado con materiales visuales para una presentaci\u00f3n inteligente de tus productos y logros. <\/b><\/p><\/div> <div class=\"application-platform-content-item-features application-platform-content-item\" id=\"features\" data-nav-section=\"features\"> <h2>Estudie la lista de las funciones m\u00e1s importantes: <\/h2><ul><li><b>Paso de p\u00e1gina realista para su PDF a\u00f1adido. <\/b> Puede agregar cualquier archivo PDF para animarlo con aut\u00e9nticos efectos de cambio de p\u00e1gina y sonido de papel para una experiencia de cliente satisfactoria. <\/li><li><b>Buscar, acercar y alejar, saltar al inicio o al final. <\/b>El Flipbook tiene numerosos botones interactivos y opciones para trabajar con el folleto y verlo sin problemas. <\/li><li><b>Comparte, descarga o imprime el cat\u00e1logo f\u00e1cilmente. <\/b>Es sencillo enviar un enlace a su cat\u00e1logo, compartirlo a trav\u00e9s de las redes sociales o brindar la posibilidad de descargarlo e imprimirlo para el usuario. <\/li><li><b>M\u00e1s modos de visualizaci\u00f3n para una mejor presentaci\u00f3n. <\/b>Los modos de vista en miniatura, p\u00e1gina \u00fanica y pantalla completa est\u00e1n disponibles en el Flipbook para mejorar a\u00fan m\u00e1s la navegaci\u00f3n a trav\u00e9s de \u00e9l. <\/li><li><b>Personalizaci\u00f3n, optimizaci\u00f3n y localizaci\u00f3n avanzadas. <\/b>El Flipbook ofrece numerosas opciones de personalizaci\u00f3n, se ve perfectamente en cualquier dispositivo y est\u00e1 localizado en 76 pa\u00edses. <\/li><\/ul><p><a href=\"#demo\">Explore todas las opciones de personalizaci\u00f3n en una demostraci\u00f3n con todas las funciones<\/a><\/p><\/div> <div class=\"application-platform-content-item-installation application-platform-content-item\" id=\"installation\" data-nav-section=\"installation\"> <h2>\u00bfC\u00f3mo puedo incorporar Flipbook en mis p\u00e1ginas de Magento? <\/h2><p>Ofrecemos una gu\u00eda sencilla para configurar la extensi\u00f3n en su sitio web Magento. Solo te llevar\u00e1 un par de minutos y no requiere codificaci\u00f3n.<\/p> <ol><li><strong>Crea tu extensi\u00f3n Flipbook personalizada<\/strong><br> Comienza con cualquier plantilla de la demostraci\u00f3n. , conecte su perfil o los hashtags que desee y personalice la extensi\u00f3n seg\u00fan su estilo y configuraci\u00f3n preferidos. <\/li><li><strong>Obtenga el c\u00f3digo personal para insertar la extensi\u00f3n<\/strong><br> Tan pronto como termine de crear la extensi\u00f3n, obtendr\u00e1 un c\u00f3digo HTML individual en su panel. Copie este c\u00f3digo que contiene toda la informaci\u00f3n sobre la configuraci\u00f3n de su extensi\u00f3n. <\/li> <li><strong>Muestre la extensi\u00f3n en su sitio web Magento<\/strong><br> Elija las secciones de su sitio web donde espera presentar la extensi\u00f3n y pegue el c\u00f3digo all\u00ed. Guarde los cambios. <\/li> <\/ol><p>\u00a1Listo! Ahora, compruebe el rendimiento de la extensi\u00f3n en su sitio web. <\/p><p>Si tiene alg\u00fan inconveniente al insertar la extensi\u00f3n en un sitio web, comun\u00edquese con nuestro servicio de atenci\u00f3n al cliente. Estaremos encantados de ayudarle a agregar y ajustar su Flipbook.<\/p><\/div>","protected":false},"excerpt":{"rendered":"","protected":false},"author":9,"featured_media":0,"parent":16129,"menu_order":0,"comment_status":"closed","ping_status":"closed","template":"templates\/template-application-platform.php","meta":{"publish_to_discourse":"","publish_post_category":"","wpdc_auto_publish_overridden":"","wpdc_topic_tags":"","wpdc_pin_topic":"","wpdc_pin_until":"","discourse_post_id":"","discourse_permalink":"","wpdc_publishing_response":"","wpdc_publishing_error":"","footnotes":""},"class_list":["post-17202","page","type-page","status-publish","hentry"],"yoast_head":"<!-- This site is optimized with the Yoast SEO plugin v25.3.1 - https:\/\/yoast.com\/wordpress\/plugins\/seo\/ -->\n<title>Extensi\u00f3n Flipbook para Magento: incruste hermosos cat\u00e1logos en el sitio web<\/title>\n<meta name=\"description\" content=\"Agregue una extensi\u00f3n Flipbook sin c\u00f3digo en su sitio web Magento. Pruebe la demostraci\u00f3n f\u00e1cil de usar de Elfsight para crear sin esfuerzo su soluci\u00f3n personal.\" \/>\n<meta name=\"robots\" content=\"index, follow, max-snippet:-1, max-image-preview:large, max-video-preview:-1\" \/>\n<link rel=\"canonical\" href=\"https:\/\/elfsight.com\/es\/flipbook-widget\/magento\/\" \/>\n<meta property=\"og:locale\" content=\"es_ES\" \/>\n<meta property=\"og:type\" content=\"article\" \/>\n<meta property=\"og:title\" content=\"Extensi\u00f3n Flipbook para Magento: incruste hermosos cat\u00e1logos en el sitio web\" \/>\n<meta property=\"og:description\" content=\"Agregue una extensi\u00f3n Flipbook sin c\u00f3digo en su sitio web Magento. Pruebe la demostraci\u00f3n f\u00e1cil de usar de Elfsight para crear sin esfuerzo su soluci\u00f3n personal.\" \/>\n<meta property=\"og:url\" content=\"https:\/\/elfsight.com\/es\/flipbook-widget\/magento\/\" \/>\n<meta property=\"og:site_name\" content=\"Elfsight ES\" \/>\n<meta property=\"article:modified_time\" content=\"2025-02-06T14:56:49+00:00\" \/>\n<meta name=\"twitter:card\" content=\"summary_large_image\" \/>\n<meta name=\"twitter:label1\" content=\"Tiempo de lectura\" \/>\n\t<meta name=\"twitter:data1\" content=\"3 minutos\" \/>\n<!-- \/ Yoast SEO plugin. -->","yoast_head_json":{"title":"Extensi\u00f3n Flipbook para Magento: incruste hermosos cat\u00e1logos en el sitio web","description":"Agregue una extensi\u00f3n Flipbook sin c\u00f3digo en su sitio web Magento. Pruebe la demostraci\u00f3n f\u00e1cil de usar de Elfsight para crear sin esfuerzo su soluci\u00f3n personal.","robots":{"index":"index","follow":"follow","max-snippet":"max-snippet:-1","max-image-preview":"max-image-preview:large","max-video-preview":"max-video-preview:-1"},"canonical":"https:\/\/elfsight.com\/es\/flipbook-widget\/magento\/","og_locale":"es_ES","og_type":"article","og_title":"Extensi\u00f3n Flipbook para Magento: incruste hermosos cat\u00e1logos en el sitio web","og_description":"Agregue una extensi\u00f3n Flipbook sin c\u00f3digo en su sitio web Magento. Pruebe la demostraci\u00f3n f\u00e1cil de usar de Elfsight para crear sin esfuerzo su soluci\u00f3n personal.","og_url":"https:\/\/elfsight.com\/es\/flipbook-widget\/magento\/","og_site_name":"Elfsight ES","article_modified_time":"2025-02-06T14:56:49+00:00","twitter_card":"summary_large_image","twitter_misc":{"Tiempo de lectura":"3 minutos"},"schema":{"@context":"https:\/\/schema.org","@graph":[{"@type":"WebPage","@id":"https:\/\/elfsight.com\/es\/flipbook-widget\/magento\/","url":"https:\/\/elfsight.com\/es\/flipbook-widget\/magento\/","name":"Extensi\u00f3n Flipbook para Magento: incruste hermosos cat\u00e1logos en el sitio web","isPartOf":{"@id":"https:\/\/elfsight.com\/es\/#website"},"datePublished":"2024-09-30T18:27:29+00:00","dateModified":"2025-02-06T14:56:49+00:00","description":"Agregue una extensi\u00f3n Flipbook sin c\u00f3digo en su sitio web Magento. Pruebe la demostraci\u00f3n f\u00e1cil de usar de Elfsight para crear sin esfuerzo su soluci\u00f3n personal.","breadcrumb":{"@id":"https:\/\/elfsight.com\/es\/flipbook-widget\/magento\/#breadcrumb"},"inLanguage":"es","potentialAction":[{"@type":"ReadAction","target":["https:\/\/elfsight.com\/es\/flipbook-widget\/magento\/"]}]},{"@type":"BreadcrumbList","@id":"https:\/\/elfsight.com\/es\/flipbook-widget\/magento\/#breadcrumb","itemListElement":[{"@type":"ListItem","position":1,"name":"Home","item":"https:\/\/elfsight.com\/es\/"},{"@type":"ListItem","position":2,"name":"Flipbook","item":"https:\/\/elfsight.com\/es\/flipbook-widget\/"},{"@type":"ListItem","position":3,"name":"flipbook magento"}]},{"@type":"WebSite","@id":"https:\/\/elfsight.com\/es\/#website","url":"https:\/\/elfsight.com\/es\/","name":"Elfsight ES","description":"Just another Elfsight Sites site","potentialAction":[{"@type":"SearchAction","target":{"@type":"EntryPoint","urlTemplate":"https:\/\/elfsight.com\/es\/?s={search_term_string}"},"query-input":{"@type":"PropertyValueSpecification","valueRequired":true,"valueName":"search_term_string"}}],"inLanguage":"es"}]}},"meta_box":{"industry":"","seo_heading":"","heading":"","description":"","cta_heading":"","cta_description":"","application":"16124","h1":"Extensi\u00f3n Magento Flipbook","h1_caption":"Convierta archivos PDF o im\u00e1genes en flipbooks interactivos, ofreciendo una forma m\u00e1s atractiva de presentar documentos o cat\u00e1logos en su sitio web Magento sin esfuerzo.","application_category":[],"applications_title":"","applications_request_title":"","applications_request_button_text":"","hero_text":"","hero_video":"","hero_video_schema_markup":"","selling_points_title":"","selling_points_caption":"","selling_points":[],"selling_points_cta_text":"","features_title":"","features":"","ed_cta_examples_text":"","ed_cta_examples_hidden":"","ed_cta_demo_text":"","ed_cta_demo_hidden":"","why_caption":"","why_editor_title":"","why_editor_text":"","why_team_title":"","why_team_text":"","why_service_title":"","why_service_text":"","template_catalog_visible":"","template_catalog_title":"","template_catalog_text":"","template_catalog_categories_visible":"","demo_title":"Crea tu extensi\u00f3n Flipbook","demo_caption":"\u00a1Configura tu Flipbook y agr\u00e9galo a tu sitio web Magento gratis!","default_faq_hidden":"","app_template_category":[],"platform":"82","template_public_id":"","codecanyon_url":"","codecanyon_item_id":"","codecanyon_price":"","pricing_caption":"","pricing_elfsight_apps_hide_column":"","pricing_elfsight_apps_url":"","pricing_codecanyon_price_caption":"","integration_category":[],"integration_request_title":"","integration_request_cta":"","integration_platform":"","integrations":[],"platform_category":[],"video_schema_markup":"","price":"desde $0 \/ mes","trial":"","benefits":[{"text":"Servicio de instalaci\u00f3n gratuito"},{"text":"Servicio al cliente profesional"},{"text":"Garant\u00eda de reembolso de 14 d\u00edas"},{"text":"Actualizaciones futuras"}],"button_url":"#demo","button_target_blank":"","button_nofollow":"","attributes":[{"name":"Instalar","content":"50,000 - 100,000"},{"name":"Sensible","content":"S\u00ed"},{"name":"Navegadores compatibles","content":"Firefox, Safari, Opera, Chrome, Edge"}],"tags":[],"tags_disable_links":"","hide_more_platforms":"","video_object":"","demo_hide_cta":"","demo_hide_cloud_options":"","pricing_title":"","pricing":[{"pricing_icon":"platform","pricing_title":"Elfsight Apps","pricing_title_caption":"Software multiplataforma que funciona en cualquier sitio web","pricing_price":"desde $0 \/ mes","pricing_price_caption":"comienza con un plan gratuito","pricing_benefits":[{"text":"Sitios web ilimitados"},{"text":"Atenci\u00f3n al cliente 24 horas al d\u00eda, 7 d\u00edas a la semana y bien documentada."},{"text":"Ayuda de instalaci\u00f3n gratuita"},{"text":"Dise\u00f1o flexible"}],"pricing_button_text":"A\u00f1adir al sitio web","pricing_button_url":"#demo"}],"related_apps_title":"","related_apps_hidden":"","author":"","image":[],"title":"","job":"","social_networks":[]},"_links":{"self":[{"href":"https:\/\/elfsight.com\/es\/wp-json\/wp\/v2\/pages\/17202","targetHints":{"allow":["GET"]}}],"collection":[{"href":"https:\/\/elfsight.com\/es\/wp-json\/wp\/v2\/pages"}],"about":[{"href":"https:\/\/elfsight.com\/es\/wp-json\/wp\/v2\/types\/page"}],"author":[{"embeddable":true,"href":"https:\/\/elfsight.com\/es\/wp-json\/wp\/v2\/users\/9"}],"replies":[{"embeddable":true,"href":"https:\/\/elfsight.com\/es\/wp-json\/wp\/v2\/comments?post=17202"}],"version-history":[{"count":1,"href":"https:\/\/elfsight.com\/es\/wp-json\/wp\/v2\/pages\/17202\/revisions"}],"predecessor-version":[{"id":17206,"href":"https:\/\/elfsight.com\/es\/wp-json\/wp\/v2\/pages\/17202\/revisions\/17206"}],"up":[{"embeddable":true,"href":"https:\/\/elfsight.com\/es\/wp-json\/wp\/v2\/pages\/16129"}],"wp:attachment":[{"href":"https:\/\/elfsight.com\/es\/wp-json\/wp\/v2\/media?parent=17202"}],"curies":[{"name":"wp","href":"https:\/\/api.w.org\/{rel}","templated":true}]}}