{"id":17189,"date":"2024-09-30T18:27:29","date_gmt":"2024-09-30T18:27:29","guid":{"rendered":"https:\/\/elfsight.com\/es\/?page_id=17189"},"modified":"2025-02-06T14:56:56","modified_gmt":"2025-02-06T14:56:56","slug":"jquery","status":"publish","type":"page","link":"https:\/\/elfsight.com\/es\/flipbook-widget\/jquery\/","title":{"rendered":"flipbook  jquery"},"content":{"rendered":"<div class=\"application-platform-content-item-description application-platform-content-item\" id=\"description\" data-nav-section=\"description\"> <h2>Integre Flipbook en jQuery con un complemento Elfsight<\/h2> <p>El complemento Flipbook para jQuery es una buena soluci\u00f3n para presentar materiales visuales en el sitio web. El complemento convierte sus archivos PDF en revistas animadas con im\u00e1genes animadas y una navegaci\u00f3n f\u00e1cil de usar. Sirve para mostrar revistas, cat\u00e1logos, manuales y materiales de promoci\u00f3n de forma atractiva para el lector, mejorando as\u00ed el conocimiento de la marca y la accesibilidad al contenido. <\/p><p>Puede enviar r\u00e1pidamente un enlace a su folleto en PDF, compartirlo a trav\u00e9s de las redes sociales y ofrecer a los usuarios una forma clara de descargarlo o imprimirlo. Adem\u00e1s, el complemento es completamente personalizable para adaptarse a los estilos de su sitio web o marca. El Flipbook se carga r\u00e1pidamente en tus p\u00e1ginas y se ve genial desde cualquier dispositivo. <\/p><p><b>Mejora la calidad de la presentaci\u00f3n de tus productos y logros con el \u00e1lbum personal con materiales visuales. <\/b><\/p><\/div> <div class=\"application-platform-content-item-features application-platform-content-item\" id=\"features\" data-nav-section=\"features\"> <h2>Encuentre las siguientes caracter\u00edsticas b\u00e1sicas del complemento: <\/h2><ul><li><b>Paso de p\u00e1gina realista para cualquier PDF subido. <\/b> Puede agregar cualquier archivo PDF para animarlo con aut\u00e9nticos efectos de cambio de p\u00e1gina y sonido de papel para una experiencia de usuario satisfactoria. <\/li><li><b>Buscar, acercar y alejar, saltar al inicio o al final. <\/b>El Flipbook ofrece numerosos botones interactivos y opciones para trabajar con el folleto e inspeccionarlo c\u00f3modamente. <\/li><li><b>Comparta, descargue o imprima el folleto f\u00e1cilmente. <\/b>Es posible enviar un enlace al cat\u00e1logo, compartirlo en las redes sociales o brindar la oportunidad de descargarlo e imprimirlo para el espectador. <\/li><li><b>Modos de visualizaci\u00f3n adicionales para una mejor presentaci\u00f3n. <\/b>Los modos de vista en miniatura, p\u00e1gina \u00fanica y pantalla completa est\u00e1n disponibles en el Flipbook para mejorar a\u00fan m\u00e1s la navegaci\u00f3n a trav\u00e9s de \u00e9l. <\/li><li><b>Personalizaci\u00f3n, optimizaci\u00f3n y localizaci\u00f3n mejoradas. <\/b>El Flipbook ofrece varias configuraciones de personalizaci\u00f3n, se ve perfectamente en cualquier dispositivo y est\u00e1 localizado en 76 pa\u00edses. <\/li><\/ul><p><a href=\"#demo\">Pruebe esta demostraci\u00f3n para ver c\u00f3mo funciona<\/a><\/p><\/div> <div class=\"application-platform-content-item-installation application-platform-content-item\" id=\"installation\" data-nav-section=\"installation\"> <h2>\u00bfC\u00f3mo puedo integrar Flipbook en mi plataforma jQuery? <\/h2><p>Aqu\u00ed tienes una gu\u00eda sencilla para insertar el widget en tu sitio web jQuery. S\u00f3lo le llevar\u00e1 un par de minutos y no requiere codificaci\u00f3n.<\/p> <ol><li><strong>Cree su widget Flipbook individual<\/strong><br> Comience con cualquier plantilla de la demostraci\u00f3n, conecte su perfil o hashtags deseados, y ajuste el widget a su dise\u00f1o y opciones preferidas. <\/li><li><strong>Obtenga el c\u00f3digo personal para insertar el widget<\/strong><br> Una vez que haya creado su widget, obtendr\u00e1 un c\u00f3digo HTML individual en su panel de control. Copie este c\u00f3digo que contiene toda la informaci\u00f3n sobre el ajuste de su widget. <\/li> <li><strong>Muestre el widget en su sitio web jQuery<\/strong><br> Elija las secciones de su sitio web donde desea mostrar el widget y pegue el c\u00f3digo all\u00ed. Guarde sus cambios. <\/li> <\/ol><p>\u00a1Listo! Ahora, compruebe el rendimiento del widget en su sitio web. <\/p><p>Si experimenta alg\u00fan problema al insertar el complemento en su sitio web, comun\u00edquese con nuestro centro de ayuda. Estaremos encantados de explicarle c\u00f3mo agregar y administrar su Flipbook.<\/p><\/div>","protected":false},"excerpt":{"rendered":"","protected":false},"author":9,"featured_media":0,"parent":16129,"menu_order":0,"comment_status":"closed","ping_status":"closed","template":"templates\/template-application-platform.php","meta":{"publish_to_discourse":"","publish_post_category":"","wpdc_auto_publish_overridden":"","wpdc_topic_tags":"","wpdc_pin_topic":"","wpdc_pin_until":"","discourse_post_id":"","discourse_permalink":"","wpdc_publishing_response":"","wpdc_publishing_error":"","footnotes":""},"class_list":["post-17189","page","type-page","status-publish","hentry"],"yoast_head":"<!-- This site is optimized with the Yoast SEO plugin v25.3.1 - https:\/\/yoast.com\/wordpress\/plugins\/seo\/ -->\n<title>Complemento Flipbook para jQuery: incruste revistas brillantes en el sitio web<\/title>\n<meta name=\"description\" content=\"Agregue un complemento Flipbook sin c\u00f3digo a su sitio web jQuery. Pruebe la demostraci\u00f3n r\u00e1pida de Elfsight para crear sin esfuerzo su soluci\u00f3n individual.\" \/>\n<meta name=\"robots\" content=\"index, follow, max-snippet:-1, max-image-preview:large, max-video-preview:-1\" \/>\n<link rel=\"canonical\" href=\"https:\/\/elfsight.com\/es\/flipbook-widget\/jquery\/\" \/>\n<meta property=\"og:locale\" content=\"es_ES\" \/>\n<meta property=\"og:type\" content=\"article\" \/>\n<meta property=\"og:title\" content=\"Complemento Flipbook para jQuery: incruste revistas brillantes en el sitio web\" \/>\n<meta property=\"og:description\" content=\"Agregue un complemento Flipbook sin c\u00f3digo a su sitio web jQuery. Pruebe la demostraci\u00f3n r\u00e1pida de Elfsight para crear sin esfuerzo su soluci\u00f3n individual.\" \/>\n<meta property=\"og:url\" content=\"https:\/\/elfsight.com\/es\/flipbook-widget\/jquery\/\" \/>\n<meta property=\"og:site_name\" content=\"Elfsight ES\" \/>\n<meta property=\"article:modified_time\" content=\"2025-02-06T14:56:56+00:00\" \/>\n<meta name=\"twitter:card\" content=\"summary_large_image\" \/>\n<meta name=\"twitter:label1\" content=\"Tiempo de lectura\" \/>\n\t<meta name=\"twitter:data1\" content=\"3 minutos\" \/>\n<!-- \/ Yoast SEO plugin. -->","yoast_head_json":{"title":"Complemento Flipbook para jQuery: incruste revistas brillantes en el sitio web","description":"Agregue un complemento Flipbook sin c\u00f3digo a su sitio web jQuery. Pruebe la demostraci\u00f3n r\u00e1pida de Elfsight para crear sin esfuerzo su soluci\u00f3n individual.","robots":{"index":"index","follow":"follow","max-snippet":"max-snippet:-1","max-image-preview":"max-image-preview:large","max-video-preview":"max-video-preview:-1"},"canonical":"https:\/\/elfsight.com\/es\/flipbook-widget\/jquery\/","og_locale":"es_ES","og_type":"article","og_title":"Complemento Flipbook para jQuery: incruste revistas brillantes en el sitio web","og_description":"Agregue un complemento Flipbook sin c\u00f3digo a su sitio web jQuery. Pruebe la demostraci\u00f3n r\u00e1pida de Elfsight para crear sin esfuerzo su soluci\u00f3n individual.","og_url":"https:\/\/elfsight.com\/es\/flipbook-widget\/jquery\/","og_site_name":"Elfsight ES","article_modified_time":"2025-02-06T14:56:56+00:00","twitter_card":"summary_large_image","twitter_misc":{"Tiempo de lectura":"3 minutos"},"schema":{"@context":"https:\/\/schema.org","@graph":[{"@type":"WebPage","@id":"https:\/\/elfsight.com\/es\/flipbook-widget\/jquery\/","url":"https:\/\/elfsight.com\/es\/flipbook-widget\/jquery\/","name":"Complemento Flipbook para jQuery: incruste revistas brillantes en el sitio web","isPartOf":{"@id":"https:\/\/elfsight.com\/es\/#website"},"datePublished":"2024-09-30T18:27:29+00:00","dateModified":"2025-02-06T14:56:56+00:00","description":"Agregue un complemento Flipbook sin c\u00f3digo a su sitio web jQuery. Pruebe la demostraci\u00f3n r\u00e1pida de Elfsight para crear sin esfuerzo su soluci\u00f3n individual.","breadcrumb":{"@id":"https:\/\/elfsight.com\/es\/flipbook-widget\/jquery\/#breadcrumb"},"inLanguage":"es","potentialAction":[{"@type":"ReadAction","target":["https:\/\/elfsight.com\/es\/flipbook-widget\/jquery\/"]}]},{"@type":"BreadcrumbList","@id":"https:\/\/elfsight.com\/es\/flipbook-widget\/jquery\/#breadcrumb","itemListElement":[{"@type":"ListItem","position":1,"name":"Home","item":"https:\/\/elfsight.com\/es\/"},{"@type":"ListItem","position":2,"name":"Flipbook","item":"https:\/\/elfsight.com\/es\/flipbook-widget\/"},{"@type":"ListItem","position":3,"name":"flipbook jquery"}]},{"@type":"WebSite","@id":"https:\/\/elfsight.com\/es\/#website","url":"https:\/\/elfsight.com\/es\/","name":"Elfsight ES","description":"Just another Elfsight Sites site","potentialAction":[{"@type":"SearchAction","target":{"@type":"EntryPoint","urlTemplate":"https:\/\/elfsight.com\/es\/?s={search_term_string}"},"query-input":{"@type":"PropertyValueSpecification","valueRequired":true,"valueName":"search_term_string"}}],"inLanguage":"es"}]}},"meta_box":{"industry":"","seo_heading":"","heading":"","description":"","cta_heading":"","cta_description":"","application":"16124","h1":"Complemento jQuery Flipbook","h1_caption":"Convierta archivos PDF o im\u00e1genes en flipbooks interactivos, ofreciendo una forma m\u00e1s atractiva de presentar documentos o cat\u00e1logos en su sitio web jQuery sin esfuerzo.","application_category":[],"applications_title":"","applications_request_title":"","applications_request_button_text":"","hero_text":"","hero_video":"","hero_video_schema_markup":"","selling_points_title":"","selling_points_caption":"","selling_points":[],"selling_points_cta_text":"","features_title":"","features":"","ed_cta_examples_text":"","ed_cta_examples_hidden":"","ed_cta_demo_text":"","ed_cta_demo_hidden":"","why_caption":"","why_editor_title":"","why_editor_text":"","why_team_title":"","why_team_text":"","why_service_title":"","why_service_text":"","template_catalog_visible":"","template_catalog_title":"","template_catalog_text":"","template_catalog_categories_visible":"","demo_title":"Crea tu complemento Flipbook","demo_caption":"\u00a1Configura tu Flipbook y agr\u00e9galo a tu sitio web jQuery gratis!","default_faq_hidden":"","app_template_category":[],"platform":"76","template_public_id":"","codecanyon_url":"","codecanyon_item_id":"","codecanyon_price":"","pricing_caption":"","pricing_elfsight_apps_hide_column":"","pricing_elfsight_apps_url":"","pricing_codecanyon_price_caption":"","integration_category":[],"integration_request_title":"","integration_request_cta":"","integration_platform":"","integrations":[],"platform_category":[],"video_schema_markup":"","price":"desde $0 \/ mes","trial":"","benefits":[{"text":"Asistencia de instalaci\u00f3n gratuita"},{"text":"Soporte excepcional"},{"text":"Garant\u00eda de reembolso de 14 d\u00edas"},{"text":"Actualizaciones peri\u00f3dicas"}],"button_url":"#demo","button_target_blank":"","button_nofollow":"","attributes":[{"name":"Instalar","content":"50,000 - 100,000"},{"name":"Sensible","content":"S\u00ed"},{"name":"Navegadores compatibles","content":"Firefox, Safari, Opera, Chrome, Edge"}],"tags":[],"tags_disable_links":"","hide_more_platforms":"","video_object":"","demo_hide_cta":"","demo_hide_cloud_options":"","pricing_title":"","pricing":[{"pricing_icon":"platform","pricing_title":"Elfsight Apps","pricing_title_caption":"Soluci\u00f3n independiente de plataforma que funciona en cualquier sitio","pricing_price":"desde $0 \/ mes","pricing_price_caption":"comienza con un plan gratuito","pricing_benefits":[{"text":"Sitios web ilimitados"},{"text":"Atenci\u00f3n al cliente r\u00e1pida y bien documentada."},{"text":"Ayuda de instalaci\u00f3n gratuita"},{"text":"Dise\u00f1o flexible"}],"pricing_button_text":"A\u00f1adir al sitio web","pricing_button_url":"#demo"}],"related_apps_title":"","related_apps_hidden":"","author":"","image":[],"title":"","job":"","social_networks":[]},"_links":{"self":[{"href":"https:\/\/elfsight.com\/es\/wp-json\/wp\/v2\/pages\/17189","targetHints":{"allow":["GET"]}}],"collection":[{"href":"https:\/\/elfsight.com\/es\/wp-json\/wp\/v2\/pages"}],"about":[{"href":"https:\/\/elfsight.com\/es\/wp-json\/wp\/v2\/types\/page"}],"author":[{"embeddable":true,"href":"https:\/\/elfsight.com\/es\/wp-json\/wp\/v2\/users\/9"}],"replies":[{"embeddable":true,"href":"https:\/\/elfsight.com\/es\/wp-json\/wp\/v2\/comments?post=17189"}],"version-history":[{"count":1,"href":"https:\/\/elfsight.com\/es\/wp-json\/wp\/v2\/pages\/17189\/revisions"}],"predecessor-version":[{"id":17193,"href":"https:\/\/elfsight.com\/es\/wp-json\/wp\/v2\/pages\/17189\/revisions\/17193"}],"up":[{"embeddable":true,"href":"https:\/\/elfsight.com\/es\/wp-json\/wp\/v2\/pages\/16129"}],"wp:attachment":[{"href":"https:\/\/elfsight.com\/es\/wp-json\/wp\/v2\/media?parent=17189"}],"curies":[{"name":"wp","href":"https:\/\/api.w.org\/{rel}","templated":true}]}}