{"id":17178,"date":"2024-09-30T18:27:29","date_gmt":"2024-09-30T18:27:29","guid":{"rendered":"https:\/\/elfsight.com\/es\/?page_id=17178"},"modified":"2025-02-06T14:57:12","modified_gmt":"2025-02-06T14:57:12","slug":"webflow","status":"publish","type":"page","link":"https:\/\/elfsight.com\/es\/blog-widget\/webflow\/","title":{"rendered":"blog  webflow"},"content":{"rendered":"<div class=\"application-platform-content-item-description application-platform-content-item\" id=\"description\" data-nav-section=\"description\"> <h2>Integre un blog en Webflow con un widget de Elfsight<\/h2> <p>El widget de blog aumenta la estrategia de contenido de su sitio web y la participaci\u00f3n de la audiencia. Cree y administre art\u00edculos atractivos con elementos multimedia, muestre publicaciones populares en controles deslizantes din\u00e1micos y aseg\u00farese de que su contenido se vea excelente en cualquier dispositivo. Escribir y gestionar contenido de blogs nunca ha sido m\u00e1s sencillo ni m\u00e1s eficiente. <\/p><p>Agregar nuevas publicaciones es incre\u00edblemente sencillo con el widget Blog: solo unos pocos clics y tu contenido estar\u00e1 activo. Puede difundir publicaciones f\u00e1cilmente a trav\u00e9s de enlaces directos y, con las funciones de inteligencia artificial, no solo puede crear art\u00edculos sin esfuerzo, sino que tambi\u00e9n puede generar im\u00e1genes para mejorar sus publicaciones. Este widget le ayuda a compartir su historia y solidificar su negocio como autoridad del sector. <\/p><p><b>\u00a1Crea tu bloque personal con publicaciones para atraer clientes y resaltar la experiencia de tu marca! <\/b><\/p><\/div> <div class=\"application-platform-content-item-features application-platform-content-item\" id=\"features\" data-nav-section=\"features\"> <h2>Encuentre las siguientes caracter\u00edsticas fundamentales del widget: <\/h2><ul><li><b>Agregue f\u00e1cilmente el blog a cualquier sitio web. <\/b> Comience a crear su widget de blog personal que garantice un rendimiento perfecto en cualquier tipo de plataforma de sitio web. <\/li><li><b>Benef\u00edciate de la IA para generar contenido con regularidad. <\/b> Las funciones de inteligencia artificial del widget le brindan un enfoque simple para actualizar contenido peri\u00f3dicamente y publicar art\u00edculos r\u00e1pidamente. <\/li><li><b>Crea publicaciones con un editor intuitivo. <\/b> Nuestro editor que funciona de manera similar a Notion le permite crear f\u00e1cilmente el art\u00edculo sin manuales adicionales. <\/li><li><b>A\u00f1ade diversos elementos para decorar art\u00edculos. <\/b> El creador del blog cuenta con un amplio conjunto de textos y elementos visuales para crear una publicaci\u00f3n sana y atractiva. <\/li><li><b>Comparte publicaciones mediante un enlace directo.<\/b> Cada publicaci\u00f3n obtendr\u00e1 una direcci\u00f3n URL \u00fanica que podr\u00e1s compartir para inspirar vistas adicionales y participaci\u00f3n. <\/li><\/ul><p><a href=\"#demo\">Vea la demostraci\u00f3n en l\u00ednea para ver qu\u00e9 puede hacer nuestro widget<\/a><\/p><\/div> <div class=\"application-platform-content-item-installation  application-platform-content-item\" id=\"installation \" data-nav-section=\"installation \"> <h2>\u00bfC\u00f3mo incorporo un blog en mi sitio web Webflow? <\/h2><p>Aqu\u00ed tienes una forma sencilla de tener el widget en tu sitio web Webflow. S\u00f3lo le llevar\u00e1 unos minutos y no requiere ninguna codificaci\u00f3n. <\/p> <ol><li><strong>Crea tu widget de blog personalizado<\/strong><br> Comienza con cualquier plantilla de la demostraci\u00f3n, trabaja con los elementos f\u00e1ciles de usar del editor y ajusta el widget a tu estilo y configuraci\u00f3n preferidos. <\/li><li><strong>Reciba el c\u00f3digo personal para insertar el widget<\/strong><br> Una vez que haya creado el widget, obtendr\u00e1 un c\u00f3digo HTML individual en su panel de control. Copie el que contiene todos los detalles relacionados con su configuraci\u00f3n. <\/li> <li><strong>Muestre el widget en su sitio web Webflow<\/strong><br> Elija las \u00e1reas de su sitio web donde espera presentar el Blog y pegue el c\u00f3digo all\u00ed. Guarde los cambios. <\/li> <\/ol><p>\u00a1Listo! Ahora, compruebe el rendimiento del widget en su sitio web. <\/p><p>Si tienes alg\u00fan problema al insertar el widget en un sitio web, no dudes en ponerte en contacto con nuestro servicio de atenci\u00f3n al cliente. Estaremos encantados de guiarte para agregar y administrar tu Blog. <\/p><\/div>","protected":false},"excerpt":{"rendered":"","protected":false},"author":9,"featured_media":0,"parent":16131,"menu_order":0,"comment_status":"closed","ping_status":"closed","template":"templates\/template-application-platform.php","meta":{"publish_to_discourse":"","publish_post_category":"","wpdc_auto_publish_overridden":"","wpdc_topic_tags":"","wpdc_pin_topic":"","wpdc_pin_until":"","discourse_post_id":"","discourse_permalink":"","wpdc_publishing_response":"","wpdc_publishing_error":"","footnotes":""},"class_list":["post-17178","page","type-page","status-publish","hentry"],"yoast_head":"<!-- This site is optimized with the Yoast SEO plugin v25.3.1 - https:\/\/yoast.com\/wordpress\/plugins\/seo\/ -->\n<title>Widget de blog de Webflow: agregue un blog a su sitio web de Webflow [Gratis]<\/title>\n<meta name=\"description\" content=\"Agregue un widget de blog sin c\u00f3digo a su sitio web Webflow. Consulte la demostraci\u00f3n en l\u00ednea de Elfsight para crear sin esfuerzo su soluci\u00f3n personal.\" \/>\n<meta name=\"robots\" content=\"index, follow, max-snippet:-1, max-image-preview:large, max-video-preview:-1\" \/>\n<link rel=\"canonical\" href=\"https:\/\/elfsight.com\/es\/blog-widget\/webflow\/\" \/>\n<meta property=\"og:locale\" content=\"es_ES\" \/>\n<meta property=\"og:type\" content=\"article\" \/>\n<meta property=\"og:title\" content=\"Widget de blog de Webflow: agregue un blog a su sitio web de Webflow [Gratis]\" \/>\n<meta property=\"og:description\" content=\"Agregue un widget de blog sin c\u00f3digo a su sitio web Webflow. Consulte la demostraci\u00f3n en l\u00ednea de Elfsight para crear sin esfuerzo su soluci\u00f3n personal.\" \/>\n<meta property=\"og:url\" content=\"https:\/\/elfsight.com\/es\/blog-widget\/webflow\/\" \/>\n<meta property=\"og:site_name\" content=\"Elfsight ES\" \/>\n<meta property=\"article:modified_time\" content=\"2025-02-06T14:57:12+00:00\" \/>\n<meta name=\"twitter:card\" content=\"summary_large_image\" \/>\n<meta name=\"twitter:label1\" content=\"Tiempo de lectura\" \/>\n\t<meta name=\"twitter:data1\" content=\"3 minutos\" \/>\n<!-- \/ Yoast SEO plugin. -->","yoast_head_json":{"title":"Widget de blog de Webflow: agregue un blog a su sitio web de Webflow [Gratis]","description":"Agregue un widget de blog sin c\u00f3digo a su sitio web Webflow. Consulte la demostraci\u00f3n en l\u00ednea de Elfsight para crear sin esfuerzo su soluci\u00f3n personal.","robots":{"index":"index","follow":"follow","max-snippet":"max-snippet:-1","max-image-preview":"max-image-preview:large","max-video-preview":"max-video-preview:-1"},"canonical":"https:\/\/elfsight.com\/es\/blog-widget\/webflow\/","og_locale":"es_ES","og_type":"article","og_title":"Widget de blog de Webflow: agregue un blog a su sitio web de Webflow [Gratis]","og_description":"Agregue un widget de blog sin c\u00f3digo a su sitio web Webflow. Consulte la demostraci\u00f3n en l\u00ednea de Elfsight para crear sin esfuerzo su soluci\u00f3n personal.","og_url":"https:\/\/elfsight.com\/es\/blog-widget\/webflow\/","og_site_name":"Elfsight ES","article_modified_time":"2025-02-06T14:57:12+00:00","twitter_card":"summary_large_image","twitter_misc":{"Tiempo de lectura":"3 minutos"},"schema":{"@context":"https:\/\/schema.org","@graph":[{"@type":"WebPage","@id":"https:\/\/elfsight.com\/es\/blog-widget\/webflow\/","url":"https:\/\/elfsight.com\/es\/blog-widget\/webflow\/","name":"Widget de blog de Webflow: agregue un blog a su sitio web de Webflow [Gratis]","isPartOf":{"@id":"https:\/\/elfsight.com\/es\/#website"},"datePublished":"2024-09-30T18:27:29+00:00","dateModified":"2025-02-06T14:57:12+00:00","description":"Agregue un widget de blog sin c\u00f3digo a su sitio web Webflow. Consulte la demostraci\u00f3n en l\u00ednea de Elfsight para crear sin esfuerzo su soluci\u00f3n personal.","breadcrumb":{"@id":"https:\/\/elfsight.com\/es\/blog-widget\/webflow\/#breadcrumb"},"inLanguage":"es","potentialAction":[{"@type":"ReadAction","target":["https:\/\/elfsight.com\/es\/blog-widget\/webflow\/"]}]},{"@type":"BreadcrumbList","@id":"https:\/\/elfsight.com\/es\/blog-widget\/webflow\/#breadcrumb","itemListElement":[{"@type":"ListItem","position":1,"name":"Home","item":"https:\/\/elfsight.com\/es\/"},{"@type":"ListItem","position":2,"name":"Blog","item":"https:\/\/elfsight.com\/es\/blog-widget\/"},{"@type":"ListItem","position":3,"name":"blog webflow"}]},{"@type":"WebSite","@id":"https:\/\/elfsight.com\/es\/#website","url":"https:\/\/elfsight.com\/es\/","name":"Elfsight ES","description":"Just another Elfsight Sites site","potentialAction":[{"@type":"SearchAction","target":{"@type":"EntryPoint","urlTemplate":"https:\/\/elfsight.com\/es\/?s={search_term_string}"},"query-input":{"@type":"PropertyValueSpecification","valueRequired":true,"valueName":"search_term_string"}}],"inLanguage":"es"}]}},"meta_box":{"industry":"","seo_heading":"","heading":"","description":"","cta_heading":"","cta_description":"","application":"16126","h1":"Agregar blog al sitio web de Webflow","h1_caption":"Muestre f\u00e1cilmente publicaciones de blog en su sitio web con un dise\u00f1o personalizable, proporcionando una forma din\u00e1mica y atractiva de compartir contenido y mantener a los visitantes informados en su sitio web Webflow sin esfuerzo.","application_category":[],"applications_title":"","applications_request_title":"","applications_request_button_text":"","hero_text":"","hero_video":"","hero_video_schema_markup":"","selling_points_title":"","selling_points_caption":"","selling_points":[],"selling_points_cta_text":"","features_title":"","features":"","ed_cta_examples_text":"","ed_cta_examples_hidden":"","ed_cta_demo_text":"","ed_cta_demo_hidden":"","why_caption":"","why_editor_title":"","why_editor_text":"","why_team_title":"","why_team_text":"","why_service_title":"","why_service_text":"","template_catalog_visible":"","template_catalog_title":"","template_catalog_text":"","template_catalog_categories_visible":"","demo_title":"Crea tu widget de blog","demo_caption":"\u00a1Configura tu Blog y agr\u00e9galo a tu sitio web Webflow gratis!","default_faq_hidden":"","app_template_category":[],"platform":"106","template_public_id":"","codecanyon_url":"","codecanyon_item_id":"","codecanyon_price":"","pricing_caption":"","pricing_elfsight_apps_hide_column":"","pricing_elfsight_apps_url":"","pricing_codecanyon_price_caption":"","integration_category":[],"integration_request_title":"","integration_request_cta":"","integration_platform":"","integrations":[],"platform_category":[],"video_schema_markup":"","price":"desde $0 \/ mes","trial":"","benefits":[{"text":"Ayuda de instalaci\u00f3n gratuita"},{"text":"Atenci\u00f3n al cliente experimentada"},{"text":"Garant\u00eda de reembolso de 14 d\u00edas"},{"text":"Mejoras futuras"}],"button_url":"#demo","button_target_blank":"","button_nofollow":"","attributes":[{"name":"Instalar","content":"50,000 - 100,000"},{"name":"Sensible","content":"S\u00ed"},{"name":"Navegadores compatibles","content":"Firefox, Safari, Opera, Chrome, Edge"}],"tags":[],"tags_disable_links":"","hide_more_platforms":"","video_object":"","demo_hide_cta":"","demo_hide_cloud_options":"","pricing_title":"","pricing":[{"pricing_icon":"platform","pricing_title":"Elfsight Apps","pricing_title_caption":"Versi\u00f3n independiente de la plataforma que se adapta a cualquier sitio web","pricing_price":"desde $0 \/ mes","pricing_price_caption":"comienza con un plan gratuito","pricing_benefits":[{"text":"Sitios web ilimitados"},{"text":"Soporte premium"},{"text":"Asistencia de instalaci\u00f3n gratuita"},{"text":"100% personalizable"}],"pricing_button_text":"A\u00f1adir al sitio web","pricing_button_url":"#demo"}],"related_apps_title":"","related_apps_hidden":"","author":"","image":[],"title":"","job":"","social_networks":[]},"_links":{"self":[{"href":"https:\/\/elfsight.com\/es\/wp-json\/wp\/v2\/pages\/17178","targetHints":{"allow":["GET"]}}],"collection":[{"href":"https:\/\/elfsight.com\/es\/wp-json\/wp\/v2\/pages"}],"about":[{"href":"https:\/\/elfsight.com\/es\/wp-json\/wp\/v2\/types\/page"}],"author":[{"embeddable":true,"href":"https:\/\/elfsight.com\/es\/wp-json\/wp\/v2\/users\/9"}],"replies":[{"embeddable":true,"href":"https:\/\/elfsight.com\/es\/wp-json\/wp\/v2\/comments?post=17178"}],"version-history":[{"count":1,"href":"https:\/\/elfsight.com\/es\/wp-json\/wp\/v2\/pages\/17178\/revisions"}],"predecessor-version":[{"id":17182,"href":"https:\/\/elfsight.com\/es\/wp-json\/wp\/v2\/pages\/17178\/revisions\/17182"}],"up":[{"embeddable":true,"href":"https:\/\/elfsight.com\/es\/wp-json\/wp\/v2\/pages\/16131"}],"wp:attachment":[{"href":"https:\/\/elfsight.com\/es\/wp-json\/wp\/v2\/media?parent=17178"}],"curies":[{"name":"wp","href":"https:\/\/api.w.org\/{rel}","templated":true}]}}