{"id":17172,"date":"2024-09-30T18:27:29","date_gmt":"2024-09-30T18:27:29","guid":{"rendered":"https:\/\/elfsight.com\/es\/?page_id=17172"},"modified":"2025-02-06T14:57:19","modified_gmt":"2025-02-06T14:57:19","slug":"shopify","status":"publish","type":"page","link":"https:\/\/elfsight.com\/es\/blog-widget\/shopify\/","title":{"rendered":"blog  shopify"},"content":{"rendered":"<div class=\"application-platform-content-item-description application-platform-content-item\" id=\"description\" data-nav-section=\"description\"> <h2>Integre un blog en Shopify con una aplicaci\u00f3n Elfsight<\/h2> <p>La aplicaci\u00f3n Blog impulsa la estrategia de contenido de su sitio web y la participaci\u00f3n de la audiencia. Cree y administre art\u00edculos atractivos con elementos multimedia, muestre publicaciones populares en controles deslizantes din\u00e1micos y aseg\u00farese de que su contenido se vea excelente en cualquier dispositivo. Escribir y gestionar contenido de blogs nunca ha sido m\u00e1s sencillo ni m\u00e1s eficiente. <\/p><p>Agregar nuevos art\u00edculos es incre\u00edblemente f\u00e1cil con la aplicaci\u00f3n Blog: solo un clic y su contenido estar\u00e1 disponible. Puede difundir publicaciones f\u00e1cilmente a trav\u00e9s de enlaces directos y, con la IA integrada, no solo puede crear art\u00edculos sin esfuerzo, sino que tambi\u00e9n puede generar im\u00e1genes para mejorar sus publicaciones. Esta aplicaci\u00f3n te ayuda a compartir la historia de tu marca y solidificar tu negocio como una autoridad del sector. <\/p><p><b>\u00a1Crea tu secci\u00f3n personal con publicaciones para atraer clientes y enfatizar la competencia de tu marca! <\/b><\/p><\/div> <div class=\"application-platform-content-item-features application-platform-content-item\" id=\"features\" data-nav-section=\"features\"> <h2>Estas son solo algunas de las numerosas funciones de la aplicaci\u00f3n: <\/h2><ul><li><b>Agregue f\u00e1cilmente blog en todos los sitios web. <\/b> Comience a crear su aplicaci\u00f3n de blog \u00fanica que garantice un funcionamiento incre\u00edble en cualquier tipo de plataforma de sitio web. <\/li><li><b>Utilice IA para generar contenido con regularidad. <\/b> Las caracter\u00edsticas de IA de la aplicaci\u00f3n le brindan una forma sencilla de actualizar contenido peri\u00f3dicamente y publicar publicaciones r\u00e1pidamente. <\/li><li><b>Crea publicaciones con un editor intuitivo. <\/b> Nuestro editor que funciona de manera similar a Notion le permite crear f\u00e1cilmente el art\u00edculo sin manuales adicionales. <\/li><li><b>A\u00f1ade numerosos elementos para decorar art\u00edculos. <\/b> El creador del blog tiene una amplia colecci\u00f3n de texto y elementos visuales para crear una publicaci\u00f3n rica y atractiva. <\/li><li><b>Comparte publicaciones mediante un enlace directo.<\/b> Cada publicaci\u00f3n obtendr\u00e1 una direcci\u00f3n URL \u00fanica que podr\u00e1s compartir para recibir m\u00e1s visitas y participaci\u00f3n. <\/li><\/ul><p><a href=\"#demo\">La demostraci\u00f3n intuitiva puede demostrarle c\u00f3mo funcionan las caracter\u00edsticas y opciones directamente en esta p\u00e1gina<\/a><\/p><\/div> <div class=\"application-platform-content-item-installation application-platform-content-item\" id=\"installation\" data-nav-section=\"installation\"> <h2>\u00bfC\u00f3mo puedo insertar un blog en mi sitio web de Shopify? <\/h2><p>Encuentra esta gu\u00eda sencilla para configurar la aplicaci\u00f3n en tu sitio web Shopify. S\u00f3lo te llevar\u00e1 unos minutos y no requiere ninguna codificaci\u00f3n. <\/p> <ol><li><strong>Cree su aplicaci\u00f3n de blog personal<\/strong><br> Comience con cualquier plantilla de la demostraci\u00f3n, trabaje con los elementos convenientes del editor y personalice la aplicaci\u00f3n seg\u00fan el dise\u00f1o que desee. y configuraci\u00f3n. <\/li><li><strong>Obtenga el c\u00f3digo personal para insertar la aplicaci\u00f3n<\/strong><br> Tan pronto como termine de crear la aplicaci\u00f3n, recibir\u00e1 un c\u00f3digo HTML individual en su panel de control. Copie el que contiene todos los detalles sobre sus ajustes. <\/li> <li><strong>Muestra la aplicaci\u00f3n en tu sitio web de Shopify<\/strong><br> Elige las secciones de tu sitio web donde deseas presentar el Blog y pega el c\u00f3digo all\u00ed. Guarde los cambios. <\/li> <\/ol><p>\u00a1Listo! Ahora, compruebe el rendimiento de la aplicaci\u00f3n en su sitio web. <\/p><p>Si tiene alg\u00fan inconveniente al insertar la aplicaci\u00f3n en un sitio web, aseg\u00farese de ponerse en contacto con nuestro servicio de atenci\u00f3n al cliente. Estaremos encantados de ayudarte a agregar y administrar tu Blog. <\/p><\/div>","protected":false},"excerpt":{"rendered":"","protected":false},"author":9,"featured_media":0,"parent":16131,"menu_order":0,"comment_status":"closed","ping_status":"closed","template":"templates\/template-application-platform.php","meta":{"publish_to_discourse":"","publish_post_category":"","wpdc_auto_publish_overridden":"","wpdc_topic_tags":"","wpdc_pin_topic":"","wpdc_pin_until":"","discourse_post_id":"","discourse_permalink":"","wpdc_publishing_response":"","wpdc_publishing_error":"","footnotes":""},"class_list":["post-17172","page","type-page","status-publish","hentry"],"yoast_head":"<!-- This site is optimized with the Yoast SEO plugin v25.3.1 - https:\/\/yoast.com\/wordpress\/plugins\/seo\/ -->\n<title>Aplicaci\u00f3n Shopify Blog: agrega un blog a tu sitio web de Shopify [Gratis]<\/title>\n<meta name=\"description\" content=\"Agrega una aplicaci\u00f3n de Blog perfecta a tu sitio web Shopify. Utilice la demostraci\u00f3n en l\u00ednea de Elfsight para generar sin esfuerzo su soluci\u00f3n individual.\" \/>\n<meta name=\"robots\" content=\"index, follow, max-snippet:-1, max-image-preview:large, max-video-preview:-1\" \/>\n<link rel=\"canonical\" href=\"https:\/\/elfsight.com\/es\/blog-widget\/shopify\/\" \/>\n<meta property=\"og:locale\" content=\"es_ES\" \/>\n<meta property=\"og:type\" content=\"article\" \/>\n<meta property=\"og:title\" content=\"Aplicaci\u00f3n Shopify Blog: agrega un blog a tu sitio web de Shopify [Gratis]\" \/>\n<meta property=\"og:description\" content=\"Agrega una aplicaci\u00f3n de Blog perfecta a tu sitio web Shopify. Utilice la demostraci\u00f3n en l\u00ednea de Elfsight para generar sin esfuerzo su soluci\u00f3n individual.\" \/>\n<meta property=\"og:url\" content=\"https:\/\/elfsight.com\/es\/blog-widget\/shopify\/\" \/>\n<meta property=\"og:site_name\" content=\"Elfsight ES\" \/>\n<meta property=\"article:modified_time\" content=\"2025-02-06T14:57:19+00:00\" \/>\n<meta name=\"twitter:card\" content=\"summary_large_image\" \/>\n<meta name=\"twitter:label1\" content=\"Tiempo de lectura\" \/>\n\t<meta name=\"twitter:data1\" content=\"3 minutos\" \/>\n<!-- \/ Yoast SEO plugin. -->","yoast_head_json":{"title":"Aplicaci\u00f3n Shopify Blog: agrega un blog a tu sitio web de Shopify [Gratis]","description":"Agrega una aplicaci\u00f3n de Blog perfecta a tu sitio web Shopify. Utilice la demostraci\u00f3n en l\u00ednea de Elfsight para generar sin esfuerzo su soluci\u00f3n individual.","robots":{"index":"index","follow":"follow","max-snippet":"max-snippet:-1","max-image-preview":"max-image-preview:large","max-video-preview":"max-video-preview:-1"},"canonical":"https:\/\/elfsight.com\/es\/blog-widget\/shopify\/","og_locale":"es_ES","og_type":"article","og_title":"Aplicaci\u00f3n Shopify Blog: agrega un blog a tu sitio web de Shopify [Gratis]","og_description":"Agrega una aplicaci\u00f3n de Blog perfecta a tu sitio web Shopify. Utilice la demostraci\u00f3n en l\u00ednea de Elfsight para generar sin esfuerzo su soluci\u00f3n individual.","og_url":"https:\/\/elfsight.com\/es\/blog-widget\/shopify\/","og_site_name":"Elfsight ES","article_modified_time":"2025-02-06T14:57:19+00:00","twitter_card":"summary_large_image","twitter_misc":{"Tiempo de lectura":"3 minutos"},"schema":{"@context":"https:\/\/schema.org","@graph":[{"@type":"WebPage","@id":"https:\/\/elfsight.com\/es\/blog-widget\/shopify\/","url":"https:\/\/elfsight.com\/es\/blog-widget\/shopify\/","name":"Aplicaci\u00f3n Shopify Blog: agrega un blog a tu sitio web de Shopify [Gratis]","isPartOf":{"@id":"https:\/\/elfsight.com\/es\/#website"},"datePublished":"2024-09-30T18:27:29+00:00","dateModified":"2025-02-06T14:57:19+00:00","description":"Agrega una aplicaci\u00f3n de Blog perfecta a tu sitio web Shopify. Utilice la demostraci\u00f3n en l\u00ednea de Elfsight para generar sin esfuerzo su soluci\u00f3n individual.","breadcrumb":{"@id":"https:\/\/elfsight.com\/es\/blog-widget\/shopify\/#breadcrumb"},"inLanguage":"es","potentialAction":[{"@type":"ReadAction","target":["https:\/\/elfsight.com\/es\/blog-widget\/shopify\/"]}]},{"@type":"BreadcrumbList","@id":"https:\/\/elfsight.com\/es\/blog-widget\/shopify\/#breadcrumb","itemListElement":[{"@type":"ListItem","position":1,"name":"Home","item":"https:\/\/elfsight.com\/es\/"},{"@type":"ListItem","position":2,"name":"Blog","item":"https:\/\/elfsight.com\/es\/blog-widget\/"},{"@type":"ListItem","position":3,"name":"blog shopify"}]},{"@type":"WebSite","@id":"https:\/\/elfsight.com\/es\/#website","url":"https:\/\/elfsight.com\/es\/","name":"Elfsight ES","description":"Just another Elfsight Sites site","potentialAction":[{"@type":"SearchAction","target":{"@type":"EntryPoint","urlTemplate":"https:\/\/elfsight.com\/es\/?s={search_term_string}"},"query-input":{"@type":"PropertyValueSpecification","valueRequired":true,"valueName":"search_term_string"}}],"inLanguage":"es"}]}},"meta_box":{"industry":"","seo_heading":"","heading":"","description":"","cta_heading":"","cta_description":"","application":"16126","h1":"Aplicaci\u00f3n Shopify Blog","h1_caption":"Muestre f\u00e1cilmente publicaciones de blog en su sitio web con un dise\u00f1o personalizable, proporcionando una forma din\u00e1mica y atractiva de compartir contenido y mantener a los visitantes informados en su sitio web Shopify sin esfuerzo.","application_category":[],"applications_title":"","applications_request_title":"","applications_request_button_text":"","hero_text":"","hero_video":"","hero_video_schema_markup":"","selling_points_title":"","selling_points_caption":"","selling_points":[],"selling_points_cta_text":"","features_title":"","features":"","ed_cta_examples_text":"","ed_cta_examples_hidden":"","ed_cta_demo_text":"","ed_cta_demo_hidden":"","why_caption":"","why_editor_title":"","why_editor_text":"","why_team_title":"","why_team_text":"","why_service_title":"","why_service_text":"","template_catalog_visible":"","template_catalog_title":"","template_catalog_text":"","template_catalog_categories_visible":"","demo_title":"Crea tu aplicaci\u00f3n Blog","demo_caption":"\u00a1Configura tu Blog y agr\u00e9galo a tu sitio web Shopify gratis!","default_faq_hidden":"","app_template_category":[],"platform":"91","template_public_id":"","codecanyon_url":"","codecanyon_item_id":"","codecanyon_price":"","pricing_caption":"","pricing_elfsight_apps_hide_column":"","pricing_elfsight_apps_url":"","pricing_codecanyon_price_caption":"","integration_category":[],"integration_request_title":"","integration_request_cta":"","integration_platform":"","integrations":[],"platform_category":[],"video_schema_markup":"","price":"desde $0 \/ mes","trial":"","benefits":[{"text":"Servicio de instalaci\u00f3n gratuito"},{"text":"Soporte excepcional"},{"text":"Garant\u00eda de reembolso de 14 d\u00edas"},{"text":"Actualizaciones futuras"}],"button_url":"#demo","button_target_blank":"","button_nofollow":"","attributes":[{"name":"Instalar","content":"50,000 - 100,000"},{"name":"Sensible","content":"S\u00ed"},{"name":"Navegadores compatibles","content":"Firefox, Safari, Opera, Chrome, Edge"}],"tags":[],"tags_disable_links":"","hide_more_platforms":"","video_object":"","demo_hide_cta":"","demo_hide_cloud_options":"","pricing_title":"","pricing":[{"pricing_icon":"platform","pricing_title":"Elfsight Apps","pricing_title_caption":"Soluci\u00f3n multiplataforma que funciona en cualquier sitio web","pricing_price":"desde $0 \/ mes","pricing_price_caption":"comienza con un plan gratuito","pricing_benefits":[{"text":"Dominios ilimitados"},{"text":"Soporte profesional y puntual"},{"text":"Ayuda de instalaci\u00f3n gratuita"},{"text":"100% personalizable"}],"pricing_button_text":"A\u00f1adir al sitio web","pricing_button_url":"#demo"}],"related_apps_title":"","related_apps_hidden":"","author":"","image":[],"title":"","job":"","social_networks":[]},"_links":{"self":[{"href":"https:\/\/elfsight.com\/es\/wp-json\/wp\/v2\/pages\/17172","targetHints":{"allow":["GET"]}}],"collection":[{"href":"https:\/\/elfsight.com\/es\/wp-json\/wp\/v2\/pages"}],"about":[{"href":"https:\/\/elfsight.com\/es\/wp-json\/wp\/v2\/types\/page"}],"author":[{"embeddable":true,"href":"https:\/\/elfsight.com\/es\/wp-json\/wp\/v2\/users\/9"}],"replies":[{"embeddable":true,"href":"https:\/\/elfsight.com\/es\/wp-json\/wp\/v2\/comments?post=17172"}],"version-history":[{"count":1,"href":"https:\/\/elfsight.com\/es\/wp-json\/wp\/v2\/pages\/17172\/revisions"}],"predecessor-version":[{"id":17176,"href":"https:\/\/elfsight.com\/es\/wp-json\/wp\/v2\/pages\/17172\/revisions\/17176"}],"up":[{"embeddable":true,"href":"https:\/\/elfsight.com\/es\/wp-json\/wp\/v2\/pages\/16131"}],"wp:attachment":[{"href":"https:\/\/elfsight.com\/es\/wp-json\/wp\/v2\/media?parent=17172"}],"curies":[{"name":"wp","href":"https:\/\/api.w.org\/{rel}","templated":true}]}}