{"id":17147,"date":"2024-09-30T18:27:29","date_gmt":"2024-09-30T18:27:29","guid":{"rendered":"https:\/\/elfsight.com\/es\/?page_id=17147"},"modified":"2025-02-06T14:57:43","modified_gmt":"2025-02-06T14:57:43","slug":"drupal","status":"publish","type":"page","link":"https:\/\/elfsight.com\/es\/blog-widget\/drupal\/","title":{"rendered":"blog  drupal"},"content":{"rendered":"<div class=\"application-platform-content-item-description application-platform-content-item\" id=\"description\" data-nav-section=\"description\"> <h2>Integre un blog en Drupal con un m\u00f3dulo Elfsight<\/h2> <p>El m\u00f3dulo Blog impulsa la estrategia de contenido de su sitio web y la participaci\u00f3n de la audiencia. Cree y administre art\u00edculos atractivos con elementos multimedia, muestre publicaciones populares en controles deslizantes din\u00e1micos y aseg\u00farese de que su contenido se vea excelente en cualquier dispositivo. Escribir y gestionar contenido de blogs nunca ha sido m\u00e1s sencillo ni m\u00e1s eficiente. <\/p><p>Agregar nuevas publicaciones es realmente sencillo con el m\u00f3dulo Blog: solo unos pocos clics y su contenido estar\u00e1 activo. Puede difundir publicaciones f\u00e1cilmente a trav\u00e9s de enlaces directos y, con la IA integrada, no solo puede crear art\u00edculos r\u00e1pidamente, sino que tambi\u00e9n puede generar im\u00e1genes para mejorar sus publicaciones. Este m\u00f3dulo le permite compartir la historia de su marca y solidificar su negocio como una autoridad del sector. <\/p><p><b>\u00a1Crea tu bloque personal con art\u00edculos para atraer clientes y promover el dominio de tu marca! <\/b><\/p><\/div> <div class=\"application-platform-content-item-features application-platform-content-item\" id=\"features\" data-nav-section=\"features\"> <h2>Consulta la lista de las funciones m\u00e1s potentes: <\/h2><ul><li><b>Agrega el blog sin problemas a cualquier sitio web. <\/b> Comience a crear su m\u00f3dulo Blog personalizado que garantice un rendimiento incre\u00edble en cualquier tipo de creador de sitios web. <\/li><li><b>Utilice la IA para generar contenido con regularidad. <\/b> Las funciones de inteligencia artificial del m\u00f3dulo le brindan un m\u00e9todo simple para actualizar contenido peri\u00f3dicamente y publicar publicaciones r\u00e1pidamente. <\/li><li><b>Crea publicaciones con un editor intuitivo. <\/b> Nuestro editor que funciona de manera similar a Notion le permite crear f\u00e1cilmente el art\u00edculo sin manuales adicionales. <\/li><li><b>A\u00f1ade numerosos elementos para decorar art\u00edculos. <\/b> El creador de blogs tiene un amplio conjunto de elementos gr\u00e1ficos y de texto para crear una publicaci\u00f3n interesante y atractiva. <\/li><li><b>Comparte publicaciones mediante un enlace directo.<\/b> Cada publicaci\u00f3n obtendr\u00e1 una direcci\u00f3n URL \u00fanica que podr\u00e1s compartir para recibir m\u00e1s visitas y participaci\u00f3n. <\/li><\/ul><p><a href=\"#demo\">Pruebe la demostraci\u00f3n en l\u00ednea para descubrir qu\u00e9 puede hacer el m\u00f3dulo<\/a><\/p><\/div> <div class=\"application-platform-content-item-installation  application-platform-content-item\" id=\"installation \" data-nav-section=\"installation \"> <h2>\u00bfC\u00f3mo insertar un blog en mi sitio web Drupal? <\/h2><p>Encuentre esta sencilla gu\u00eda para tener el m\u00f3dulo en su sitio web Drupal. S\u00f3lo te llevar\u00e1 unos minutos y no requiere ninguna codificaci\u00f3n. <\/p> <ol><li><strong>Crea tu m\u00f3dulo de blog personalizado<\/strong><br> Comienza con cualquier plantilla de la demostraci\u00f3n, trabaja con los elementos convenientes del editor y ajusta el m\u00f3dulo a tu estilo preferido. y configuraci\u00f3n. <\/li><li><strong>Obtenga el c\u00f3digo personal para insertar el m\u00f3dulo<\/strong><br> Una vez que haya creado el m\u00f3dulo, obtendr\u00e1 un c\u00f3digo HTML individual en su panel de control. Copie este c\u00f3digo que contiene todos los detalles sobre sus ajustes. <\/li> <li><strong>Muestra el m\u00f3dulo en tu sitio web Drupal<\/strong><br> Selecciona las \u00e1reas de tu sitio web donde deseas presentar el Blog y pega el c\u00f3digo all\u00ed. Guarde sus cambios. <\/li> <\/ol><p>\u00a1Listo! Ahora, vea c\u00f3mo funciona el m\u00f3dulo en su sitio web. <\/p><p>En caso de que experimente alguna dificultad al insertar el m\u00f3dulo en su sitio web, comun\u00edquese con nuestro servicio de atenci\u00f3n al cliente. Estaremos encantados de guiarte para agregar y administrar tu Blog. <\/p><\/div>","protected":false},"excerpt":{"rendered":"","protected":false},"author":9,"featured_media":0,"parent":16131,"menu_order":0,"comment_status":"closed","ping_status":"closed","template":"templates\/template-application-platform.php","meta":{"publish_to_discourse":"","publish_post_category":"","wpdc_auto_publish_overridden":"","wpdc_topic_tags":"","wpdc_pin_topic":"","wpdc_pin_until":"","discourse_post_id":"","discourse_permalink":"","wpdc_publishing_response":"","wpdc_publishing_error":"","footnotes":""},"class_list":["post-17147","page","type-page","status-publish","hentry"],"yoast_head":"<!-- This site is optimized with the Yoast SEO plugin v25.3.1 - https:\/\/yoast.com\/wordpress\/plugins\/seo\/ -->\n<title>M\u00f3dulo Blog Drupal: agregue un blog a su sitio web Drupal [Gratis]<\/title>\n<meta name=\"description\" content=\"Agregue un m\u00f3dulo Blog sin c\u00f3digo a su sitio web Drupal. Utilice la sencilla demostraci\u00f3n de Elfsight para crear sin esfuerzo su soluci\u00f3n individual.\" \/>\n<meta name=\"robots\" content=\"index, follow, max-snippet:-1, max-image-preview:large, max-video-preview:-1\" \/>\n<link rel=\"canonical\" href=\"https:\/\/elfsight.com\/es\/blog-widget\/drupal\/\" \/>\n<meta property=\"og:locale\" content=\"es_ES\" \/>\n<meta property=\"og:type\" content=\"article\" \/>\n<meta property=\"og:title\" content=\"M\u00f3dulo Blog Drupal: agregue un blog a su sitio web Drupal [Gratis]\" \/>\n<meta property=\"og:description\" content=\"Agregue un m\u00f3dulo Blog sin c\u00f3digo a su sitio web Drupal. Utilice la sencilla demostraci\u00f3n de Elfsight para crear sin esfuerzo su soluci\u00f3n individual.\" \/>\n<meta property=\"og:url\" content=\"https:\/\/elfsight.com\/es\/blog-widget\/drupal\/\" \/>\n<meta property=\"og:site_name\" content=\"Elfsight ES\" \/>\n<meta property=\"article:modified_time\" content=\"2025-02-06T14:57:43+00:00\" \/>\n<meta name=\"twitter:card\" content=\"summary_large_image\" \/>\n<meta name=\"twitter:label1\" content=\"Tiempo de lectura\" \/>\n\t<meta name=\"twitter:data1\" content=\"3 minutos\" \/>\n<!-- \/ Yoast SEO plugin. -->","yoast_head_json":{"title":"M\u00f3dulo Blog Drupal: agregue un blog a su sitio web Drupal [Gratis]","description":"Agregue un m\u00f3dulo Blog sin c\u00f3digo a su sitio web Drupal. Utilice la sencilla demostraci\u00f3n de Elfsight para crear sin esfuerzo su soluci\u00f3n individual.","robots":{"index":"index","follow":"follow","max-snippet":"max-snippet:-1","max-image-preview":"max-image-preview:large","max-video-preview":"max-video-preview:-1"},"canonical":"https:\/\/elfsight.com\/es\/blog-widget\/drupal\/","og_locale":"es_ES","og_type":"article","og_title":"M\u00f3dulo Blog Drupal: agregue un blog a su sitio web Drupal [Gratis]","og_description":"Agregue un m\u00f3dulo Blog sin c\u00f3digo a su sitio web Drupal. Utilice la sencilla demostraci\u00f3n de Elfsight para crear sin esfuerzo su soluci\u00f3n individual.","og_url":"https:\/\/elfsight.com\/es\/blog-widget\/drupal\/","og_site_name":"Elfsight ES","article_modified_time":"2025-02-06T14:57:43+00:00","twitter_card":"summary_large_image","twitter_misc":{"Tiempo de lectura":"3 minutos"},"schema":{"@context":"https:\/\/schema.org","@graph":[{"@type":"WebPage","@id":"https:\/\/elfsight.com\/es\/blog-widget\/drupal\/","url":"https:\/\/elfsight.com\/es\/blog-widget\/drupal\/","name":"M\u00f3dulo Blog Drupal: agregue un blog a su sitio web Drupal [Gratis]","isPartOf":{"@id":"https:\/\/elfsight.com\/es\/#website"},"datePublished":"2024-09-30T18:27:29+00:00","dateModified":"2025-02-06T14:57:43+00:00","description":"Agregue un m\u00f3dulo Blog sin c\u00f3digo a su sitio web Drupal. Utilice la sencilla demostraci\u00f3n de Elfsight para crear sin esfuerzo su soluci\u00f3n individual.","breadcrumb":{"@id":"https:\/\/elfsight.com\/es\/blog-widget\/drupal\/#breadcrumb"},"inLanguage":"es","potentialAction":[{"@type":"ReadAction","target":["https:\/\/elfsight.com\/es\/blog-widget\/drupal\/"]}]},{"@type":"BreadcrumbList","@id":"https:\/\/elfsight.com\/es\/blog-widget\/drupal\/#breadcrumb","itemListElement":[{"@type":"ListItem","position":1,"name":"Home","item":"https:\/\/elfsight.com\/es\/"},{"@type":"ListItem","position":2,"name":"Blog","item":"https:\/\/elfsight.com\/es\/blog-widget\/"},{"@type":"ListItem","position":3,"name":"blog drupal"}]},{"@type":"WebSite","@id":"https:\/\/elfsight.com\/es\/#website","url":"https:\/\/elfsight.com\/es\/","name":"Elfsight ES","description":"Just another Elfsight Sites site","potentialAction":[{"@type":"SearchAction","target":{"@type":"EntryPoint","urlTemplate":"https:\/\/elfsight.com\/es\/?s={search_term_string}"},"query-input":{"@type":"PropertyValueSpecification","valueRequired":true,"valueName":"search_term_string"}}],"inLanguage":"es"}]}},"meta_box":{"industry":"","seo_heading":"","heading":"","description":"","cta_heading":"","cta_description":"","application":"16126","h1":"Agregar blog al sitio web de Drupal","h1_caption":"Muestre f\u00e1cilmente publicaciones de blog en su sitio web con un dise\u00f1o personalizable, proporcionando una forma din\u00e1mica y atractiva de compartir contenido y mantener a los visitantes informados en su sitio web Drupal sin esfuerzo.","application_category":[],"applications_title":"","applications_request_title":"","applications_request_button_text":"","hero_text":"","hero_video":"","hero_video_schema_markup":"","selling_points_title":"","selling_points_caption":"","selling_points":[],"selling_points_cta_text":"","features_title":"","features":"","ed_cta_examples_text":"","ed_cta_examples_hidden":"","ed_cta_demo_text":"","ed_cta_demo_hidden":"","why_caption":"","why_editor_title":"","why_editor_text":"","why_team_title":"","why_team_text":"","why_service_title":"","why_service_text":"","template_catalog_visible":"","template_catalog_title":"","template_catalog_text":"","template_catalog_categories_visible":"","demo_title":"Crea tu m\u00f3dulo de Blog","demo_caption":"\u00a1Configura tu Blog y agr\u00e9galo a tu sitio web Drupal gratis!","default_faq_hidden":"","app_template_category":[],"platform":"2161","template_public_id":"","codecanyon_url":"","codecanyon_item_id":"","codecanyon_price":"","pricing_caption":"","pricing_elfsight_apps_hide_column":"","pricing_elfsight_apps_url":"","pricing_codecanyon_price_caption":"","integration_category":[],"integration_request_title":"","integration_request_cta":"","integration_platform":"","integrations":[],"platform_category":[],"video_schema_markup":"","price":"desde $0 \/ mes","trial":"","benefits":[{"text":"Servicio de instalaci\u00f3n gratuito"},{"text":"Servicio al cliente profesional"},{"text":"Garant\u00eda de reembolso de 14 d\u00edas"},{"text":"Actualizando constantemente"}],"button_url":"#demo","button_target_blank":"","button_nofollow":"","attributes":[{"name":"Instalar","content":"50,000 - 100,000"},{"name":"Sensible","content":"S\u00ed"},{"name":"Navegadores compatibles","content":"Firefox, Safari, Opera, Chrome, Edge"}],"tags":[],"tags_disable_links":"","hide_more_platforms":"","video_object":"","demo_hide_cta":"","demo_hide_cloud_options":"","pricing_title":"","pricing":[{"pricing_icon":"platform","pricing_title":"Elfsight Apps","pricing_title_caption":"Soluci\u00f3n multiplataforma","pricing_price":"desde $0 \/ mes","pricing_price_caption":"comienza con un plan gratuito","pricing_benefits":[{"text":"Sitios web ilimitados"},{"text":"Atenci\u00f3n al cliente 24 horas al d\u00eda, 7 d\u00edas a la semana"},{"text":"Asistencia de instalaci\u00f3n gratuita"},{"text":"Dise\u00f1o flexible"}],"pricing_button_text":"A\u00f1adir al sitio web","pricing_button_url":"#demo"}],"related_apps_title":"","related_apps_hidden":"","author":"","image":[],"title":"","job":"","social_networks":[]},"_links":{"self":[{"href":"https:\/\/elfsight.com\/es\/wp-json\/wp\/v2\/pages\/17147","targetHints":{"allow":["GET"]}}],"collection":[{"href":"https:\/\/elfsight.com\/es\/wp-json\/wp\/v2\/pages"}],"about":[{"href":"https:\/\/elfsight.com\/es\/wp-json\/wp\/v2\/types\/page"}],"author":[{"embeddable":true,"href":"https:\/\/elfsight.com\/es\/wp-json\/wp\/v2\/users\/9"}],"replies":[{"embeddable":true,"href":"https:\/\/elfsight.com\/es\/wp-json\/wp\/v2\/comments?post=17147"}],"version-history":[{"count":1,"href":"https:\/\/elfsight.com\/es\/wp-json\/wp\/v2\/pages\/17147\/revisions"}],"predecessor-version":[{"id":17151,"href":"https:\/\/elfsight.com\/es\/wp-json\/wp\/v2\/pages\/17147\/revisions\/17151"}],"up":[{"embeddable":true,"href":"https:\/\/elfsight.com\/es\/wp-json\/wp\/v2\/pages\/16131"}],"wp:attachment":[{"href":"https:\/\/elfsight.com\/es\/wp-json\/wp\/v2\/media?parent=17147"}],"curies":[{"name":"wp","href":"https:\/\/api.w.org\/{rel}","templated":true}]}}