{"id":17117,"date":"2024-09-30T18:27:29","date_gmt":"2024-09-30T18:27:29","guid":{"rendered":"https:\/\/elfsight.com\/es\/?page_id=17117"},"modified":"2025-02-06T14:58:05","modified_gmt":"2025-02-06T14:58:05","slug":"iframe","status":"publish","type":"page","link":"https:\/\/elfsight.com\/es\/poll-widget\/iframe\/","title":{"rendered":"poll  iframe"},"content":{"rendered":"<div class=\"application-platform-content-item-description application-platform-content-item\" id=\"description\" data-nav-section=\"description\"> <h2>Integre una encuesta en iFrame con un widget de Elfsight<\/h2> <p>Agregue f\u00e1cilmente un widget de encuesta personalizado a cualquier sitio web para aumentar la participaci\u00f3n del cliente y obtener ideas. Con solo unos pocos pasos, puede crear cuestionarios interactivos que incluyan numerosos tipos de preguntas, como escalas de calificaci\u00f3n y de opci\u00f3n m\u00faltiple. Establecer su encuesta es r\u00e1pido y sencillo. <\/p><p>Realizar nuevas encuestas requiere solo un clic y los resultados se muestran en tiempo real. Con la l\u00f3gica condicional, puede personalizar las preguntas seg\u00fan las respuestas de los clientes. El widget funciona perfectamente con herramientas populares de CRM y correo electr\u00f3nico, lo que facilita la organizaci\u00f3n de sus datos y la mejora de sus servicios seg\u00fan los puntos de vista de los clientes. <\/p><p><b>\u00a1Crea encuestas personalizadas r\u00e1pidamente para descubrir qu\u00e9 espera tu audiencia de tu marca! <\/b><\/p><\/div> <div class=\"application-platform-content-item-features application-platform-content-item\" id=\"features\" data-nav-section=\"features\"> <h2>Explora la lista de las funciones m\u00e1s destacadas: <\/h2><ul><li><b>Haz que tus encuestas sean m\u00e1s inteligentes con l\u00f3gica condicional. <\/b> Puede modificar din\u00e1micamente las preguntas de seguimiento, lo que garantiza una experiencia de encuesta m\u00e1s razonable y orientada al usuario. <\/li><li><b>Crea interesantes encuestas en tan solo unos minutos. <\/b> Nuestro editor intuitivo simplifica la creaci\u00f3n de encuestas interesantes para recopilar respuestas y opiniones sin problemas. <\/li><li><b>Convierta las respuestas en conversiones en tiempo real. <\/b> Comprenda las expectativas de los clientes en el momento y sugiera soluciones relevantes de inmediato, transformando las respuestas en oportunidades de ventas. <\/li><li><b>Utilice numerosos tipos de campos y datos de entrada. <\/b> Ajuste su encuesta personalizada para recopilar los datos necesarios mediante casillas de verificaci\u00f3n, campos de texto, botones de opci\u00f3n, listas desplegables y muchas otras opciones. <\/li><li><b>Comience con una plantilla adecuada ya preparada. <\/b> Elija entre una variedad de ideas de encuestas dise\u00f1adas profesionalmente, optimizadas para diversos tipos de encuestas y objetivos comerciales. <\/li><\/ul><p><a href=\"#demo\">El editor intuitivo puede mostrarle c\u00f3mo funcionan las caracter\u00edsticas y opciones directamente en esta p\u00e1gina<\/a><\/p><\/div> <div class=\"application-platform-content-item-installation application-platform-content-item\" id=\"installation\" data-nav-section=\"installation\"> <h2>\u00bfC\u00f3mo puedo insertar una encuesta en mi sitio web iFrame? <\/h2><p>Encuentre esta forma sencilla de configurar el widget en su sitio web iFrame. S\u00f3lo te llevar\u00e1 unos minutos y no requiere ninguna codificaci\u00f3n. <\/p> <ol><li><strong>Cree su widget de encuesta personalizado<\/strong><br> Comience con cualquier plantilla en el editor, trabaje con los elementos f\u00e1ciles de usar del editor y personalice el widget seg\u00fan sus necesidades. estilo y configuraci\u00f3n preferidos. <\/li><li><strong>Reciba el c\u00f3digo personal para insertar el widget<\/strong><br> Una vez que haya creado el widget, obtendr\u00e1 un c\u00f3digo HTML individual en su panel de control. Copie el que contiene toda la informaci\u00f3n relativa a sus ajustes. <\/li> <li><strong>Muestre el widget en su sitio web iFrame<\/strong><br> Defina las \u00e1reas de su sitio web donde espera mostrar la encuesta y pegue el c\u00f3digo all\u00ed. Guarde los cambios. <\/li> <\/ol><p>\u00a1Eso es todo! Ahora, compruebe el rendimiento del widget en su sitio web. <\/p><p>Si tiene alg\u00fan problema al insertar el widget en un sitio web, simplemente comun\u00edquese con nuestro servicio de atenci\u00f3n al cliente. Estaremos encantados de guiarle para agregar y administrar su encuesta. <\/p><\/div>","protected":false},"excerpt":{"rendered":"","protected":false},"author":9,"featured_media":0,"parent":16136,"menu_order":0,"comment_status":"closed","ping_status":"closed","template":"templates\/template-application-platform.php","meta":{"publish_to_discourse":"","publish_post_category":"","wpdc_auto_publish_overridden":"","wpdc_topic_tags":"","wpdc_pin_topic":"","wpdc_pin_until":"","discourse_post_id":"","discourse_permalink":"","wpdc_publishing_response":"","wpdc_publishing_error":"","footnotes":""},"class_list":["post-17117","page","type-page","status-publish","hentry"],"yoast_head":"<!-- This site is optimized with the Yoast SEO plugin v25.3.1 - https:\/\/yoast.com\/wordpress\/plugins\/seo\/ -->\n<title>Widget de encuesta iFrame: agregue una encuesta a su sitio web iFrame [GRATIS]<\/title>\n<meta name=\"description\" content=\"Agregue un widget de encuesta integrado en su sitio web iFrame. Utilice el editor en l\u00ednea de Elfsight para crear sin esfuerzo su soluci\u00f3n individual.\" \/>\n<meta name=\"robots\" content=\"index, follow, max-snippet:-1, max-image-preview:large, max-video-preview:-1\" \/>\n<link rel=\"canonical\" href=\"https:\/\/elfsight.com\/es\/poll-widget\/iframe\/\" \/>\n<meta property=\"og:locale\" content=\"es_ES\" \/>\n<meta property=\"og:type\" content=\"article\" \/>\n<meta property=\"og:title\" content=\"Widget de encuesta iFrame: agregue una encuesta a su sitio web iFrame [GRATIS]\" \/>\n<meta property=\"og:description\" content=\"Agregue un widget de encuesta integrado en su sitio web iFrame. Utilice el editor en l\u00ednea de Elfsight para crear sin esfuerzo su soluci\u00f3n individual.\" \/>\n<meta property=\"og:url\" content=\"https:\/\/elfsight.com\/es\/poll-widget\/iframe\/\" \/>\n<meta property=\"og:site_name\" content=\"Elfsight ES\" \/>\n<meta property=\"article:modified_time\" content=\"2025-02-06T14:58:05+00:00\" \/>\n<meta name=\"twitter:card\" content=\"summary_large_image\" \/>\n<meta name=\"twitter:label1\" content=\"Tiempo de lectura\" \/>\n\t<meta name=\"twitter:data1\" content=\"3 minutos\" \/>\n<!-- \/ Yoast SEO plugin. -->","yoast_head_json":{"title":"Widget de encuesta iFrame: agregue una encuesta a su sitio web iFrame [GRATIS]","description":"Agregue un widget de encuesta integrado en su sitio web iFrame. Utilice el editor en l\u00ednea de Elfsight para crear sin esfuerzo su soluci\u00f3n individual.","robots":{"index":"index","follow":"follow","max-snippet":"max-snippet:-1","max-image-preview":"max-image-preview:large","max-video-preview":"max-video-preview:-1"},"canonical":"https:\/\/elfsight.com\/es\/poll-widget\/iframe\/","og_locale":"es_ES","og_type":"article","og_title":"Widget de encuesta iFrame: agregue una encuesta a su sitio web iFrame [GRATIS]","og_description":"Agregue un widget de encuesta integrado en su sitio web iFrame. Utilice el editor en l\u00ednea de Elfsight para crear sin esfuerzo su soluci\u00f3n individual.","og_url":"https:\/\/elfsight.com\/es\/poll-widget\/iframe\/","og_site_name":"Elfsight ES","article_modified_time":"2025-02-06T14:58:05+00:00","twitter_card":"summary_large_image","twitter_misc":{"Tiempo de lectura":"3 minutos"},"schema":{"@context":"https:\/\/schema.org","@graph":[{"@type":"WebPage","@id":"https:\/\/elfsight.com\/es\/poll-widget\/iframe\/","url":"https:\/\/elfsight.com\/es\/poll-widget\/iframe\/","name":"Widget de encuesta iFrame: agregue una encuesta a su sitio web iFrame [GRATIS]","isPartOf":{"@id":"https:\/\/elfsight.com\/es\/#website"},"datePublished":"2024-09-30T18:27:29+00:00","dateModified":"2025-02-06T14:58:05+00:00","description":"Agregue un widget de encuesta integrado en su sitio web iFrame. Utilice el editor en l\u00ednea de Elfsight para crear sin esfuerzo su soluci\u00f3n individual.","breadcrumb":{"@id":"https:\/\/elfsight.com\/es\/poll-widget\/iframe\/#breadcrumb"},"inLanguage":"es","potentialAction":[{"@type":"ReadAction","target":["https:\/\/elfsight.com\/es\/poll-widget\/iframe\/"]}]},{"@type":"BreadcrumbList","@id":"https:\/\/elfsight.com\/es\/poll-widget\/iframe\/#breadcrumb","itemListElement":[{"@type":"ListItem","position":1,"name":"Home","item":"https:\/\/elfsight.com\/es\/"},{"@type":"ListItem","position":2,"name":"Poll","item":"https:\/\/elfsight.com\/es\/poll-widget\/"},{"@type":"ListItem","position":3,"name":"poll iframe"}]},{"@type":"WebSite","@id":"https:\/\/elfsight.com\/es\/#website","url":"https:\/\/elfsight.com\/es\/","name":"Elfsight ES","description":"Just another Elfsight Sites site","potentialAction":[{"@type":"SearchAction","target":{"@type":"EntryPoint","urlTemplate":"https:\/\/elfsight.com\/es\/?s={search_term_string}"},"query-input":{"@type":"PropertyValueSpecification","valueRequired":true,"valueName":"search_term_string"}}],"inLanguage":"es"}]}},"meta_box":{"industry":"","seo_heading":"","heading":"","description":"","cta_heading":"","cta_description":"","application":"16127","h1":"Agregar encuesta al sitio web iFrame","h1_caption":"Involucre a los visitantes de su sitio web iFrame creando encuestas interactivas, lo que le ayudar\u00e1 a recopilar comentarios e ideas valiosas para mejorar sus productos y servicios.","application_category":[],"applications_title":"","applications_request_title":"","applications_request_button_text":"","hero_text":"","hero_video":"","hero_video_schema_markup":"","selling_points_title":"","selling_points_caption":"","selling_points":[],"selling_points_cta_text":"","features_title":"","features":"","ed_cta_examples_text":"","ed_cta_examples_hidden":"","ed_cta_demo_text":"","ed_cta_demo_hidden":"","why_caption":"","why_editor_title":"","why_editor_text":"","why_team_title":"","why_team_text":"","why_service_title":"","why_service_text":"","template_catalog_visible":"","template_catalog_title":"","template_catalog_text":"","template_catalog_categories_visible":"","demo_title":"Crea tu widget de encuesta","demo_caption":"\u00a1Configure su encuesta y agr\u00e9guela a su sitio web iFrame gratis!","default_faq_hidden":"","app_template_category":[],"platform":"2192","template_public_id":"","codecanyon_url":"","codecanyon_item_id":"","codecanyon_price":"","pricing_caption":"","pricing_elfsight_apps_hide_column":"","pricing_elfsight_apps_url":"","pricing_codecanyon_price_caption":"","integration_category":[],"integration_request_title":"","integration_request_cta":"","integration_platform":"","integrations":[],"platform_category":[],"video_schema_markup":"","price":"desde $0 \/ mes","trial":"","benefits":[{"text":"Ayuda de instalaci\u00f3n gratuita"},{"text":"Servicio al cliente competente"},{"text":"Garant\u00eda de reembolso de 14 d\u00edas"},{"text":"Mejoras continuas"}],"button_url":"#demo","button_target_blank":"","button_nofollow":"","attributes":[{"name":"Instalar","content":"50,000 - 100,000"},{"name":"Sensible","content":"S\u00ed"},{"name":"Navegadores compatibles","content":"Firefox, Safari, Opera, Chrome, Edge"}],"tags":[],"tags_disable_links":"","hide_more_platforms":"","video_object":"","demo_hide_cta":"","demo_hide_cloud_options":"","pricing_title":"","pricing":[{"pricing_icon":"platform","pricing_title":"Elfsight Apps","pricing_title_caption":"Versi\u00f3n independiente de la plataforma que se adapta a cualquier sitio","pricing_price":"desde $0 \/ mes","pricing_price_caption":"comienza con un plan gratuito","pricing_benefits":[{"text":"Dominios ilimitados"},{"text":"Atenci\u00f3n al cliente profesional"},{"text":"Ayuda de instalaci\u00f3n gratuita"},{"text":"100% personalizable"}],"pricing_button_text":"A\u00f1adir al sitio web","pricing_button_url":"#demo"}],"related_apps_title":"","related_apps_hidden":"","author":"","image":[],"title":"","job":"","social_networks":[]},"_links":{"self":[{"href":"https:\/\/elfsight.com\/es\/wp-json\/wp\/v2\/pages\/17117","targetHints":{"allow":["GET"]}}],"collection":[{"href":"https:\/\/elfsight.com\/es\/wp-json\/wp\/v2\/pages"}],"about":[{"href":"https:\/\/elfsight.com\/es\/wp-json\/wp\/v2\/types\/page"}],"author":[{"embeddable":true,"href":"https:\/\/elfsight.com\/es\/wp-json\/wp\/v2\/users\/9"}],"replies":[{"embeddable":true,"href":"https:\/\/elfsight.com\/es\/wp-json\/wp\/v2\/comments?post=17117"}],"version-history":[{"count":1,"href":"https:\/\/elfsight.com\/es\/wp-json\/wp\/v2\/pages\/17117\/revisions"}],"predecessor-version":[{"id":17121,"href":"https:\/\/elfsight.com\/es\/wp-json\/wp\/v2\/pages\/17117\/revisions\/17121"}],"up":[{"embeddable":true,"href":"https:\/\/elfsight.com\/es\/wp-json\/wp\/v2\/pages\/16136"}],"wp:attachment":[{"href":"https:\/\/elfsight.com\/es\/wp-json\/wp\/v2\/media?parent=17117"}],"curies":[{"name":"wp","href":"https:\/\/api.w.org\/{rel}","templated":true}]}}