{"id":17107,"date":"2024-09-30T18:27:29","date_gmt":"2024-09-30T18:27:29","guid":{"rendered":"https:\/\/elfsight.com\/es\/?page_id=17107"},"modified":"2025-02-06T14:58:22","modified_gmt":"2025-02-06T14:58:22","slug":"bigcommerce","status":"publish","type":"page","link":"https:\/\/elfsight.com\/es\/poll-widget\/bigcommerce\/","title":{"rendered":"poll  bigcommerce"},"content":{"rendered":"<div class=\"application-platform-content-item-description application-platform-content-item\" id=\"description\" data-nav-section=\"description\"> <h2>Integre una encuesta en BigCommerce con una aplicaci\u00f3n Elfsight<\/h2> <p>Agregue f\u00e1cilmente una aplicaci\u00f3n de encuesta personalizada a su sitio web para aumentar la participaci\u00f3n del cliente y recopilar ideas. Con solo unos pocos pasos, puede crear cuestionarios interactivos con numerosos tipos de preguntas, como escalas de calificaci\u00f3n y de opci\u00f3n m\u00faltiple. Configurar su encuesta es r\u00e1pido y f\u00e1cil. <\/p><p>Realizar encuestas nuevas requiere solo un clic y los resultados se presentan en tiempo real. Con la l\u00f3gica condicional, puede ajustar las preguntas seg\u00fan las respuestas de los clientes. La aplicaci\u00f3n funciona perfectamente con herramientas de correo electr\u00f3nico y CRM ampliamente utilizadas, lo que facilita la organizaci\u00f3n de sus datos y la mejora de sus servicios teniendo en cuenta las opiniones de los clientes. <\/p><p><b>\u00a1Crea cuestionarios individuales f\u00e1cilmente para saber qu\u00e9 esperan los clientes de tu negocio! <\/b><\/p><\/div> <div class=\"application-platform-content-item-features application-platform-content-item\" id=\"features\" data-nav-section=\"features\"> <h2>Estas son las caracter\u00edsticas b\u00e1sicas de la aplicaci\u00f3n: <\/h2><ul><li><b>Haga que sus encuestas sean m\u00e1s inteligentes con condicional l\u00f3gica. <\/b> Puede sugerir din\u00e1micamente las pr\u00f3ximas preguntas, lo que garantiza una experiencia de encuesta m\u00e1s razonable y orientada al usuario. <\/li><li><b>Crea interesantes encuestas en tan solo unos minutos. <\/b> Nuestro editor intuitivo simplifica la creaci\u00f3n de encuestas atractivas para recopilar respuestas y comentarios sin problemas. <\/li><li><b>Convierta las respuestas en ventas en tiempo real. <\/b> Comprenda las necesidades de los usuarios en el momento y ofrezca soluciones relevantes de inmediato, transformando las respuestas en oportunidades de negocio. <\/li><li><b>Utilice diferentes tipos de campos y datos de entrada. <\/b> Ajuste su encuesta personalizada para obtener datos mediante listas desplegables, campos de texto, casillas de verificaci\u00f3n, botones de opci\u00f3n y muchos otros elementos. <\/li><li><b>Comience con una plantilla adecuada ya preparada. <\/b> Seleccione entre un conjunto de ideas de encuestas dise\u00f1adas profesionalmente, optimizadas para varios tipos de encuestas y objetivos comerciales. <\/li><\/ul><p><a href=\"#demo\">Simplemente explore todos los ajustes de nuestra aplicaci\u00f3n en el editor directamente en esta p\u00e1gina<\/a><\/p><\/div> <div class=\"application-platform-content-item-instalaci\u00f3n application-platform-content-item\" id=\"instalaci\u00f3n\" data-nav-section=\"instalaci\u00f3n\"> <h2>\u00bfC\u00f3mo incorporo Poll en mi sitio web de BigCommerce? <\/h2><p>Mira esta forma sencilla de configurar la aplicaci\u00f3n en tu sitio web de BigCommerce. S\u00f3lo te llevar\u00e1 unos minutos y no requiere ninguna codificaci\u00f3n. <\/p> <ol><li><strong>Crea tu aplicaci\u00f3n de encuesta personalizada<\/strong><br> Comienza con cualquier plantilla en el editor, trabaja con los elementos f\u00e1ciles de usar del editor y ajusta la aplicaci\u00f3n a tus necesidades. dise\u00f1o y configuraci\u00f3n preferidos. <\/li><li><strong>Obtenga el c\u00f3digo personal para insertar la aplicaci\u00f3n<\/strong><br> Tan pronto como termine de crear su aplicaci\u00f3n, recibir\u00e1 un c\u00f3digo HTML individual en su panel de control. Copie este c\u00f3digo que contiene toda la informaci\u00f3n sobre sus ajustes. <\/li> <li><strong>Muestre la aplicaci\u00f3n en su sitio web de BigCommerce<\/strong><br> Defina las \u00e1reas de su sitio web donde desea presentar la encuesta y pegue el c\u00f3digo all\u00ed. Guarde los cambios. <\/li> <\/ol><p>\u00a1Eso es! Ahora, vea c\u00f3mo se est\u00e1 desempe\u00f1ando la aplicaci\u00f3n en su sitio web. <\/p><p>En caso de que tenga alg\u00fan problema al insertar la aplicaci\u00f3n en su sitio web, simplemente comun\u00edquese con nuestros gerentes de soporte. Estaremos encantados de ayudarle a agregar y administrar su encuesta. <\/p><\/div>","protected":false},"excerpt":{"rendered":"","protected":false},"author":9,"featured_media":0,"parent":16136,"menu_order":0,"comment_status":"closed","ping_status":"closed","template":"templates\/template-application-platform.php","meta":{"publish_to_discourse":"","publish_post_category":"","wpdc_auto_publish_overridden":"","wpdc_topic_tags":"","wpdc_pin_topic":"","wpdc_pin_until":"","discourse_post_id":"","discourse_permalink":"","wpdc_publishing_response":"","wpdc_publishing_error":"","footnotes":""},"class_list":["post-17107","page","type-page","status-publish","hentry"],"yoast_head":"<!-- This site is optimized with the Yoast SEO plugin v25.3.1 - https:\/\/yoast.com\/wordpress\/plugins\/seo\/ -->\n<title>Aplicaci\u00f3n BigCommerce Poll: agregue una encuesta a su sitio web de BigCommerce [GRATIS]<\/title>\n<meta name=\"description\" content=\"Agregue una aplicaci\u00f3n de encuesta sin c\u00f3digo en su sitio web BigCommerce. Utilice el editor en l\u00ednea de Elfsight para crear sin esfuerzo su soluci\u00f3n personal.\" \/>\n<meta name=\"robots\" content=\"index, follow, max-snippet:-1, max-image-preview:large, max-video-preview:-1\" \/>\n<link rel=\"canonical\" href=\"https:\/\/elfsight.com\/es\/poll-widget\/bigcommerce\/\" \/>\n<meta property=\"og:locale\" content=\"es_ES\" \/>\n<meta property=\"og:type\" content=\"article\" \/>\n<meta property=\"og:title\" content=\"Aplicaci\u00f3n BigCommerce Poll: agregue una encuesta a su sitio web de BigCommerce [GRATIS]\" \/>\n<meta property=\"og:description\" content=\"Agregue una aplicaci\u00f3n de encuesta sin c\u00f3digo en su sitio web BigCommerce. Utilice el editor en l\u00ednea de Elfsight para crear sin esfuerzo su soluci\u00f3n personal.\" \/>\n<meta property=\"og:url\" content=\"https:\/\/elfsight.com\/es\/poll-widget\/bigcommerce\/\" \/>\n<meta property=\"og:site_name\" content=\"Elfsight ES\" \/>\n<meta property=\"article:modified_time\" content=\"2025-02-06T14:58:22+00:00\" \/>\n<meta name=\"twitter:card\" content=\"summary_large_image\" \/>\n<meta name=\"twitter:label1\" content=\"Tiempo de lectura\" \/>\n\t<meta name=\"twitter:data1\" content=\"3 minutos\" \/>\n<!-- \/ Yoast SEO plugin. -->","yoast_head_json":{"title":"Aplicaci\u00f3n BigCommerce Poll: agregue una encuesta a su sitio web de BigCommerce [GRATIS]","description":"Agregue una aplicaci\u00f3n de encuesta sin c\u00f3digo en su sitio web BigCommerce. Utilice el editor en l\u00ednea de Elfsight para crear sin esfuerzo su soluci\u00f3n personal.","robots":{"index":"index","follow":"follow","max-snippet":"max-snippet:-1","max-image-preview":"max-image-preview:large","max-video-preview":"max-video-preview:-1"},"canonical":"https:\/\/elfsight.com\/es\/poll-widget\/bigcommerce\/","og_locale":"es_ES","og_type":"article","og_title":"Aplicaci\u00f3n BigCommerce Poll: agregue una encuesta a su sitio web de BigCommerce [GRATIS]","og_description":"Agregue una aplicaci\u00f3n de encuesta sin c\u00f3digo en su sitio web BigCommerce. Utilice el editor en l\u00ednea de Elfsight para crear sin esfuerzo su soluci\u00f3n personal.","og_url":"https:\/\/elfsight.com\/es\/poll-widget\/bigcommerce\/","og_site_name":"Elfsight ES","article_modified_time":"2025-02-06T14:58:22+00:00","twitter_card":"summary_large_image","twitter_misc":{"Tiempo de lectura":"3 minutos"},"schema":{"@context":"https:\/\/schema.org","@graph":[{"@type":"WebPage","@id":"https:\/\/elfsight.com\/es\/poll-widget\/bigcommerce\/","url":"https:\/\/elfsight.com\/es\/poll-widget\/bigcommerce\/","name":"Aplicaci\u00f3n BigCommerce Poll: agregue una encuesta a su sitio web de BigCommerce [GRATIS]","isPartOf":{"@id":"https:\/\/elfsight.com\/es\/#website"},"datePublished":"2024-09-30T18:27:29+00:00","dateModified":"2025-02-06T14:58:22+00:00","description":"Agregue una aplicaci\u00f3n de encuesta sin c\u00f3digo en su sitio web BigCommerce. Utilice el editor en l\u00ednea de Elfsight para crear sin esfuerzo su soluci\u00f3n personal.","breadcrumb":{"@id":"https:\/\/elfsight.com\/es\/poll-widget\/bigcommerce\/#breadcrumb"},"inLanguage":"es","potentialAction":[{"@type":"ReadAction","target":["https:\/\/elfsight.com\/es\/poll-widget\/bigcommerce\/"]}]},{"@type":"BreadcrumbList","@id":"https:\/\/elfsight.com\/es\/poll-widget\/bigcommerce\/#breadcrumb","itemListElement":[{"@type":"ListItem","position":1,"name":"Home","item":"https:\/\/elfsight.com\/es\/"},{"@type":"ListItem","position":2,"name":"Poll","item":"https:\/\/elfsight.com\/es\/poll-widget\/"},{"@type":"ListItem","position":3,"name":"poll bigcommerce"}]},{"@type":"WebSite","@id":"https:\/\/elfsight.com\/es\/#website","url":"https:\/\/elfsight.com\/es\/","name":"Elfsight ES","description":"Just another Elfsight Sites site","potentialAction":[{"@type":"SearchAction","target":{"@type":"EntryPoint","urlTemplate":"https:\/\/elfsight.com\/es\/?s={search_term_string}"},"query-input":{"@type":"PropertyValueSpecification","valueRequired":true,"valueName":"search_term_string"}}],"inLanguage":"es"}]}},"meta_box":{"industry":"","seo_heading":"","heading":"","description":"","cta_heading":"","cta_description":"","application":"16127","h1":"Agregar encuesta al sitio web de BigCommerce","h1_caption":"Involucra a los visitantes de tu sitio web de BigCommerce creando encuestas interactivas, que te ayudar\u00e1n a recopilar comentarios e ideas valiosas para mejorar tus productos y servicios.","application_category":[],"applications_title":"","applications_request_title":"","applications_request_button_text":"","hero_text":"","hero_video":"","hero_video_schema_markup":"","selling_points_title":"","selling_points_caption":"","selling_points":[],"selling_points_cta_text":"","features_title":"","features":"","ed_cta_examples_text":"","ed_cta_examples_hidden":"","ed_cta_demo_text":"","ed_cta_demo_hidden":"","why_caption":"","why_editor_title":"","why_editor_text":"","why_team_title":"","why_team_text":"","why_service_title":"","why_service_text":"","template_catalog_visible":"","template_catalog_title":"","template_catalog_text":"","template_catalog_categories_visible":"","demo_title":"Crea tu aplicaci\u00f3n de encuesta","demo_caption":"\u00a1Configure su encuesta y agr\u00e9guela a su sitio web de BigCommerce gratis!","default_faq_hidden":"","app_template_category":[],"platform":"33","template_public_id":"","codecanyon_url":"","codecanyon_item_id":"","codecanyon_price":"","pricing_caption":"","pricing_elfsight_apps_hide_column":"","pricing_elfsight_apps_url":"","pricing_codecanyon_price_caption":"","integration_category":[],"integration_request_title":"","integration_request_cta":"","integration_platform":"","integrations":[],"platform_category":[],"video_schema_markup":"","price":"desde $0 \/ mes","trial":"","benefits":[{"text":"Asistencia de instalaci\u00f3n gratuita"},{"text":"Servicio al cliente competente"},{"text":"Garant\u00eda de reembolso de 14 d\u00edas"},{"text":"Mejoras futuras"}],"button_url":"#demo","button_target_blank":"","button_nofollow":"","attributes":[{"name":"Instalar","content":"50,000 - 100,000"},{"name":"Sensible","content":"S\u00ed"},{"name":"Navegadores compatibles","content":"Firefox, Safari, Opera, Chrome, Edge"}],"tags":[],"tags_disable_links":"","hide_more_platforms":"","video_object":"","demo_hide_cta":"","demo_hide_cloud_options":"","pricing_title":"","pricing":[{"pricing_icon":"platform","pricing_title":"Elfsight Apps","pricing_title_caption":"Soluci\u00f3n digital multiplataforma que se adapta a cualquier sitio","pricing_price":"desde $0 \/ mes","pricing_price_caption":"comienza con un plan gratuito","pricing_benefits":[{"text":"Sitios web ilimitados"},{"text":"Soporte r\u00e1pido de la empresa"},{"text":"Asistencia de instalaci\u00f3n gratuita"},{"text":"Dise\u00f1o flexible"}],"pricing_button_text":"A\u00f1adir al sitio web","pricing_button_url":"#demo"}],"related_apps_title":"","related_apps_hidden":"","author":"","image":[],"title":"","job":"","social_networks":[]},"_links":{"self":[{"href":"https:\/\/elfsight.com\/es\/wp-json\/wp\/v2\/pages\/17107","targetHints":{"allow":["GET"]}}],"collection":[{"href":"https:\/\/elfsight.com\/es\/wp-json\/wp\/v2\/pages"}],"about":[{"href":"https:\/\/elfsight.com\/es\/wp-json\/wp\/v2\/types\/page"}],"author":[{"embeddable":true,"href":"https:\/\/elfsight.com\/es\/wp-json\/wp\/v2\/users\/9"}],"replies":[{"embeddable":true,"href":"https:\/\/elfsight.com\/es\/wp-json\/wp\/v2\/comments?post=17107"}],"version-history":[{"count":1,"href":"https:\/\/elfsight.com\/es\/wp-json\/wp\/v2\/pages\/17107\/revisions"}],"predecessor-version":[{"id":17111,"href":"https:\/\/elfsight.com\/es\/wp-json\/wp\/v2\/pages\/17107\/revisions\/17111"}],"up":[{"embeddable":true,"href":"https:\/\/elfsight.com\/es\/wp-json\/wp\/v2\/pages\/16136"}],"wp:attachment":[{"href":"https:\/\/elfsight.com\/es\/wp-json\/wp\/v2\/media?parent=17107"}],"curies":[{"name":"wp","href":"https:\/\/api.w.org\/{rel}","templated":true}]}}