{"id":17106,"date":"2024-09-30T18:27:29","date_gmt":"2024-09-30T18:27:29","guid":{"rendered":"https:\/\/elfsight.com\/es\/?page_id=17106"},"modified":"2025-02-06T14:58:22","modified_gmt":"2025-02-06T14:58:22","slug":"opencart","status":"publish","type":"page","link":"https:\/\/elfsight.com\/es\/poll-widget\/opencart\/","title":{"rendered":"poll  opencart"},"content":{"rendered":"<div class=\"application-platform-content-item-description application-platform-content-item\" id=\"description\" data-nav-section=\"description\"> <h2>Integre una encuesta en OpenCart con una extensi\u00f3n de Elfsight<\/h2> <p>Agregue f\u00e1cilmente una extensi\u00f3n de encuesta individual a cualquier sitio web para aumentar la participaci\u00f3n del cliente y obtener ideas. Con solo unos pocos pasos, puede crear encuestas interactivas con numerosos tipos de preguntas, como escalas de calificaci\u00f3n y de opci\u00f3n m\u00faltiple. Configurar su encuesta es r\u00e1pido y f\u00e1cil. <\/p><p>Crear nuevas encuestas requiere solo un clic y los resultados se muestran en tiempo real. Con la l\u00f3gica condicional, puede ajustar las preguntas seg\u00fan las respuestas de los clientes. La extensi\u00f3n tambi\u00e9n funciona con herramientas de correo electr\u00f3nico y CRM ampliamente utilizadas, lo que facilita la organizaci\u00f3n de sus datos y la mejora de sus servicios en funci\u00f3n de las opiniones de los clientes. <\/p><p><b>\u00a1Crea encuestas personalizadas r\u00e1pidamente para descubrir qu\u00e9 esperan los clientes de tu marca! <\/b><\/p><\/div> <div class=\"application-platform-content-item-features application-platform-content-item\" id=\"features\" data-nav-section=\"features\"> <h2>Las funciones de extensi\u00f3n m\u00e1s requeridas contienen<\/h2><ul><li><b>Haga que sus encuestas sean flexibles con l\u00f3gica condicional. <\/b> Puede modificar din\u00e1micamente las preguntas de seguimiento, garantizando una experiencia de encuesta m\u00e1s individual y relevante. <\/li><li><b>Cree encuestas interesantes con solo unos pocos clics. <\/b> Nuestro editor f\u00e1cil de usar simplifica el lanzamiento de encuestas interesantes para recopilar respuestas y comentarios sin ning\u00fan problema. <\/li><li><b>Convierta las respuestas en conversiones en tiempo real. <\/b> Comprenda las necesidades de los clientes al instante y sugiera soluciones relevantes de inmediato, transformando las respuestas en oportunidades de ventas. <\/li><li><b>Utilice numerosos tipos de campos y datos de entrada. <\/b> Ajuste su encuesta personalizada para obtener los datos necesarios mediante casillas de verificaci\u00f3n, campos de texto, botones de opci\u00f3n, listas desplegables y muchos otros elementos. <\/li><li><b>Comience con una plantilla adecuada ya preparada. <\/b> Elija entre una variedad de ideas de encuestas dise\u00f1adas profesionalmente, optimizadas para diversos tipos de encuestas y necesidades comerciales. <\/li><\/ul><p><a href=\"#demo\">El editor intuitivo puede demostrarle c\u00f3mo funcionan las caracter\u00edsticas y opciones directamente en esta p\u00e1gina<\/a><\/p><\/div> <div class=\"application-platform-content-item-installation application-platform-content-item\" id=\"installation\" data-nav-section=\"installation\"> <h2>\u00bfC\u00f3mo puedo insertar Poll en mi sitio web OpenCart? <\/h2><p>Aqu\u00ed tienes una gu\u00eda sencilla para tener la extensi\u00f3n en tu sitio web OpenCart. S\u00f3lo le llevar\u00e1 unos minutos y no requiere codificaci\u00f3n. <\/p> <ol><li><strong>Cree su extensi\u00f3n de encuesta personalizada<\/strong><br> Comience con cualquier plantilla en el editor, trabaje con los elementos convenientes del editor y personalice la extensi\u00f3n seg\u00fan el dise\u00f1o que desee. y opciones. <\/li><li><strong>Obtenga el c\u00f3digo personal para insertar la extensi\u00f3n<\/strong><br> Tan pronto como termine de crear su extensi\u00f3n, recibir\u00e1 un c\u00f3digo HTML individual en su panel de control. Copie este c\u00f3digo que contiene todos los detalles relacionados con sus ajustes. <\/li> <li><strong>Muestre la extensi\u00f3n en su sitio web OpenCart<\/strong><br> Seleccione las secciones de su sitio web donde espera mostrar la encuesta y pegue el c\u00f3digo all\u00ed. Guarde sus cambios. <\/li> <\/ol><p>\u00a1Eso es! Ahora, vea c\u00f3mo funciona la extensi\u00f3n en su sitio web. <\/p><p>En caso de que tengas alg\u00fan problema al insertar la extensi\u00f3n en tu sitio web, ponte en contacto con nuestro centro de ayuda. Estaremos encantados de consultarle sobre c\u00f3mo agregar y administrar su encuesta. <\/p><\/div>","protected":false},"excerpt":{"rendered":"","protected":false},"author":9,"featured_media":0,"parent":16136,"menu_order":0,"comment_status":"closed","ping_status":"closed","template":"templates\/template-application-platform.php","meta":{"publish_to_discourse":"","publish_post_category":"","wpdc_auto_publish_overridden":"","wpdc_topic_tags":"","wpdc_pin_topic":"","wpdc_pin_until":"","discourse_post_id":"","discourse_permalink":"","wpdc_publishing_response":"","wpdc_publishing_error":"","footnotes":""},"class_list":["post-17106","page","type-page","status-publish","hentry"],"yoast_head":"<!-- This site is optimized with the Yoast SEO plugin v25.3.1 - https:\/\/yoast.com\/wordpress\/plugins\/seo\/ -->\n<title>Extensi\u00f3n OpenCart Poll: agregue una encuesta a su sitio web OpenCart [GRATIS]<\/title>\n<meta name=\"description\" content=\"Agregue una extensi\u00f3n de encuesta perfecta a su sitio web OpenCart. Pruebe el sencillo editor de Elfsight para crear sin esfuerzo su soluci\u00f3n individual.\" \/>\n<meta name=\"robots\" content=\"index, follow, max-snippet:-1, max-image-preview:large, max-video-preview:-1\" \/>\n<link rel=\"canonical\" href=\"https:\/\/elfsight.com\/es\/poll-widget\/opencart\/\" \/>\n<meta property=\"og:locale\" content=\"es_ES\" \/>\n<meta property=\"og:type\" content=\"article\" \/>\n<meta property=\"og:title\" content=\"Extensi\u00f3n OpenCart Poll: agregue una encuesta a su sitio web OpenCart [GRATIS]\" \/>\n<meta property=\"og:description\" content=\"Agregue una extensi\u00f3n de encuesta perfecta a su sitio web OpenCart. Pruebe el sencillo editor de Elfsight para crear sin esfuerzo su soluci\u00f3n individual.\" \/>\n<meta property=\"og:url\" content=\"https:\/\/elfsight.com\/es\/poll-widget\/opencart\/\" \/>\n<meta property=\"og:site_name\" content=\"Elfsight ES\" \/>\n<meta property=\"article:modified_time\" content=\"2025-02-06T14:58:22+00:00\" \/>\n<meta name=\"twitter:card\" content=\"summary_large_image\" \/>\n<meta name=\"twitter:label1\" content=\"Tiempo de lectura\" \/>\n\t<meta name=\"twitter:data1\" content=\"3 minutos\" \/>\n<!-- \/ Yoast SEO plugin. -->","yoast_head_json":{"title":"Extensi\u00f3n OpenCart Poll: agregue una encuesta a su sitio web OpenCart [GRATIS]","description":"Agregue una extensi\u00f3n de encuesta perfecta a su sitio web OpenCart. Pruebe el sencillo editor de Elfsight para crear sin esfuerzo su soluci\u00f3n individual.","robots":{"index":"index","follow":"follow","max-snippet":"max-snippet:-1","max-image-preview":"max-image-preview:large","max-video-preview":"max-video-preview:-1"},"canonical":"https:\/\/elfsight.com\/es\/poll-widget\/opencart\/","og_locale":"es_ES","og_type":"article","og_title":"Extensi\u00f3n OpenCart Poll: agregue una encuesta a su sitio web OpenCart [GRATIS]","og_description":"Agregue una extensi\u00f3n de encuesta perfecta a su sitio web OpenCart. Pruebe el sencillo editor de Elfsight para crear sin esfuerzo su soluci\u00f3n individual.","og_url":"https:\/\/elfsight.com\/es\/poll-widget\/opencart\/","og_site_name":"Elfsight ES","article_modified_time":"2025-02-06T14:58:22+00:00","twitter_card":"summary_large_image","twitter_misc":{"Tiempo de lectura":"3 minutos"},"schema":{"@context":"https:\/\/schema.org","@graph":[{"@type":"WebPage","@id":"https:\/\/elfsight.com\/es\/poll-widget\/opencart\/","url":"https:\/\/elfsight.com\/es\/poll-widget\/opencart\/","name":"Extensi\u00f3n OpenCart Poll: agregue una encuesta a su sitio web OpenCart [GRATIS]","isPartOf":{"@id":"https:\/\/elfsight.com\/es\/#website"},"datePublished":"2024-09-30T18:27:29+00:00","dateModified":"2025-02-06T14:58:22+00:00","description":"Agregue una extensi\u00f3n de encuesta perfecta a su sitio web OpenCart. Pruebe el sencillo editor de Elfsight para crear sin esfuerzo su soluci\u00f3n individual.","breadcrumb":{"@id":"https:\/\/elfsight.com\/es\/poll-widget\/opencart\/#breadcrumb"},"inLanguage":"es","potentialAction":[{"@type":"ReadAction","target":["https:\/\/elfsight.com\/es\/poll-widget\/opencart\/"]}]},{"@type":"BreadcrumbList","@id":"https:\/\/elfsight.com\/es\/poll-widget\/opencart\/#breadcrumb","itemListElement":[{"@type":"ListItem","position":1,"name":"Home","item":"https:\/\/elfsight.com\/es\/"},{"@type":"ListItem","position":2,"name":"Poll","item":"https:\/\/elfsight.com\/es\/poll-widget\/"},{"@type":"ListItem","position":3,"name":"poll opencart"}]},{"@type":"WebSite","@id":"https:\/\/elfsight.com\/es\/#website","url":"https:\/\/elfsight.com\/es\/","name":"Elfsight ES","description":"Just another Elfsight Sites site","potentialAction":[{"@type":"SearchAction","target":{"@type":"EntryPoint","urlTemplate":"https:\/\/elfsight.com\/es\/?s={search_term_string}"},"query-input":{"@type":"PropertyValueSpecification","valueRequired":true,"valueName":"search_term_string"}}],"inLanguage":"es"}]}},"meta_box":{"industry":"","seo_heading":"","heading":"","description":"","cta_heading":"","cta_description":"","application":"16127","h1":"Agregar encuesta al sitio web de OpenCart","h1_caption":"Involucra a los visitantes de tu sitio web Opencart creando encuestas interactivas, lo que te ayudar\u00e1 a recopilar comentarios e ideas valiosas para mejorar tus productos y servicios.","application_category":[],"applications_title":"","applications_request_title":"","applications_request_button_text":"","hero_text":"","hero_video":"","hero_video_schema_markup":"","selling_points_title":"","selling_points_caption":"","selling_points":[],"selling_points_cta_text":"","features_title":"","features":"","ed_cta_examples_text":"","ed_cta_examples_hidden":"","ed_cta_demo_text":"","ed_cta_demo_hidden":"","why_caption":"","why_editor_title":"","why_editor_text":"","why_team_title":"","why_team_text":"","why_service_title":"","why_service_text":"","template_catalog_visible":"","template_catalog_title":"","template_catalog_text":"","template_catalog_categories_visible":"","demo_title":"Crea tu extensi\u00f3n de encuesta","demo_caption":"\u00a1Configure su encuesta y agr\u00e9guela a su sitio web OpenCart gratis!","default_faq_hidden":"","app_template_category":[],"platform":"88","template_public_id":"","codecanyon_url":"","codecanyon_item_id":"","codecanyon_price":"","pricing_caption":"","pricing_elfsight_apps_hide_column":"","pricing_elfsight_apps_url":"","pricing_codecanyon_price_caption":"","integration_category":[],"integration_request_title":"","integration_request_cta":"","integration_platform":"","integrations":[],"platform_category":[],"video_schema_markup":"","price":"desde $0 \/ mes","trial":"","benefits":[{"text":"Ayuda de instalaci\u00f3n gratuita"},{"text":"Servicio al cliente profesional"},{"text":"Garant\u00eda de reembolso de 14 d\u00edas"},{"text":"Mejoras peri\u00f3dicas"}],"button_url":"#demo","button_target_blank":"","button_nofollow":"","attributes":[{"name":"Instalar","content":"50,000 - 100,000"},{"name":"Sensible","content":"S\u00ed"},{"name":"Navegadores compatibles","content":"Firefox, Safari, Opera, Chrome, Edge"}],"tags":[],"tags_disable_links":"","hide_more_platforms":"","video_object":"","demo_hide_cta":"","demo_hide_cloud_options":"","pricing_title":"","pricing":[{"pricing_icon":"platform","pricing_title":"Elfsight Apps","pricing_title_caption":"Soluci\u00f3n multiplataforma que se adapta a cualquier sitio","pricing_price":"desde $0 \/ mes","pricing_price_caption":"comienza con un plan gratuito","pricing_benefits":[{"text":"Sitios web ilimitados"},{"text":"Soporte gratuito y puntual"},{"text":"Soporte de instalaci\u00f3n gratuito"},{"text":"Totalmente personalizable"}],"pricing_button_text":"A\u00f1adir al sitio web","pricing_button_url":"#demo"}],"related_apps_title":"","related_apps_hidden":"","author":"","image":[],"title":"","job":"","social_networks":[]},"_links":{"self":[{"href":"https:\/\/elfsight.com\/es\/wp-json\/wp\/v2\/pages\/17106","targetHints":{"allow":["GET"]}}],"collection":[{"href":"https:\/\/elfsight.com\/es\/wp-json\/wp\/v2\/pages"}],"about":[{"href":"https:\/\/elfsight.com\/es\/wp-json\/wp\/v2\/types\/page"}],"author":[{"embeddable":true,"href":"https:\/\/elfsight.com\/es\/wp-json\/wp\/v2\/users\/9"}],"replies":[{"embeddable":true,"href":"https:\/\/elfsight.com\/es\/wp-json\/wp\/v2\/comments?post=17106"}],"version-history":[{"count":1,"href":"https:\/\/elfsight.com\/es\/wp-json\/wp\/v2\/pages\/17106\/revisions"}],"predecessor-version":[{"id":17110,"href":"https:\/\/elfsight.com\/es\/wp-json\/wp\/v2\/pages\/17106\/revisions\/17110"}],"up":[{"embeddable":true,"href":"https:\/\/elfsight.com\/es\/wp-json\/wp\/v2\/pages\/16136"}],"wp:attachment":[{"href":"https:\/\/elfsight.com\/es\/wp-json\/wp\/v2\/media?parent=17106"}],"curies":[{"name":"wp","href":"https:\/\/api.w.org\/{rel}","templated":true}]}}