{"id":17100,"date":"2024-09-30T18:27:29","date_gmt":"2024-09-30T18:27:29","guid":{"rendered":"https:\/\/elfsight.com\/es\/?page_id=17100"},"modified":"2025-02-06T14:58:30","modified_gmt":"2025-02-06T14:58:30","slug":"blogger","status":"publish","type":"page","link":"https:\/\/elfsight.com\/es\/poll-widget\/blogger\/","title":{"rendered":"poll  blogger"},"content":{"rendered":"<div class=\"application-platform-content-item-description application-platform-content-item\" id=\"description\" data-nav-section=\"description\"> <h2>Integre una encuesta en Blogger con un widget de Elfsight<\/h2> <p>Agregue f\u00e1cilmente un widget de encuesta personal a su sitio web para aumentar la participaci\u00f3n del cliente y obtener ideas. Con solo unos pocos pasos, puede crear cuestionarios interactivos que incluyan numerosos tipos de preguntas, como escalas de calificaci\u00f3n y de opci\u00f3n m\u00faltiple. Configurar su encuesta es r\u00e1pido y sencillo. <\/p><p>Realizar nuevas encuestas requiere solo un clic y los resultados se muestran en tiempo real. Con la l\u00f3gica condicional, puede personalizar las preguntas seg\u00fan las respuestas de los clientes. El widget tambi\u00e9n se integra con herramientas de correo electr\u00f3nico y CRM ampliamente utilizadas, lo que facilita la organizaci\u00f3n de sus datos y la actualizaci\u00f3n de sus servicios teniendo en cuenta las expectativas del cliente. <\/p><p><b>\u00a1Crea encuestas personalizadas r\u00e1pidamente para descubrir qu\u00e9 esperan los clientes de tu marca! <\/b><\/p><\/div> <div class=\"application-platform-content-item-features application-platform-content-item\" id=\"features\" data-nav-section=\"features\"> <h2>Estas son solo algunas de las funciones avanzadas del widget: <\/h2><ul><li><b>Haga que sus encuestas sean flexibles con l\u00f3gica condicional. <\/b> Puede ajustar din\u00e1micamente las pr\u00f3ximas preguntas, garantizando una experiencia de encuesta m\u00e1s individual y razonable. <\/li><li><b>Cree encuestas interesantes con solo unos pocos clics. <\/b> Nuestro creador f\u00e1cil de usar facilita la creaci\u00f3n de encuestas atractivas para recopilar respuestas y opiniones sin problemas. <\/li><li><b>Convierta las respuestas en conversiones en tiempo real. <\/b> Comprenda las necesidades de los clientes al instante y sugiera soluciones relevantes de inmediato, transformando las respuestas en oportunidades de negocio. <\/li><li><b>Utilice m\u00faltiples tipos de campos y datos de entrada. <\/b> Cree su encuesta personal para obtener los datos necesarios utilizando campos de texto, casillas de verificaci\u00f3n, botones de opci\u00f3n, listas desplegables y muchos otros elementos. <\/li><li><b>Comienza con una plantilla predise\u00f1adas perfecta. <\/b> Elija entre una variedad de ideas de encuestas desarrolladas profesionalmente, optimizadas para diversos tipos de encuestas y tareas comerciales. <\/li><\/ul><p><a href=\"#demo\">El editor en l\u00ednea puede demostrarle c\u00f3mo funcionan las funciones y opciones directamente en esta p\u00e1gina<\/a><\/p><\/div> <div class=\"application-platform-content-item-installation application-platform-content-item\" id=\"installation\" data-nav-section=\"installation\"> <h2>\u00bfC\u00f3mo puedo insertar una encuesta en mi sitio web de Blogger? <\/h2><p>A continuaci\u00f3n se muestra una forma sencilla de configurar el widget en su sitio web de Blogger. S\u00f3lo le llevar\u00e1 unos minutos y no requiere codificaci\u00f3n. <\/p> <ol><li><strong>Cree su widget de encuesta individual<\/strong><br> Comience con cualquier plantilla en el editor, trabaje con los elementos convenientes del editor y ajuste el widget a su dise\u00f1o preferido. y opciones. <\/li><li><strong>Obtenga el c\u00f3digo personal para insertar el widget<\/strong><br> Una vez que haya creado el widget, recibir\u00e1 un c\u00f3digo HTML individual en su panel de control. Copie este c\u00f3digo que contiene todos los detalles sobre su configuraci\u00f3n. <\/li> <li><strong>Muestre el widget en su sitio web de Blogger<\/strong><br> Defina las \u00e1reas de su sitio web donde desea presentar la encuesta y pegue el c\u00f3digo all\u00ed. Guarde los cambios. <\/li> <\/ol><p>\u00a1Listo! Ahora, compruebe el rendimiento del widget en su sitio web. <\/p><p>Si tiene alguna dificultad al insertar el widget en un sitio web, comun\u00edquese con nuestro servicio de atenci\u00f3n al cliente. Estaremos encantados de consultarle sobre c\u00f3mo agregar y administrar su encuesta. <\/p><\/div>","protected":false},"excerpt":{"rendered":"","protected":false},"author":9,"featured_media":0,"parent":16136,"menu_order":0,"comment_status":"closed","ping_status":"closed","template":"templates\/template-application-platform.php","meta":{"publish_to_discourse":"","publish_post_category":"","wpdc_auto_publish_overridden":"","wpdc_topic_tags":"","wpdc_pin_topic":"","wpdc_pin_until":"","discourse_post_id":"","discourse_permalink":"","wpdc_publishing_response":"","wpdc_publishing_error":"","footnotes":""},"class_list":["post-17100","page","type-page","status-publish","hentry"],"yoast_head":"<!-- This site is optimized with the Yoast SEO plugin v25.3.1 - https:\/\/yoast.com\/wordpress\/plugins\/seo\/ -->\n<title>Widget de encuesta de Blogger: agregue una encuesta a su sitio web de Blogger [GRATIS]<\/title>\n<meta name=\"description\" content=\"Agregue un widget de encuesta integrado a su sitio web de Blogger. Utilice el editor f\u00e1cil de usar de Elfsight para generar sin esfuerzo su soluci\u00f3n \u00fanica.\" \/>\n<meta name=\"robots\" content=\"index, follow, max-snippet:-1, max-image-preview:large, max-video-preview:-1\" \/>\n<link rel=\"canonical\" href=\"https:\/\/elfsight.com\/es\/poll-widget\/blogger\/\" \/>\n<meta property=\"og:locale\" content=\"es_ES\" \/>\n<meta property=\"og:type\" content=\"article\" \/>\n<meta property=\"og:title\" content=\"Widget de encuesta de Blogger: agregue una encuesta a su sitio web de Blogger [GRATIS]\" \/>\n<meta property=\"og:description\" content=\"Agregue un widget de encuesta integrado a su sitio web de Blogger. Utilice el editor f\u00e1cil de usar de Elfsight para generar sin esfuerzo su soluci\u00f3n \u00fanica.\" \/>\n<meta property=\"og:url\" content=\"https:\/\/elfsight.com\/es\/poll-widget\/blogger\/\" \/>\n<meta property=\"og:site_name\" content=\"Elfsight ES\" \/>\n<meta property=\"article:modified_time\" content=\"2025-02-06T14:58:30+00:00\" \/>\n<meta name=\"twitter:card\" content=\"summary_large_image\" \/>\n<meta name=\"twitter:label1\" content=\"Tiempo de lectura\" \/>\n\t<meta name=\"twitter:data1\" content=\"3 minutos\" \/>\n<!-- \/ Yoast SEO plugin. -->","yoast_head_json":{"title":"Widget de encuesta de Blogger: agregue una encuesta a su sitio web de Blogger [GRATIS]","description":"Agregue un widget de encuesta integrado a su sitio web de Blogger. Utilice el editor f\u00e1cil de usar de Elfsight para generar sin esfuerzo su soluci\u00f3n \u00fanica.","robots":{"index":"index","follow":"follow","max-snippet":"max-snippet:-1","max-image-preview":"max-image-preview:large","max-video-preview":"max-video-preview:-1"},"canonical":"https:\/\/elfsight.com\/es\/poll-widget\/blogger\/","og_locale":"es_ES","og_type":"article","og_title":"Widget de encuesta de Blogger: agregue una encuesta a su sitio web de Blogger [GRATIS]","og_description":"Agregue un widget de encuesta integrado a su sitio web de Blogger. Utilice el editor f\u00e1cil de usar de Elfsight para generar sin esfuerzo su soluci\u00f3n \u00fanica.","og_url":"https:\/\/elfsight.com\/es\/poll-widget\/blogger\/","og_site_name":"Elfsight ES","article_modified_time":"2025-02-06T14:58:30+00:00","twitter_card":"summary_large_image","twitter_misc":{"Tiempo de lectura":"3 minutos"},"schema":{"@context":"https:\/\/schema.org","@graph":[{"@type":"WebPage","@id":"https:\/\/elfsight.com\/es\/poll-widget\/blogger\/","url":"https:\/\/elfsight.com\/es\/poll-widget\/blogger\/","name":"Widget de encuesta de Blogger: agregue una encuesta a su sitio web de Blogger [GRATIS]","isPartOf":{"@id":"https:\/\/elfsight.com\/es\/#website"},"datePublished":"2024-09-30T18:27:29+00:00","dateModified":"2025-02-06T14:58:30+00:00","description":"Agregue un widget de encuesta integrado a su sitio web de Blogger. Utilice el editor f\u00e1cil de usar de Elfsight para generar sin esfuerzo su soluci\u00f3n \u00fanica.","breadcrumb":{"@id":"https:\/\/elfsight.com\/es\/poll-widget\/blogger\/#breadcrumb"},"inLanguage":"es","potentialAction":[{"@type":"ReadAction","target":["https:\/\/elfsight.com\/es\/poll-widget\/blogger\/"]}]},{"@type":"BreadcrumbList","@id":"https:\/\/elfsight.com\/es\/poll-widget\/blogger\/#breadcrumb","itemListElement":[{"@type":"ListItem","position":1,"name":"Home","item":"https:\/\/elfsight.com\/es\/"},{"@type":"ListItem","position":2,"name":"Poll","item":"https:\/\/elfsight.com\/es\/poll-widget\/"},{"@type":"ListItem","position":3,"name":"poll blogger"}]},{"@type":"WebSite","@id":"https:\/\/elfsight.com\/es\/#website","url":"https:\/\/elfsight.com\/es\/","name":"Elfsight ES","description":"Just another Elfsight Sites site","potentialAction":[{"@type":"SearchAction","target":{"@type":"EntryPoint","urlTemplate":"https:\/\/elfsight.com\/es\/?s={search_term_string}"},"query-input":{"@type":"PropertyValueSpecification","valueRequired":true,"valueName":"search_term_string"}}],"inLanguage":"es"}]}},"meta_box":{"industry":"","seo_heading":"","heading":"","description":"","cta_heading":"","cta_description":"","application":"16127","h1":"Agregar encuesta al sitio web de Blogger","h1_caption":"Involucre a los visitantes de su sitio web de Blogger mediante la creaci\u00f3n de encuestas interactivas, que le ayudar\u00e1n a recopilar comentarios e ideas valiosas para mejorar sus productos y servicios.","application_category":[],"applications_title":"","applications_request_title":"","applications_request_button_text":"","hero_text":"","hero_video":"","hero_video_schema_markup":"","selling_points_title":"","selling_points_caption":"","selling_points":[],"selling_points_cta_text":"","features_title":"","features":"","ed_cta_examples_text":"","ed_cta_examples_hidden":"","ed_cta_demo_text":"","ed_cta_demo_hidden":"","why_caption":"","why_editor_title":"","why_editor_text":"","why_team_title":"","why_team_text":"","why_service_title":"","why_service_text":"","template_catalog_visible":"","template_catalog_title":"","template_catalog_text":"","template_catalog_categories_visible":"","demo_title":"Crea tu widget de encuesta","demo_caption":"\u00a1Configura tu encuesta y agr\u00e9gala a tu sitio web de Blogger gratis!","default_faq_hidden":"","app_template_category":[],"platform":"39","template_public_id":"","codecanyon_url":"","codecanyon_item_id":"","codecanyon_price":"","pricing_caption":"","pricing_elfsight_apps_hide_column":"","pricing_elfsight_apps_url":"","pricing_codecanyon_price_caption":"","integration_category":[],"integration_request_title":"","integration_request_cta":"","integration_platform":"","integrations":[],"platform_category":[],"video_schema_markup":"","price":"desde $0 \/ mes","trial":"","benefits":[{"text":"Asistencia de instalaci\u00f3n gratuita"},{"text":"Servicio al cliente profesional"},{"text":"Garant\u00eda de reembolso de 14 d\u00edas"},{"text":"Desarrollo continuo"}],"button_url":"#demo","button_target_blank":"","button_nofollow":"","attributes":[{"name":"Instalar","content":"50,000 - 100,000"},{"name":"Sensible","content":"S\u00ed"},{"name":"Navegadores compatibles","content":"Firefox, Safari, Opera, Chrome, Edge"}],"tags":[],"tags_disable_links":"","hide_more_platforms":"","video_object":"","demo_hide_cta":"","demo_hide_cloud_options":"","pricing_title":"","pricing":[{"pricing_icon":"platform","pricing_title":"Elfsight Apps","pricing_title_caption":"Soluci\u00f3n multiplataforma que se adapta a cualquier sitio web","pricing_price":"desde $0 \/ mes","pricing_price_caption":"comienza con un plan gratuito","pricing_benefits":[{"text":"Dominios ilimitados"},{"text":"Soporte r\u00e1pido y puntual"},{"text":"Soporte de instalaci\u00f3n gratuito"},{"text":"Dise\u00f1o flexible"}],"pricing_button_text":"A\u00f1adir al sitio web","pricing_button_url":"#demo"}],"related_apps_title":"","related_apps_hidden":"","author":"","image":[],"title":"","job":"","social_networks":[]},"_links":{"self":[{"href":"https:\/\/elfsight.com\/es\/wp-json\/wp\/v2\/pages\/17100","targetHints":{"allow":["GET"]}}],"collection":[{"href":"https:\/\/elfsight.com\/es\/wp-json\/wp\/v2\/pages"}],"about":[{"href":"https:\/\/elfsight.com\/es\/wp-json\/wp\/v2\/types\/page"}],"author":[{"embeddable":true,"href":"https:\/\/elfsight.com\/es\/wp-json\/wp\/v2\/users\/9"}],"replies":[{"embeddable":true,"href":"https:\/\/elfsight.com\/es\/wp-json\/wp\/v2\/comments?post=17100"}],"version-history":[{"count":1,"href":"https:\/\/elfsight.com\/es\/wp-json\/wp\/v2\/pages\/17100\/revisions"}],"predecessor-version":[{"id":17104,"href":"https:\/\/elfsight.com\/es\/wp-json\/wp\/v2\/pages\/17100\/revisions\/17104"}],"up":[{"embeddable":true,"href":"https:\/\/elfsight.com\/es\/wp-json\/wp\/v2\/pages\/16136"}],"wp:attachment":[{"href":"https:\/\/elfsight.com\/es\/wp-json\/wp\/v2\/media?parent=17100"}],"curies":[{"name":"wp","href":"https:\/\/api.w.org\/{rel}","templated":true}]}}